{"id":3096,"date":"2025-02-07T14:43:17","date_gmt":"2025-02-07T20:43:17","guid":{"rendered":"https:\/\/xirgo.com\/logistica-inteligente-de-flotas\/"},"modified":"2025-07-10T07:22:58","modified_gmt":"2025-07-10T12:22:58","slug":"logistica-inteligente-de-flotas","status":"publish","type":"page","link":"https:\/\/xirgo.com\/es\/acerca\/logistica-inteligente-de-flotas\/","title":{"rendered":"Log\u00edstica inteligente de flotas"},"content":{"rendered":"","protected":false},"excerpt":{"rendered":"","protected":false},"author":3,"featured_media":1505,"parent":3104,"menu_order":0,"comment_status":"closed","ping_status":"closed","template":"","meta":{"_acf_changed":false,"footnotes":""},"hf_cat_page":[],"class_list":["post-3096","page","type-page","status-publish","has-post-thumbnail","hentry"],"acf":[],"yoast_head":"<!-- This site is optimized with the Yoast SEO plugin v27.6 - https:\/\/yoast.com\/product\/yoast-seo-wordpress\/ -->\n<title>Log\u00edstica inteligente de flotas | Xirgo<\/title>\n<meta name=\"description\" content=\"Smart Fleet Logistics utiliza v\u00eddeo y telem\u00e1tica de veh\u00edculos para el seguimiento en tiempo real, la seguridad de los conductores y la eficiencia. Aumenta la visibilidad, reduce los riesgos y optimiza las operaciones.\" \/>\n<meta name=\"robots\" content=\"index, follow, max-snippet:-1, max-image-preview:large, max-video-preview:-1\" \/>\n<link rel=\"canonical\" href=\"https:\/\/xirgo.com\/es\/acerca\/logistica-inteligente-de-flotas\/\" \/>\n<meta property=\"og:locale\" content=\"es_ES\" \/>\n<meta property=\"og:type\" content=\"article\" \/>\n<meta property=\"og:title\" content=\"Log\u00edstica inteligente de flotas | Xirgo\" \/>\n<meta property=\"og:description\" content=\"Smart Fleet Logistics utiliza v\u00eddeo y telem\u00e1tica de veh\u00edculos para el seguimiento en tiempo real, la seguridad de los conductores y la eficiencia. Aumenta la visibilidad, reduce los riesgos y optimiza las operaciones.\" \/>\n<meta property=\"og:url\" content=\"https:\/\/xirgo.com\/es\/acerca\/logistica-inteligente-de-flotas\/\" \/>\n<meta property=\"og:site_name\" content=\"Xirgo\" \/>\n<meta property=\"article:modified_time\" content=\"2025-07-10T12:22:58+00:00\" \/>\n<meta property=\"og:image\" content=\"https:\/\/xirgo.com\/wp-content\/uploads\/2025\/02\/Xirgo_Solutions_DM_hero.webp\" \/>\n\t<meta property=\"og:image:width\" content=\"900\" \/>\n\t<meta property=\"og:image:height\" content=\"538\" \/>\n\t<meta property=\"og:image:type\" content=\"image\/webp\" \/>\n<meta name=\"twitter:card\" content=\"summary_large_image\" \/>\n<script type=\"application\/ld+json\" class=\"yoast-schema-graph\">{\"@context\":\"https:\\\/\\\/schema.org\",\"@graph\":[{\"@type\":\"WebPage\",\"@id\":\"https:\\\/\\\/xirgo.com\\\/es\\\/acerca\\\/logistica-inteligente-de-flotas\\\/\",\"url\":\"https:\\\/\\\/xirgo.com\\\/es\\\/acerca\\\/logistica-inteligente-de-flotas\\\/\",\"name\":\"Log\u00edstica inteligente de flotas | Xirgo\",\"isPartOf\":{\"@id\":\"https:\\\/\\\/xirgo.com\\\/es\\\/#website\"},\"primaryImageOfPage\":{\"@id\":\"https:\\\/\\\/xirgo.com\\\/es\\\/acerca\\\/logistica-inteligente-de-flotas\\\/#primaryimage\"},\"image\":{\"@id\":\"https:\\\/\\\/xirgo.com\\\/es\\\/acerca\\\/logistica-inteligente-de-flotas\\\/#primaryimage\"},\"thumbnailUrl\":\"https:\\\/\\\/xirgo.com\\\/wp-content\\\/uploads\\\/2025\\\/02\\\/Xirgo_Solutions_DM_hero.webp\",\"datePublished\":\"2025-02-07T20:43:17+00:00\",\"dateModified\":\"2025-07-10T12:22:58+00:00\",\"description\":\"Smart Fleet Logistics utiliza v\u00eddeo y telem\u00e1tica de veh\u00edculos para el seguimiento en tiempo real, la seguridad de los conductores y la eficiencia. Aumenta la visibilidad, reduce los riesgos y optimiza las operaciones.\",\"breadcrumb\":{\"@id\":\"https:\\\/\\\/xirgo.com\\\/es\\\/acerca\\\/logistica-inteligente-de-flotas\\\/#breadcrumb\"},\"inLanguage\":\"es\",\"potentialAction\":[{\"@type\":\"ReadAction\",\"target\":[\"https:\\\/\\\/xirgo.com\\\/es\\\/acerca\\\/logistica-inteligente-de-flotas\\\/\"]}]},{\"@type\":\"ImageObject\",\"inLanguage\":\"es\",\"@id\":\"https:\\\/\\\/xirgo.com\\\/es\\\/acerca\\\/logistica-inteligente-de-flotas\\\/#primaryimage\",\"url\":\"https:\\\/\\\/xirgo.com\\\/wp-content\\\/uploads\\\/2025\\\/02\\\/Xirgo_Solutions_DM_hero.webp\",\"contentUrl\":\"https:\\\/\\\/xirgo.com\\\/wp-content\\\/uploads\\\/2025\\\/02\\\/Xirgo_Solutions_DM_hero.webp\",\"width\":900,\"height\":538},{\"@type\":\"BreadcrumbList\",\"@id\":\"https:\\\/\\\/xirgo.com\\\/es\\\/acerca\\\/logistica-inteligente-de-flotas\\\/#breadcrumb\",\"itemListElement\":[{\"@type\":\"ListItem\",\"position\":1,\"name\":\"Home\",\"item\":\"https:\\\/\\\/xirgo.com\\\/es\\\/\"},{\"@type\":\"ListItem\",\"position\":2,\"name\":\"Acerca de\",\"item\":\"https:\\\/\\\/xirgo.com\\\/es\\\/acerca\\\/\"},{\"@type\":\"ListItem\",\"position\":3,\"name\":\"Log\u00edstica inteligente de flotas\"}]},{\"@type\":\"WebSite\",\"@id\":\"https:\\\/\\\/xirgo.com\\\/es\\\/#website\",\"url\":\"https:\\\/\\\/xirgo.com\\\/es\\\/\",\"name\":\"Xirgo\",\"description\":\"\",\"potentialAction\":[{\"@type\":\"SearchAction\",\"target\":{\"@type\":\"EntryPoint\",\"urlTemplate\":\"https:\\\/\\\/xirgo.com\\\/es\\\/?s={search_term_string}\"},\"query-input\":{\"@type\":\"PropertyValueSpecification\",\"valueRequired\":true,\"valueName\":\"search_term_string\"}}],\"inLanguage\":\"es\"}]}<\/script>\n<!-- \/ Yoast SEO plugin. -->","yoast_head_json":{"title":"Log\u00edstica inteligente de flotas | Xirgo","description":"Smart Fleet Logistics utiliza v\u00eddeo y telem\u00e1tica de veh\u00edculos para el seguimiento en tiempo real, la seguridad de los conductores y la eficiencia. Aumenta la visibilidad, reduce los riesgos y optimiza las operaciones.","robots":{"index":"index","follow":"follow","max-snippet":"max-snippet:-1","max-image-preview":"max-image-preview:large","max-video-preview":"max-video-preview:-1"},"canonical":"https:\/\/xirgo.com\/es\/acerca\/logistica-inteligente-de-flotas\/","og_locale":"es_ES","og_type":"article","og_title":"Log\u00edstica inteligente de flotas | Xirgo","og_description":"Smart Fleet Logistics utiliza v\u00eddeo y telem\u00e1tica de veh\u00edculos para el seguimiento en tiempo real, la seguridad de los conductores y la eficiencia. Aumenta la visibilidad, reduce los riesgos y optimiza las operaciones.","og_url":"https:\/\/xirgo.com\/es\/acerca\/logistica-inteligente-de-flotas\/","og_site_name":"Xirgo","article_modified_time":"2025-07-10T12:22:58+00:00","og_image":[{"width":900,"height":538,"url":"https:\/\/xirgo.com\/wp-content\/uploads\/2025\/02\/Xirgo_Solutions_DM_hero.webp","type":"image\/webp"}],"twitter_card":"summary_large_image","schema":{"@context":"https:\/\/schema.org","@graph":[{"@type":"WebPage","@id":"https:\/\/xirgo.com\/es\/acerca\/logistica-inteligente-de-flotas\/","url":"https:\/\/xirgo.com\/es\/acerca\/logistica-inteligente-de-flotas\/","name":"Log\u00edstica inteligente de flotas | Xirgo","isPartOf":{"@id":"https:\/\/xirgo.com\/es\/#website"},"primaryImageOfPage":{"@id":"https:\/\/xirgo.com\/es\/acerca\/logistica-inteligente-de-flotas\/#primaryimage"},"image":{"@id":"https:\/\/xirgo.com\/es\/acerca\/logistica-inteligente-de-flotas\/#primaryimage"},"thumbnailUrl":"https:\/\/xirgo.com\/wp-content\/uploads\/2025\/02\/Xirgo_Solutions_DM_hero.webp","datePublished":"2025-02-07T20:43:17+00:00","dateModified":"2025-07-10T12:22:58+00:00","description":"Smart Fleet Logistics utiliza v\u00eddeo y telem\u00e1tica de veh\u00edculos para el seguimiento en tiempo real, la seguridad de los conductores y la eficiencia. Aumenta la visibilidad, reduce los riesgos y optimiza las operaciones.","breadcrumb":{"@id":"https:\/\/xirgo.com\/es\/acerca\/logistica-inteligente-de-flotas\/#breadcrumb"},"inLanguage":"es","potentialAction":[{"@type":"ReadAction","target":["https:\/\/xirgo.com\/es\/acerca\/logistica-inteligente-de-flotas\/"]}]},{"@type":"ImageObject","inLanguage":"es","@id":"https:\/\/xirgo.com\/es\/acerca\/logistica-inteligente-de-flotas\/#primaryimage","url":"https:\/\/xirgo.com\/wp-content\/uploads\/2025\/02\/Xirgo_Solutions_DM_hero.webp","contentUrl":"https:\/\/xirgo.com\/wp-content\/uploads\/2025\/02\/Xirgo_Solutions_DM_hero.webp","width":900,"height":538},{"@type":"BreadcrumbList","@id":"https:\/\/xirgo.com\/es\/acerca\/logistica-inteligente-de-flotas\/#breadcrumb","itemListElement":[{"@type":"ListItem","position":1,"name":"Home","item":"https:\/\/xirgo.com\/es\/"},{"@type":"ListItem","position":2,"name":"Acerca de","item":"https:\/\/xirgo.com\/es\/acerca\/"},{"@type":"ListItem","position":3,"name":"Log\u00edstica inteligente de flotas"}]},{"@type":"WebSite","@id":"https:\/\/xirgo.com\/es\/#website","url":"https:\/\/xirgo.com\/es\/","name":"Xirgo","description":"","potentialAction":[{"@type":"SearchAction","target":{"@type":"EntryPoint","urlTemplate":"https:\/\/xirgo.com\/es\/?s={search_term_string}"},"query-input":{"@type":"PropertyValueSpecification","valueRequired":true,"valueName":"search_term_string"}}],"inLanguage":"es"}]}},"_links":{"self":[{"href":"https:\/\/xirgo.com\/es\/wp-json\/wp\/v2\/pages\/3096","targetHints":{"allow":["GET"]}}],"collection":[{"href":"https:\/\/xirgo.com\/es\/wp-json\/wp\/v2\/pages"}],"about":[{"href":"https:\/\/xirgo.com\/es\/wp-json\/wp\/v2\/types\/page"}],"author":[{"embeddable":true,"href":"https:\/\/xirgo.com\/es\/wp-json\/wp\/v2\/users\/3"}],"replies":[{"embeddable":true,"href":"https:\/\/xirgo.com\/es\/wp-json\/wp\/v2\/comments?post=3096"}],"version-history":[{"count":0,"href":"https:\/\/xirgo.com\/es\/wp-json\/wp\/v2\/pages\/3096\/revisions"}],"up":[{"embeddable":true,"href":"https:\/\/xirgo.com\/es\/wp-json\/wp\/v2\/pages\/3104"}],"wp:featuredmedia":[{"embeddable":true,"href":"https:\/\/xirgo.com\/es\/wp-json\/wp\/v2\/media\/1505"}],"wp:attachment":[{"href":"https:\/\/xirgo.com\/es\/wp-json\/wp\/v2\/media?parent=3096"}],"wp:term":[{"taxonomy":"hf_cat_page","embeddable":true,"href":"https:\/\/xirgo.com\/es\/wp-json\/wp\/v2\/hf_cat_page?post=3096"}],"curies":[{"name":"wp","href":"https:\/\/api.w.org\/{rel}","templated":true}]}}