{"id":3104,"date":"2025-02-06T13:44:45","date_gmt":"2025-02-06T19:44:45","guid":{"rendered":"https:\/\/xirgo.com\/acerca-de\/"},"modified":"2025-08-25T20:32:08","modified_gmt":"2025-08-26T01:32:08","slug":"acerca","status":"publish","type":"page","link":"https:\/\/xirgo.com\/es\/acerca\/","title":{"rendered":"Acerca de"},"content":{"rendered":"\n\n\t\t\t\t<img decoding=\"async\" src=\"https:\/\/xirgo.com\/wp-content\/uploads\/2025\/02\/InsetsAbout_inset-1_crop.webp\" alt=\"InsetsAbout_inset-1_crop\" itemprop=\"image\" height=\"699\" width=\"869\" title=\"InsetsAbout_inset-1_crop\" onerror=\"this.style.display='none'\" loading=\"lazy\" \/>\n<h2>\n\t\t\tGesti\u00f3n de flotas m\u00e1s inteligente\t<\/h2>\n\t<p>Con una profunda experiencia en dispositivos industriales conectados y en IA avanzada, dotamos a nuestros socios de la inteligencia que necesitan para aumentar la seguridad, mejorar la eficiencia y mantener el control en tiempo real en todo el ecosistema de la cadena de suministro.<\/p>\n\t\t\t\t<img decoding=\"async\" src=\"https:\/\/xirgo.com\/wp-content\/uploads\/2025\/02\/navcard-semi-hwy.webp\" alt=\"navcard-semi-hwy\" itemprop=\"image\" height=\"800\" width=\"1068\" title=\"navcard-semi-hwy\" onerror=\"this.style.display='none'\" loading=\"lazy\" \/>\n<h3>\n\t\t\tNuestra historia\t<\/h3>\n\t<p><a href=\"\/es\/acerca\/nuestra-historia\/\">Saber m\u00e1s<\/a><\/p>\n\t\t\t\t<img decoding=\"async\" src=\"https:\/\/xirgo.com\/wp-content\/uploads\/2025\/02\/About_Leadership.webp\" alt=\"About_Leadership\" itemprop=\"image\" height=\"800\" width=\"1068\" title=\"About_Leadership\" onerror=\"this.style.display='none'\" loading=\"lazy\" \/>\n<h3>\n\t\t\tLiderazgo\t<\/h3>\n\t<p><a href=\"\/es\/acerca\/liderazgo\/\">Saber m\u00e1s<\/a><\/p>\n\t\t\t\t<img decoding=\"async\" src=\"https:\/\/xirgo.com\/wp-content\/uploads\/2025\/02\/About_News.webp\" alt=\"About_News\" itemprop=\"image\" height=\"800\" width=\"1068\" title=\"About_News\" onerror=\"this.style.display='none'\" loading=\"lazy\" \/>\n<h3>\n\t\t\tComunicados de prensa\t<\/h3>\n\t<p><a href=\"\/es\/noticias\/\">Saber m\u00e1s<\/a><\/p>\n\t\t\t\t<img decoding=\"async\" src=\"https:\/\/xirgo.com\/wp-content\/uploads\/2025\/02\/About_Culture.webp\" alt=\"About_Culture\" itemprop=\"image\" height=\"800\" width=\"1068\" title=\"About_Culture\" onerror=\"this.style.display='none'\" loading=\"lazy\" \/>\n<h3>\n\t\t\tCultura\t<\/h3>\n\t<p><a href=\"\/es\/acerca\/cultura\/\">Saber m\u00e1s<\/a><\/p>\n\t\t\t\t<img decoding=\"async\" src=\"https:\/\/xirgo.com\/wp-content\/uploads\/2025\/02\/About_Careers.webp\" alt=\"About_Careers\" itemprop=\"image\" height=\"800\" width=\"1068\" title=\"About_Careers\" onerror=\"this.style.display='none'\" loading=\"lazy\" \/>\n<h3>\n\t\t\tEmpleo\t<\/h3>\n\t<p><a href=\"\/es\/acerca\/empleo\/\">Saber m\u00e1s<\/a><\/p>\n<h2>\n\t\t\tUn ecosistema integrado\t<\/h2>\n\t<p>A diferencia de los competidores, que a menudo dependen de hardware de terceros o se centran \u00fanicamente en soluciones de software, Xirgo desarrolla su propio hardware patentado y lo integra a la perfecci\u00f3n con nuestra plataforma de an\u00e1lisis avanzado. Esta integraci\u00f3n vertical nos proporciona un control inigualable sobre toda la pila tecnol\u00f3gica, garantizando que todos los componentes funcionen juntos a la perfecci\u00f3n para ofrecer informaci\u00f3n precisa y procesable. <\/p>\n\t<p>Nuestras d\u00e9cadas de experiencia en IoT y telem\u00e1tica nos han ense\u00f1ado que los datos confiables empiezan por un hardware confiable, y nuestro equipo interno de ingenier\u00eda ha desarrollado algunos de los dispositivos de rastreo m\u00e1s robustos y precisos del sector. Esta base de excelencia en hardware, combinada con nuestras sofisticadas capacidades de IA y nuestro profundo conocimiento de las operaciones de las flotas, nos permite ofrecer una visibilidad que otros simplemente no pueden igualar. No nos limitamos a agregar datos; los comprendemos con la suficiente profundidad como para transformarlos en soluciones pr\u00e1cticas que impulsen resultados empresariales reales.  <\/p>\n\t<p>Y aunque el hardware es nuestra base, nuestro enfoque modular significa que podemos personalizar las soluciones para satisfacer las necesidades espec\u00edficas de distintos sectores y tama\u00f1os de flota, tanto si se trata de una peque\u00f1a operaci\u00f3n de \u00faltima milla como de una compleja red log\u00edstica multinacional. Esta flexibilidad, combinada con nuestro implacable enfoque en la innovaci\u00f3n y el \u00e9xito del cliente, hace que Xirgo sea el \u00fanico capaz de convertir la promesa de la Log\u00edstica Inteligente de Flotas en una realidad pr\u00e1ctica para las empresas de todo el mundo. <\/p>\n<h5>\n\t\t\tM\u00e1s informaci\u00f3n sobre c\u00f3mo Xirgo puede aportar la Log\u00edstica Inteligente de Flotas a tu soluci\u00f3n telem\u00e1tica.\t<\/h5>\n\n","protected":false},"excerpt":{"rendered":"<p>Gesti\u00f3n de flotas m\u00e1s inteligente Con una profunda experiencia en dispositivos industriales conectados y en IA avanzada, dotamos a nuestros socios de la inteligencia que necesitan para aumentar la seguridad, mejorar la eficiencia y mantener el control en tiempo real en todo el ecosistema de la cadena de suministro. Nuestra historia Saber m\u00e1s Liderazgo Saber&hellip;<\/p>\n","protected":false},"author":2,"featured_media":2264,"parent":0,"menu_order":0,"comment_status":"closed","ping_status":"closed","template":"","meta":{"_acf_changed":false,"footnotes":""},"hf_cat_page":[],"class_list":["post-3104","page","type-page","status-publish","has-post-thumbnail","hentry"],"acf":[],"yoast_head":"<!-- This site is optimized with the Yoast SEO plugin v27.6 - https:\/\/yoast.com\/product\/yoast-seo-wordpress\/ -->\n<title>Sobre nosotros | Xirgo<\/title>\n<meta name=\"description\" content=\"Facilitamos a los gestores de flotas y operaciones log\u00edsticas de todo el mundo la conexi\u00f3n y el seguimiento con hardware de telem\u00e1tica, software y soporte.\" \/>\n<meta name=\"robots\" content=\"index, follow, max-snippet:-1, max-image-preview:large, max-video-preview:-1\" \/>\n<link rel=\"canonical\" href=\"https:\/\/xirgo.com\/es\/acerca\/\" \/>\n<meta property=\"og:locale\" content=\"es_ES\" \/>\n<meta property=\"og:type\" content=\"article\" \/>\n<meta property=\"og:title\" content=\"Sobre nosotros | Xirgo\" \/>\n<meta property=\"og:description\" content=\"Facilitamos a los gestores de flotas y operaciones log\u00edsticas de todo el mundo la conexi\u00f3n y el seguimiento con hardware de telem\u00e1tica, software y soporte.\" \/>\n<meta property=\"og:url\" content=\"https:\/\/xirgo.com\/es\/acerca\/\" \/>\n<meta property=\"og:site_name\" content=\"Xirgo\" \/>\n<meta property=\"article:modified_time\" content=\"2025-08-26T01:32:08+00:00\" \/>\n<meta property=\"og:image\" content=\"https:\/\/xirgo.com\/wp-content\/uploads\/2025\/02\/About_hero.webp\" \/>\n\t<meta property=\"og:image:width\" content=\"1191\" \/>\n\t<meta property=\"og:image:height\" content=\"600\" \/>\n\t<meta property=\"og:image:type\" content=\"image\/webp\" \/>\n<meta name=\"twitter:card\" content=\"summary_large_image\" \/>\n<meta name=\"twitter:label1\" content=\"Tiempo de lectura\" \/>\n\t<meta name=\"twitter:data1\" content=\"2 minutos\" \/>\n<script type=\"application\/ld+json\" class=\"yoast-schema-graph\">{\"@context\":\"https:\\\/\\\/schema.org\",\"@graph\":[{\"@type\":\"WebPage\",\"@id\":\"https:\\\/\\\/xirgo.com\\\/es\\\/acerca\\\/\",\"url\":\"https:\\\/\\\/xirgo.com\\\/es\\\/acerca\\\/\",\"name\":\"Sobre nosotros | Xirgo\",\"isPartOf\":{\"@id\":\"https:\\\/\\\/xirgo.com\\\/es\\\/#website\"},\"primaryImageOfPage\":{\"@id\":\"https:\\\/\\\/xirgo.com\\\/es\\\/acerca\\\/#primaryimage\"},\"image\":{\"@id\":\"https:\\\/\\\/xirgo.com\\\/es\\\/acerca\\\/#primaryimage\"},\"thumbnailUrl\":\"https:\\\/\\\/xirgo.com\\\/wp-content\\\/uploads\\\/2025\\\/02\\\/About_hero.webp\",\"datePublished\":\"2025-02-06T19:44:45+00:00\",\"dateModified\":\"2025-08-26T01:32:08+00:00\",\"description\":\"Facilitamos a los gestores de flotas y operaciones log\u00edsticas de todo el mundo la conexi\u00f3n y el seguimiento con hardware de telem\u00e1tica, software y soporte.\",\"breadcrumb\":{\"@id\":\"https:\\\/\\\/xirgo.com\\\/es\\\/acerca\\\/#breadcrumb\"},\"inLanguage\":\"es\",\"potentialAction\":[{\"@type\":\"ReadAction\",\"target\":[\"https:\\\/\\\/xirgo.com\\\/es\\\/acerca\\\/\"]}]},{\"@type\":\"ImageObject\",\"inLanguage\":\"es\",\"@id\":\"https:\\\/\\\/xirgo.com\\\/es\\\/acerca\\\/#primaryimage\",\"url\":\"https:\\\/\\\/xirgo.com\\\/wp-content\\\/uploads\\\/2025\\\/02\\\/About_hero.webp\",\"contentUrl\":\"https:\\\/\\\/xirgo.com\\\/wp-content\\\/uploads\\\/2025\\\/02\\\/About_hero.webp\",\"width\":1191,\"height\":600},{\"@type\":\"BreadcrumbList\",\"@id\":\"https:\\\/\\\/xirgo.com\\\/es\\\/acerca\\\/#breadcrumb\",\"itemListElement\":[{\"@type\":\"ListItem\",\"position\":1,\"name\":\"Home\",\"item\":\"https:\\\/\\\/xirgo.com\\\/es\\\/\"},{\"@type\":\"ListItem\",\"position\":2,\"name\":\"Acerca de\"}]},{\"@type\":\"WebSite\",\"@id\":\"https:\\\/\\\/xirgo.com\\\/es\\\/#website\",\"url\":\"https:\\\/\\\/xirgo.com\\\/es\\\/\",\"name\":\"Xirgo\",\"description\":\"\",\"potentialAction\":[{\"@type\":\"SearchAction\",\"target\":{\"@type\":\"EntryPoint\",\"urlTemplate\":\"https:\\\/\\\/xirgo.com\\\/es\\\/?s={search_term_string}\"},\"query-input\":{\"@type\":\"PropertyValueSpecification\",\"valueRequired\":true,\"valueName\":\"search_term_string\"}}],\"inLanguage\":\"es\"}]}<\/script>\n<!-- \/ Yoast SEO plugin. -->","yoast_head_json":{"title":"Sobre nosotros | Xirgo","description":"Facilitamos a los gestores de flotas y operaciones log\u00edsticas de todo el mundo la conexi\u00f3n y el seguimiento con hardware de telem\u00e1tica, software y soporte.","robots":{"index":"index","follow":"follow","max-snippet":"max-snippet:-1","max-image-preview":"max-image-preview:large","max-video-preview":"max-video-preview:-1"},"canonical":"https:\/\/xirgo.com\/es\/acerca\/","og_locale":"es_ES","og_type":"article","og_title":"Sobre nosotros | Xirgo","og_description":"Facilitamos a los gestores de flotas y operaciones log\u00edsticas de todo el mundo la conexi\u00f3n y el seguimiento con hardware de telem\u00e1tica, software y soporte.","og_url":"https:\/\/xirgo.com\/es\/acerca\/","og_site_name":"Xirgo","article_modified_time":"2025-08-26T01:32:08+00:00","og_image":[{"width":1191,"height":600,"url":"https:\/\/xirgo.com\/wp-content\/uploads\/2025\/02\/About_hero.webp","type":"image\/webp"}],"twitter_card":"summary_large_image","twitter_misc":{"Tiempo de lectura":"2 minutos"},"schema":{"@context":"https:\/\/schema.org","@graph":[{"@type":"WebPage","@id":"https:\/\/xirgo.com\/es\/acerca\/","url":"https:\/\/xirgo.com\/es\/acerca\/","name":"Sobre nosotros | Xirgo","isPartOf":{"@id":"https:\/\/xirgo.com\/es\/#website"},"primaryImageOfPage":{"@id":"https:\/\/xirgo.com\/es\/acerca\/#primaryimage"},"image":{"@id":"https:\/\/xirgo.com\/es\/acerca\/#primaryimage"},"thumbnailUrl":"https:\/\/xirgo.com\/wp-content\/uploads\/2025\/02\/About_hero.webp","datePublished":"2025-02-06T19:44:45+00:00","dateModified":"2025-08-26T01:32:08+00:00","description":"Facilitamos a los gestores de flotas y operaciones log\u00edsticas de todo el mundo la conexi\u00f3n y el seguimiento con hardware de telem\u00e1tica, software y soporte.","breadcrumb":{"@id":"https:\/\/xirgo.com\/es\/acerca\/#breadcrumb"},"inLanguage":"es","potentialAction":[{"@type":"ReadAction","target":["https:\/\/xirgo.com\/es\/acerca\/"]}]},{"@type":"ImageObject","inLanguage":"es","@id":"https:\/\/xirgo.com\/es\/acerca\/#primaryimage","url":"https:\/\/xirgo.com\/wp-content\/uploads\/2025\/02\/About_hero.webp","contentUrl":"https:\/\/xirgo.com\/wp-content\/uploads\/2025\/02\/About_hero.webp","width":1191,"height":600},{"@type":"BreadcrumbList","@id":"https:\/\/xirgo.com\/es\/acerca\/#breadcrumb","itemListElement":[{"@type":"ListItem","position":1,"name":"Home","item":"https:\/\/xirgo.com\/es\/"},{"@type":"ListItem","position":2,"name":"Acerca de"}]},{"@type":"WebSite","@id":"https:\/\/xirgo.com\/es\/#website","url":"https:\/\/xirgo.com\/es\/","name":"Xirgo","description":"","potentialAction":[{"@type":"SearchAction","target":{"@type":"EntryPoint","urlTemplate":"https:\/\/xirgo.com\/es\/?s={search_term_string}"},"query-input":{"@type":"PropertyValueSpecification","valueRequired":true,"valueName":"search_term_string"}}],"inLanguage":"es"}]}},"_links":{"self":[{"href":"https:\/\/xirgo.com\/es\/wp-json\/wp\/v2\/pages\/3104","targetHints":{"allow":["GET"]}}],"collection":[{"href":"https:\/\/xirgo.com\/es\/wp-json\/wp\/v2\/pages"}],"about":[{"href":"https:\/\/xirgo.com\/es\/wp-json\/wp\/v2\/types\/page"}],"author":[{"embeddable":true,"href":"https:\/\/xirgo.com\/es\/wp-json\/wp\/v2\/users\/2"}],"replies":[{"embeddable":true,"href":"https:\/\/xirgo.com\/es\/wp-json\/wp\/v2\/comments?post=3104"}],"version-history":[{"count":1,"href":"https:\/\/xirgo.com\/es\/wp-json\/wp\/v2\/pages\/3104\/revisions"}],"predecessor-version":[{"id":4216,"href":"https:\/\/xirgo.com\/es\/wp-json\/wp\/v2\/pages\/3104\/revisions\/4216"}],"wp:featuredmedia":[{"embeddable":true,"href":"https:\/\/xirgo.com\/es\/wp-json\/wp\/v2\/media\/2264"}],"wp:attachment":[{"href":"https:\/\/xirgo.com\/es\/wp-json\/wp\/v2\/media?parent=3104"}],"wp:term":[{"taxonomy":"hf_cat_page","embeddable":true,"href":"https:\/\/xirgo.com\/es\/wp-json\/wp\/v2\/hf_cat_page?post=3104"}],"curies":[{"name":"wp","href":"https:\/\/api.w.org\/{rel}","templated":true}]}}