{"id":3123,"date":"2025-02-06T15:32:00","date_gmt":"2025-02-06T21:32:00","guid":{"rendered":"https:\/\/xirgo.com\/socios\/"},"modified":"2025-08-26T10:12:52","modified_gmt":"2025-08-26T15:12:52","slug":"socios","status":"publish","type":"page","link":"https:\/\/xirgo.com\/es\/socios\/","title":{"rendered":"Socios"},"content":{"rendered":"\n\n<h2>\n\t\t\tTu viaje de crecimiento comienza aqu\u00ed\t<\/h2>\n\t<p>En Xirgo, entendemos que las distintas organizaciones tienen necesidades y capacidades \u00fanicas. Por eso ofrecemos modelos de asociaci\u00f3n flexibles dise\u00f1ados para potenciar tu \u00e9xito. <\/p>\n\t\t\t\t<img decoding=\"async\" src=\"https:\/\/xirgo.com\/wp-content\/uploads\/2025\/02\/navcard-semi-hwy.webp\" alt=\"navcard-semi-hwy\" itemprop=\"image\" height=\"800\" width=\"1068\" title=\"navcard-semi-hwy\" onerror=\"this.style.display='none'\" loading=\"lazy\" \/>\n<h3>\n\t\t\tProveedores y desarrolladores de soluciones tecnol\u00f3gicas\t<\/h3>\n\t<p><a href=\"\/es\/socios\/tsp-desarrolladores\/\">Saber m\u00e1s<\/a><\/p>\n\t<p>Nuestro modelo de asociaci\u00f3n m\u00e1s estrat\u00e9gico permite a las empresas innovadoras integrar el hardware IoT de vanguardia de Xirgo y los an\u00e1lisis impulsados por IA en sus soluciones personalizadas.<\/p>\n\t\t\t\t<img decoding=\"async\" src=\"https:\/\/xirgo.com\/wp-content\/uploads\/2025\/02\/navcard-driver-using-screen.webp\" alt=\"navcard-driver-using-screen\" itemprop=\"image\" height=\"800\" width=\"1068\" title=\"navcard-driver-using-screen\" onerror=\"this.style.display='none'\" loading=\"lazy\" \/>\n<h3>\n\t\t\tDistribuidores de valor a\u00f1adido\t<\/h3>\n\t<p><a href=\"\/es\/socios\/revendedores\/\">Saber m\u00e1s<\/a><\/p>\n\t<p>Para las organizaciones con presencia establecida en el mercado y relaciones con los clientes, nuestro programa de distribuidores proporciona las herramientas y el apoyo necesarios para ampliar tu cartera con las soluciones l\u00edderes del sector de Xirgo.<\/p>\n\t\t\t\t<img decoding=\"async\" src=\"https:\/\/xirgo.com\/wp-content\/uploads\/2025\/01\/Home_DealerMan-StolenVehicles.webp\" alt=\"stolen vehicle recovery\" itemprop=\"image\" height=\"1600\" width=\"2136\" title=\"Home_DealerMan-StolenVehicles\" onerror=\"this.style.display='none'\" loading=\"lazy\" \/>\n<h3>\n\t\t\tAsociaciones empresariales\t<\/h3>\n\t<p><a href=\"\/es\/socios\/empresa\/\">Saber m\u00e1s<\/a><\/p>\n\t<p>Mantenemos relaciones directas selectas con grandes organizaciones que requieren soluciones especializadas. Sin embargo, nos centramos principalmente en capacitar a nuestros socios TSP y VAR para que atiendan a clientes empresariales a trav\u00e9s de sus ofertas mejoradas. <\/p>\n\t\t\t\t<img decoding=\"async\" src=\"https:\/\/xirgo.com\/wp-content\/uploads\/2025\/02\/Partners_LP_inset.webp\" alt=\"Partners_LP_inset\" itemprop=\"image\" height=\"600\" width=\"809\" title=\"Partners_LP_inset\" onerror=\"this.style.display='none'\" loading=\"lazy\" \/>\n<h2>\n\t\t\t\u00bfPreparados para transformar juntos la log\u00edstica de flotas?\t<\/h2>\n\t<p>\u00danete a nuestra creciente red de socios de \u00e9xito que est\u00e1n revolucionando la gesti\u00f3n de flotas y la log\u00edstica. Exploremos c\u00f3mo el enfoque de Xirgo de dar prioridad a los socios puede acelerar tu crecimiento e innovaci\u00f3n. Ponte en contacto con nuestro equipo de socios hoy mismo para iniciar la conversaci\u00f3n.  <\/p>\n<p><strong>Ve con Confianza. Ve con Xirgo. <\/strong><\/p>\n\t\t\t<a href=\"\/es\/contacto\/contacta-con-nosotros\/\" target=\"_self\">\n\t\t\t\t\t\tContacta con nuestro equipo\n\t\t\t\t\t<\/a>\n\n","protected":false},"excerpt":{"rendered":"<p>Tu viaje de crecimiento comienza aqu\u00ed En Xirgo, entendemos que las distintas organizaciones tienen necesidades y capacidades \u00fanicas. Por eso ofrecemos modelos de asociaci\u00f3n flexibles dise\u00f1ados para potenciar tu \u00e9xito. Proveedores y desarrolladores de soluciones tecnol\u00f3gicas Saber m\u00e1s Nuestro modelo de asociaci\u00f3n m\u00e1s estrat\u00e9gico permite a las empresas innovadoras integrar el hardware IoT de vanguardia&hellip;<\/p>\n","protected":false},"author":2,"featured_media":2044,"parent":0,"menu_order":0,"comment_status":"closed","ping_status":"closed","template":"","meta":{"_acf_changed":false,"footnotes":""},"hf_cat_page":[],"class_list":["post-3123","page","type-page","status-publish","has-post-thumbnail","hentry"],"acf":[],"yoast_head":"<!-- This site is optimized with the Yoast SEO plugin v27.6 - https:\/\/yoast.com\/product\/yoast-seo-wordpress\/ -->\n<title>As\u00f3ciate con Xirgo: aceleremos juntos la innovaci\u00f3n<\/title>\n<meta name=\"description\" content=\"Transforma el futuro de la log\u00edstica de flotas mediante una asociaci\u00f3n estrat\u00e9gica con Xirgo, l\u00edder mundial en soluciones IoT y telem\u00e1ticas.\" \/>\n<meta name=\"robots\" content=\"index, follow, max-snippet:-1, max-image-preview:large, max-video-preview:-1\" \/>\n<link rel=\"canonical\" href=\"https:\/\/xirgo.com\/es\/socios\/\" \/>\n<meta property=\"og:locale\" content=\"es_ES\" \/>\n<meta property=\"og:type\" content=\"article\" \/>\n<meta property=\"og:title\" content=\"As\u00f3ciate con Xirgo: aceleremos juntos la innovaci\u00f3n\" \/>\n<meta property=\"og:description\" content=\"Transforma el futuro de la log\u00edstica de flotas mediante una asociaci\u00f3n estrat\u00e9gica con Xirgo, l\u00edder mundial en soluciones IoT y telem\u00e1ticas.\" \/>\n<meta property=\"og:url\" content=\"https:\/\/xirgo.com\/es\/socios\/\" \/>\n<meta property=\"og:site_name\" content=\"Xirgo\" \/>\n<meta property=\"article:modified_time\" content=\"2025-08-26T15:12:52+00:00\" \/>\n<meta property=\"og:image\" content=\"https:\/\/xirgo.com\/wp-content\/uploads\/2025\/02\/Xirgo_Partners_hero.webp\" \/>\n\t<meta property=\"og:image:width\" content=\"1191\" \/>\n\t<meta property=\"og:image:height\" content=\"600\" \/>\n\t<meta property=\"og:image:type\" content=\"image\/webp\" \/>\n<meta name=\"twitter:card\" content=\"summary_large_image\" \/>\n<meta name=\"twitter:label1\" content=\"Tiempo de lectura\" \/>\n\t<meta name=\"twitter:data1\" content=\"1 minuto\" \/>\n<script type=\"application\/ld+json\" class=\"yoast-schema-graph\">{\"@context\":\"https:\\\/\\\/schema.org\",\"@graph\":[{\"@type\":\"WebPage\",\"@id\":\"https:\\\/\\\/xirgo.com\\\/es\\\/socios\\\/\",\"url\":\"https:\\\/\\\/xirgo.com\\\/es\\\/socios\\\/\",\"name\":\"As\u00f3ciate con Xirgo: aceleremos juntos la innovaci\u00f3n\",\"isPartOf\":{\"@id\":\"https:\\\/\\\/xirgo.com\\\/es\\\/#website\"},\"primaryImageOfPage\":{\"@id\":\"https:\\\/\\\/xirgo.com\\\/es\\\/socios\\\/#primaryimage\"},\"image\":{\"@id\":\"https:\\\/\\\/xirgo.com\\\/es\\\/socios\\\/#primaryimage\"},\"thumbnailUrl\":\"https:\\\/\\\/xirgo.com\\\/wp-content\\\/uploads\\\/2025\\\/02\\\/Xirgo_Partners_hero.webp\",\"datePublished\":\"2025-02-06T21:32:00+00:00\",\"dateModified\":\"2025-08-26T15:12:52+00:00\",\"description\":\"Transforma el futuro de la log\u00edstica de flotas mediante una asociaci\u00f3n estrat\u00e9gica con Xirgo, l\u00edder mundial en soluciones IoT y telem\u00e1ticas.\",\"breadcrumb\":{\"@id\":\"https:\\\/\\\/xirgo.com\\\/es\\\/socios\\\/#breadcrumb\"},\"inLanguage\":\"es\",\"potentialAction\":[{\"@type\":\"ReadAction\",\"target\":[\"https:\\\/\\\/xirgo.com\\\/es\\\/socios\\\/\"]}]},{\"@type\":\"ImageObject\",\"inLanguage\":\"es\",\"@id\":\"https:\\\/\\\/xirgo.com\\\/es\\\/socios\\\/#primaryimage\",\"url\":\"https:\\\/\\\/xirgo.com\\\/wp-content\\\/uploads\\\/2025\\\/02\\\/Xirgo_Partners_hero.webp\",\"contentUrl\":\"https:\\\/\\\/xirgo.com\\\/wp-content\\\/uploads\\\/2025\\\/02\\\/Xirgo_Partners_hero.webp\",\"width\":1191,\"height\":600},{\"@type\":\"BreadcrumbList\",\"@id\":\"https:\\\/\\\/xirgo.com\\\/es\\\/socios\\\/#breadcrumb\",\"itemListElement\":[{\"@type\":\"ListItem\",\"position\":1,\"name\":\"Home\",\"item\":\"https:\\\/\\\/xirgo.com\\\/es\\\/\"},{\"@type\":\"ListItem\",\"position\":2,\"name\":\"Socios\"}]},{\"@type\":\"WebSite\",\"@id\":\"https:\\\/\\\/xirgo.com\\\/es\\\/#website\",\"url\":\"https:\\\/\\\/xirgo.com\\\/es\\\/\",\"name\":\"Xirgo\",\"description\":\"\",\"potentialAction\":[{\"@type\":\"SearchAction\",\"target\":{\"@type\":\"EntryPoint\",\"urlTemplate\":\"https:\\\/\\\/xirgo.com\\\/es\\\/?s={search_term_string}\"},\"query-input\":{\"@type\":\"PropertyValueSpecification\",\"valueRequired\":true,\"valueName\":\"search_term_string\"}}],\"inLanguage\":\"es\"}]}<\/script>\n<!-- \/ Yoast SEO plugin. -->","yoast_head_json":{"title":"As\u00f3ciate con Xirgo: aceleremos juntos la innovaci\u00f3n","description":"Transforma el futuro de la log\u00edstica de flotas mediante una asociaci\u00f3n estrat\u00e9gica con Xirgo, l\u00edder mundial en soluciones IoT y telem\u00e1ticas.","robots":{"index":"index","follow":"follow","max-snippet":"max-snippet:-1","max-image-preview":"max-image-preview:large","max-video-preview":"max-video-preview:-1"},"canonical":"https:\/\/xirgo.com\/es\/socios\/","og_locale":"es_ES","og_type":"article","og_title":"As\u00f3ciate con Xirgo: aceleremos juntos la innovaci\u00f3n","og_description":"Transforma el futuro de la log\u00edstica de flotas mediante una asociaci\u00f3n estrat\u00e9gica con Xirgo, l\u00edder mundial en soluciones IoT y telem\u00e1ticas.","og_url":"https:\/\/xirgo.com\/es\/socios\/","og_site_name":"Xirgo","article_modified_time":"2025-08-26T15:12:52+00:00","og_image":[{"width":1191,"height":600,"url":"https:\/\/xirgo.com\/wp-content\/uploads\/2025\/02\/Xirgo_Partners_hero.webp","type":"image\/webp"}],"twitter_card":"summary_large_image","twitter_misc":{"Tiempo de lectura":"1 minuto"},"schema":{"@context":"https:\/\/schema.org","@graph":[{"@type":"WebPage","@id":"https:\/\/xirgo.com\/es\/socios\/","url":"https:\/\/xirgo.com\/es\/socios\/","name":"As\u00f3ciate con Xirgo: aceleremos juntos la innovaci\u00f3n","isPartOf":{"@id":"https:\/\/xirgo.com\/es\/#website"},"primaryImageOfPage":{"@id":"https:\/\/xirgo.com\/es\/socios\/#primaryimage"},"image":{"@id":"https:\/\/xirgo.com\/es\/socios\/#primaryimage"},"thumbnailUrl":"https:\/\/xirgo.com\/wp-content\/uploads\/2025\/02\/Xirgo_Partners_hero.webp","datePublished":"2025-02-06T21:32:00+00:00","dateModified":"2025-08-26T15:12:52+00:00","description":"Transforma el futuro de la log\u00edstica de flotas mediante una asociaci\u00f3n estrat\u00e9gica con Xirgo, l\u00edder mundial en soluciones IoT y telem\u00e1ticas.","breadcrumb":{"@id":"https:\/\/xirgo.com\/es\/socios\/#breadcrumb"},"inLanguage":"es","potentialAction":[{"@type":"ReadAction","target":["https:\/\/xirgo.com\/es\/socios\/"]}]},{"@type":"ImageObject","inLanguage":"es","@id":"https:\/\/xirgo.com\/es\/socios\/#primaryimage","url":"https:\/\/xirgo.com\/wp-content\/uploads\/2025\/02\/Xirgo_Partners_hero.webp","contentUrl":"https:\/\/xirgo.com\/wp-content\/uploads\/2025\/02\/Xirgo_Partners_hero.webp","width":1191,"height":600},{"@type":"BreadcrumbList","@id":"https:\/\/xirgo.com\/es\/socios\/#breadcrumb","itemListElement":[{"@type":"ListItem","position":1,"name":"Home","item":"https:\/\/xirgo.com\/es\/"},{"@type":"ListItem","position":2,"name":"Socios"}]},{"@type":"WebSite","@id":"https:\/\/xirgo.com\/es\/#website","url":"https:\/\/xirgo.com\/es\/","name":"Xirgo","description":"","potentialAction":[{"@type":"SearchAction","target":{"@type":"EntryPoint","urlTemplate":"https:\/\/xirgo.com\/es\/?s={search_term_string}"},"query-input":{"@type":"PropertyValueSpecification","valueRequired":true,"valueName":"search_term_string"}}],"inLanguage":"es"}]}},"_links":{"self":[{"href":"https:\/\/xirgo.com\/es\/wp-json\/wp\/v2\/pages\/3123","targetHints":{"allow":["GET"]}}],"collection":[{"href":"https:\/\/xirgo.com\/es\/wp-json\/wp\/v2\/pages"}],"about":[{"href":"https:\/\/xirgo.com\/es\/wp-json\/wp\/v2\/types\/page"}],"author":[{"embeddable":true,"href":"https:\/\/xirgo.com\/es\/wp-json\/wp\/v2\/users\/2"}],"replies":[{"embeddable":true,"href":"https:\/\/xirgo.com\/es\/wp-json\/wp\/v2\/comments?post=3123"}],"version-history":[{"count":3,"href":"https:\/\/xirgo.com\/es\/wp-json\/wp\/v2\/pages\/3123\/revisions"}],"predecessor-version":[{"id":4251,"href":"https:\/\/xirgo.com\/es\/wp-json\/wp\/v2\/pages\/3123\/revisions\/4251"}],"wp:featuredmedia":[{"embeddable":true,"href":"https:\/\/xirgo.com\/es\/wp-json\/wp\/v2\/media\/2044"}],"wp:attachment":[{"href":"https:\/\/xirgo.com\/es\/wp-json\/wp\/v2\/media?parent=3123"}],"wp:term":[{"taxonomy":"hf_cat_page","embeddable":true,"href":"https:\/\/xirgo.com\/es\/wp-json\/wp\/v2\/hf_cat_page?post=3123"}],"curies":[{"name":"wp","href":"https:\/\/api.w.org\/{rel}","templated":true}]}}