{"id":3127,"date":"2025-02-06T16:09:44","date_gmt":"2025-02-06T22:09:44","guid":{"rendered":"https:\/\/xirgo.com\/socios\/tsp-desarrolladores\/"},"modified":"2025-08-26T10:14:04","modified_gmt":"2025-08-26T15:14:04","slug":"tsp-desarrolladores","status":"publish","type":"page","link":"https:\/\/xirgo.com\/es\/socios\/tsp-desarrolladores\/","title":{"rendered":"TSP\/Desarrolladores"},"content":{"rendered":"\n\n\t\t\t\t<img decoding=\"async\" src=\"https:\/\/xirgo.com\/wp-content\/uploads\/2025\/02\/Partners_TSPs_inset-1.webp\" alt=\"Partners_TSPs_inset-1\" itemprop=\"image\" height=\"650\" width=\"821\" title=\"Partners_TSPs_inset-1\" onerror=\"this.style.display='none'\" loading=\"lazy\" \/>\n<h2>\n\t\t\tM\u00e1s all\u00e1 de la tecnolog\u00eda: Un ecosistema de asociaci\u00f3n estrat\u00e9gica\t<\/h2>\n\t<p>El sector de la telem\u00e1tica se enfrenta a una transformaci\u00f3n sin precedentes, impulsada por la convergencia de la IA, el an\u00e1lisis de v\u00eddeo y la creciente demanda de soluciones sostenibles para las flotas. Los enfoques tradicionales centrados en el hardware ya no son suficientes. En Xirgo, hemos reimaginado la relaci\u00f3n con los socios a trav\u00e9s de una lente sist\u00e9mica que aborda los desaf\u00edos polifac\u00e9ticos del desarrollo de soluciones telem\u00e1ticas modernas.  <\/p>\n\t\t\t\t\t<a href=\"#\"  id=\"fl-accordion--label-0\" tabindex=\"0\" aria-controls=\"fl-accordion--panel-0\">Cimentaci\u00f3n Modular Innovadora<\/a>\n\t\t\t\t\t\t\t\t\t\t\t<a href=\"#\" id=\"fl-accordion--icon-0\"  tabindex=\"0\"><i title=\"Expand\">Expand<\/i><\/a>\n\t\t\t\t\t<p>Nuestra plataforma de hardware patentada proporciona la arquitectura flexible que necesitas para crear soluciones distintivas:<\/p>\n<ul>\n<li>M\u00f3dulos IoT personalizables que se adaptan a los requisitos espec\u00edficos de la industria<\/li>\n<li>Capacidad de integraci\u00f3n perfecta con tus sistemas actuales<\/li>\n<li>Infraestructura escalable que crece con tu negocio<\/li>\n<li>Dise\u00f1o preparado para el futuro, compatible con las tecnolog\u00edas emergentes<\/li>\n<\/ul>\n\t\t\t\t\t<a href=\"#\"  id=\"fl-accordion--label-1\" tabindex=\"0\" aria-controls=\"fl-accordion--panel-1\">Inteligencia potenciada por IA<\/a>\n\t\t\t\t\t\t\t\t\t\t\t<a href=\"#\" id=\"fl-accordion--icon-1\"  tabindex=\"0\"><i title=\"Expand\">Expand<\/i><\/a>\n\t\t\t\t\t<p>Transforma los datos brutos en inteligencia procesable con nuestras avanzadas capacidades de procesamiento:<\/p>\n<ul>\n<li>Soporte Edge Computing para la toma de decisiones en tiempo real<\/li>\n<li>Integraci\u00f3n de la videotelem\u00e1tica para mejorar las soluciones de seguridad<\/li>\n<li>Marcos de an\u00e1lisis predictivo para el mantenimiento y el rendimiento<\/li>\n<li>Preparaci\u00f3n del aprendizaje autom\u00e1tico para casos de uso en evoluci\u00f3n<\/li>\n<\/ul>\n\t\t\t\t\t<a href=\"#\"  id=\"fl-accordion--label-2\" tabindex=\"0\" aria-controls=\"fl-accordion--panel-2\">Apoyo al desarrollo integral<\/a>\n\t\t\t\t\t\t\t\t\t\t\t<a href=\"#\" id=\"fl-accordion--icon-2\"  tabindex=\"0\"><i title=\"Expand\">Expand<\/i><\/a>\n\t\t\t\t\t<p>Entendemos que las soluciones de \u00e9xito requieren algo m\u00e1s que hardware. Por eso ofrecemos una completa documentaci\u00f3n de la API y herramientas de desarrollo, asistencia t\u00e9cnica especializada de nuestro equipo de ingenier\u00eda, actualizaciones peri\u00f3dicas del firmware y mejoras de las funciones, y oportunidades de colaboraci\u00f3n en I+D para soluciones personalizadas. Estamos comprometidos con tu \u00e9xito, en cada milla, en cada paso del camino.  <\/p>\n<h2>\n\t\t\tLa ventaja Xirgo: La excelencia en ingenier\u00eda se une al \u00e9xito de los socios\t<\/h2>\n\t<p>Lo que distingue a Xirgo en el ecosistema telem\u00e1tico es nuestro compromiso fundamental con la innovaci\u00f3n interna y el \u00e9xito de los socios. Mientras otros subcontratan componentes cr\u00edticos, nuestra integraci\u00f3n vertical garantiza: <\/p>\n\t\t\t\t\t<a href=\"#\"  id=\"fl-accordion--label-0\" tabindex=\"0\" aria-controls=\"fl-accordion--panel-0\">Control de calidad<\/a>\n\t\t\t\t\t\t\t\t\t\t\t<a href=\"#\" id=\"fl-accordion--icon-0\"  tabindex=\"0\"><i title=\"Expand\">Expand<\/i><\/a>\n\t\t\t\t\t<ul>\n<li>Rigurosos protocolos de prueba para un rendimiento confiable<\/li>\n<li>Especificaciones de hardware coherentes en todas las series de producci\u00f3n<\/li>\n<li>Mayor seguridad gracias a la fabricaci\u00f3n controlada<\/li>\n<li>Resoluci\u00f3n r\u00e1pida de problemas y mejora continua<\/li>\n<\/ul>\n\t\t\t\t\t<a href=\"#\"  id=\"fl-accordion--label-1\" tabindex=\"0\" aria-controls=\"fl-accordion--panel-1\">Capacidad de respuesta del mercado<\/a>\n\t\t\t\t\t\t\t\t\t\t\t<a href=\"#\" id=\"fl-accordion--icon-1\"  tabindex=\"0\"><i title=\"Expand\">Expand<\/i><\/a>\n\t\t\t\t\t<ul>\n<li>Ciclos acelerados de desarrollo de productos<\/li>\n<li>R\u00e1pida adaptaci\u00f3n a las necesidades de los mercados emergentes<\/li>\n<li>Soporte directo de ingenier\u00eda para requisitos personalizados<\/li>\n<li>Alineaci\u00f3n proactiva de la hoja de ruta tecnol\u00f3gica<\/li>\n<\/ul>\n\t\t\t\t\t<a href=\"#\"  id=\"fl-accordion--label-2\" tabindex=\"0\" aria-controls=\"fl-accordion--panel-2\">Valor a largo plazo<\/a>\n\t\t\t\t\t\t\t\t\t\t\t<a href=\"#\" id=\"fl-accordion--icon-2\"  tabindex=\"0\"><i title=\"Expand\">Expand<\/i><\/a>\n\t\t\t\t\t<ul>\n<li>Reducci\u00f3n del costo total de propiedad gracias a un hardware confiable.<\/li>\n<li>Ciclos de vida ampliados de los productos con actualizaciones peri\u00f3dicas<\/li>\n<li>Gesti\u00f3n simplificada del inventario con un dise\u00f1o modular<\/li>\n<li>M\u00e1rgenes protegidos gracias a una fabricaci\u00f3n eficiente<\/li>\n<\/ul>\n\t\t\t\t<img decoding=\"async\" src=\"https:\/\/xirgo.com\/wp-content\/uploads\/2025\/02\/Partners_TSPs_inset-2.webp\" alt=\"Engineering Excellence Meets Partner Success\" itemprop=\"image\" height=\"600\" width=\"874\" title=\"Engineering Excellence  Meets Partner Success\" onerror=\"this.style.display='none'\" loading=\"lazy\" \/>\n\t\t\t\t<img decoding=\"async\" src=\"https:\/\/xirgo.com\/wp-content\/uploads\/2025\/02\/Partners_TSPs_inset-3.webp\" alt=\"Partners_TSPs_inset-3\" itemprop=\"image\" height=\"600\" width=\"794\" title=\"Partners_TSPs_inset-3\" onerror=\"this.style.display='none'\" loading=\"lazy\" \/>\n<h2>\n\t\t\tApoyo a las tecnolog\u00edas emergentes\t<\/h2>\n\t<p>A medida que evoluciona el sector, invertimos en capacidades que son importantes para el \u00e9xito futuro:<\/p>\n\t\t\t\t\t<a href=\"#\"  id=\"fl-accordion--label-0\" tabindex=\"0\" aria-controls=\"fl-accordion--panel-0\">Integraci\u00f3n del veh\u00edculo el\u00e9ctrico<\/a>\n\t\t\t\t\t\t\t\t\t\t\t<a href=\"#\" id=\"fl-accordion--icon-0\"  tabindex=\"0\"><i title=\"Expand\">Expand<\/i><\/a>\n\t\t\t\t\t<ul>\n<li>Hardware telem\u00e1tico especializado en VE<\/li>\n<li>Interfaces del sistema de gesti\u00f3n de bater\u00edas<\/li>\n<li>Integraci\u00f3n de la infraestructura de recarga<\/li>\n<li>An\u00e1lisis de optimizaci\u00f3n energ\u00e9tica<\/li>\n<\/ul>\n\t\t\t\t\t<a href=\"#\"  id=\"fl-accordion--label-1\" tabindex=\"0\" aria-controls=\"fl-accordion--panel-1\">Soluciones sostenibles<\/a>\n\t\t\t\t\t\t\t\t\t\t\t<a href=\"#\" id=\"fl-accordion--icon-1\"  tabindex=\"0\"><i title=\"Expand\">Expand<\/i><\/a>\n\t\t\t\t\t<ul>\n<li>Dise\u00f1o de hardware energ\u00e9ticamente eficiente<\/li>\n<li>Capacidad de vigilancia medioambiental<\/li>\n<li>Apoyo a la gesti\u00f3n ecol\u00f3gica de flotas<\/li>\n<li>Iniciativas de componentes reciclables<\/li>\n<\/ul>\n\t\t\t\t\t<a href=\"#\"  id=\"fl-accordion--label-2\" tabindex=\"0\" aria-controls=\"fl-accordion--panel-2\">Sistemas de seguridad avanzados<\/a>\n\t\t\t\t\t\t\t\t\t\t\t<a href=\"#\" id=\"fl-accordion--icon-2\"  tabindex=\"0\"><i title=\"Expand\">Expand<\/i><\/a>\n\t\t\t\t\t<ul>\n<li>An\u00e1lisis de v\u00eddeo con IA<\/li>\n<li>Control del comportamiento del conductor<\/li>\n<li>Evaluaci\u00f3n predictiva del riesgo<\/li>\n<li>Alertas de seguridad en tiempo real<\/li>\n<\/ul>\n<h2>\n\t\t\tPrograma de \u00e9xito para socios\t<\/h2>\n\t<p>Nuestro compromiso va m\u00e1s all\u00e1 de la tecnolog\u00eda para garantizar tu \u00e9xito:<\/p>\n\t\t\t\t\t<a href=\"#\"  id=\"fl-accordion--label-0\" tabindex=\"0\" aria-controls=\"fl-accordion--panel-0\">Capacitaci\u00f3n t\u00e9cnica<\/a>\n\t\t\t\t\t\t\t\t\t\t\t<a href=\"#\" id=\"fl-accordion--icon-0\"  tabindex=\"0\"><i title=\"Expand\">Expand<\/i><\/a>\n\t\t\t\t\t<ul>\n<li>Completo portal de documentaci\u00f3n<\/li>\n<li>Sesiones regulares de formaci\u00f3n y seminarios web<\/li>\n<li>Acceso al entorno de desarrollo<\/li>\n<li>Ejemplos de c\u00f3digo y gu\u00edas de integraci\u00f3n<\/li>\n<\/ul>\n\t\t\t\t\t<a href=\"#\"  id=\"fl-accordion--label-1\" tabindex=\"0\" aria-controls=\"fl-accordion--panel-1\">Apoyo empresarial<\/a>\n\t\t\t\t\t\t\t\t\t\t\t<a href=\"#\" id=\"fl-accordion--icon-1\"  tabindex=\"0\"><i title=\"Expand\">Expand<\/i><\/a>\n\t\t\t\t\t<ul>\n<li>Oportunidades de marketing conjunto<\/li>\n<li>Programas para compartir clientes potenciales<\/li>\n<li>Compartir inteligencia de mercado<\/li>\n<li>Desarrollo de una historia de \u00e9xito<\/li>\n<\/ul>\n\t\t\t\t\t<a href=\"#\"  id=\"fl-accordion--label-2\" tabindex=\"0\" aria-controls=\"fl-accordion--panel-2\">Crecimiento estrat\u00e9gico<\/a>\n\t\t\t\t\t\t\t\t\t\t\t<a href=\"#\" id=\"fl-accordion--icon-2\"  tabindex=\"0\"><i title=\"Expand\">Expand<\/i><\/a>\n\t\t\t\t\t<ul>\n<li>Alineaci\u00f3n de la hoja de ruta del producto<\/li>\n<li>Opciones de desarrollo personalizadas<\/li>\n<li>Programas de precios por volumen<\/li>\n<li>Apoyo a la expansi\u00f3n del mercado<\/li>\n<\/ul>\n\t\t\t\t<img decoding=\"async\" src=\"https:\/\/xirgo.com\/wp-content\/uploads\/2025\/02\/Partners_TSPs_inset-4.webp\" alt=\"Partners_TSPs_inset-4\" itemprop=\"image\" height=\"600\" width=\"647\" title=\"Partners_TSPs_inset-4\" onerror=\"this.style.display='none'\" loading=\"lazy\" \/>\n\t\t\t\t<img decoding=\"async\" src=\"https:\/\/xirgo.com\/wp-content\/uploads\/2025\/02\/Partners_TSPs_inset-5.webp\" alt=\"Partners_TSPs_inset-5\" itemprop=\"image\" height=\"600\" width=\"809\" title=\"Partners_TSPs_inset-5\" onerror=\"this.style.display='none'\" loading=\"lazy\" \/>\n<h2>\n\t\t\t\u00bfPreparado para transformar tu oferta telem\u00e1tica?\t<\/h2>\n\t<p>\u00danete a la creciente red de TSP y desarrolladores de \u00e9xito que conf\u00edan en Xirgo como base de su innovaci\u00f3n. Exploremos c\u00f3mo nuestra tecnolog\u00eda y nuestro enfoque de colaboraci\u00f3n pueden acelerar tu \u00e9xito en el cambiante panorama telem\u00e1tico. <\/p>\n<p><strong>Ve con confianza. Ve con Xirgo. <\/strong><\/p>\n\t\t\t<a href=\"\/es\/contacto\/contacta-con-nosotros\/\" target=\"_self\">\n\t\t\t\t\t\tContacta con nuestro equipo\n\t\t\t\t\t<\/a>\n\n","protected":false},"excerpt":{"rendered":"<p>M\u00e1s all\u00e1 de la tecnolog\u00eda: Un ecosistema de asociaci\u00f3n estrat\u00e9gica El sector de la telem\u00e1tica se enfrenta a una transformaci\u00f3n sin precedentes, impulsada por la convergencia de la IA, el an\u00e1lisis de v\u00eddeo y la creciente demanda de soluciones sostenibles para las flotas. Los enfoques tradicionales centrados en el hardware ya no son suficientes. En&hellip;<\/p>\n","protected":false},"author":2,"featured_media":2100,"parent":3123,"menu_order":0,"comment_status":"closed","ping_status":"closed","template":"","meta":{"_acf_changed":false,"footnotes":""},"hf_cat_page":[],"class_list":["post-3127","page","type-page","status-publish","has-post-thumbnail","hentry"],"acf":[],"yoast_head":"<!-- This site is optimized with the Yoast SEO plugin v27.6 - https:\/\/yoast.com\/product\/yoast-seo-wordpress\/ -->\n<title>\u00bfPreparado para transformar tu oferta telem\u00e1tica?<\/title>\n<meta name=\"description\" content=\"Exploremos c\u00f3mo nuestra tecnolog\u00eda y nuestro enfoque asociativo pueden acelerar tu \u00e9xito en el cambiante panorama telem\u00e1tico.\" \/>\n<meta name=\"robots\" content=\"index, follow, max-snippet:-1, max-image-preview:large, max-video-preview:-1\" \/>\n<link rel=\"canonical\" href=\"https:\/\/xirgo.com\/es\/socios\/tsp-desarrolladores\/\" \/>\n<meta property=\"og:locale\" content=\"es_ES\" \/>\n<meta property=\"og:type\" content=\"article\" \/>\n<meta property=\"og:title\" content=\"\u00bfPreparado para transformar tu oferta telem\u00e1tica?\" \/>\n<meta property=\"og:description\" content=\"Exploremos c\u00f3mo nuestra tecnolog\u00eda y nuestro enfoque asociativo pueden acelerar tu \u00e9xito en el cambiante panorama telem\u00e1tico.\" \/>\n<meta property=\"og:url\" content=\"https:\/\/xirgo.com\/es\/socios\/tsp-desarrolladores\/\" \/>\n<meta property=\"og:site_name\" content=\"Xirgo\" \/>\n<meta property=\"article:modified_time\" content=\"2025-08-26T15:14:04+00:00\" \/>\n<meta property=\"og:image\" content=\"https:\/\/xirgo.com\/wp-content\/uploads\/2025\/02\/Xirgo_Partners_TSPs_hero.webp\" \/>\n\t<meta property=\"og:image:width\" content=\"1191\" \/>\n\t<meta property=\"og:image:height\" content=\"600\" \/>\n\t<meta property=\"og:image:type\" content=\"image\/webp\" \/>\n<meta name=\"twitter:card\" content=\"summary_large_image\" \/>\n<meta name=\"twitter:label1\" content=\"Tiempo de lectura\" \/>\n\t<meta name=\"twitter:data1\" content=\"4 minutos\" \/>\n<script type=\"application\/ld+json\" class=\"yoast-schema-graph\">{\"@context\":\"https:\\\/\\\/schema.org\",\"@graph\":[{\"@type\":\"WebPage\",\"@id\":\"https:\\\/\\\/xirgo.com\\\/es\\\/socios\\\/tsp-desarrolladores\\\/\",\"url\":\"https:\\\/\\\/xirgo.com\\\/es\\\/socios\\\/tsp-desarrolladores\\\/\",\"name\":\"\u00bfPreparado para transformar tu oferta telem\u00e1tica?\",\"isPartOf\":{\"@id\":\"https:\\\/\\\/xirgo.com\\\/es\\\/#website\"},\"primaryImageOfPage\":{\"@id\":\"https:\\\/\\\/xirgo.com\\\/es\\\/socios\\\/tsp-desarrolladores\\\/#primaryimage\"},\"image\":{\"@id\":\"https:\\\/\\\/xirgo.com\\\/es\\\/socios\\\/tsp-desarrolladores\\\/#primaryimage\"},\"thumbnailUrl\":\"https:\\\/\\\/xirgo.com\\\/wp-content\\\/uploads\\\/2025\\\/02\\\/Xirgo_Partners_TSPs_hero.webp\",\"datePublished\":\"2025-02-06T22:09:44+00:00\",\"dateModified\":\"2025-08-26T15:14:04+00:00\",\"description\":\"Exploremos c\u00f3mo nuestra tecnolog\u00eda y nuestro enfoque asociativo pueden acelerar tu \u00e9xito en el cambiante panorama telem\u00e1tico.\",\"breadcrumb\":{\"@id\":\"https:\\\/\\\/xirgo.com\\\/es\\\/socios\\\/tsp-desarrolladores\\\/#breadcrumb\"},\"inLanguage\":\"es\",\"potentialAction\":[{\"@type\":\"ReadAction\",\"target\":[\"https:\\\/\\\/xirgo.com\\\/es\\\/socios\\\/tsp-desarrolladores\\\/\"]}]},{\"@type\":\"ImageObject\",\"inLanguage\":\"es\",\"@id\":\"https:\\\/\\\/xirgo.com\\\/es\\\/socios\\\/tsp-desarrolladores\\\/#primaryimage\",\"url\":\"https:\\\/\\\/xirgo.com\\\/wp-content\\\/uploads\\\/2025\\\/02\\\/Xirgo_Partners_TSPs_hero.webp\",\"contentUrl\":\"https:\\\/\\\/xirgo.com\\\/wp-content\\\/uploads\\\/2025\\\/02\\\/Xirgo_Partners_TSPs_hero.webp\",\"width\":1191,\"height\":600},{\"@type\":\"BreadcrumbList\",\"@id\":\"https:\\\/\\\/xirgo.com\\\/es\\\/socios\\\/tsp-desarrolladores\\\/#breadcrumb\",\"itemListElement\":[{\"@type\":\"ListItem\",\"position\":1,\"name\":\"Home\",\"item\":\"https:\\\/\\\/xirgo.com\\\/es\\\/\"},{\"@type\":\"ListItem\",\"position\":2,\"name\":\"Socios\",\"item\":\"https:\\\/\\\/xirgo.com\\\/es\\\/socios\\\/\"},{\"@type\":\"ListItem\",\"position\":3,\"name\":\"TSP\\\/Desarrolladores\"}]},{\"@type\":\"WebSite\",\"@id\":\"https:\\\/\\\/xirgo.com\\\/es\\\/#website\",\"url\":\"https:\\\/\\\/xirgo.com\\\/es\\\/\",\"name\":\"Xirgo\",\"description\":\"\",\"potentialAction\":[{\"@type\":\"SearchAction\",\"target\":{\"@type\":\"EntryPoint\",\"urlTemplate\":\"https:\\\/\\\/xirgo.com\\\/es\\\/?s={search_term_string}\"},\"query-input\":{\"@type\":\"PropertyValueSpecification\",\"valueRequired\":true,\"valueName\":\"search_term_string\"}}],\"inLanguage\":\"es\"}]}<\/script>\n<!-- \/ Yoast SEO plugin. -->","yoast_head_json":{"title":"\u00bfPreparado para transformar tu oferta telem\u00e1tica?","description":"Exploremos c\u00f3mo nuestra tecnolog\u00eda y nuestro enfoque asociativo pueden acelerar tu \u00e9xito en el cambiante panorama telem\u00e1tico.","robots":{"index":"index","follow":"follow","max-snippet":"max-snippet:-1","max-image-preview":"max-image-preview:large","max-video-preview":"max-video-preview:-1"},"canonical":"https:\/\/xirgo.com\/es\/socios\/tsp-desarrolladores\/","og_locale":"es_ES","og_type":"article","og_title":"\u00bfPreparado para transformar tu oferta telem\u00e1tica?","og_description":"Exploremos c\u00f3mo nuestra tecnolog\u00eda y nuestro enfoque asociativo pueden acelerar tu \u00e9xito en el cambiante panorama telem\u00e1tico.","og_url":"https:\/\/xirgo.com\/es\/socios\/tsp-desarrolladores\/","og_site_name":"Xirgo","article_modified_time":"2025-08-26T15:14:04+00:00","og_image":[{"width":1191,"height":600,"url":"https:\/\/xirgo.com\/wp-content\/uploads\/2025\/02\/Xirgo_Partners_TSPs_hero.webp","type":"image\/webp"}],"twitter_card":"summary_large_image","twitter_misc":{"Tiempo de lectura":"4 minutos"},"schema":{"@context":"https:\/\/schema.org","@graph":[{"@type":"WebPage","@id":"https:\/\/xirgo.com\/es\/socios\/tsp-desarrolladores\/","url":"https:\/\/xirgo.com\/es\/socios\/tsp-desarrolladores\/","name":"\u00bfPreparado para transformar tu oferta telem\u00e1tica?","isPartOf":{"@id":"https:\/\/xirgo.com\/es\/#website"},"primaryImageOfPage":{"@id":"https:\/\/xirgo.com\/es\/socios\/tsp-desarrolladores\/#primaryimage"},"image":{"@id":"https:\/\/xirgo.com\/es\/socios\/tsp-desarrolladores\/#primaryimage"},"thumbnailUrl":"https:\/\/xirgo.com\/wp-content\/uploads\/2025\/02\/Xirgo_Partners_TSPs_hero.webp","datePublished":"2025-02-06T22:09:44+00:00","dateModified":"2025-08-26T15:14:04+00:00","description":"Exploremos c\u00f3mo nuestra tecnolog\u00eda y nuestro enfoque asociativo pueden acelerar tu \u00e9xito en el cambiante panorama telem\u00e1tico.","breadcrumb":{"@id":"https:\/\/xirgo.com\/es\/socios\/tsp-desarrolladores\/#breadcrumb"},"inLanguage":"es","potentialAction":[{"@type":"ReadAction","target":["https:\/\/xirgo.com\/es\/socios\/tsp-desarrolladores\/"]}]},{"@type":"ImageObject","inLanguage":"es","@id":"https:\/\/xirgo.com\/es\/socios\/tsp-desarrolladores\/#primaryimage","url":"https:\/\/xirgo.com\/wp-content\/uploads\/2025\/02\/Xirgo_Partners_TSPs_hero.webp","contentUrl":"https:\/\/xirgo.com\/wp-content\/uploads\/2025\/02\/Xirgo_Partners_TSPs_hero.webp","width":1191,"height":600},{"@type":"BreadcrumbList","@id":"https:\/\/xirgo.com\/es\/socios\/tsp-desarrolladores\/#breadcrumb","itemListElement":[{"@type":"ListItem","position":1,"name":"Home","item":"https:\/\/xirgo.com\/es\/"},{"@type":"ListItem","position":2,"name":"Socios","item":"https:\/\/xirgo.com\/es\/socios\/"},{"@type":"ListItem","position":3,"name":"TSP\/Desarrolladores"}]},{"@type":"WebSite","@id":"https:\/\/xirgo.com\/es\/#website","url":"https:\/\/xirgo.com\/es\/","name":"Xirgo","description":"","potentialAction":[{"@type":"SearchAction","target":{"@type":"EntryPoint","urlTemplate":"https:\/\/xirgo.com\/es\/?s={search_term_string}"},"query-input":{"@type":"PropertyValueSpecification","valueRequired":true,"valueName":"search_term_string"}}],"inLanguage":"es"}]}},"_links":{"self":[{"href":"https:\/\/xirgo.com\/es\/wp-json\/wp\/v2\/pages\/3127","targetHints":{"allow":["GET"]}}],"collection":[{"href":"https:\/\/xirgo.com\/es\/wp-json\/wp\/v2\/pages"}],"about":[{"href":"https:\/\/xirgo.com\/es\/wp-json\/wp\/v2\/types\/page"}],"author":[{"embeddable":true,"href":"https:\/\/xirgo.com\/es\/wp-json\/wp\/v2\/users\/2"}],"replies":[{"embeddable":true,"href":"https:\/\/xirgo.com\/es\/wp-json\/wp\/v2\/comments?post=3127"}],"version-history":[{"count":1,"href":"https:\/\/xirgo.com\/es\/wp-json\/wp\/v2\/pages\/3127\/revisions"}],"predecessor-version":[{"id":4253,"href":"https:\/\/xirgo.com\/es\/wp-json\/wp\/v2\/pages\/3127\/revisions\/4253"}],"up":[{"embeddable":true,"href":"https:\/\/xirgo.com\/es\/wp-json\/wp\/v2\/pages\/3123"}],"wp:featuredmedia":[{"embeddable":true,"href":"https:\/\/xirgo.com\/es\/wp-json\/wp\/v2\/media\/2100"}],"wp:attachment":[{"href":"https:\/\/xirgo.com\/es\/wp-json\/wp\/v2\/media?parent=3127"}],"wp:term":[{"taxonomy":"hf_cat_page","embeddable":true,"href":"https:\/\/xirgo.com\/es\/wp-json\/wp\/v2\/hf_cat_page?post=3127"}],"curies":[{"name":"wp","href":"https:\/\/api.w.org\/{rel}","templated":true}]}}