{"id":3131,"date":"2025-02-07T08:00:11","date_gmt":"2025-02-07T14:00:11","guid":{"rendered":"https:\/\/xirgo.com\/socios\/revendedores\/"},"modified":"2025-08-26T10:15:25","modified_gmt":"2025-08-26T15:15:25","slug":"revendedores","status":"publish","type":"page","link":"https:\/\/xirgo.com\/es\/socios\/revendedores\/","title":{"rendered":"Revendedores"},"content":{"rendered":"\n\n\t\t\t\t<img decoding=\"async\" src=\"https:\/\/xirgo.com\/wp-content\/uploads\/2025\/02\/Partners_Resellers_inset-1.webp\" alt=\"Partners_Resellers_inset-1\" itemprop=\"image\" height=\"743\" width=\"821\" title=\"Partners_Resellers_inset-1\" onerror=\"this.style.display='none'\" loading=\"lazy\" \/>\n<h2>\n\t\t\t\u00bfPor qu\u00e9 asociarse con Xirgo?\t<\/h2>\n\t<p>Nuestro compromiso con el \u00e9xito de los socios de canal va m\u00e1s all\u00e1 de las relaciones tradicionales con los proveedores. Hemos construido nuestro modelo de negocio en torno a dotar a los distribuidores de las herramientas, la tecnolog\u00eda y la asistencia necesarias para ofrecer un valor excepcional a sus clientes. <\/p>\n\t\t\t\t\t<a href=\"#\"  id=\"fl-accordion--label-0\" tabindex=\"0\" aria-controls=\"fl-accordion--panel-0\">Innovaci\u00f3n que genera ingresos<\/a>\n\t\t\t\t\t\t\t\t\t\t\t<a href=\"#\" id=\"fl-accordion--icon-0\"  tabindex=\"0\"><i title=\"Expand\">Expand<\/i><\/a>\n\t\t\t\t\t<p>A diferencia de los competidores que se basan en soluciones de hardware gen\u00e9ricas, la pila de tecnolog\u00eda propia de Xirgo ofrece una calidad de datos superior e inteligencia procesable. Nuestro ecosistema IoT modular te permite: <\/p>\n<ul>\n<li>Empieza con soluciones espec\u00edficas y ampl\u00edalas sin problemas a medida que evolucionen las necesidades del cliente<\/li>\n<li>Diferencia tu oferta con la videotelem\u00e1tica avanzada basada en IA<\/li>\n<li>Abordar las oportunidades de mercado emergentes en la gesti\u00f3n de flotas de VE y la sostenibilidad<\/li>\n<li>Aprovecha nuestra experiencia interna en dise\u00f1o y fabricaci\u00f3n para obtener soluciones fiables y de alto margen<\/li>\n<\/ul>\n\t\t\t\t\t<a href=\"#\"  id=\"fl-accordion--label-1\" tabindex=\"0\" aria-controls=\"fl-accordion--panel-1\">Asistencia integral al socio<\/a>\n\t\t\t\t\t\t\t\t\t\t\t<a href=\"#\" id=\"fl-accordion--icon-1\"  tabindex=\"0\"><i title=\"Expand\">Expand<\/i><\/a>\n\t\t\t\t\t<p>Entendemos que tu \u00e9xito es nuestro \u00e9xito. Por eso te proporcionamos recursos completos para acelerar tu crecimiento: <\/p>\n<ul>\n<li>Equipo dedicado al \u00e9xito de los socios para ventas y asistencia t\u00e9cnica<\/li>\n<li>Amplios programas de formaci\u00f3n y certificaci\u00f3n<\/li>\n<li>Oportunidades de marketing conjunto y apoyo a la generaci\u00f3n de clientes potenciales<\/li>\n<li>Actualizaciones regulares del producto y visibilidad de la hoja de ruta<\/li>\n<li>I+D en colaboraci\u00f3n para soluciones espec\u00edficas para el cliente<\/li>\n<\/ul>\n\t\t\t\t\t<a href=\"#\"  id=\"fl-accordion--label-2\" tabindex=\"0\" aria-controls=\"fl-accordion--panel-2\">Experiencia en mercados verticales<\/a>\n\t\t\t\t\t\t\t\t\t\t\t<a href=\"#\" id=\"fl-accordion--icon-2\"  tabindex=\"0\"><i title=\"Expand\">Expand<\/i><\/a>\n\t\t\t\t\t<p>Aprovecha el profundo conocimiento de Xirgo de los sectores clave:<\/p>\n<ul>\n<li>Gesti\u00f3n de flotas y log\u00edstica<\/li>\n<li>Operaciones de alquiler<\/li>\n<li>Concesionarios de autom\u00f3viles<\/li>\n<li>Construcci\u00f3n y maquinaria pesada<\/li>\n<li>Seguridad P\u00fablica y Gobierno<\/li>\n<\/ul>\n\t\t\t\t\t<a href=\"#\"  id=\"fl-accordion--label-3\" tabindex=\"0\" aria-controls=\"fl-accordion--panel-3\">El poder de la asociaci\u00f3n<\/a>\n\t\t\t\t\t\t\t\t\t\t\t<a href=\"#\" id=\"fl-accordion--icon-3\"  tabindex=\"0\"><i title=\"Expand\">Expand<\/i><\/a>\n\t\t\t\t\t<p>Cuando te unes a la red de distribuidores de Xirgo, no s\u00f3lo vendes tecnolog\u00eda, sino que ofreces soluciones transformadoras que hacen que la log\u00edstica de flotas sea m\u00e1s inteligente, segura y productiva. Nuestros socios consiguen sistem\u00e1ticamente: <\/p>\n<ul>\n<li>Mayor satisfacci\u00f3n del cliente mediante soluciones fiables e innovadoras<\/li>\n<li>Aumento de los ingresos recurrentes con nuestra plataforma basada en SaaS<\/li>\n<li>M\u00e1rgenes s\u00f3lidos respaldados por tecnolog\u00eda propia de primera calidad<\/li>\n<li>Ventaja competitiva en segmentos de mercado de alto crecimiento<\/li>\n<\/ul>\n\t\t\t\t\t<a href=\"#\"  id=\"fl-accordion--label-4\" tabindex=\"0\" aria-controls=\"fl-accordion--panel-4\">Una base para el crecimiento futuro<\/a>\n\t\t\t\t\t\t\t\t\t\t\t<a href=\"#\" id=\"fl-accordion--icon-4\"  tabindex=\"0\"><i title=\"Expand\">Expand<\/i><\/a>\n\t\t\t\t\t<p>El mercado de la IoT y la telem\u00e1tica est\u00e1 experimentando un crecimiento sin precedentes, impulsado por la creciente demanda de visibilidad en tiempo real, soluciones de seguridad y eficiencia operativa. Al asociarte con Xirgo, estar\u00e1s posicionado para aprovechar esta oportunidad con una tecnolog\u00eda l\u00edder en el sector y un apoyo inquebrantable. <\/p>\n<p>Nuestro compromiso con la innovaci\u00f3n y el desarrollo internos garantiza que siempre tendr\u00e1s acceso a los \u00faltimos avances:<\/p>\n<ul>\n<li>An\u00e1lisis de v\u00eddeo con IA<\/li>\n<li>Capacidades de mantenimiento predictivo<\/li>\n<li>Gesti\u00f3n de flotas de veh\u00edculos el\u00e9ctricos<\/li>\n<li>Soluciones de transporte sostenible<\/li>\n<li>Sistemas de seguridad avanzados<\/li>\n<\/ul>\n<h2>\n\t\t\t\u00bfPreparado para transformar tu empresa?\t<\/h2>\n\t<p>\u00danete a la creciente red de exitosos distribuidores de Xirgo que est\u00e1n dando forma al futuro de la log\u00edstica de flotas. Ponte en contacto con nosotros hoy mismo para obtener m\u00e1s informaci\u00f3n sobre nuestro programa de socios y descubrir c\u00f3mo podemos crecer juntos. <\/p>\n<p>Avancemos juntos y desbloqueemos el extraordinario potencial de la log\u00edstica inteligente de flotas.<\/p>\n<p><strong>Ve con Confianza. Ve con Xirgo. <\/strong><\/p>\n\t\t\t<a href=\"\/es\/contacto\/contacta-con-nosotros\/\" target=\"_self\">\n\t\t\t\t\t\tContacta con nuestro equipo\n\t\t\t\t\t<\/a>\n\t\t\t\t<img decoding=\"async\" src=\"https:\/\/xirgo.com\/wp-content\/uploads\/2025\/02\/Partners_Resellers_inset-2.webp\" alt=\"Partners_Resellers_inset-2\" itemprop=\"image\" height=\"600\" width=\"674\" title=\"Partners_Resellers_inset-2\" onerror=\"this.style.display='none'\" loading=\"lazy\" \/>\n\n","protected":false},"excerpt":{"rendered":"<p>\u00bfPor qu\u00e9 asociarse con Xirgo? Nuestro compromiso con el \u00e9xito de los socios de canal va m\u00e1s all\u00e1 de las relaciones tradicionales con los proveedores. Hemos construido nuestro modelo de negocio en torno a dotar a los distribuidores de las herramientas, la tecnolog\u00eda y la asistencia necesarias para ofrecer un valor excepcional a sus clientes.&hellip;<\/p>\n","protected":false},"author":2,"featured_media":2076,"parent":3123,"menu_order":0,"comment_status":"closed","ping_status":"closed","template":"","meta":{"_acf_changed":false,"footnotes":""},"hf_cat_page":[],"class_list":["post-3131","page","type-page","status-publish","has-post-thumbnail","hentry"],"acf":[],"yoast_head":"<!-- This site is optimized with the Yoast SEO plugin v27.6 - https:\/\/yoast.com\/product\/yoast-seo-wordpress\/ -->\n<title>\u00bfPreparado para transformar tu empresa? | Xirgo<\/title>\n<meta name=\"description\" content=\"Desbloquea el extraordinario potencial de la log\u00edstica inteligente de flotas. \u00danete a la red de distribuidores de \u00e9xito de Xirgo que est\u00e1n dando forma al futuro de la log\u00edstica de flotas.\" \/>\n<meta name=\"robots\" content=\"index, follow, max-snippet:-1, max-image-preview:large, max-video-preview:-1\" \/>\n<link rel=\"canonical\" href=\"https:\/\/xirgo.com\/es\/socios\/revendedores\/\" \/>\n<meta property=\"og:locale\" content=\"es_ES\" \/>\n<meta property=\"og:type\" content=\"article\" \/>\n<meta property=\"og:title\" content=\"\u00bfPreparado para transformar tu empresa? | Xirgo\" \/>\n<meta property=\"og:description\" content=\"Desbloquea el extraordinario potencial de la log\u00edstica inteligente de flotas. \u00danete a la red de distribuidores de \u00e9xito de Xirgo que est\u00e1n dando forma al futuro de la log\u00edstica de flotas.\" \/>\n<meta property=\"og:url\" content=\"https:\/\/xirgo.com\/es\/socios\/revendedores\/\" \/>\n<meta property=\"og:site_name\" content=\"Xirgo\" \/>\n<meta property=\"article:modified_time\" content=\"2025-08-26T15:15:25+00:00\" \/>\n<meta property=\"og:image\" content=\"https:\/\/xirgo.com\/wp-content\/uploads\/2025\/02\/Xirgo_Partners_resellers_hero.webp\" \/>\n\t<meta property=\"og:image:width\" content=\"1191\" \/>\n\t<meta property=\"og:image:height\" content=\"600\" \/>\n\t<meta property=\"og:image:type\" content=\"image\/webp\" \/>\n<meta name=\"twitter:card\" content=\"summary_large_image\" \/>\n<meta name=\"twitter:label1\" content=\"Tiempo de lectura\" \/>\n\t<meta name=\"twitter:data1\" content=\"3 minutos\" \/>\n<script type=\"application\/ld+json\" class=\"yoast-schema-graph\">{\"@context\":\"https:\\\/\\\/schema.org\",\"@graph\":[{\"@type\":\"WebPage\",\"@id\":\"https:\\\/\\\/xirgo.com\\\/es\\\/socios\\\/revendedores\\\/\",\"url\":\"https:\\\/\\\/xirgo.com\\\/es\\\/socios\\\/revendedores\\\/\",\"name\":\"\u00bfPreparado para transformar tu empresa? | Xirgo\",\"isPartOf\":{\"@id\":\"https:\\\/\\\/xirgo.com\\\/es\\\/#website\"},\"primaryImageOfPage\":{\"@id\":\"https:\\\/\\\/xirgo.com\\\/es\\\/socios\\\/revendedores\\\/#primaryimage\"},\"image\":{\"@id\":\"https:\\\/\\\/xirgo.com\\\/es\\\/socios\\\/revendedores\\\/#primaryimage\"},\"thumbnailUrl\":\"https:\\\/\\\/xirgo.com\\\/wp-content\\\/uploads\\\/2025\\\/02\\\/Xirgo_Partners_resellers_hero.webp\",\"datePublished\":\"2025-02-07T14:00:11+00:00\",\"dateModified\":\"2025-08-26T15:15:25+00:00\",\"description\":\"Desbloquea el extraordinario potencial de la log\u00edstica inteligente de flotas. \u00danete a la red de distribuidores de \u00e9xito de Xirgo que est\u00e1n dando forma al futuro de la log\u00edstica de flotas.\",\"breadcrumb\":{\"@id\":\"https:\\\/\\\/xirgo.com\\\/es\\\/socios\\\/revendedores\\\/#breadcrumb\"},\"inLanguage\":\"es\",\"potentialAction\":[{\"@type\":\"ReadAction\",\"target\":[\"https:\\\/\\\/xirgo.com\\\/es\\\/socios\\\/revendedores\\\/\"]}]},{\"@type\":\"ImageObject\",\"inLanguage\":\"es\",\"@id\":\"https:\\\/\\\/xirgo.com\\\/es\\\/socios\\\/revendedores\\\/#primaryimage\",\"url\":\"https:\\\/\\\/xirgo.com\\\/wp-content\\\/uploads\\\/2025\\\/02\\\/Xirgo_Partners_resellers_hero.webp\",\"contentUrl\":\"https:\\\/\\\/xirgo.com\\\/wp-content\\\/uploads\\\/2025\\\/02\\\/Xirgo_Partners_resellers_hero.webp\",\"width\":1191,\"height\":600},{\"@type\":\"BreadcrumbList\",\"@id\":\"https:\\\/\\\/xirgo.com\\\/es\\\/socios\\\/revendedores\\\/#breadcrumb\",\"itemListElement\":[{\"@type\":\"ListItem\",\"position\":1,\"name\":\"Home\",\"item\":\"https:\\\/\\\/xirgo.com\\\/es\\\/\"},{\"@type\":\"ListItem\",\"position\":2,\"name\":\"Socios\",\"item\":\"https:\\\/\\\/xirgo.com\\\/es\\\/socios\\\/\"},{\"@type\":\"ListItem\",\"position\":3,\"name\":\"Revendedores\"}]},{\"@type\":\"WebSite\",\"@id\":\"https:\\\/\\\/xirgo.com\\\/es\\\/#website\",\"url\":\"https:\\\/\\\/xirgo.com\\\/es\\\/\",\"name\":\"Xirgo\",\"description\":\"\",\"potentialAction\":[{\"@type\":\"SearchAction\",\"target\":{\"@type\":\"EntryPoint\",\"urlTemplate\":\"https:\\\/\\\/xirgo.com\\\/es\\\/?s={search_term_string}\"},\"query-input\":{\"@type\":\"PropertyValueSpecification\",\"valueRequired\":true,\"valueName\":\"search_term_string\"}}],\"inLanguage\":\"es\"}]}<\/script>\n<!-- \/ Yoast SEO plugin. -->","yoast_head_json":{"title":"\u00bfPreparado para transformar tu empresa? | Xirgo","description":"Desbloquea el extraordinario potencial de la log\u00edstica inteligente de flotas. \u00danete a la red de distribuidores de \u00e9xito de Xirgo que est\u00e1n dando forma al futuro de la log\u00edstica de flotas.","robots":{"index":"index","follow":"follow","max-snippet":"max-snippet:-1","max-image-preview":"max-image-preview:large","max-video-preview":"max-video-preview:-1"},"canonical":"https:\/\/xirgo.com\/es\/socios\/revendedores\/","og_locale":"es_ES","og_type":"article","og_title":"\u00bfPreparado para transformar tu empresa? | Xirgo","og_description":"Desbloquea el extraordinario potencial de la log\u00edstica inteligente de flotas. \u00danete a la red de distribuidores de \u00e9xito de Xirgo que est\u00e1n dando forma al futuro de la log\u00edstica de flotas.","og_url":"https:\/\/xirgo.com\/es\/socios\/revendedores\/","og_site_name":"Xirgo","article_modified_time":"2025-08-26T15:15:25+00:00","og_image":[{"width":1191,"height":600,"url":"https:\/\/xirgo.com\/wp-content\/uploads\/2025\/02\/Xirgo_Partners_resellers_hero.webp","type":"image\/webp"}],"twitter_card":"summary_large_image","twitter_misc":{"Tiempo de lectura":"3 minutos"},"schema":{"@context":"https:\/\/schema.org","@graph":[{"@type":"WebPage","@id":"https:\/\/xirgo.com\/es\/socios\/revendedores\/","url":"https:\/\/xirgo.com\/es\/socios\/revendedores\/","name":"\u00bfPreparado para transformar tu empresa? | Xirgo","isPartOf":{"@id":"https:\/\/xirgo.com\/es\/#website"},"primaryImageOfPage":{"@id":"https:\/\/xirgo.com\/es\/socios\/revendedores\/#primaryimage"},"image":{"@id":"https:\/\/xirgo.com\/es\/socios\/revendedores\/#primaryimage"},"thumbnailUrl":"https:\/\/xirgo.com\/wp-content\/uploads\/2025\/02\/Xirgo_Partners_resellers_hero.webp","datePublished":"2025-02-07T14:00:11+00:00","dateModified":"2025-08-26T15:15:25+00:00","description":"Desbloquea el extraordinario potencial de la log\u00edstica inteligente de flotas. \u00danete a la red de distribuidores de \u00e9xito de Xirgo que est\u00e1n dando forma al futuro de la log\u00edstica de flotas.","breadcrumb":{"@id":"https:\/\/xirgo.com\/es\/socios\/revendedores\/#breadcrumb"},"inLanguage":"es","potentialAction":[{"@type":"ReadAction","target":["https:\/\/xirgo.com\/es\/socios\/revendedores\/"]}]},{"@type":"ImageObject","inLanguage":"es","@id":"https:\/\/xirgo.com\/es\/socios\/revendedores\/#primaryimage","url":"https:\/\/xirgo.com\/wp-content\/uploads\/2025\/02\/Xirgo_Partners_resellers_hero.webp","contentUrl":"https:\/\/xirgo.com\/wp-content\/uploads\/2025\/02\/Xirgo_Partners_resellers_hero.webp","width":1191,"height":600},{"@type":"BreadcrumbList","@id":"https:\/\/xirgo.com\/es\/socios\/revendedores\/#breadcrumb","itemListElement":[{"@type":"ListItem","position":1,"name":"Home","item":"https:\/\/xirgo.com\/es\/"},{"@type":"ListItem","position":2,"name":"Socios","item":"https:\/\/xirgo.com\/es\/socios\/"},{"@type":"ListItem","position":3,"name":"Revendedores"}]},{"@type":"WebSite","@id":"https:\/\/xirgo.com\/es\/#website","url":"https:\/\/xirgo.com\/es\/","name":"Xirgo","description":"","potentialAction":[{"@type":"SearchAction","target":{"@type":"EntryPoint","urlTemplate":"https:\/\/xirgo.com\/es\/?s={search_term_string}"},"query-input":{"@type":"PropertyValueSpecification","valueRequired":true,"valueName":"search_term_string"}}],"inLanguage":"es"}]}},"_links":{"self":[{"href":"https:\/\/xirgo.com\/es\/wp-json\/wp\/v2\/pages\/3131","targetHints":{"allow":["GET"]}}],"collection":[{"href":"https:\/\/xirgo.com\/es\/wp-json\/wp\/v2\/pages"}],"about":[{"href":"https:\/\/xirgo.com\/es\/wp-json\/wp\/v2\/types\/page"}],"author":[{"embeddable":true,"href":"https:\/\/xirgo.com\/es\/wp-json\/wp\/v2\/users\/2"}],"replies":[{"embeddable":true,"href":"https:\/\/xirgo.com\/es\/wp-json\/wp\/v2\/comments?post=3131"}],"version-history":[{"count":1,"href":"https:\/\/xirgo.com\/es\/wp-json\/wp\/v2\/pages\/3131\/revisions"}],"predecessor-version":[{"id":4255,"href":"https:\/\/xirgo.com\/es\/wp-json\/wp\/v2\/pages\/3131\/revisions\/4255"}],"up":[{"embeddable":true,"href":"https:\/\/xirgo.com\/es\/wp-json\/wp\/v2\/pages\/3123"}],"wp:featuredmedia":[{"embeddable":true,"href":"https:\/\/xirgo.com\/es\/wp-json\/wp\/v2\/media\/2076"}],"wp:attachment":[{"href":"https:\/\/xirgo.com\/es\/wp-json\/wp\/v2\/media?parent=3131"}],"wp:term":[{"taxonomy":"hf_cat_page","embeddable":true,"href":"https:\/\/xirgo.com\/es\/wp-json\/wp\/v2\/hf_cat_page?post=3131"}],"curies":[{"name":"wp","href":"https:\/\/api.w.org\/{rel}","templated":true}]}}