{"id":3135,"date":"2025-02-07T08:13:10","date_gmt":"2025-02-07T14:13:10","guid":{"rendered":"https:\/\/xirgo.com\/socios\/empresa\/"},"modified":"2025-08-26T10:17:03","modified_gmt":"2025-08-26T15:17:03","slug":"empresa","status":"publish","type":"page","link":"https:\/\/xirgo.com\/es\/socios\/empresa\/","title":{"rendered":"Empresa"},"content":{"rendered":"\n\n\t\t\t\t<img decoding=\"async\" src=\"https:\/\/xirgo.com\/wp-content\/uploads\/2025\/02\/Partners_Enterprise_inset-1.webp\" alt=\"Partners_Enterprise_inset-1\" itemprop=\"image\" height=\"654\" width=\"821\" title=\"Partners_Enterprise_inset-1\" onerror=\"this.style.display='none'\" loading=\"lazy\" \/>\n<h2>\n\t\t\tM\u00e1s all\u00e1 de la telem\u00e1tica tradicional\t<\/h2>\n\t<p>Las soluciones tradicionales de gesti\u00f3n de flotas suelen fracturarse bajo el peso de las operaciones a escala empresarial. El ecosistema IoT modular de Xirgo est\u00e1 dise\u00f1ado espec\u00edficamente para las complejidades de las redes log\u00edsticas globales. <\/p>\n\t\t\t\t\t<a href=\"#\"  id=\"fl-accordion--label-0\" tabindex=\"0\" aria-controls=\"fl-accordion--panel-0\">Inteligencia Estrat\u00e9gica Operativa<\/a>\n\t\t\t\t\t\t\t\t\t\t\t<a href=\"#\" id=\"fl-accordion--icon-0\"  tabindex=\"0\"><i title=\"Expand\">Expand<\/i><\/a>\n\t\t\t\t\t<p>Nuestras soluciones empresariales transforman los datos brutos en inteligencia estrat\u00e9gica que impulsa la ventaja competitiva:<\/p>\n<ul>\n<li>Optimizaci\u00f3n de la red<\/li>\n<li>Optimizaci\u00f3n din\u00e1mica de rutas en redes globales<\/li>\n<li>Programaci\u00f3n predictiva del mantenimiento a escala<\/li>\n<li>Equilibrio de carga y asignaci\u00f3n de recursos en tiempo real<\/li>\n<li>Documentaci\u00f3n aduanera y de conformidad automatizada<\/li>\n<li>Optimizaci\u00f3n del punto de transferencia intermodal<\/li>\n<\/ul>\n\t\t\t\t\t<a href=\"#\"  id=\"fl-accordion--label-1\" tabindex=\"0\" aria-controls=\"fl-accordion--panel-1\">Mitigaci\u00f3n de riesgos<\/a>\n\t\t\t\t\t\t\t\t\t\t\t<a href=\"#\" id=\"fl-accordion--icon-1\"  tabindex=\"0\"><i title=\"Expand\">Expand<\/i><\/a>\n\t\t\t\t\t<ul>\n<li>Videotelem\u00e1tica mejorada con IA para la seguridad de toda la flota<\/li>\n<li>An\u00e1lisis predictivo del tiempo y de las perturbaciones<\/li>\n<li>Supervisi\u00f3n de seguridad y detecci\u00f3n de amenazas en tiempo real<\/li>\n<li>Control del estado medioambiental de cargas sensibles<\/li>\n<li>Documentaci\u00f3n y registros de auditor\u00eda exhaustivos<\/li>\n<\/ul>\n\t\t\t\t\t<a href=\"#\"  id=\"fl-accordion--label-2\" tabindex=\"0\" aria-controls=\"fl-accordion--panel-2\">Arquitectura de nivel empresarial<\/a>\n\t\t\t\t\t\t\t\t\t\t\t<a href=\"#\" id=\"fl-accordion--icon-2\"  tabindex=\"0\"><i title=\"Expand\">Expand<\/i><\/a>\n\t\t\t\t\t<ul>\n<li>Escalable a millones de dispositivos conectados<\/li>\n<li>Capacidades de integraci\u00f3n API de nivel empresarial<\/li>\n<li>Protocolos exhaustivos de seguridad de datos<\/li>\n<\/ul>\n<h2>\n\t\t\tXirgo tiene la ventaja de la innovaci\u00f3n\t<\/h2>\n\t<p>Mientras que otros proveedores ofrecen mejoras incrementales de los sistemas existentes, la innovaci\u00f3n interna de Xirgo ofrece capacidades transformadoras:<\/p>\n<ul>\n<li>Hardware propio dise\u00f1ado para la confiabilidad empresarial<\/li>\n<li>An\u00e1lisis avanzados de IA para patrones operativos complejos<\/li>\n<li>Soluciones personalizadas para retos operativos \u00fanicos<\/li>\n<li>Canal de innovaci\u00f3n continua<\/li>\n<\/ul>\n\t\t\t\t<img decoding=\"async\" src=\"https:\/\/xirgo.com\/wp-content\/uploads\/2025\/02\/Partners_Enterprise_inset-2.webp\" alt=\"Partners_Enterprise_inset-2\" itemprop=\"image\" height=\"600\" width=\"809\" title=\"Partners_Enterprise_inset-2\" onerror=\"this.style.display='none'\" loading=\"lazy\" \/>\n<h2>\n\t\t\t\u00bfPreparado para transformar las operaciones de tu empresa?\t<\/h2>\n\t<p>Hablemos de c\u00f3mo las soluciones empresariales de Xirgo pueden optimizar tu red log\u00edstica global e impulsar la ventaja competitiva. Nuestro equipo de especialistas en empresas est\u00e1 preparado para desarrollar una estrategia de implantaci\u00f3n personalizada para tu organizaci\u00f3n. <\/p>\n<p>Ponte en contacto con nosotros para programar una consulta estrat\u00e9gica y descubrir c\u00f3mo podemos transformar juntos tus operaciones.<\/p>\n\t\t\t<a href=\"\/es\/contacto\/contacta-con-nosotros\/\" target=\"_self\">\n\t\t\t\t\t\tContacta con nuestro equipo\n\t\t\t\t\t<\/a>\n\t\t\t\t<img decoding=\"async\" src=\"https:\/\/xirgo.com\/wp-content\/uploads\/2025\/02\/Partners_Enterprise_inset-4.webp\" alt=\"Partners_Enterprise_inset-4\" itemprop=\"image\" height=\"600\" width=\"774\" title=\"Partners_Enterprise_inset-4\" onerror=\"this.style.display='none'\" loading=\"lazy\" \/>\n\n","protected":false},"excerpt":{"rendered":"<p>M\u00e1s all\u00e1 de la telem\u00e1tica tradicional Las soluciones tradicionales de gesti\u00f3n de flotas suelen fracturarse bajo el peso de las operaciones a escala empresarial. El ecosistema IoT modular de Xirgo est\u00e1 dise\u00f1ado espec\u00edficamente para las complejidades de las redes log\u00edsticas globales. Inteligencia Estrat\u00e9gica Operativa Expand Nuestras soluciones empresariales transforman los datos brutos en inteligencia estrat\u00e9gica&hellip;<\/p>\n","protected":false},"author":2,"featured_media":2064,"parent":3123,"menu_order":0,"comment_status":"closed","ping_status":"closed","template":"","meta":{"_acf_changed":false,"footnotes":""},"hf_cat_page":[],"class_list":["post-3135","page","type-page","status-publish","has-post-thumbnail","hentry"],"acf":[],"yoast_head":"<!-- This site is optimized with the Yoast SEO plugin v27.6 - https:\/\/yoast.com\/product\/yoast-seo-wordpress\/ -->\n<title>Soluciones IoT para empresas: Transforma tus operaciones globales<\/title>\n<meta name=\"description\" content=\"El ecosistema IoT modular de Xirgo est\u00e1 dise\u00f1ado espec\u00edficamente para las complejidades de las redes log\u00edsticas globales.\" \/>\n<meta name=\"robots\" content=\"index, follow, max-snippet:-1, max-image-preview:large, max-video-preview:-1\" \/>\n<link rel=\"canonical\" href=\"https:\/\/xirgo.com\/es\/socios\/empresa\/\" \/>\n<meta property=\"og:locale\" content=\"es_ES\" \/>\n<meta property=\"og:type\" content=\"article\" \/>\n<meta property=\"og:title\" content=\"Soluciones IoT para empresas: Transforma tus operaciones globales\" \/>\n<meta property=\"og:description\" content=\"El ecosistema IoT modular de Xirgo est\u00e1 dise\u00f1ado espec\u00edficamente para las complejidades de las redes log\u00edsticas globales.\" \/>\n<meta property=\"og:url\" content=\"https:\/\/xirgo.com\/es\/socios\/empresa\/\" \/>\n<meta property=\"og:site_name\" content=\"Xirgo\" \/>\n<meta property=\"article:modified_time\" content=\"2025-08-26T15:17:03+00:00\" \/>\n<meta property=\"og:image\" content=\"https:\/\/xirgo.com\/wp-content\/uploads\/2025\/02\/Xirgo_Partners_enterprise_hero.webp\" \/>\n\t<meta property=\"og:image:width\" content=\"1191\" \/>\n\t<meta property=\"og:image:height\" content=\"600\" \/>\n\t<meta property=\"og:image:type\" content=\"image\/webp\" \/>\n<meta name=\"twitter:card\" content=\"summary_large_image\" \/>\n<meta name=\"twitter:label1\" content=\"Tiempo de lectura\" \/>\n\t<meta name=\"twitter:data1\" content=\"2 minutos\" \/>\n<script type=\"application\/ld+json\" class=\"yoast-schema-graph\">{\"@context\":\"https:\\\/\\\/schema.org\",\"@graph\":[{\"@type\":\"WebPage\",\"@id\":\"https:\\\/\\\/xirgo.com\\\/es\\\/socios\\\/empresa\\\/\",\"url\":\"https:\\\/\\\/xirgo.com\\\/es\\\/socios\\\/empresa\\\/\",\"name\":\"Soluciones IoT para empresas: Transforma tus operaciones globales\",\"isPartOf\":{\"@id\":\"https:\\\/\\\/xirgo.com\\\/es\\\/#website\"},\"primaryImageOfPage\":{\"@id\":\"https:\\\/\\\/xirgo.com\\\/es\\\/socios\\\/empresa\\\/#primaryimage\"},\"image\":{\"@id\":\"https:\\\/\\\/xirgo.com\\\/es\\\/socios\\\/empresa\\\/#primaryimage\"},\"thumbnailUrl\":\"https:\\\/\\\/xirgo.com\\\/wp-content\\\/uploads\\\/2025\\\/02\\\/Xirgo_Partners_enterprise_hero.webp\",\"datePublished\":\"2025-02-07T14:13:10+00:00\",\"dateModified\":\"2025-08-26T15:17:03+00:00\",\"description\":\"El ecosistema IoT modular de Xirgo est\u00e1 dise\u00f1ado espec\u00edficamente para las complejidades de las redes log\u00edsticas globales.\",\"breadcrumb\":{\"@id\":\"https:\\\/\\\/xirgo.com\\\/es\\\/socios\\\/empresa\\\/#breadcrumb\"},\"inLanguage\":\"es\",\"potentialAction\":[{\"@type\":\"ReadAction\",\"target\":[\"https:\\\/\\\/xirgo.com\\\/es\\\/socios\\\/empresa\\\/\"]}]},{\"@type\":\"ImageObject\",\"inLanguage\":\"es\",\"@id\":\"https:\\\/\\\/xirgo.com\\\/es\\\/socios\\\/empresa\\\/#primaryimage\",\"url\":\"https:\\\/\\\/xirgo.com\\\/wp-content\\\/uploads\\\/2025\\\/02\\\/Xirgo_Partners_enterprise_hero.webp\",\"contentUrl\":\"https:\\\/\\\/xirgo.com\\\/wp-content\\\/uploads\\\/2025\\\/02\\\/Xirgo_Partners_enterprise_hero.webp\",\"width\":1191,\"height\":600},{\"@type\":\"BreadcrumbList\",\"@id\":\"https:\\\/\\\/xirgo.com\\\/es\\\/socios\\\/empresa\\\/#breadcrumb\",\"itemListElement\":[{\"@type\":\"ListItem\",\"position\":1,\"name\":\"Home\",\"item\":\"https:\\\/\\\/xirgo.com\\\/es\\\/\"},{\"@type\":\"ListItem\",\"position\":2,\"name\":\"Socios\",\"item\":\"https:\\\/\\\/xirgo.com\\\/es\\\/socios\\\/\"},{\"@type\":\"ListItem\",\"position\":3,\"name\":\"Empresa\"}]},{\"@type\":\"WebSite\",\"@id\":\"https:\\\/\\\/xirgo.com\\\/es\\\/#website\",\"url\":\"https:\\\/\\\/xirgo.com\\\/es\\\/\",\"name\":\"Xirgo\",\"description\":\"\",\"potentialAction\":[{\"@type\":\"SearchAction\",\"target\":{\"@type\":\"EntryPoint\",\"urlTemplate\":\"https:\\\/\\\/xirgo.com\\\/es\\\/?s={search_term_string}\"},\"query-input\":{\"@type\":\"PropertyValueSpecification\",\"valueRequired\":true,\"valueName\":\"search_term_string\"}}],\"inLanguage\":\"es\"}]}<\/script>\n<!-- \/ Yoast SEO plugin. -->","yoast_head_json":{"title":"Soluciones IoT para empresas: Transforma tus operaciones globales","description":"El ecosistema IoT modular de Xirgo est\u00e1 dise\u00f1ado espec\u00edficamente para las complejidades de las redes log\u00edsticas globales.","robots":{"index":"index","follow":"follow","max-snippet":"max-snippet:-1","max-image-preview":"max-image-preview:large","max-video-preview":"max-video-preview:-1"},"canonical":"https:\/\/xirgo.com\/es\/socios\/empresa\/","og_locale":"es_ES","og_type":"article","og_title":"Soluciones IoT para empresas: Transforma tus operaciones globales","og_description":"El ecosistema IoT modular de Xirgo est\u00e1 dise\u00f1ado espec\u00edficamente para las complejidades de las redes log\u00edsticas globales.","og_url":"https:\/\/xirgo.com\/es\/socios\/empresa\/","og_site_name":"Xirgo","article_modified_time":"2025-08-26T15:17:03+00:00","og_image":[{"width":1191,"height":600,"url":"https:\/\/xirgo.com\/wp-content\/uploads\/2025\/02\/Xirgo_Partners_enterprise_hero.webp","type":"image\/webp"}],"twitter_card":"summary_large_image","twitter_misc":{"Tiempo de lectura":"2 minutos"},"schema":{"@context":"https:\/\/schema.org","@graph":[{"@type":"WebPage","@id":"https:\/\/xirgo.com\/es\/socios\/empresa\/","url":"https:\/\/xirgo.com\/es\/socios\/empresa\/","name":"Soluciones IoT para empresas: Transforma tus operaciones globales","isPartOf":{"@id":"https:\/\/xirgo.com\/es\/#website"},"primaryImageOfPage":{"@id":"https:\/\/xirgo.com\/es\/socios\/empresa\/#primaryimage"},"image":{"@id":"https:\/\/xirgo.com\/es\/socios\/empresa\/#primaryimage"},"thumbnailUrl":"https:\/\/xirgo.com\/wp-content\/uploads\/2025\/02\/Xirgo_Partners_enterprise_hero.webp","datePublished":"2025-02-07T14:13:10+00:00","dateModified":"2025-08-26T15:17:03+00:00","description":"El ecosistema IoT modular de Xirgo est\u00e1 dise\u00f1ado espec\u00edficamente para las complejidades de las redes log\u00edsticas globales.","breadcrumb":{"@id":"https:\/\/xirgo.com\/es\/socios\/empresa\/#breadcrumb"},"inLanguage":"es","potentialAction":[{"@type":"ReadAction","target":["https:\/\/xirgo.com\/es\/socios\/empresa\/"]}]},{"@type":"ImageObject","inLanguage":"es","@id":"https:\/\/xirgo.com\/es\/socios\/empresa\/#primaryimage","url":"https:\/\/xirgo.com\/wp-content\/uploads\/2025\/02\/Xirgo_Partners_enterprise_hero.webp","contentUrl":"https:\/\/xirgo.com\/wp-content\/uploads\/2025\/02\/Xirgo_Partners_enterprise_hero.webp","width":1191,"height":600},{"@type":"BreadcrumbList","@id":"https:\/\/xirgo.com\/es\/socios\/empresa\/#breadcrumb","itemListElement":[{"@type":"ListItem","position":1,"name":"Home","item":"https:\/\/xirgo.com\/es\/"},{"@type":"ListItem","position":2,"name":"Socios","item":"https:\/\/xirgo.com\/es\/socios\/"},{"@type":"ListItem","position":3,"name":"Empresa"}]},{"@type":"WebSite","@id":"https:\/\/xirgo.com\/es\/#website","url":"https:\/\/xirgo.com\/es\/","name":"Xirgo","description":"","potentialAction":[{"@type":"SearchAction","target":{"@type":"EntryPoint","urlTemplate":"https:\/\/xirgo.com\/es\/?s={search_term_string}"},"query-input":{"@type":"PropertyValueSpecification","valueRequired":true,"valueName":"search_term_string"}}],"inLanguage":"es"}]}},"_links":{"self":[{"href":"https:\/\/xirgo.com\/es\/wp-json\/wp\/v2\/pages\/3135","targetHints":{"allow":["GET"]}}],"collection":[{"href":"https:\/\/xirgo.com\/es\/wp-json\/wp\/v2\/pages"}],"about":[{"href":"https:\/\/xirgo.com\/es\/wp-json\/wp\/v2\/types\/page"}],"author":[{"embeddable":true,"href":"https:\/\/xirgo.com\/es\/wp-json\/wp\/v2\/users\/2"}],"replies":[{"embeddable":true,"href":"https:\/\/xirgo.com\/es\/wp-json\/wp\/v2\/comments?post=3135"}],"version-history":[{"count":1,"href":"https:\/\/xirgo.com\/es\/wp-json\/wp\/v2\/pages\/3135\/revisions"}],"predecessor-version":[{"id":4257,"href":"https:\/\/xirgo.com\/es\/wp-json\/wp\/v2\/pages\/3135\/revisions\/4257"}],"up":[{"embeddable":true,"href":"https:\/\/xirgo.com\/es\/wp-json\/wp\/v2\/pages\/3123"}],"wp:featuredmedia":[{"embeddable":true,"href":"https:\/\/xirgo.com\/es\/wp-json\/wp\/v2\/media\/2064"}],"wp:attachment":[{"href":"https:\/\/xirgo.com\/es\/wp-json\/wp\/v2\/media?parent=3135"}],"wp:term":[{"taxonomy":"hf_cat_page","embeddable":true,"href":"https:\/\/xirgo.com\/es\/wp-json\/wp\/v2\/hf_cat_page?post=3135"}],"curies":[{"name":"wp","href":"https:\/\/api.w.org\/{rel}","templated":true}]}}