{"id":3136,"date":"2025-02-07T11:55:00","date_gmt":"2025-02-07T17:55:00","guid":{"rendered":"https:\/\/xirgo.com\/acerca-de\/nuestra-historia\/"},"modified":"2025-07-10T07:05:41","modified_gmt":"2025-07-10T12:05:41","slug":"nuestra-historia","status":"publish","type":"page","link":"https:\/\/xirgo.com\/es\/acerca\/nuestra-historia\/","title":{"rendered":"Nuestra historia"},"content":{"rendered":"","protected":false},"excerpt":{"rendered":"","protected":false},"author":2,"featured_media":2280,"parent":3104,"menu_order":0,"comment_status":"closed","ping_status":"closed","template":"","meta":{"_acf_changed":false,"footnotes":""},"hf_cat_page":[],"class_list":["post-3136","page","type-page","status-publish","has-post-thumbnail","hentry"],"acf":[],"yoast_head":"<!-- This site is optimized with the Yoast SEO plugin v27.6 - https:\/\/yoast.com\/product\/yoast-seo-wordpress\/ -->\n<title>Nuestra historia: Dando forma a las soluciones para las flotas del ma\u00f1ana | Xirgo<\/title>\n<meta name=\"description\" content=\"Desde principios de los a\u00f1os 2000, Xirgo ha pasado de cubrir una necesidad en c\u00e1maras para flotas a convertirse en un l\u00edder global en log\u00edstica inteligente de flotas.\" \/>\n<meta name=\"robots\" content=\"index, follow, max-snippet:-1, max-image-preview:large, max-video-preview:-1\" \/>\n<link rel=\"canonical\" href=\"https:\/\/xirgo.com\/es\/acerca\/nuestra-historia\/\" \/>\n<meta property=\"og:locale\" content=\"es_ES\" \/>\n<meta property=\"og:type\" content=\"article\" \/>\n<meta property=\"og:title\" content=\"Nuestra historia: Dando forma a las soluciones para las flotas del ma\u00f1ana | Xirgo\" \/>\n<meta property=\"og:description\" content=\"Desde principios de los a\u00f1os 2000, Xirgo ha pasado de cubrir una necesidad en c\u00e1maras para flotas a convertirse en un l\u00edder global en log\u00edstica inteligente de flotas.\" \/>\n<meta property=\"og:url\" content=\"https:\/\/xirgo.com\/es\/acerca\/nuestra-historia\/\" \/>\n<meta property=\"og:site_name\" content=\"Xirgo\" \/>\n<meta property=\"article:modified_time\" content=\"2025-07-10T12:05:41+00:00\" \/>\n<meta property=\"og:image\" content=\"https:\/\/xirgo.com\/wp-content\/uploads\/2025\/02\/About_OurStory_hero.webp\" \/>\n\t<meta property=\"og:image:width\" content=\"1433\" \/>\n\t<meta property=\"og:image:height\" content=\"600\" \/>\n\t<meta property=\"og:image:type\" content=\"image\/webp\" \/>\n<meta name=\"twitter:card\" content=\"summary_large_image\" \/>\n<script type=\"application\/ld+json\" class=\"yoast-schema-graph\">{\"@context\":\"https:\\\/\\\/schema.org\",\"@graph\":[{\"@type\":\"WebPage\",\"@id\":\"https:\\\/\\\/xirgo.com\\\/es\\\/acerca\\\/nuestra-historia\\\/\",\"url\":\"https:\\\/\\\/xirgo.com\\\/es\\\/acerca\\\/nuestra-historia\\\/\",\"name\":\"Nuestra historia: Dando forma a las soluciones para las flotas del ma\u00f1ana | Xirgo\",\"isPartOf\":{\"@id\":\"https:\\\/\\\/xirgo.com\\\/es\\\/#website\"},\"primaryImageOfPage\":{\"@id\":\"https:\\\/\\\/xirgo.com\\\/es\\\/acerca\\\/nuestra-historia\\\/#primaryimage\"},\"image\":{\"@id\":\"https:\\\/\\\/xirgo.com\\\/es\\\/acerca\\\/nuestra-historia\\\/#primaryimage\"},\"thumbnailUrl\":\"https:\\\/\\\/xirgo.com\\\/wp-content\\\/uploads\\\/2025\\\/02\\\/About_OurStory_hero.webp\",\"datePublished\":\"2025-02-07T17:55:00+00:00\",\"dateModified\":\"2025-07-10T12:05:41+00:00\",\"description\":\"Desde principios de los a\u00f1os 2000, Xirgo ha pasado de cubrir una necesidad en c\u00e1maras para flotas a convertirse en un l\u00edder global en log\u00edstica inteligente de flotas.\",\"breadcrumb\":{\"@id\":\"https:\\\/\\\/xirgo.com\\\/es\\\/acerca\\\/nuestra-historia\\\/#breadcrumb\"},\"inLanguage\":\"es\",\"potentialAction\":[{\"@type\":\"ReadAction\",\"target\":[\"https:\\\/\\\/xirgo.com\\\/es\\\/acerca\\\/nuestra-historia\\\/\"]}]},{\"@type\":\"ImageObject\",\"inLanguage\":\"es\",\"@id\":\"https:\\\/\\\/xirgo.com\\\/es\\\/acerca\\\/nuestra-historia\\\/#primaryimage\",\"url\":\"https:\\\/\\\/xirgo.com\\\/wp-content\\\/uploads\\\/2025\\\/02\\\/About_OurStory_hero.webp\",\"contentUrl\":\"https:\\\/\\\/xirgo.com\\\/wp-content\\\/uploads\\\/2025\\\/02\\\/About_OurStory_hero.webp\",\"width\":1433,\"height\":600},{\"@type\":\"BreadcrumbList\",\"@id\":\"https:\\\/\\\/xirgo.com\\\/es\\\/acerca\\\/nuestra-historia\\\/#breadcrumb\",\"itemListElement\":[{\"@type\":\"ListItem\",\"position\":1,\"name\":\"Home\",\"item\":\"https:\\\/\\\/xirgo.com\\\/es\\\/\"},{\"@type\":\"ListItem\",\"position\":2,\"name\":\"Acerca de\",\"item\":\"https:\\\/\\\/xirgo.com\\\/es\\\/acerca\\\/\"},{\"@type\":\"ListItem\",\"position\":3,\"name\":\"Nuestra historia\"}]},{\"@type\":\"WebSite\",\"@id\":\"https:\\\/\\\/xirgo.com\\\/es\\\/#website\",\"url\":\"https:\\\/\\\/xirgo.com\\\/es\\\/\",\"name\":\"Xirgo\",\"description\":\"\",\"potentialAction\":[{\"@type\":\"SearchAction\",\"target\":{\"@type\":\"EntryPoint\",\"urlTemplate\":\"https:\\\/\\\/xirgo.com\\\/es\\\/?s={search_term_string}\"},\"query-input\":{\"@type\":\"PropertyValueSpecification\",\"valueRequired\":true,\"valueName\":\"search_term_string\"}}],\"inLanguage\":\"es\"}]}<\/script>\n<!-- \/ Yoast SEO plugin. -->","yoast_head_json":{"title":"Nuestra historia: Dando forma a las soluciones para las flotas del ma\u00f1ana | Xirgo","description":"Desde principios de los a\u00f1os 2000, Xirgo ha pasado de cubrir una necesidad en c\u00e1maras para flotas a convertirse en un l\u00edder global en log\u00edstica inteligente de flotas.","robots":{"index":"index","follow":"follow","max-snippet":"max-snippet:-1","max-image-preview":"max-image-preview:large","max-video-preview":"max-video-preview:-1"},"canonical":"https:\/\/xirgo.com\/es\/acerca\/nuestra-historia\/","og_locale":"es_ES","og_type":"article","og_title":"Nuestra historia: Dando forma a las soluciones para las flotas del ma\u00f1ana | Xirgo","og_description":"Desde principios de los a\u00f1os 2000, Xirgo ha pasado de cubrir una necesidad en c\u00e1maras para flotas a convertirse en un l\u00edder global en log\u00edstica inteligente de flotas.","og_url":"https:\/\/xirgo.com\/es\/acerca\/nuestra-historia\/","og_site_name":"Xirgo","article_modified_time":"2025-07-10T12:05:41+00:00","og_image":[{"width":1433,"height":600,"url":"https:\/\/xirgo.com\/wp-content\/uploads\/2025\/02\/About_OurStory_hero.webp","type":"image\/webp"}],"twitter_card":"summary_large_image","schema":{"@context":"https:\/\/schema.org","@graph":[{"@type":"WebPage","@id":"https:\/\/xirgo.com\/es\/acerca\/nuestra-historia\/","url":"https:\/\/xirgo.com\/es\/acerca\/nuestra-historia\/","name":"Nuestra historia: Dando forma a las soluciones para las flotas del ma\u00f1ana | Xirgo","isPartOf":{"@id":"https:\/\/xirgo.com\/es\/#website"},"primaryImageOfPage":{"@id":"https:\/\/xirgo.com\/es\/acerca\/nuestra-historia\/#primaryimage"},"image":{"@id":"https:\/\/xirgo.com\/es\/acerca\/nuestra-historia\/#primaryimage"},"thumbnailUrl":"https:\/\/xirgo.com\/wp-content\/uploads\/2025\/02\/About_OurStory_hero.webp","datePublished":"2025-02-07T17:55:00+00:00","dateModified":"2025-07-10T12:05:41+00:00","description":"Desde principios de los a\u00f1os 2000, Xirgo ha pasado de cubrir una necesidad en c\u00e1maras para flotas a convertirse en un l\u00edder global en log\u00edstica inteligente de flotas.","breadcrumb":{"@id":"https:\/\/xirgo.com\/es\/acerca\/nuestra-historia\/#breadcrumb"},"inLanguage":"es","potentialAction":[{"@type":"ReadAction","target":["https:\/\/xirgo.com\/es\/acerca\/nuestra-historia\/"]}]},{"@type":"ImageObject","inLanguage":"es","@id":"https:\/\/xirgo.com\/es\/acerca\/nuestra-historia\/#primaryimage","url":"https:\/\/xirgo.com\/wp-content\/uploads\/2025\/02\/About_OurStory_hero.webp","contentUrl":"https:\/\/xirgo.com\/wp-content\/uploads\/2025\/02\/About_OurStory_hero.webp","width":1433,"height":600},{"@type":"BreadcrumbList","@id":"https:\/\/xirgo.com\/es\/acerca\/nuestra-historia\/#breadcrumb","itemListElement":[{"@type":"ListItem","position":1,"name":"Home","item":"https:\/\/xirgo.com\/es\/"},{"@type":"ListItem","position":2,"name":"Acerca de","item":"https:\/\/xirgo.com\/es\/acerca\/"},{"@type":"ListItem","position":3,"name":"Nuestra historia"}]},{"@type":"WebSite","@id":"https:\/\/xirgo.com\/es\/#website","url":"https:\/\/xirgo.com\/es\/","name":"Xirgo","description":"","potentialAction":[{"@type":"SearchAction","target":{"@type":"EntryPoint","urlTemplate":"https:\/\/xirgo.com\/es\/?s={search_term_string}"},"query-input":{"@type":"PropertyValueSpecification","valueRequired":true,"valueName":"search_term_string"}}],"inLanguage":"es"}]}},"_links":{"self":[{"href":"https:\/\/xirgo.com\/es\/wp-json\/wp\/v2\/pages\/3136","targetHints":{"allow":["GET"]}}],"collection":[{"href":"https:\/\/xirgo.com\/es\/wp-json\/wp\/v2\/pages"}],"about":[{"href":"https:\/\/xirgo.com\/es\/wp-json\/wp\/v2\/types\/page"}],"author":[{"embeddable":true,"href":"https:\/\/xirgo.com\/es\/wp-json\/wp\/v2\/users\/2"}],"replies":[{"embeddable":true,"href":"https:\/\/xirgo.com\/es\/wp-json\/wp\/v2\/comments?post=3136"}],"version-history":[{"count":0,"href":"https:\/\/xirgo.com\/es\/wp-json\/wp\/v2\/pages\/3136\/revisions"}],"up":[{"embeddable":true,"href":"https:\/\/xirgo.com\/es\/wp-json\/wp\/v2\/pages\/3104"}],"wp:featuredmedia":[{"embeddable":true,"href":"https:\/\/xirgo.com\/es\/wp-json\/wp\/v2\/media\/2280"}],"wp:attachment":[{"href":"https:\/\/xirgo.com\/es\/wp-json\/wp\/v2\/media?parent=3136"}],"wp:term":[{"taxonomy":"hf_cat_page","embeddable":true,"href":"https:\/\/xirgo.com\/es\/wp-json\/wp\/v2\/hf_cat_page?post=3136"}],"curies":[{"name":"wp","href":"https:\/\/api.w.org\/{rel}","templated":true}]}}