{"id":3148,"date":"2025-02-04T13:20:00","date_gmt":"2025-02-04T19:20:00","guid":{"rendered":"https:\/\/xirgo.com\/transporte-y-logistica\/"},"modified":"2025-07-11T07:12:31","modified_gmt":"2025-07-11T12:12:31","slug":"transporte-y-logistica","status":"publish","type":"page","link":"https:\/\/xirgo.com\/es\/industrias\/transporte-y-logistica\/","title":{"rendered":"Transporte y log\u00edstica"},"content":{"rendered":"","protected":false},"excerpt":{"rendered":"","protected":false},"author":2,"featured_media":1572,"parent":3197,"menu_order":0,"comment_status":"closed","ping_status":"closed","template":"","meta":{"_acf_changed":false,"footnotes":""},"hf_cat_page":[],"class_list":["post-3148","page","type-page","status-publish","has-post-thumbnail","hentry"],"acf":[],"yoast_head":"<!-- This site is optimized with the Yoast SEO plugin v27.6 - https:\/\/yoast.com\/product\/yoast-seo-wordpress\/ -->\n<title>Sistemas telem\u00e1ticos en el transporte | Xirgo<\/title>\n<meta name=\"description\" content=\"Los sistemas telem\u00e1ticos en el transporte mejoran la visibilidad con informaci\u00f3n de localizaci\u00f3n detallada y precisa sobre las mercanc\u00edas y los equipos que las manipulan.\" \/>\n<meta name=\"robots\" content=\"index, follow, max-snippet:-1, max-image-preview:large, max-video-preview:-1\" \/>\n<link rel=\"canonical\" href=\"https:\/\/xirgo.com\/es\/industrias\/transporte-y-logistica\/\" \/>\n<meta property=\"og:locale\" content=\"es_ES\" \/>\n<meta property=\"og:type\" content=\"article\" \/>\n<meta property=\"og:title\" content=\"Sistemas telem\u00e1ticos en el transporte | Xirgo\" \/>\n<meta property=\"og:description\" content=\"Los sistemas telem\u00e1ticos en el transporte mejoran la visibilidad con informaci\u00f3n de localizaci\u00f3n detallada y precisa sobre las mercanc\u00edas y los equipos que las manipulan.\" \/>\n<meta property=\"og:url\" content=\"https:\/\/xirgo.com\/es\/industrias\/transporte-y-logistica\/\" \/>\n<meta property=\"og:site_name\" content=\"Xirgo\" \/>\n<meta property=\"article:modified_time\" content=\"2025-07-11T12:12:31+00:00\" \/>\n<meta property=\"og:image\" content=\"https:\/\/xirgo.com\/wp-content\/uploads\/2025\/02\/Xirgo_Industries_TL_hero.webp\" \/>\n\t<meta property=\"og:image:width\" content=\"1433\" \/>\n\t<meta property=\"og:image:height\" content=\"600\" \/>\n\t<meta property=\"og:image:type\" content=\"image\/webp\" \/>\n<meta name=\"twitter:card\" content=\"summary_large_image\" \/>\n<script type=\"application\/ld+json\" class=\"yoast-schema-graph\">{\"@context\":\"https:\\\/\\\/schema.org\",\"@graph\":[{\"@type\":\"WebPage\",\"@id\":\"https:\\\/\\\/xirgo.com\\\/es\\\/industrias\\\/transporte-y-logistica\\\/\",\"url\":\"https:\\\/\\\/xirgo.com\\\/es\\\/industrias\\\/transporte-y-logistica\\\/\",\"name\":\"Sistemas telem\u00e1ticos en el transporte | Xirgo\",\"isPartOf\":{\"@id\":\"https:\\\/\\\/xirgo.com\\\/es\\\/#website\"},\"primaryImageOfPage\":{\"@id\":\"https:\\\/\\\/xirgo.com\\\/es\\\/industrias\\\/transporte-y-logistica\\\/#primaryimage\"},\"image\":{\"@id\":\"https:\\\/\\\/xirgo.com\\\/es\\\/industrias\\\/transporte-y-logistica\\\/#primaryimage\"},\"thumbnailUrl\":\"https:\\\/\\\/xirgo.com\\\/wp-content\\\/uploads\\\/2025\\\/02\\\/Xirgo_Industries_TL_hero.webp\",\"datePublished\":\"2025-02-04T19:20:00+00:00\",\"dateModified\":\"2025-07-11T12:12:31+00:00\",\"description\":\"Los sistemas telem\u00e1ticos en el transporte mejoran la visibilidad con informaci\u00f3n de localizaci\u00f3n detallada y precisa sobre las mercanc\u00edas y los equipos que las manipulan.\",\"breadcrumb\":{\"@id\":\"https:\\\/\\\/xirgo.com\\\/es\\\/industrias\\\/transporte-y-logistica\\\/#breadcrumb\"},\"inLanguage\":\"es\",\"potentialAction\":[{\"@type\":\"ReadAction\",\"target\":[\"https:\\\/\\\/xirgo.com\\\/es\\\/industrias\\\/transporte-y-logistica\\\/\"]}]},{\"@type\":\"ImageObject\",\"inLanguage\":\"es\",\"@id\":\"https:\\\/\\\/xirgo.com\\\/es\\\/industrias\\\/transporte-y-logistica\\\/#primaryimage\",\"url\":\"https:\\\/\\\/xirgo.com\\\/wp-content\\\/uploads\\\/2025\\\/02\\\/Xirgo_Industries_TL_hero.webp\",\"contentUrl\":\"https:\\\/\\\/xirgo.com\\\/wp-content\\\/uploads\\\/2025\\\/02\\\/Xirgo_Industries_TL_hero.webp\",\"width\":1433,\"height\":600},{\"@type\":\"BreadcrumbList\",\"@id\":\"https:\\\/\\\/xirgo.com\\\/es\\\/industrias\\\/transporte-y-logistica\\\/#breadcrumb\",\"itemListElement\":[{\"@type\":\"ListItem\",\"position\":1,\"name\":\"Home\",\"item\":\"https:\\\/\\\/xirgo.com\\\/es\\\/\"},{\"@type\":\"ListItem\",\"position\":2,\"name\":\"Industrias\",\"item\":\"https:\\\/\\\/xirgo.com\\\/es\\\/industrias\\\/\"},{\"@type\":\"ListItem\",\"position\":3,\"name\":\"Transporte y log\u00edstica\"}]},{\"@type\":\"WebSite\",\"@id\":\"https:\\\/\\\/xirgo.com\\\/es\\\/#website\",\"url\":\"https:\\\/\\\/xirgo.com\\\/es\\\/\",\"name\":\"Xirgo\",\"description\":\"\",\"potentialAction\":[{\"@type\":\"SearchAction\",\"target\":{\"@type\":\"EntryPoint\",\"urlTemplate\":\"https:\\\/\\\/xirgo.com\\\/es\\\/?s={search_term_string}\"},\"query-input\":{\"@type\":\"PropertyValueSpecification\",\"valueRequired\":true,\"valueName\":\"search_term_string\"}}],\"inLanguage\":\"es\"}]}<\/script>\n<!-- \/ Yoast SEO plugin. -->","yoast_head_json":{"title":"Sistemas telem\u00e1ticos en el transporte | Xirgo","description":"Los sistemas telem\u00e1ticos en el transporte mejoran la visibilidad con informaci\u00f3n de localizaci\u00f3n detallada y precisa sobre las mercanc\u00edas y los equipos que las manipulan.","robots":{"index":"index","follow":"follow","max-snippet":"max-snippet:-1","max-image-preview":"max-image-preview:large","max-video-preview":"max-video-preview:-1"},"canonical":"https:\/\/xirgo.com\/es\/industrias\/transporte-y-logistica\/","og_locale":"es_ES","og_type":"article","og_title":"Sistemas telem\u00e1ticos en el transporte | Xirgo","og_description":"Los sistemas telem\u00e1ticos en el transporte mejoran la visibilidad con informaci\u00f3n de localizaci\u00f3n detallada y precisa sobre las mercanc\u00edas y los equipos que las manipulan.","og_url":"https:\/\/xirgo.com\/es\/industrias\/transporte-y-logistica\/","og_site_name":"Xirgo","article_modified_time":"2025-07-11T12:12:31+00:00","og_image":[{"width":1433,"height":600,"url":"https:\/\/xirgo.com\/wp-content\/uploads\/2025\/02\/Xirgo_Industries_TL_hero.webp","type":"image\/webp"}],"twitter_card":"summary_large_image","schema":{"@context":"https:\/\/schema.org","@graph":[{"@type":"WebPage","@id":"https:\/\/xirgo.com\/es\/industrias\/transporte-y-logistica\/","url":"https:\/\/xirgo.com\/es\/industrias\/transporte-y-logistica\/","name":"Sistemas telem\u00e1ticos en el transporte | Xirgo","isPartOf":{"@id":"https:\/\/xirgo.com\/es\/#website"},"primaryImageOfPage":{"@id":"https:\/\/xirgo.com\/es\/industrias\/transporte-y-logistica\/#primaryimage"},"image":{"@id":"https:\/\/xirgo.com\/es\/industrias\/transporte-y-logistica\/#primaryimage"},"thumbnailUrl":"https:\/\/xirgo.com\/wp-content\/uploads\/2025\/02\/Xirgo_Industries_TL_hero.webp","datePublished":"2025-02-04T19:20:00+00:00","dateModified":"2025-07-11T12:12:31+00:00","description":"Los sistemas telem\u00e1ticos en el transporte mejoran la visibilidad con informaci\u00f3n de localizaci\u00f3n detallada y precisa sobre las mercanc\u00edas y los equipos que las manipulan.","breadcrumb":{"@id":"https:\/\/xirgo.com\/es\/industrias\/transporte-y-logistica\/#breadcrumb"},"inLanguage":"es","potentialAction":[{"@type":"ReadAction","target":["https:\/\/xirgo.com\/es\/industrias\/transporte-y-logistica\/"]}]},{"@type":"ImageObject","inLanguage":"es","@id":"https:\/\/xirgo.com\/es\/industrias\/transporte-y-logistica\/#primaryimage","url":"https:\/\/xirgo.com\/wp-content\/uploads\/2025\/02\/Xirgo_Industries_TL_hero.webp","contentUrl":"https:\/\/xirgo.com\/wp-content\/uploads\/2025\/02\/Xirgo_Industries_TL_hero.webp","width":1433,"height":600},{"@type":"BreadcrumbList","@id":"https:\/\/xirgo.com\/es\/industrias\/transporte-y-logistica\/#breadcrumb","itemListElement":[{"@type":"ListItem","position":1,"name":"Home","item":"https:\/\/xirgo.com\/es\/"},{"@type":"ListItem","position":2,"name":"Industrias","item":"https:\/\/xirgo.com\/es\/industrias\/"},{"@type":"ListItem","position":3,"name":"Transporte y log\u00edstica"}]},{"@type":"WebSite","@id":"https:\/\/xirgo.com\/es\/#website","url":"https:\/\/xirgo.com\/es\/","name":"Xirgo","description":"","potentialAction":[{"@type":"SearchAction","target":{"@type":"EntryPoint","urlTemplate":"https:\/\/xirgo.com\/es\/?s={search_term_string}"},"query-input":{"@type":"PropertyValueSpecification","valueRequired":true,"valueName":"search_term_string"}}],"inLanguage":"es"}]}},"_links":{"self":[{"href":"https:\/\/xirgo.com\/es\/wp-json\/wp\/v2\/pages\/3148","targetHints":{"allow":["GET"]}}],"collection":[{"href":"https:\/\/xirgo.com\/es\/wp-json\/wp\/v2\/pages"}],"about":[{"href":"https:\/\/xirgo.com\/es\/wp-json\/wp\/v2\/types\/page"}],"author":[{"embeddable":true,"href":"https:\/\/xirgo.com\/es\/wp-json\/wp\/v2\/users\/2"}],"replies":[{"embeddable":true,"href":"https:\/\/xirgo.com\/es\/wp-json\/wp\/v2\/comments?post=3148"}],"version-history":[{"count":0,"href":"https:\/\/xirgo.com\/es\/wp-json\/wp\/v2\/pages\/3148\/revisions"}],"up":[{"embeddable":true,"href":"https:\/\/xirgo.com\/es\/wp-json\/wp\/v2\/pages\/3197"}],"wp:featuredmedia":[{"embeddable":true,"href":"https:\/\/xirgo.com\/es\/wp-json\/wp\/v2\/media\/1572"}],"wp:attachment":[{"href":"https:\/\/xirgo.com\/es\/wp-json\/wp\/v2\/media?parent=3148"}],"wp:term":[{"taxonomy":"hf_cat_page","embeddable":true,"href":"https:\/\/xirgo.com\/es\/wp-json\/wp\/v2\/hf_cat_page?post=3148"}],"curies":[{"name":"wp","href":"https:\/\/api.w.org\/{rel}","templated":true}]}}