{"id":3151,"date":"2025-02-04T10:36:42","date_gmt":"2025-02-04T16:36:42","guid":{"rendered":"https:\/\/xirgo.com\/gestion-de-concesionarios-y-recuperacion-de-vehiculos-robados\/"},"modified":"2025-08-26T09:58:42","modified_gmt":"2025-08-26T14:58:42","slug":"gestion-de-concesionarios-y-recuperacion-de-vehiculos-robados","status":"publish","type":"page","link":"https:\/\/xirgo.com\/es\/soluciones\/gestion-de-concesionarios-y-recuperacion-de-vehiculos-robados\/","title":{"rendered":"Gesti\u00f3n de concesionarios y recuperaci\u00f3n de veh\u00edculos robados"},"content":{"rendered":"\n\n\t\t\t\t<img decoding=\"async\" src=\"https:\/\/xirgo.com\/wp-content\/uploads\/2025\/02\/Insets_DealMan_inset1.webp\" alt=\"Insets_DealMan_inset1\" itemprop=\"image\" height=\"650\" width=\"821\" title=\"Insets_DealMan_inset1\" onerror=\"this.style.display='none'\" loading=\"lazy\" \/>\n<h2>\n\t\t\tTransforma las operaciones de tu concesionario con las soluciones integrales de IoT de Xirgo Technologies.\t<\/h2>\n\t<p>La avanzada plataforma integrada de Xirgo combina hardware propio con an\u00e1lisis impulsados por IA para proteger tu inventario y agilizar las operaciones.<\/p>\n\t\t\t\t\t<a href=\"#\"  id=\"fl-accordion--label-0\" tabindex=\"0\" aria-controls=\"fl-accordion--panel-0\">Protecci\u00f3n del inventario en tiempo real<\/a>\n\t\t\t\t\t\t\t\t\t\t\t<a href=\"#\" id=\"fl-accordion--icon-0\"  tabindex=\"0\"><i title=\"Expand\">Expand<\/i><\/a>\n\t\t\t\t\t<ul>\n<li>Rastrea toda tu flota con la monitorizaci\u00f3n GPS de precisi\u00f3n<\/li>\n<li>Recibe alertas instant\u00e1neas de movimientos no autorizados<\/li>\n<li>Establece l\u00edmites de geovalla personalizados<\/li>\n<li>Capacidad de respuesta r\u00e1pida para la recuperaci\u00f3n de veh\u00edculos robados<\/li>\n<\/ul>\n\t\t\t\t\t<a href=\"#\"  id=\"fl-accordion--label-1\" tabindex=\"0\" aria-controls=\"fl-accordion--panel-1\">Gesti\u00f3n inteligente de inventarios<\/a>\n\t\t\t\t\t\t\t\t\t\t\t<a href=\"#\" id=\"fl-accordion--icon-1\"  tabindex=\"0\"><i title=\"Expand\">Expand<\/i><\/a>\n\t\t\t\t\t<ul>\n<li>Controla la ubicaci\u00f3n y el estado del veh\u00edculo en tiempo real<\/li>\n<li>Controla el estado de las bater\u00edas para evitar que se agoten en el lote<\/li>\n<li>Programa y controla el mantenimiento autom\u00e1ticamente<\/li>\n<li>Generar pistas de auditor\u00eda digitales para el movimiento de veh\u00edculos<\/li>\n<li>Integrarse perfectamente con tu sistema de gesti\u00f3n de concesionarios<\/li>\n<\/ul>\n\t\t\t\t\t<a href=\"#\"  id=\"fl-accordion--label-2\" tabindex=\"0\" aria-controls=\"fl-accordion--panel-2\">Mejora de las operaciones del lote<\/a>\n\t\t\t\t\t\t\t\t\t\t\t<a href=\"#\" id=\"fl-accordion--icon-2\"  tabindex=\"0\"><i title=\"Expand\">Expand<\/i><\/a>\n\t\t\t\t\t<ul>\n<li>Localiza veh\u00edculos de demostraci\u00f3n al instante<\/li>\n<li>Controla la duraci\u00f3n y las rutas de las pruebas de conducci\u00f3n<\/li>\n<li>Haz un seguimiento del estado de preparaci\u00f3n y entrega del veh\u00edculo<\/li>\n<li>Optimiza la distribuci\u00f3n de los lotes con an\u00e1lisis de movimientos<\/li>\n<li>Agiliza las auditor\u00edas de inventario<\/li>\n<\/ul>\n\t\t\t\t\t<a href=\"#\"  id=\"fl-accordion--label-3\" tabindex=\"0\" aria-controls=\"fl-accordion--panel-3\">Experiencia de cliente Premium<\/a>\n\t\t\t\t\t\t\t\t\t\t\t<a href=\"#\" id=\"fl-accordion--icon-3\"  tabindex=\"0\"><i title=\"Expand\">Expand<\/i><\/a>\n\t\t\t\t\t<ul>\n<li>Proporciona localizaci\u00f3n instant\u00e1nea del veh\u00edculo para un servicio al cliente m\u00e1s r\u00e1pido<\/li>\n<li>Demostrar la transparencia del historial del veh\u00edculo<\/li>\n<li>Ofrecer funciones de seguridad mejoradas como argumento de venta<\/li>\n<li>Apoyar un proceso eficiente de entrega de veh\u00edculos<\/li>\n<\/ul>\n<h2>\n\t\t\tLa ventaja Xirgo\t<\/h2>\n\t<p>Nuestro desarrollo interno de hardware y nuestro equipo de asistencia especializado garantizan un seguimiento fiable y orientaci\u00f3n experta cuando lo necesites. Somos m\u00e1s que un proveedor de tecnolog\u00eda: somos tu socio para proteger y optimizar tu inversi\u00f3n en inventario. <\/p>\n\t\t\t\t<img decoding=\"async\" src=\"https:\/\/xirgo.com\/wp-content\/uploads\/2025\/02\/Insets_DealMan_inset2.webp\" alt=\"Insets_DealMan_inset2\" itemprop=\"image\" height=\"600\" width=\"700\" title=\"Insets_DealMan_inset2\" onerror=\"this.style.display='none'\" loading=\"lazy\" \/>\n<h2  data-animation-delay=\"0\" data-animation-duration=\"0.33\">\n\t\t\t\u00bfListo para asegurar tu inventario?\t<\/h2>\n\t<p>Ponte en contacto con nosotros para saber c\u00f3mo las soluciones de Xirgo pueden proteger tus activos y mejorar las operaciones de tu concesionario. Avancemos juntos. <\/p>\n\t\t\t<a href=\"\/es\/contacto\/contacta-con-nosotros\/\" target=\"_self\">\n\t\t\t\t\t\t\tContacta con nosotros\n\t\t\t\t\t<\/a>\n\n","protected":false},"excerpt":{"rendered":"<p>Transforma las operaciones de tu concesionario con las soluciones integrales de IoT de Xirgo Technologies. La avanzada plataforma integrada de Xirgo combina hardware propio con an\u00e1lisis impulsados por IA para proteger tu inventario y agilizar las operaciones. Protecci\u00f3n del inventario en tiempo real Expand Rastrea toda tu flota con la monitorizaci\u00f3n GPS de precisi\u00f3n Recibe&hellip;<\/p>\n","protected":false},"author":2,"featured_media":1505,"parent":3190,"menu_order":0,"comment_status":"closed","ping_status":"closed","template":"","meta":{"_acf_changed":false,"footnotes":""},"hf_cat_page":[],"class_list":["post-3151","page","type-page","status-publish","has-post-thumbnail","hentry"],"acf":[],"yoast_head":"<!-- This site is optimized with the Yoast SEO plugin v27.6 - https:\/\/yoast.com\/product\/yoast-seo-wordpress\/ -->\n<title>Dispositivo de recuperaci\u00f3n de veh\u00edculos robados | Xirgo<\/title>\n<meta name=\"description\" content=\"Los dispositivos Xirgo de recuperaci\u00f3n de veh\u00edculos robados ofrecen diversas funciones, desde la supervisi\u00f3n GPS de precisi\u00f3n hasta alertas instant\u00e1neas de movimientos no autorizados.\" \/>\n<meta name=\"robots\" content=\"index, follow, max-snippet:-1, max-image-preview:large, max-video-preview:-1\" \/>\n<link rel=\"canonical\" href=\"https:\/\/xirgo.com\/es\/soluciones\/gestion-de-concesionarios-y-recuperacion-de-vehiculos-robados\/\" \/>\n<meta property=\"og:locale\" content=\"es_ES\" \/>\n<meta property=\"og:type\" content=\"article\" \/>\n<meta property=\"og:title\" content=\"Dispositivo de recuperaci\u00f3n de veh\u00edculos robados | Xirgo\" \/>\n<meta property=\"og:description\" content=\"Los dispositivos Xirgo de recuperaci\u00f3n de veh\u00edculos robados ofrecen diversas funciones, desde la supervisi\u00f3n GPS de precisi\u00f3n hasta alertas instant\u00e1neas de movimientos no autorizados.\" \/>\n<meta property=\"og:url\" content=\"https:\/\/xirgo.com\/es\/soluciones\/gestion-de-concesionarios-y-recuperacion-de-vehiculos-robados\/\" \/>\n<meta property=\"og:site_name\" content=\"Xirgo\" \/>\n<meta property=\"article:modified_time\" content=\"2025-08-26T14:58:42+00:00\" \/>\n<meta property=\"og:image\" content=\"https:\/\/xirgo.com\/wp-content\/uploads\/2025\/02\/Xirgo_Solutions_DM_hero.webp\" \/>\n\t<meta property=\"og:image:width\" content=\"900\" \/>\n\t<meta property=\"og:image:height\" content=\"538\" \/>\n\t<meta property=\"og:image:type\" content=\"image\/webp\" \/>\n<meta name=\"twitter:card\" content=\"summary_large_image\" \/>\n<meta name=\"twitter:label1\" content=\"Tiempo de lectura\" \/>\n\t<meta name=\"twitter:data1\" content=\"2 minutos\" \/>\n<script type=\"application\/ld+json\" class=\"yoast-schema-graph\">{\"@context\":\"https:\\\/\\\/schema.org\",\"@graph\":[{\"@type\":\"WebPage\",\"@id\":\"https:\\\/\\\/xirgo.com\\\/es\\\/soluciones\\\/gestion-de-concesionarios-y-recuperacion-de-vehiculos-robados\\\/\",\"url\":\"https:\\\/\\\/xirgo.com\\\/es\\\/soluciones\\\/gestion-de-concesionarios-y-recuperacion-de-vehiculos-robados\\\/\",\"name\":\"Dispositivo de recuperaci\u00f3n de veh\u00edculos robados | Xirgo\",\"isPartOf\":{\"@id\":\"https:\\\/\\\/xirgo.com\\\/es\\\/#website\"},\"primaryImageOfPage\":{\"@id\":\"https:\\\/\\\/xirgo.com\\\/es\\\/soluciones\\\/gestion-de-concesionarios-y-recuperacion-de-vehiculos-robados\\\/#primaryimage\"},\"image\":{\"@id\":\"https:\\\/\\\/xirgo.com\\\/es\\\/soluciones\\\/gestion-de-concesionarios-y-recuperacion-de-vehiculos-robados\\\/#primaryimage\"},\"thumbnailUrl\":\"https:\\\/\\\/xirgo.com\\\/wp-content\\\/uploads\\\/2025\\\/02\\\/Xirgo_Solutions_DM_hero.webp\",\"datePublished\":\"2025-02-04T16:36:42+00:00\",\"dateModified\":\"2025-08-26T14:58:42+00:00\",\"description\":\"Los dispositivos Xirgo de recuperaci\u00f3n de veh\u00edculos robados ofrecen diversas funciones, desde la supervisi\u00f3n GPS de precisi\u00f3n hasta alertas instant\u00e1neas de movimientos no autorizados.\",\"breadcrumb\":{\"@id\":\"https:\\\/\\\/xirgo.com\\\/es\\\/soluciones\\\/gestion-de-concesionarios-y-recuperacion-de-vehiculos-robados\\\/#breadcrumb\"},\"inLanguage\":\"es\",\"potentialAction\":[{\"@type\":\"ReadAction\",\"target\":[\"https:\\\/\\\/xirgo.com\\\/es\\\/soluciones\\\/gestion-de-concesionarios-y-recuperacion-de-vehiculos-robados\\\/\"]}]},{\"@type\":\"ImageObject\",\"inLanguage\":\"es\",\"@id\":\"https:\\\/\\\/xirgo.com\\\/es\\\/soluciones\\\/gestion-de-concesionarios-y-recuperacion-de-vehiculos-robados\\\/#primaryimage\",\"url\":\"https:\\\/\\\/xirgo.com\\\/wp-content\\\/uploads\\\/2025\\\/02\\\/Xirgo_Solutions_DM_hero.webp\",\"contentUrl\":\"https:\\\/\\\/xirgo.com\\\/wp-content\\\/uploads\\\/2025\\\/02\\\/Xirgo_Solutions_DM_hero.webp\",\"width\":900,\"height\":538},{\"@type\":\"BreadcrumbList\",\"@id\":\"https:\\\/\\\/xirgo.com\\\/es\\\/soluciones\\\/gestion-de-concesionarios-y-recuperacion-de-vehiculos-robados\\\/#breadcrumb\",\"itemListElement\":[{\"@type\":\"ListItem\",\"position\":1,\"name\":\"Home\",\"item\":\"https:\\\/\\\/xirgo.com\\\/es\\\/\"},{\"@type\":\"ListItem\",\"position\":2,\"name\":\"Soluciones\",\"item\":\"https:\\\/\\\/xirgo.com\\\/es\\\/soluciones\\\/\"},{\"@type\":\"ListItem\",\"position\":3,\"name\":\"Gesti\u00f3n de concesionarios y recuperaci\u00f3n de veh\u00edculos robados\"}]},{\"@type\":\"WebSite\",\"@id\":\"https:\\\/\\\/xirgo.com\\\/es\\\/#website\",\"url\":\"https:\\\/\\\/xirgo.com\\\/es\\\/\",\"name\":\"Xirgo\",\"description\":\"\",\"potentialAction\":[{\"@type\":\"SearchAction\",\"target\":{\"@type\":\"EntryPoint\",\"urlTemplate\":\"https:\\\/\\\/xirgo.com\\\/es\\\/?s={search_term_string}\"},\"query-input\":{\"@type\":\"PropertyValueSpecification\",\"valueRequired\":true,\"valueName\":\"search_term_string\"}}],\"inLanguage\":\"es\"}]}<\/script>\n<!-- \/ Yoast SEO plugin. -->","yoast_head_json":{"title":"Dispositivo de recuperaci\u00f3n de veh\u00edculos robados | Xirgo","description":"Los dispositivos Xirgo de recuperaci\u00f3n de veh\u00edculos robados ofrecen diversas funciones, desde la supervisi\u00f3n GPS de precisi\u00f3n hasta alertas instant\u00e1neas de movimientos no autorizados.","robots":{"index":"index","follow":"follow","max-snippet":"max-snippet:-1","max-image-preview":"max-image-preview:large","max-video-preview":"max-video-preview:-1"},"canonical":"https:\/\/xirgo.com\/es\/soluciones\/gestion-de-concesionarios-y-recuperacion-de-vehiculos-robados\/","og_locale":"es_ES","og_type":"article","og_title":"Dispositivo de recuperaci\u00f3n de veh\u00edculos robados | Xirgo","og_description":"Los dispositivos Xirgo de recuperaci\u00f3n de veh\u00edculos robados ofrecen diversas funciones, desde la supervisi\u00f3n GPS de precisi\u00f3n hasta alertas instant\u00e1neas de movimientos no autorizados.","og_url":"https:\/\/xirgo.com\/es\/soluciones\/gestion-de-concesionarios-y-recuperacion-de-vehiculos-robados\/","og_site_name":"Xirgo","article_modified_time":"2025-08-26T14:58:42+00:00","og_image":[{"width":900,"height":538,"url":"https:\/\/xirgo.com\/wp-content\/uploads\/2025\/02\/Xirgo_Solutions_DM_hero.webp","type":"image\/webp"}],"twitter_card":"summary_large_image","twitter_misc":{"Tiempo de lectura":"2 minutos"},"schema":{"@context":"https:\/\/schema.org","@graph":[{"@type":"WebPage","@id":"https:\/\/xirgo.com\/es\/soluciones\/gestion-de-concesionarios-y-recuperacion-de-vehiculos-robados\/","url":"https:\/\/xirgo.com\/es\/soluciones\/gestion-de-concesionarios-y-recuperacion-de-vehiculos-robados\/","name":"Dispositivo de recuperaci\u00f3n de veh\u00edculos robados | Xirgo","isPartOf":{"@id":"https:\/\/xirgo.com\/es\/#website"},"primaryImageOfPage":{"@id":"https:\/\/xirgo.com\/es\/soluciones\/gestion-de-concesionarios-y-recuperacion-de-vehiculos-robados\/#primaryimage"},"image":{"@id":"https:\/\/xirgo.com\/es\/soluciones\/gestion-de-concesionarios-y-recuperacion-de-vehiculos-robados\/#primaryimage"},"thumbnailUrl":"https:\/\/xirgo.com\/wp-content\/uploads\/2025\/02\/Xirgo_Solutions_DM_hero.webp","datePublished":"2025-02-04T16:36:42+00:00","dateModified":"2025-08-26T14:58:42+00:00","description":"Los dispositivos Xirgo de recuperaci\u00f3n de veh\u00edculos robados ofrecen diversas funciones, desde la supervisi\u00f3n GPS de precisi\u00f3n hasta alertas instant\u00e1neas de movimientos no autorizados.","breadcrumb":{"@id":"https:\/\/xirgo.com\/es\/soluciones\/gestion-de-concesionarios-y-recuperacion-de-vehiculos-robados\/#breadcrumb"},"inLanguage":"es","potentialAction":[{"@type":"ReadAction","target":["https:\/\/xirgo.com\/es\/soluciones\/gestion-de-concesionarios-y-recuperacion-de-vehiculos-robados\/"]}]},{"@type":"ImageObject","inLanguage":"es","@id":"https:\/\/xirgo.com\/es\/soluciones\/gestion-de-concesionarios-y-recuperacion-de-vehiculos-robados\/#primaryimage","url":"https:\/\/xirgo.com\/wp-content\/uploads\/2025\/02\/Xirgo_Solutions_DM_hero.webp","contentUrl":"https:\/\/xirgo.com\/wp-content\/uploads\/2025\/02\/Xirgo_Solutions_DM_hero.webp","width":900,"height":538},{"@type":"BreadcrumbList","@id":"https:\/\/xirgo.com\/es\/soluciones\/gestion-de-concesionarios-y-recuperacion-de-vehiculos-robados\/#breadcrumb","itemListElement":[{"@type":"ListItem","position":1,"name":"Home","item":"https:\/\/xirgo.com\/es\/"},{"@type":"ListItem","position":2,"name":"Soluciones","item":"https:\/\/xirgo.com\/es\/soluciones\/"},{"@type":"ListItem","position":3,"name":"Gesti\u00f3n de concesionarios y recuperaci\u00f3n de veh\u00edculos robados"}]},{"@type":"WebSite","@id":"https:\/\/xirgo.com\/es\/#website","url":"https:\/\/xirgo.com\/es\/","name":"Xirgo","description":"","potentialAction":[{"@type":"SearchAction","target":{"@type":"EntryPoint","urlTemplate":"https:\/\/xirgo.com\/es\/?s={search_term_string}"},"query-input":{"@type":"PropertyValueSpecification","valueRequired":true,"valueName":"search_term_string"}}],"inLanguage":"es"}]}},"_links":{"self":[{"href":"https:\/\/xirgo.com\/es\/wp-json\/wp\/v2\/pages\/3151","targetHints":{"allow":["GET"]}}],"collection":[{"href":"https:\/\/xirgo.com\/es\/wp-json\/wp\/v2\/pages"}],"about":[{"href":"https:\/\/xirgo.com\/es\/wp-json\/wp\/v2\/types\/page"}],"author":[{"embeddable":true,"href":"https:\/\/xirgo.com\/es\/wp-json\/wp\/v2\/users\/2"}],"replies":[{"embeddable":true,"href":"https:\/\/xirgo.com\/es\/wp-json\/wp\/v2\/comments?post=3151"}],"version-history":[{"count":1,"href":"https:\/\/xirgo.com\/es\/wp-json\/wp\/v2\/pages\/3151\/revisions"}],"predecessor-version":[{"id":4244,"href":"https:\/\/xirgo.com\/es\/wp-json\/wp\/v2\/pages\/3151\/revisions\/4244"}],"up":[{"embeddable":true,"href":"https:\/\/xirgo.com\/es\/wp-json\/wp\/v2\/pages\/3190"}],"wp:featuredmedia":[{"embeddable":true,"href":"https:\/\/xirgo.com\/es\/wp-json\/wp\/v2\/media\/1505"}],"wp:attachment":[{"href":"https:\/\/xirgo.com\/es\/wp-json\/wp\/v2\/media?parent=3151"}],"wp:term":[{"taxonomy":"hf_cat_page","embeddable":true,"href":"https:\/\/xirgo.com\/es\/wp-json\/wp\/v2\/hf_cat_page?post=3151"}],"curies":[{"name":"wp","href":"https:\/\/api.w.org\/{rel}","templated":true}]}}