{"id":3153,"date":"2025-02-04T12:51:59","date_gmt":"2025-02-04T18:51:59","guid":{"rendered":"https:\/\/xirgo.com\/logistica-de-contenedores\/"},"modified":"2025-08-26T09:59:36","modified_gmt":"2025-08-26T14:59:36","slug":"logistica-de-contenedores","status":"publish","type":"page","link":"https:\/\/xirgo.com\/es\/soluciones\/logistica-de-contenedores\/","title":{"rendered":"Log\u00edstica de contenedores"},"content":{"rendered":"\n\n\t\t\t\t<img decoding=\"async\" src=\"https:\/\/xirgo.com\/wp-content\/uploads\/2025\/02\/Insets_ContLog_inset1.webp\" alt=\"Insets_ContLog_inset1\" itemprop=\"image\" height=\"650\" width=\"821\" title=\"Insets_ContLog_inset1\" onerror=\"this.style.display='none'\" loading=\"lazy\" \/>\n<h2>\n\t\t\tTransforma tus operaciones log\u00edsticas con las soluciones integrales de IoT de Xirgo.\t<\/h2>\n\t<p>Toma el control de tus operaciones de seguimiento log\u00edstico de contenedores con las soluciones avanzadas de monitorizaci\u00f3n IoT de Xirgo. Nuestra plataforma integrada proporciona la informaci\u00f3n en tiempo real que necesitas para proteger la carga, optimizar las operaciones y garantizar la entrega a tiempo. <\/p>\n\t\t\t\t\t<a href=\"#\"  id=\"fl-accordion--label-0\" tabindex=\"0\" aria-controls=\"fl-accordion--panel-0\">Monitorizaci\u00f3n en tiempo real<\/a>\n\t\t\t\t\t\t\t\t\t\t\t<a href=\"#\" id=\"fl-accordion--icon-0\"  tabindex=\"0\"><i title=\"Expand\">Expand<\/i><\/a>\n\t\t\t\t\t<ul>\n<li>Rastrea la ubicaci\u00f3n, la temperatura, la humedad y los golpes en tiempo real<\/li>\n<li>Controla el estado de la puerta y los intentos de acceso no autorizados<\/li>\n<li>Recibe alertas instant\u00e1neas de cambios de estado cr\u00edticos<\/li>\n<li>Accede a datos completos de los sensores a trav\u00e9s de nuestro intuitivo panel de control<\/li>\n<li>Recibe notificaciones predictivas de posibles problemas antes de que ocurran<\/li>\n<\/ul>\n\t\t\t\t\t<a href=\"#\"  id=\"fl-accordion--label-1\" tabindex=\"0\" aria-controls=\"fl-accordion--panel-1\">Excelencia operativa<\/a>\n\t\t\t\t\t\t\t\t\t\t\t<a href=\"#\" id=\"fl-accordion--icon-1\"  tabindex=\"0\"><i title=\"Expand\">Expand<\/i><\/a>\n\t\t\t\t\t<ul>\n<li>Optimiza la utilizaci\u00f3n de los contenedores y reduce el tiempo de permanencia<\/li>\n<li>Automatizar las operaciones de patio y el seguimiento log\u00edstico de los contenedores<\/li>\n<li>Generar programas de mantenimiento predictivo<\/li>\n<li>Mejora la asignaci\u00f3n de recursos con informaci\u00f3n basada en datos<\/li>\n<li>Agilizar las operaciones aduaneras y portuarias<\/li>\n<\/ul>\n\t\t\t\t\t<a href=\"#\"  id=\"fl-accordion--label-2\" tabindex=\"0\" aria-controls=\"fl-accordion--panel-2\">Protecci\u00f3n avanzada para cargas de gran valor<\/a>\n\t\t\t\t\t\t\t\t\t\t\t<a href=\"#\" id=\"fl-accordion--icon-2\"  tabindex=\"0\"><i title=\"Expand\">Expand<\/i><\/a>\n\t\t\t\t\t<ul>\n<li>Precintos a prueba de manipulaciones con detecci\u00f3n de fugas en tiempo real<\/li>\n<li>Geofencing con alertas de desv\u00edo de ruta<\/li>\n<li>Vigilancia y respuesta a incidentes 24\/7<\/li>\n<li>Seguimiento de la cadena de custodia de principio a fin<\/li>\n<\/ul>\n\t\t\t\t\t<a href=\"#\"  id=\"fl-accordion--label-3\" tabindex=\"0\" aria-controls=\"fl-accordion--panel-3\">Cumplimiento y documentaci\u00f3n<\/a>\n\t\t\t\t\t\t\t\t\t\t\t<a href=\"#\" id=\"fl-accordion--icon-3\"  tabindex=\"0\"><i title=\"Expand\">Expand<\/i><\/a>\n\t\t\t\t\t<ul>\n<li>Documentaci\u00f3n e informes de cumplimiento automatizados<\/li>\n<li>Verificaci\u00f3n de la cadena de custodia<\/li>\n<li>Pistas de auditor\u00eda digitales para reclamaciones de seguros<\/li>\n<li>Validaci\u00f3n del cumplimiento de la temperatura<\/li>\n<li>Documentaci\u00f3n aduanera automatizada<\/li>\n<\/ul>\n<h2>\n\t\t\tLa ventaja Xirgo\t<\/h2>\n\t<p>Nuestro desarrollo interno de hardware y nuestro equipo de asistencia especializado te garantizan datos fiables y orientaci\u00f3n experta cuando lo necesites. Somos m\u00e1s que un proveedor de tecnolog\u00eda: somos tu socio para optimizar las operaciones de seguimiento log\u00edstico de contenedores y garantizar la seguridad de la carga. <\/p>\n<ul>\n<li>Hardware espec\u00edfico para entornos mar\u00edtimos<\/li>\n<li>An\u00e1lisis basados en IA para inteligencia predictiva<\/li>\n<li>Cobertura mundial con opciones de comunicaci\u00f3n redundantes<\/li>\n<li>Duraci\u00f3n y durabilidad de la bater\u00eda l\u00edderes del sector<\/li>\n<li>Asistencia t\u00e9cnica y conocimientos 24\/7<\/li>\n<\/ul>\n\t\t\t\t<img decoding=\"async\" src=\"https:\/\/xirgo.com\/wp-content\/uploads\/2025\/02\/Insets_ContLog_inset2.webp\" alt=\"Insets_ContLog_inset2\" itemprop=\"image\" height=\"600\" width=\"700\" title=\"Insets_ContLog_inset2\" onerror=\"this.style.display='none'\" loading=\"lazy\" \/>\n<h2  data-animation-delay=\"0\" data-animation-duration=\"0.33\">\n\t\t\t\u00bfPreparado para transformar tus operaciones con contenedores?\t<\/h2>\n\t<p>Ponte en contacto con nosotros para saber c\u00f3mo las soluciones de seguimiento log\u00edstico de contenedores de Xirgo pueden optimizar el seguimiento de tus contenedores y mejorar la visibilidad de la cadena de suministro. Avancemos juntos. <\/p>\n\t\t\t<a href=\"\/es\/contacto\/contacta-con-nosotros\/\" target=\"_self\">\n\t\t\t\t\t\t\tContacta con nosotros\n\t\t\t\t\t<\/a>\n\n","protected":false},"excerpt":{"rendered":"<p>Transforma tus operaciones log\u00edsticas con las soluciones integrales de IoT de Xirgo. Toma el control de tus operaciones de seguimiento log\u00edstico de contenedores con las soluciones avanzadas de monitorizaci\u00f3n IoT de Xirgo. Nuestra plataforma integrada proporciona la informaci\u00f3n en tiempo real que necesitas para proteger la carga, optimizar las operaciones y garantizar la entrega a&hellip;<\/p>\n","protected":false},"author":2,"featured_media":1497,"parent":3190,"menu_order":0,"comment_status":"closed","ping_status":"closed","template":"","meta":{"_acf_changed":false,"footnotes":""},"hf_cat_page":[],"class_list":["post-3153","page","type-page","status-publish","has-post-thumbnail","hentry"],"acf":[],"yoast_head":"<!-- This site is optimized with the Yoast SEO plugin v27.6 - https:\/\/yoast.com\/product\/yoast-seo-wordpress\/ -->\n<title>Seguimiento log\u00edstico de contenedores | Xirgo<\/title>\n<meta name=\"description\" content=\"El seguimiento log\u00edstico de contenedores de Xirgo proporciona la informaci\u00f3n en tiempo real que necesitas para proteger la carga, optimizar las operaciones y garantizar la entrega a tiempo.\" \/>\n<meta name=\"robots\" content=\"index, follow, max-snippet:-1, max-image-preview:large, max-video-preview:-1\" \/>\n<link rel=\"canonical\" href=\"https:\/\/xirgo.com\/es\/soluciones\/logistica-de-contenedores\/\" \/>\n<meta property=\"og:locale\" content=\"es_ES\" \/>\n<meta property=\"og:type\" content=\"article\" \/>\n<meta property=\"og:title\" content=\"Seguimiento log\u00edstico de contenedores | Xirgo\" \/>\n<meta property=\"og:description\" content=\"El seguimiento log\u00edstico de contenedores de Xirgo proporciona la informaci\u00f3n en tiempo real que necesitas para proteger la carga, optimizar las operaciones y garantizar la entrega a tiempo.\" \/>\n<meta property=\"og:url\" content=\"https:\/\/xirgo.com\/es\/soluciones\/logistica-de-contenedores\/\" \/>\n<meta property=\"og:site_name\" content=\"Xirgo\" \/>\n<meta property=\"article:modified_time\" content=\"2025-08-26T14:59:36+00:00\" \/>\n<meta property=\"og:image\" content=\"https:\/\/xirgo.com\/wp-content\/uploads\/2025\/02\/Xirgo_Solutions_CL_hero.webp\" \/>\n\t<meta property=\"og:image:width\" content=\"900\" \/>\n\t<meta property=\"og:image:height\" content=\"538\" \/>\n\t<meta property=\"og:image:type\" content=\"image\/webp\" \/>\n<meta name=\"twitter:card\" content=\"summary_large_image\" \/>\n<meta name=\"twitter:label1\" content=\"Tiempo de lectura\" \/>\n\t<meta name=\"twitter:data1\" content=\"2 minutos\" \/>\n<script type=\"application\/ld+json\" class=\"yoast-schema-graph\">{\"@context\":\"https:\\\/\\\/schema.org\",\"@graph\":[{\"@type\":\"WebPage\",\"@id\":\"https:\\\/\\\/xirgo.com\\\/es\\\/soluciones\\\/logistica-de-contenedores\\\/\",\"url\":\"https:\\\/\\\/xirgo.com\\\/es\\\/soluciones\\\/logistica-de-contenedores\\\/\",\"name\":\"Seguimiento log\u00edstico de contenedores | Xirgo\",\"isPartOf\":{\"@id\":\"https:\\\/\\\/xirgo.com\\\/es\\\/#website\"},\"primaryImageOfPage\":{\"@id\":\"https:\\\/\\\/xirgo.com\\\/es\\\/soluciones\\\/logistica-de-contenedores\\\/#primaryimage\"},\"image\":{\"@id\":\"https:\\\/\\\/xirgo.com\\\/es\\\/soluciones\\\/logistica-de-contenedores\\\/#primaryimage\"},\"thumbnailUrl\":\"https:\\\/\\\/xirgo.com\\\/wp-content\\\/uploads\\\/2025\\\/02\\\/Xirgo_Solutions_CL_hero.webp\",\"datePublished\":\"2025-02-04T18:51:59+00:00\",\"dateModified\":\"2025-08-26T14:59:36+00:00\",\"description\":\"El seguimiento log\u00edstico de contenedores de Xirgo proporciona la informaci\u00f3n en tiempo real que necesitas para proteger la carga, optimizar las operaciones y garantizar la entrega a tiempo.\",\"breadcrumb\":{\"@id\":\"https:\\\/\\\/xirgo.com\\\/es\\\/soluciones\\\/logistica-de-contenedores\\\/#breadcrumb\"},\"inLanguage\":\"es\",\"potentialAction\":[{\"@type\":\"ReadAction\",\"target\":[\"https:\\\/\\\/xirgo.com\\\/es\\\/soluciones\\\/logistica-de-contenedores\\\/\"]}]},{\"@type\":\"ImageObject\",\"inLanguage\":\"es\",\"@id\":\"https:\\\/\\\/xirgo.com\\\/es\\\/soluciones\\\/logistica-de-contenedores\\\/#primaryimage\",\"url\":\"https:\\\/\\\/xirgo.com\\\/wp-content\\\/uploads\\\/2025\\\/02\\\/Xirgo_Solutions_CL_hero.webp\",\"contentUrl\":\"https:\\\/\\\/xirgo.com\\\/wp-content\\\/uploads\\\/2025\\\/02\\\/Xirgo_Solutions_CL_hero.webp\",\"width\":900,\"height\":538},{\"@type\":\"BreadcrumbList\",\"@id\":\"https:\\\/\\\/xirgo.com\\\/es\\\/soluciones\\\/logistica-de-contenedores\\\/#breadcrumb\",\"itemListElement\":[{\"@type\":\"ListItem\",\"position\":1,\"name\":\"Home\",\"item\":\"https:\\\/\\\/xirgo.com\\\/es\\\/\"},{\"@type\":\"ListItem\",\"position\":2,\"name\":\"Soluciones\",\"item\":\"https:\\\/\\\/xirgo.com\\\/es\\\/soluciones\\\/\"},{\"@type\":\"ListItem\",\"position\":3,\"name\":\"Log\u00edstica de contenedores\"}]},{\"@type\":\"WebSite\",\"@id\":\"https:\\\/\\\/xirgo.com\\\/es\\\/#website\",\"url\":\"https:\\\/\\\/xirgo.com\\\/es\\\/\",\"name\":\"Xirgo\",\"description\":\"\",\"potentialAction\":[{\"@type\":\"SearchAction\",\"target\":{\"@type\":\"EntryPoint\",\"urlTemplate\":\"https:\\\/\\\/xirgo.com\\\/es\\\/?s={search_term_string}\"},\"query-input\":{\"@type\":\"PropertyValueSpecification\",\"valueRequired\":true,\"valueName\":\"search_term_string\"}}],\"inLanguage\":\"es\"}]}<\/script>\n<!-- \/ Yoast SEO plugin. -->","yoast_head_json":{"title":"Seguimiento log\u00edstico de contenedores | Xirgo","description":"El seguimiento log\u00edstico de contenedores de Xirgo proporciona la informaci\u00f3n en tiempo real que necesitas para proteger la carga, optimizar las operaciones y garantizar la entrega a tiempo.","robots":{"index":"index","follow":"follow","max-snippet":"max-snippet:-1","max-image-preview":"max-image-preview:large","max-video-preview":"max-video-preview:-1"},"canonical":"https:\/\/xirgo.com\/es\/soluciones\/logistica-de-contenedores\/","og_locale":"es_ES","og_type":"article","og_title":"Seguimiento log\u00edstico de contenedores | Xirgo","og_description":"El seguimiento log\u00edstico de contenedores de Xirgo proporciona la informaci\u00f3n en tiempo real que necesitas para proteger la carga, optimizar las operaciones y garantizar la entrega a tiempo.","og_url":"https:\/\/xirgo.com\/es\/soluciones\/logistica-de-contenedores\/","og_site_name":"Xirgo","article_modified_time":"2025-08-26T14:59:36+00:00","og_image":[{"width":900,"height":538,"url":"https:\/\/xirgo.com\/wp-content\/uploads\/2025\/02\/Xirgo_Solutions_CL_hero.webp","type":"image\/webp"}],"twitter_card":"summary_large_image","twitter_misc":{"Tiempo de lectura":"2 minutos"},"schema":{"@context":"https:\/\/schema.org","@graph":[{"@type":"WebPage","@id":"https:\/\/xirgo.com\/es\/soluciones\/logistica-de-contenedores\/","url":"https:\/\/xirgo.com\/es\/soluciones\/logistica-de-contenedores\/","name":"Seguimiento log\u00edstico de contenedores | Xirgo","isPartOf":{"@id":"https:\/\/xirgo.com\/es\/#website"},"primaryImageOfPage":{"@id":"https:\/\/xirgo.com\/es\/soluciones\/logistica-de-contenedores\/#primaryimage"},"image":{"@id":"https:\/\/xirgo.com\/es\/soluciones\/logistica-de-contenedores\/#primaryimage"},"thumbnailUrl":"https:\/\/xirgo.com\/wp-content\/uploads\/2025\/02\/Xirgo_Solutions_CL_hero.webp","datePublished":"2025-02-04T18:51:59+00:00","dateModified":"2025-08-26T14:59:36+00:00","description":"El seguimiento log\u00edstico de contenedores de Xirgo proporciona la informaci\u00f3n en tiempo real que necesitas para proteger la carga, optimizar las operaciones y garantizar la entrega a tiempo.","breadcrumb":{"@id":"https:\/\/xirgo.com\/es\/soluciones\/logistica-de-contenedores\/#breadcrumb"},"inLanguage":"es","potentialAction":[{"@type":"ReadAction","target":["https:\/\/xirgo.com\/es\/soluciones\/logistica-de-contenedores\/"]}]},{"@type":"ImageObject","inLanguage":"es","@id":"https:\/\/xirgo.com\/es\/soluciones\/logistica-de-contenedores\/#primaryimage","url":"https:\/\/xirgo.com\/wp-content\/uploads\/2025\/02\/Xirgo_Solutions_CL_hero.webp","contentUrl":"https:\/\/xirgo.com\/wp-content\/uploads\/2025\/02\/Xirgo_Solutions_CL_hero.webp","width":900,"height":538},{"@type":"BreadcrumbList","@id":"https:\/\/xirgo.com\/es\/soluciones\/logistica-de-contenedores\/#breadcrumb","itemListElement":[{"@type":"ListItem","position":1,"name":"Home","item":"https:\/\/xirgo.com\/es\/"},{"@type":"ListItem","position":2,"name":"Soluciones","item":"https:\/\/xirgo.com\/es\/soluciones\/"},{"@type":"ListItem","position":3,"name":"Log\u00edstica de contenedores"}]},{"@type":"WebSite","@id":"https:\/\/xirgo.com\/es\/#website","url":"https:\/\/xirgo.com\/es\/","name":"Xirgo","description":"","potentialAction":[{"@type":"SearchAction","target":{"@type":"EntryPoint","urlTemplate":"https:\/\/xirgo.com\/es\/?s={search_term_string}"},"query-input":{"@type":"PropertyValueSpecification","valueRequired":true,"valueName":"search_term_string"}}],"inLanguage":"es"}]}},"_links":{"self":[{"href":"https:\/\/xirgo.com\/es\/wp-json\/wp\/v2\/pages\/3153","targetHints":{"allow":["GET"]}}],"collection":[{"href":"https:\/\/xirgo.com\/es\/wp-json\/wp\/v2\/pages"}],"about":[{"href":"https:\/\/xirgo.com\/es\/wp-json\/wp\/v2\/types\/page"}],"author":[{"embeddable":true,"href":"https:\/\/xirgo.com\/es\/wp-json\/wp\/v2\/users\/2"}],"replies":[{"embeddable":true,"href":"https:\/\/xirgo.com\/es\/wp-json\/wp\/v2\/comments?post=3153"}],"version-history":[{"count":1,"href":"https:\/\/xirgo.com\/es\/wp-json\/wp\/v2\/pages\/3153\/revisions"}],"predecessor-version":[{"id":4245,"href":"https:\/\/xirgo.com\/es\/wp-json\/wp\/v2\/pages\/3153\/revisions\/4245"}],"up":[{"embeddable":true,"href":"https:\/\/xirgo.com\/es\/wp-json\/wp\/v2\/pages\/3190"}],"wp:featuredmedia":[{"embeddable":true,"href":"https:\/\/xirgo.com\/es\/wp-json\/wp\/v2\/media\/1497"}],"wp:attachment":[{"href":"https:\/\/xirgo.com\/es\/wp-json\/wp\/v2\/media?parent=3153"}],"wp:term":[{"taxonomy":"hf_cat_page","embeddable":true,"href":"https:\/\/xirgo.com\/es\/wp-json\/wp\/v2\/hf_cat_page?post=3153"}],"curies":[{"name":"wp","href":"https:\/\/api.w.org\/{rel}","templated":true}]}}