{"id":3154,"date":"2025-02-04T13:56:16","date_gmt":"2025-02-04T19:56:16","guid":{"rendered":"https:\/\/xirgo.com\/almacen-y-equipamiento-industrial\/"},"modified":"2025-08-28T14:58:13","modified_gmt":"2025-08-28T19:58:13","slug":"almacen-y-equipamiento-industrial","status":"publish","type":"page","link":"https:\/\/xirgo.com\/es\/industrias\/almacen-y-equipamiento-industrial\/","title":{"rendered":"Almac\u00e9n y equipamiento industrial"},"content":{"rendered":"\n\n\t\t\t\t<img decoding=\"async\" src=\"https:\/\/xirgo.com\/wp-content\/uploads\/2025\/02\/WareHouse_main-inset.webp\" alt=\"WareHouse_main-inset\" itemprop=\"image\" height=\"600\" width=\"824\" title=\"WareHouse_main-inset\" onerror=\"this.style.display='none'\" loading=\"lazy\" \/>\n<h2>\n\t\t\tMejorar la seguridad, el rendimiento y la eficacia con el seguimiento de los equipos industriales.\t<\/h2>\n\t<p>Las soluciones Xirgo para almacenes y equipos industriales est\u00e1n dise\u00f1adas desde cero para entornos con mucho tr\u00e1fico, donde la seguridad y la fiabilidad van de la mano. Nuestras soluciones de seguimiento de equipos industriales no s\u00f3lo ayudan a proteger los equipos y su entorno, sino tambi\u00e9n a los conductores, dentro y fuera de los almacenes. <\/p>\n<ul>\n<li>Videotelem\u00e1tica<\/li>\n<li>Seguimiento de equipos\/activos<\/li>\n<li>Supervisi\u00f3n\/apoyo al conductor<\/li>\n<li>Seguimiento GPS<\/li>\n<li>Control del estado<\/li>\n<\/ul>\n<h2>\n\t\t\tAumenta la seguridad en la manipulaci\u00f3n de materiales.\t<\/h2>\n\t<p>Mejora la visibilidad del conductor de la carretilla elevadora y documenta los incidentes, adem\u00e1s de hacer cumplir los protocolos de seguridad y los requisitos de conformidad.<\/p>\n\t\t\t\t\t<a href=\"#\"  id=\"fl-accordion--label-0\" tabindex=\"0\" aria-controls=\"fl-accordion--panel-0\">Producto(s) destacado(s)<\/a>\n\t\t\t\t\t\t\t\t\t\t\t<a href=\"#\" id=\"fl-accordion--icon-0\"  tabindex=\"0\"><i title=\"Expand\">Expand<\/i><\/a>\n\t\t\t\t\t<p><img loading=\"lazy\" decoding=\"async\" src=\"\/wp-content\/uploads\/2025\/02\/xirgo_product_CP4S-4-Channel-DVR.webp\" alt=\"CP4S-W\" width=\"160\" height=\"160\" \/><\/p>\n<h4>CP4S-W<\/h4>\n<p>Un grabador de veh\u00edculos HD de cuatro canales y mini DVR conectado a la nube que graba datos telem\u00e1ticos de alta resoluci\u00f3n. El CP4S-W proporciona capacidades de toma de decisiones en tiempo real para que los operadores y los gestores instruyan a los conductores, capturen los incidentes y reduzcan los costes.<\/p>\n\t\t\t\t<img decoding=\"async\" src=\"https:\/\/xirgo.com\/wp-content\/uploads\/2025\/02\/WareHouse_inset-1.webp\" alt=\"WareHouse_inset-1\" itemprop=\"image\" height=\"600\" width=\"945\" title=\"WareHouse_inset-1\" onerror=\"this.style.display='none'\" loading=\"lazy\" \/>\n\t\t\t\t<img decoding=\"async\" src=\"https:\/\/xirgo.com\/wp-content\/uploads\/2025\/02\/WareHouse_inset-2.webp\" alt=\"WareHouse_inset-2\" itemprop=\"image\" height=\"600\" width=\"739\" title=\"WareHouse_inset-2\" onerror=\"this.style.display='none'\" loading=\"lazy\" \/>\n<h2>\n\t\t\tControla los equipos y activos industriales de alto valor.\t<\/h2>\n\t<p>Conoce la ubicaci\u00f3n y el estado de los equipos, herramientas y otros activos cr\u00edticos para la empresa, a fin de lograr la m\u00e1xima eficacia y utilizaci\u00f3n.<\/p>\n\t\t\t\t\t<a href=\"#\"  id=\"fl-accordion--label-0\" tabindex=\"0\" aria-controls=\"fl-accordion--panel-0\">Producto(s) destacado(s)<\/a>\n\t\t\t\t\t\t\t\t\t\t\t<a href=\"#\" id=\"fl-accordion--icon-0\"  tabindex=\"0\"><i title=\"Expand\">Expand<\/i><\/a>\n\t\t\t\t\t<p><img loading=\"lazy\" decoding=\"async\" src=\"\/wp-content\/uploads\/2025\/02\/xirgo_product_XT4500.webp\" alt=\"Serie XT4500\" width=\"160\" height=\"160\"\/><\/p>\n<h4>Serie XT45<\/h4>\n<p>Ideal para la vigilancia y el control de activos remotos de gran valor en los que la disponibilidad de energ\u00eda de entrada es vital. El seguimiento por GPS contin\u00faa en condiciones extremas, donde la mayor\u00eda de los dem\u00e1s productos de la competencia fallan. <\/p>\n<h2>\n\t\t\tReduce los tiempos de inactividad imprevistos y alarga la vida de los equipos.\t<\/h2>\n\t<p>Mejora la utilizaci\u00f3n de los activos y reduce los tiempos muertos, adem\u00e1s de permitir el mantenimiento predictivo mediante la identificaci\u00f3n de se\u00f1ales de alerta temprana.<\/p>\n\t\t\t\t\t<a href=\"#\"  id=\"fl-accordion--label-0\" tabindex=\"0\" aria-controls=\"fl-accordion--panel-0\">Producto(s) destacado(s)<\/a>\n\t\t\t\t\t\t\t\t\t\t\t<a href=\"#\" id=\"fl-accordion--icon-0\"  tabindex=\"0\"><i title=\"Expand\">Expand<\/i><\/a>\n\t\t\t\t\t<p><img loading=\"lazy\" decoding=\"async\" src=\"\/wp-content\/uploads\/2025\/02\/xirgo-product-XT53.webp\" alt=\"Serie XT5300\" width=\"160\" height=\"160\"\/><\/p>\n<h4>Serie XT53<\/h4>\n<p>El rastreador celular ultracompacto ofrece hasta siete a\u00f1os de duraci\u00f3n de la bater\u00eda para una protecci\u00f3n ampliada e inigualable de los activos. Dise\u00f1ado para aplicaciones reales, el XT53 ayuda a mantener el control de los activos ahora y en el futuro. <\/p>\n\t\t\t\t<img decoding=\"async\" src=\"https:\/\/xirgo.com\/wp-content\/uploads\/2025\/02\/WareHouse_inset-3.webp\" alt=\"WareHouse_inset-3\" itemprop=\"image\" height=\"600\" width=\"945\" title=\"WareHouse_inset-3\" onerror=\"this.style.display='none'\" loading=\"lazy\" \/>\n<h2  data-animation-delay=\"0\" data-animation-duration=\"0.33\">\n\t\t\tDesc\u00fabrelo por ti mismo\t<\/h2>\n\t<p>En Xirgo, somos m\u00e1s que un proveedor de tecnolog\u00eda; somos tu socio en productividad, seguridad y \u00e9xito. Avancemos juntos. <\/p>\n\t\t\t<a href=\"\/es\/contacto\/contacta-con-nosotros\/\" target=\"_self\">\n\t\t\t\t\t\t\tContacta con nosotros\n\t\t\t\t\t<\/a>\n\n","protected":false},"excerpt":{"rendered":"<p>Mejorar la seguridad, el rendimiento y la eficacia con el seguimiento de los equipos industriales. Las soluciones Xirgo para almacenes y equipos industriales est\u00e1n dise\u00f1adas desde cero para entornos con mucho tr\u00e1fico, donde la seguridad y la fiabilidad van de la mano. Nuestras soluciones de seguimiento de equipos industriales no s\u00f3lo ayudan a proteger los&hellip;<\/p>\n","protected":false},"author":2,"featured_media":1568,"parent":3197,"menu_order":0,"comment_status":"closed","ping_status":"closed","template":"","meta":{"_acf_changed":false,"footnotes":""},"hf_cat_page":[],"class_list":["post-3154","page","type-page","status-publish","has-post-thumbnail","hentry"],"acf":[],"yoast_head":"<!-- This site is optimized with the Yoast SEO plugin v27.6 - https:\/\/yoast.com\/product\/yoast-seo-wordpress\/ -->\n<title>Seguimiento de equipos industriales | Xirgo<\/title>\n<meta name=\"description\" content=\"Nuestras soluciones de seguimiento de almacenes y equipos industriales est\u00e1n concebidas desde cero para entornos de gran actividad en los que la seguridad y la fiabilidad van de la mano.\" \/>\n<meta name=\"robots\" content=\"index, follow, max-snippet:-1, max-image-preview:large, max-video-preview:-1\" \/>\n<link rel=\"canonical\" href=\"https:\/\/xirgo.com\/es\/industrias\/almacen-y-equipamiento-industrial\/\" \/>\n<meta property=\"og:locale\" content=\"es_ES\" \/>\n<meta property=\"og:type\" content=\"article\" \/>\n<meta property=\"og:title\" content=\"Seguimiento de equipos industriales | Xirgo\" \/>\n<meta property=\"og:description\" content=\"Nuestras soluciones de seguimiento de almacenes y equipos industriales est\u00e1n concebidas desde cero para entornos de gran actividad en los que la seguridad y la fiabilidad van de la mano.\" \/>\n<meta property=\"og:url\" content=\"https:\/\/xirgo.com\/es\/industrias\/almacen-y-equipamiento-industrial\/\" \/>\n<meta property=\"og:site_name\" content=\"Xirgo\" \/>\n<meta property=\"article:modified_time\" content=\"2025-08-28T19:58:13+00:00\" \/>\n<meta property=\"og:image\" content=\"https:\/\/xirgo.com\/wp-content\/uploads\/2025\/02\/Xirgo_Industries_WH_hero.webp\" \/>\n\t<meta property=\"og:image:width\" content=\"1433\" \/>\n\t<meta property=\"og:image:height\" content=\"600\" \/>\n\t<meta property=\"og:image:type\" content=\"image\/webp\" \/>\n<meta name=\"twitter:card\" content=\"summary_large_image\" \/>\n<meta name=\"twitter:label1\" content=\"Tiempo de lectura\" \/>\n\t<meta name=\"twitter:data1\" content=\"2 minutos\" \/>\n<script type=\"application\/ld+json\" class=\"yoast-schema-graph\">{\"@context\":\"https:\\\/\\\/schema.org\",\"@graph\":[{\"@type\":\"WebPage\",\"@id\":\"https:\\\/\\\/xirgo.com\\\/es\\\/industrias\\\/almacen-y-equipamiento-industrial\\\/\",\"url\":\"https:\\\/\\\/xirgo.com\\\/es\\\/industrias\\\/almacen-y-equipamiento-industrial\\\/\",\"name\":\"Seguimiento de equipos industriales | Xirgo\",\"isPartOf\":{\"@id\":\"https:\\\/\\\/xirgo.com\\\/es\\\/#website\"},\"primaryImageOfPage\":{\"@id\":\"https:\\\/\\\/xirgo.com\\\/es\\\/industrias\\\/almacen-y-equipamiento-industrial\\\/#primaryimage\"},\"image\":{\"@id\":\"https:\\\/\\\/xirgo.com\\\/es\\\/industrias\\\/almacen-y-equipamiento-industrial\\\/#primaryimage\"},\"thumbnailUrl\":\"https:\\\/\\\/xirgo.com\\\/wp-content\\\/uploads\\\/2025\\\/02\\\/Xirgo_Industries_WH_hero.webp\",\"datePublished\":\"2025-02-04T19:56:16+00:00\",\"dateModified\":\"2025-08-28T19:58:13+00:00\",\"description\":\"Nuestras soluciones de seguimiento de almacenes y equipos industriales est\u00e1n concebidas desde cero para entornos de gran actividad en los que la seguridad y la fiabilidad van de la mano.\",\"breadcrumb\":{\"@id\":\"https:\\\/\\\/xirgo.com\\\/es\\\/industrias\\\/almacen-y-equipamiento-industrial\\\/#breadcrumb\"},\"inLanguage\":\"es\",\"potentialAction\":[{\"@type\":\"ReadAction\",\"target\":[\"https:\\\/\\\/xirgo.com\\\/es\\\/industrias\\\/almacen-y-equipamiento-industrial\\\/\"]}]},{\"@type\":\"ImageObject\",\"inLanguage\":\"es\",\"@id\":\"https:\\\/\\\/xirgo.com\\\/es\\\/industrias\\\/almacen-y-equipamiento-industrial\\\/#primaryimage\",\"url\":\"https:\\\/\\\/xirgo.com\\\/wp-content\\\/uploads\\\/2025\\\/02\\\/Xirgo_Industries_WH_hero.webp\",\"contentUrl\":\"https:\\\/\\\/xirgo.com\\\/wp-content\\\/uploads\\\/2025\\\/02\\\/Xirgo_Industries_WH_hero.webp\",\"width\":1433,\"height\":600},{\"@type\":\"BreadcrumbList\",\"@id\":\"https:\\\/\\\/xirgo.com\\\/es\\\/industrias\\\/almacen-y-equipamiento-industrial\\\/#breadcrumb\",\"itemListElement\":[{\"@type\":\"ListItem\",\"position\":1,\"name\":\"Home\",\"item\":\"https:\\\/\\\/xirgo.com\\\/es\\\/\"},{\"@type\":\"ListItem\",\"position\":2,\"name\":\"Industrias\",\"item\":\"https:\\\/\\\/xirgo.com\\\/es\\\/industrias\\\/\"},{\"@type\":\"ListItem\",\"position\":3,\"name\":\"Almac\u00e9n y equipamiento industrial\"}]},{\"@type\":\"WebSite\",\"@id\":\"https:\\\/\\\/xirgo.com\\\/es\\\/#website\",\"url\":\"https:\\\/\\\/xirgo.com\\\/es\\\/\",\"name\":\"Xirgo\",\"description\":\"\",\"potentialAction\":[{\"@type\":\"SearchAction\",\"target\":{\"@type\":\"EntryPoint\",\"urlTemplate\":\"https:\\\/\\\/xirgo.com\\\/es\\\/?s={search_term_string}\"},\"query-input\":{\"@type\":\"PropertyValueSpecification\",\"valueRequired\":true,\"valueName\":\"search_term_string\"}}],\"inLanguage\":\"es\"}]}<\/script>\n<!-- \/ Yoast SEO plugin. -->","yoast_head_json":{"title":"Seguimiento de equipos industriales | Xirgo","description":"Nuestras soluciones de seguimiento de almacenes y equipos industriales est\u00e1n concebidas desde cero para entornos de gran actividad en los que la seguridad y la fiabilidad van de la mano.","robots":{"index":"index","follow":"follow","max-snippet":"max-snippet:-1","max-image-preview":"max-image-preview:large","max-video-preview":"max-video-preview:-1"},"canonical":"https:\/\/xirgo.com\/es\/industrias\/almacen-y-equipamiento-industrial\/","og_locale":"es_ES","og_type":"article","og_title":"Seguimiento de equipos industriales | Xirgo","og_description":"Nuestras soluciones de seguimiento de almacenes y equipos industriales est\u00e1n concebidas desde cero para entornos de gran actividad en los que la seguridad y la fiabilidad van de la mano.","og_url":"https:\/\/xirgo.com\/es\/industrias\/almacen-y-equipamiento-industrial\/","og_site_name":"Xirgo","article_modified_time":"2025-08-28T19:58:13+00:00","og_image":[{"width":1433,"height":600,"url":"https:\/\/xirgo.com\/wp-content\/uploads\/2025\/02\/Xirgo_Industries_WH_hero.webp","type":"image\/webp"}],"twitter_card":"summary_large_image","twitter_misc":{"Tiempo de lectura":"2 minutos"},"schema":{"@context":"https:\/\/schema.org","@graph":[{"@type":"WebPage","@id":"https:\/\/xirgo.com\/es\/industrias\/almacen-y-equipamiento-industrial\/","url":"https:\/\/xirgo.com\/es\/industrias\/almacen-y-equipamiento-industrial\/","name":"Seguimiento de equipos industriales | Xirgo","isPartOf":{"@id":"https:\/\/xirgo.com\/es\/#website"},"primaryImageOfPage":{"@id":"https:\/\/xirgo.com\/es\/industrias\/almacen-y-equipamiento-industrial\/#primaryimage"},"image":{"@id":"https:\/\/xirgo.com\/es\/industrias\/almacen-y-equipamiento-industrial\/#primaryimage"},"thumbnailUrl":"https:\/\/xirgo.com\/wp-content\/uploads\/2025\/02\/Xirgo_Industries_WH_hero.webp","datePublished":"2025-02-04T19:56:16+00:00","dateModified":"2025-08-28T19:58:13+00:00","description":"Nuestras soluciones de seguimiento de almacenes y equipos industriales est\u00e1n concebidas desde cero para entornos de gran actividad en los que la seguridad y la fiabilidad van de la mano.","breadcrumb":{"@id":"https:\/\/xirgo.com\/es\/industrias\/almacen-y-equipamiento-industrial\/#breadcrumb"},"inLanguage":"es","potentialAction":[{"@type":"ReadAction","target":["https:\/\/xirgo.com\/es\/industrias\/almacen-y-equipamiento-industrial\/"]}]},{"@type":"ImageObject","inLanguage":"es","@id":"https:\/\/xirgo.com\/es\/industrias\/almacen-y-equipamiento-industrial\/#primaryimage","url":"https:\/\/xirgo.com\/wp-content\/uploads\/2025\/02\/Xirgo_Industries_WH_hero.webp","contentUrl":"https:\/\/xirgo.com\/wp-content\/uploads\/2025\/02\/Xirgo_Industries_WH_hero.webp","width":1433,"height":600},{"@type":"BreadcrumbList","@id":"https:\/\/xirgo.com\/es\/industrias\/almacen-y-equipamiento-industrial\/#breadcrumb","itemListElement":[{"@type":"ListItem","position":1,"name":"Home","item":"https:\/\/xirgo.com\/es\/"},{"@type":"ListItem","position":2,"name":"Industrias","item":"https:\/\/xirgo.com\/es\/industrias\/"},{"@type":"ListItem","position":3,"name":"Almac\u00e9n y equipamiento industrial"}]},{"@type":"WebSite","@id":"https:\/\/xirgo.com\/es\/#website","url":"https:\/\/xirgo.com\/es\/","name":"Xirgo","description":"","potentialAction":[{"@type":"SearchAction","target":{"@type":"EntryPoint","urlTemplate":"https:\/\/xirgo.com\/es\/?s={search_term_string}"},"query-input":{"@type":"PropertyValueSpecification","valueRequired":true,"valueName":"search_term_string"}}],"inLanguage":"es"}]}},"_links":{"self":[{"href":"https:\/\/xirgo.com\/es\/wp-json\/wp\/v2\/pages\/3154","targetHints":{"allow":["GET"]}}],"collection":[{"href":"https:\/\/xirgo.com\/es\/wp-json\/wp\/v2\/pages"}],"about":[{"href":"https:\/\/xirgo.com\/es\/wp-json\/wp\/v2\/types\/page"}],"author":[{"embeddable":true,"href":"https:\/\/xirgo.com\/es\/wp-json\/wp\/v2\/users\/2"}],"replies":[{"embeddable":true,"href":"https:\/\/xirgo.com\/es\/wp-json\/wp\/v2\/comments?post=3154"}],"version-history":[{"count":2,"href":"https:\/\/xirgo.com\/es\/wp-json\/wp\/v2\/pages\/3154\/revisions"}],"predecessor-version":[{"id":4278,"href":"https:\/\/xirgo.com\/es\/wp-json\/wp\/v2\/pages\/3154\/revisions\/4278"}],"up":[{"embeddable":true,"href":"https:\/\/xirgo.com\/es\/wp-json\/wp\/v2\/pages\/3197"}],"wp:featuredmedia":[{"embeddable":true,"href":"https:\/\/xirgo.com\/es\/wp-json\/wp\/v2\/media\/1568"}],"wp:attachment":[{"href":"https:\/\/xirgo.com\/es\/wp-json\/wp\/v2\/media?parent=3154"}],"wp:term":[{"taxonomy":"hf_cat_page","embeddable":true,"href":"https:\/\/xirgo.com\/es\/wp-json\/wp\/v2\/hf_cat_page?post=3154"}],"curies":[{"name":"wp","href":"https:\/\/api.w.org\/{rel}","templated":true}]}}