{"id":3157,"date":"2025-02-04T15:25:40","date_gmt":"2025-02-04T21:25:40","guid":{"rendered":"https:\/\/xirgo.com\/municipios\/"},"modified":"2025-08-26T10:08:55","modified_gmt":"2025-08-26T15:08:55","slug":"municipios","status":"publish","type":"page","link":"https:\/\/xirgo.com\/es\/industrias\/municipios\/","title":{"rendered":"Municipios"},"content":{"rendered":"\n\n\t\t\t\t<img decoding=\"async\" src=\"https:\/\/xirgo.com\/wp-content\/uploads\/2025\/02\/Municipalities_main-inset_1.webp\" alt=\"Municipalities_main-inset_1\" itemprop=\"image\" height=\"600\" width=\"860\" title=\"Municipalities_main-inset_1\" onerror=\"this.style.display='none'\" loading=\"lazy\" \/>\n<h2>\n\t\t\tLas ciudades inteligentes empiezan con flotas m\u00e1s inteligentes.\t<\/h2>\n\t<p>\u00bfRespuesta de emergencia? Compru\u00e9balo. \u00bfRecogida de residuos? Comprobado. \u00bfQuitar la nieve? Comprobado. Desde coches de polic\u00eda a camiones de mantenimiento, pasando por arados y autobuses, nuestros innovadores productos de v\u00eddeo y telem\u00e1tica de veh\u00edculos ayudan a los ayuntamientos a controlar y gestionar sus flotas con facilidad, eficacia y precisi\u00f3n.      <\/p>\n<ul>\n<li>Control del conductor<\/li>\n<li>Localizaci\u00f3n y diagn\u00f3stico del veh\u00edculo<\/li>\n<li>Videotelem\u00e1tica (s\u00f3lo carretera, carretera y conductor, multivista)<\/li>\n<li>Seguimiento del equipo<\/li>\n<li>Protecci\u00f3n de activos ampliada<\/li>\n<\/ul>\n<h2>\n\t\t\tLleva la eficacia operativa al siguiente nivel.\t<\/h2>\n\t<p>Gestiona el uso y el estado de los veh\u00edculos municipales para sacar el m\u00e1ximo partido a las flotas que trabajan con presupuestos limitados.<\/p>\n\t\t\t\t\t<a href=\"#\"  id=\"fl-accordion--label-0\" tabindex=\"0\" aria-controls=\"fl-accordion--panel-0\">Producto(s) destacado(s)<\/a>\n\t\t\t\t\t\t\t\t\t\t\t<a href=\"#\" id=\"fl-accordion--icon-0\"  tabindex=\"0\"><i title=\"Expand\">Expand<\/i><\/a>\n\t\t\t\t\t<p><img loading=\"lazy\" decoding=\"async\" src=\"\/wp-content\/uploads\/2025\/02\/xirgo-product-XT53.webp\" alt=\"Serie XT5300\" width=\"160\" height=\"160\"\/><\/p>\n<h4>Serie XT53<\/h4>\n<p>El rastreador celular ultracompacto ofrece hasta siete a\u00f1os de duraci\u00f3n de la bater\u00eda para una protecci\u00f3n ampliada e inigualable de los activos. Dise\u00f1ado para aplicaciones reales, el XT53 ayuda a mantener el control de los activos ahora y en el futuro. <\/p>\n\t\t\t\t<img decoding=\"async\" src=\"https:\/\/xirgo.com\/wp-content\/uploads\/2025\/02\/Municipalities_inset2.webp\" alt=\"Municipalities_inset2\" itemprop=\"image\" height=\"600\" width=\"860\" title=\"Municipalities_inset2\" onerror=\"this.style.display='none'\" loading=\"lazy\" \/>\n\t\t\t\t<img decoding=\"async\" src=\"https:\/\/xirgo.com\/wp-content\/uploads\/2025\/02\/Municipalities_inset1.webp\" alt=\"Municipalities_inset1\" itemprop=\"image\" height=\"600\" width=\"860\" title=\"Municipalities_inset1\" onerror=\"this.style.display='none'\" loading=\"lazy\" \/>\n<h2>\n\t\t\tAumenta el rendimiento y la seguridad de los conductores de flotas.\t<\/h2>\n\t<p>Reduce la responsabilidad con alertas en tiempo real, controla el comportamiento del conductor para detectar patrones inseguros y ayuda a prevenir incidentes en carretera antes de que ocurran.<\/p>\n\t\t\t\t\t<a href=\"#\"  id=\"fl-accordion--label-0\" tabindex=\"0\" aria-controls=\"fl-accordion--panel-0\">Producto(s) destacado(s)<\/a>\n\t\t\t\t\t\t\t\t\t\t\t<a href=\"#\" id=\"fl-accordion--icon-0\"  tabindex=\"0\"><i title=\"Expand\">Expand<\/i><\/a>\n\t\t\t\t\t<p><img loading=\"lazy\" decoding=\"async\" src=\"\/wp-content\/uploads\/2025\/02\/xirgo_product_KP2-AI-camera.webp\" alt=\"C\u00e1mara KP2 AI\" width=\"160\" height=\"160\"\/><\/p>\n<h4>C\u00e1mara KP2 AI<\/h4>\n<p>Una exclusiva c\u00e1mara de carretera HD modular que ofrece visibilidad de la carretera y del conductor opcional, adem\u00e1s de ADAS y DSM, todo en un dispositivo telem\u00e1tico de v\u00eddeo plug-and-play.<\/p>\n<h2>\n\t\t\tHaz un seguimiento de los veh\u00edculos y equipos de gran valor.\t<\/h2>\n\t<p>Maximiza la eficiencia y la utilizaci\u00f3n estando al tanto de la ubicaci\u00f3n y el estado de los activos cr\u00edticos.<\/p>\n\t\t\t\t\t<a href=\"#\"  id=\"fl-accordion--label-0\" tabindex=\"0\" aria-controls=\"fl-accordion--panel-0\">Producto(s) destacado(s)<\/a>\n\t\t\t\t\t\t\t\t\t\t\t<a href=\"#\" id=\"fl-accordion--icon-0\"  tabindex=\"0\"><i title=\"Expand\">Expand<\/i><\/a>\n\t\t\t\t\t<p><img loading=\"lazy\" decoding=\"async\" src=\"\/wp-content\/uploads\/2025\/02\/xirgo_product_XT2500.webp\" alt=\"Serie XT2500\" width=\"160\" height=\"160\"\/><\/p>\n<h4>Serie XT25<\/h4>\n<p>Una unidad universal de seguimiento de veh\u00edculos (VTU) plug-and-play para su uso en veh\u00edculos ligeros\/de pasajeros. F\u00e1cilmente adaptable a camiones de gran tonelaje. <\/p>\n<p><img loading=\"lazy\" decoding=\"async\" src=\"\/wp-content\/uploads\/2025\/02\/ftrd-prod-inset-xt4500.webp\" alt=\"Serie XT4500\" width=\"160\" height=\"160\"\/><\/p>\n<h4>Serie XT45<\/h4>\n<p>Ideal para la vigilancia y el control de activos remotos de gran valor en los que la disponibilidad de energ\u00eda de entrada es vital. El seguimiento por GPS contin\u00faa en condiciones extremas, donde la mayor\u00eda de los dem\u00e1s productos de la competencia fallan. <\/p>\n\t\t\t\t<img decoding=\"async\" src=\"https:\/\/xirgo.com\/wp-content\/uploads\/2025\/02\/Municipalities_inset3.webp\" alt=\"Municipalities_inset3\" itemprop=\"image\" height=\"600\" width=\"860\" title=\"Municipalities_inset3\" onerror=\"this.style.display='none'\" loading=\"lazy\" \/>\n<h2  data-animation-delay=\"0\" data-animation-duration=\"0.33\">\n\t\t\tDesc\u00fabrelo por ti mismo\t<\/h2>\n\t<p>En Xirgo, somos m\u00e1s que un proveedor de tecnolog\u00eda; somos tu socio en productividad, seguridad y \u00e9xito. Avancemos juntos. <\/p>\n\t\t\t<a href=\"\/es\/contacto\/contacta-con-nosotros\/\" target=\"_self\">\n\t\t\t\t\t\t\tContacta con nosotros\n\t\t\t\t\t<\/a>\n\n","protected":false},"excerpt":{"rendered":"<p>Las ciudades inteligentes empiezan con flotas m\u00e1s inteligentes. \u00bfRespuesta de emergencia? Compru\u00e9balo. \u00bfRecogida de residuos? Comprobado. \u00bfQuitar la nieve? Comprobado. Desde coches de polic\u00eda a camiones de mantenimiento, pasando por arados y autobuses, nuestros innovadores productos de v\u00eddeo y telem\u00e1tica de veh\u00edculos ayudan a los ayuntamientos a controlar y gestionar sus flotas con facilidad, eficacia&hellip;<\/p>\n","protected":false},"author":2,"featured_media":1564,"parent":3197,"menu_order":0,"comment_status":"closed","ping_status":"closed","template":"","meta":{"_acf_changed":false,"footnotes":""},"hf_cat_page":[],"class_list":["post-3157","page","type-page","status-publish","has-post-thumbnail","hentry"],"acf":[],"yoast_head":"<!-- This site is optimized with the Yoast SEO plugin v27.6 - https:\/\/yoast.com\/product\/yoast-seo-wordpress\/ -->\n<title>Gesti\u00f3n de Flotas Municipales | Xirgo<\/title>\n<meta name=\"description\" content=\"Nuestros innovadores productos de v\u00eddeo y telem\u00e1tica de veh\u00edculos ayudan en la gesti\u00f3n de flotas municipales, desde coches de polic\u00eda a camiones de mantenimiento, pasando por arados y autobuses.\" \/>\n<meta name=\"robots\" content=\"index, follow, max-snippet:-1, max-image-preview:large, max-video-preview:-1\" \/>\n<link rel=\"canonical\" href=\"https:\/\/xirgo.com\/es\/industrias\/municipios\/\" \/>\n<meta property=\"og:locale\" content=\"es_ES\" \/>\n<meta property=\"og:type\" content=\"article\" \/>\n<meta property=\"og:title\" content=\"Gesti\u00f3n de Flotas Municipales | Xirgo\" \/>\n<meta property=\"og:description\" content=\"Nuestros innovadores productos de v\u00eddeo y telem\u00e1tica de veh\u00edculos ayudan en la gesti\u00f3n de flotas municipales, desde coches de polic\u00eda a camiones de mantenimiento, pasando por arados y autobuses.\" \/>\n<meta property=\"og:url\" content=\"https:\/\/xirgo.com\/es\/industrias\/municipios\/\" \/>\n<meta property=\"og:site_name\" content=\"Xirgo\" \/>\n<meta property=\"article:modified_time\" content=\"2025-08-26T15:08:55+00:00\" \/>\n<meta property=\"og:image\" content=\"https:\/\/xirgo.com\/wp-content\/uploads\/2025\/02\/Xirgo_Industries_Mun_hero.webp\" \/>\n\t<meta property=\"og:image:width\" content=\"1433\" \/>\n\t<meta property=\"og:image:height\" content=\"600\" \/>\n\t<meta property=\"og:image:type\" content=\"image\/webp\" \/>\n<meta name=\"twitter:card\" content=\"summary_large_image\" \/>\n<meta name=\"twitter:label1\" content=\"Tiempo de lectura\" \/>\n\t<meta name=\"twitter:data1\" content=\"2 minutos\" \/>\n<script type=\"application\/ld+json\" class=\"yoast-schema-graph\">{\"@context\":\"https:\\\/\\\/schema.org\",\"@graph\":[{\"@type\":\"WebPage\",\"@id\":\"https:\\\/\\\/xirgo.com\\\/es\\\/industrias\\\/municipios\\\/\",\"url\":\"https:\\\/\\\/xirgo.com\\\/es\\\/industrias\\\/municipios\\\/\",\"name\":\"Gesti\u00f3n de Flotas Municipales | Xirgo\",\"isPartOf\":{\"@id\":\"https:\\\/\\\/xirgo.com\\\/es\\\/#website\"},\"primaryImageOfPage\":{\"@id\":\"https:\\\/\\\/xirgo.com\\\/es\\\/industrias\\\/municipios\\\/#primaryimage\"},\"image\":{\"@id\":\"https:\\\/\\\/xirgo.com\\\/es\\\/industrias\\\/municipios\\\/#primaryimage\"},\"thumbnailUrl\":\"https:\\\/\\\/xirgo.com\\\/wp-content\\\/uploads\\\/2025\\\/02\\\/Xirgo_Industries_Mun_hero.webp\",\"datePublished\":\"2025-02-04T21:25:40+00:00\",\"dateModified\":\"2025-08-26T15:08:55+00:00\",\"description\":\"Nuestros innovadores productos de v\u00eddeo y telem\u00e1tica de veh\u00edculos ayudan en la gesti\u00f3n de flotas municipales, desde coches de polic\u00eda a camiones de mantenimiento, pasando por arados y autobuses.\",\"breadcrumb\":{\"@id\":\"https:\\\/\\\/xirgo.com\\\/es\\\/industrias\\\/municipios\\\/#breadcrumb\"},\"inLanguage\":\"es\",\"potentialAction\":[{\"@type\":\"ReadAction\",\"target\":[\"https:\\\/\\\/xirgo.com\\\/es\\\/industrias\\\/municipios\\\/\"]}]},{\"@type\":\"ImageObject\",\"inLanguage\":\"es\",\"@id\":\"https:\\\/\\\/xirgo.com\\\/es\\\/industrias\\\/municipios\\\/#primaryimage\",\"url\":\"https:\\\/\\\/xirgo.com\\\/wp-content\\\/uploads\\\/2025\\\/02\\\/Xirgo_Industries_Mun_hero.webp\",\"contentUrl\":\"https:\\\/\\\/xirgo.com\\\/wp-content\\\/uploads\\\/2025\\\/02\\\/Xirgo_Industries_Mun_hero.webp\",\"width\":1433,\"height\":600},{\"@type\":\"BreadcrumbList\",\"@id\":\"https:\\\/\\\/xirgo.com\\\/es\\\/industrias\\\/municipios\\\/#breadcrumb\",\"itemListElement\":[{\"@type\":\"ListItem\",\"position\":1,\"name\":\"Home\",\"item\":\"https:\\\/\\\/xirgo.com\\\/es\\\/\"},{\"@type\":\"ListItem\",\"position\":2,\"name\":\"Industrias\",\"item\":\"https:\\\/\\\/xirgo.com\\\/es\\\/industrias\\\/\"},{\"@type\":\"ListItem\",\"position\":3,\"name\":\"Municipios\"}]},{\"@type\":\"WebSite\",\"@id\":\"https:\\\/\\\/xirgo.com\\\/es\\\/#website\",\"url\":\"https:\\\/\\\/xirgo.com\\\/es\\\/\",\"name\":\"Xirgo\",\"description\":\"\",\"potentialAction\":[{\"@type\":\"SearchAction\",\"target\":{\"@type\":\"EntryPoint\",\"urlTemplate\":\"https:\\\/\\\/xirgo.com\\\/es\\\/?s={search_term_string}\"},\"query-input\":{\"@type\":\"PropertyValueSpecification\",\"valueRequired\":true,\"valueName\":\"search_term_string\"}}],\"inLanguage\":\"es\"}]}<\/script>\n<!-- \/ Yoast SEO plugin. -->","yoast_head_json":{"title":"Gesti\u00f3n de Flotas Municipales | Xirgo","description":"Nuestros innovadores productos de v\u00eddeo y telem\u00e1tica de veh\u00edculos ayudan en la gesti\u00f3n de flotas municipales, desde coches de polic\u00eda a camiones de mantenimiento, pasando por arados y autobuses.","robots":{"index":"index","follow":"follow","max-snippet":"max-snippet:-1","max-image-preview":"max-image-preview:large","max-video-preview":"max-video-preview:-1"},"canonical":"https:\/\/xirgo.com\/es\/industrias\/municipios\/","og_locale":"es_ES","og_type":"article","og_title":"Gesti\u00f3n de Flotas Municipales | Xirgo","og_description":"Nuestros innovadores productos de v\u00eddeo y telem\u00e1tica de veh\u00edculos ayudan en la gesti\u00f3n de flotas municipales, desde coches de polic\u00eda a camiones de mantenimiento, pasando por arados y autobuses.","og_url":"https:\/\/xirgo.com\/es\/industrias\/municipios\/","og_site_name":"Xirgo","article_modified_time":"2025-08-26T15:08:55+00:00","og_image":[{"width":1433,"height":600,"url":"https:\/\/xirgo.com\/wp-content\/uploads\/2025\/02\/Xirgo_Industries_Mun_hero.webp","type":"image\/webp"}],"twitter_card":"summary_large_image","twitter_misc":{"Tiempo de lectura":"2 minutos"},"schema":{"@context":"https:\/\/schema.org","@graph":[{"@type":"WebPage","@id":"https:\/\/xirgo.com\/es\/industrias\/municipios\/","url":"https:\/\/xirgo.com\/es\/industrias\/municipios\/","name":"Gesti\u00f3n de Flotas Municipales | Xirgo","isPartOf":{"@id":"https:\/\/xirgo.com\/es\/#website"},"primaryImageOfPage":{"@id":"https:\/\/xirgo.com\/es\/industrias\/municipios\/#primaryimage"},"image":{"@id":"https:\/\/xirgo.com\/es\/industrias\/municipios\/#primaryimage"},"thumbnailUrl":"https:\/\/xirgo.com\/wp-content\/uploads\/2025\/02\/Xirgo_Industries_Mun_hero.webp","datePublished":"2025-02-04T21:25:40+00:00","dateModified":"2025-08-26T15:08:55+00:00","description":"Nuestros innovadores productos de v\u00eddeo y telem\u00e1tica de veh\u00edculos ayudan en la gesti\u00f3n de flotas municipales, desde coches de polic\u00eda a camiones de mantenimiento, pasando por arados y autobuses.","breadcrumb":{"@id":"https:\/\/xirgo.com\/es\/industrias\/municipios\/#breadcrumb"},"inLanguage":"es","potentialAction":[{"@type":"ReadAction","target":["https:\/\/xirgo.com\/es\/industrias\/municipios\/"]}]},{"@type":"ImageObject","inLanguage":"es","@id":"https:\/\/xirgo.com\/es\/industrias\/municipios\/#primaryimage","url":"https:\/\/xirgo.com\/wp-content\/uploads\/2025\/02\/Xirgo_Industries_Mun_hero.webp","contentUrl":"https:\/\/xirgo.com\/wp-content\/uploads\/2025\/02\/Xirgo_Industries_Mun_hero.webp","width":1433,"height":600},{"@type":"BreadcrumbList","@id":"https:\/\/xirgo.com\/es\/industrias\/municipios\/#breadcrumb","itemListElement":[{"@type":"ListItem","position":1,"name":"Home","item":"https:\/\/xirgo.com\/es\/"},{"@type":"ListItem","position":2,"name":"Industrias","item":"https:\/\/xirgo.com\/es\/industrias\/"},{"@type":"ListItem","position":3,"name":"Municipios"}]},{"@type":"WebSite","@id":"https:\/\/xirgo.com\/es\/#website","url":"https:\/\/xirgo.com\/es\/","name":"Xirgo","description":"","potentialAction":[{"@type":"SearchAction","target":{"@type":"EntryPoint","urlTemplate":"https:\/\/xirgo.com\/es\/?s={search_term_string}"},"query-input":{"@type":"PropertyValueSpecification","valueRequired":true,"valueName":"search_term_string"}}],"inLanguage":"es"}]}},"_links":{"self":[{"href":"https:\/\/xirgo.com\/es\/wp-json\/wp\/v2\/pages\/3157","targetHints":{"allow":["GET"]}}],"collection":[{"href":"https:\/\/xirgo.com\/es\/wp-json\/wp\/v2\/pages"}],"about":[{"href":"https:\/\/xirgo.com\/es\/wp-json\/wp\/v2\/types\/page"}],"author":[{"embeddable":true,"href":"https:\/\/xirgo.com\/es\/wp-json\/wp\/v2\/users\/2"}],"replies":[{"embeddable":true,"href":"https:\/\/xirgo.com\/es\/wp-json\/wp\/v2\/comments?post=3157"}],"version-history":[{"count":1,"href":"https:\/\/xirgo.com\/es\/wp-json\/wp\/v2\/pages\/3157\/revisions"}],"predecessor-version":[{"id":4249,"href":"https:\/\/xirgo.com\/es\/wp-json\/wp\/v2\/pages\/3157\/revisions\/4249"}],"up":[{"embeddable":true,"href":"https:\/\/xirgo.com\/es\/wp-json\/wp\/v2\/pages\/3197"}],"wp:featuredmedia":[{"embeddable":true,"href":"https:\/\/xirgo.com\/es\/wp-json\/wp\/v2\/media\/1564"}],"wp:attachment":[{"href":"https:\/\/xirgo.com\/es\/wp-json\/wp\/v2\/media?parent=3157"}],"wp:term":[{"taxonomy":"hf_cat_page","embeddable":true,"href":"https:\/\/xirgo.com\/es\/wp-json\/wp\/v2\/hf_cat_page?post=3157"}],"curies":[{"name":"wp","href":"https:\/\/api.w.org\/{rel}","templated":true}]}}