{"id":3159,"date":"2025-02-05T15:52:57","date_gmt":"2025-02-05T21:52:57","guid":{"rendered":"https:\/\/xirgo.com\/telematica-de-vehiculos\/"},"modified":"2025-07-11T08:20:13","modified_gmt":"2025-07-11T13:20:13","slug":"telematica-de-vehiculos","status":"publish","type":"page","link":"https:\/\/xirgo.com\/es\/productos\/telematica-de-vehiculos\/","title":{"rendered":"Telem\u00e1tica de veh\u00edculos"},"content":{"rendered":"","protected":false},"excerpt":{"rendered":"","protected":false},"author":2,"featured_media":2714,"parent":3178,"menu_order":0,"comment_status":"closed","ping_status":"closed","template":"","meta":{"_acf_changed":false,"footnotes":""},"hf_cat_page":[],"class_list":["post-3159","page","type-page","status-publish","has-post-thumbnail","hentry"],"acf":[],"yoast_head":"<!-- This site is optimized with the Yoast SEO plugin v27.6 - https:\/\/yoast.com\/product\/yoast-seo-wordpress\/ -->\n<title>Dispositivos telem\u00e1ticos para veh\u00edculos | Xirgo<\/title>\n<meta name=\"description\" content=\"Aprovecha nuestros dispositivos telem\u00e1ticos para veh\u00edculos para inspirar las acciones correctas y potenciar decisiones m\u00e1s inteligentes para tus clientes.\" \/>\n<meta name=\"robots\" content=\"index, follow, max-snippet:-1, max-image-preview:large, max-video-preview:-1\" \/>\n<link rel=\"canonical\" href=\"https:\/\/xirgo.com\/es\/productos\/telematica-de-vehiculos\/\" \/>\n<meta property=\"og:locale\" content=\"es_ES\" \/>\n<meta property=\"og:type\" content=\"article\" \/>\n<meta property=\"og:title\" content=\"Dispositivos telem\u00e1ticos para veh\u00edculos | Xirgo\" \/>\n<meta property=\"og:description\" content=\"Aprovecha nuestros dispositivos telem\u00e1ticos para veh\u00edculos para inspirar las acciones correctas y potenciar decisiones m\u00e1s inteligentes para tus clientes.\" \/>\n<meta property=\"og:url\" content=\"https:\/\/xirgo.com\/es\/productos\/telematica-de-vehiculos\/\" \/>\n<meta property=\"og:site_name\" content=\"Xirgo\" \/>\n<meta property=\"article:modified_time\" content=\"2025-07-11T13:20:13+00:00\" \/>\n<meta property=\"og:image\" content=\"https:\/\/xirgo.com\/wp-content\/uploads\/2025\/02\/Vehicle-Telematics-hero.webp\" \/>\n\t<meta property=\"og:image:width\" content=\"1433\" \/>\n\t<meta property=\"og:image:height\" content=\"600\" \/>\n\t<meta property=\"og:image:type\" content=\"image\/webp\" \/>\n<meta name=\"twitter:card\" content=\"summary_large_image\" \/>\n<script type=\"application\/ld+json\" class=\"yoast-schema-graph\">{\"@context\":\"https:\\\/\\\/schema.org\",\"@graph\":[{\"@type\":\"WebPage\",\"@id\":\"https:\\\/\\\/xirgo.com\\\/es\\\/productos\\\/telematica-de-vehiculos\\\/\",\"url\":\"https:\\\/\\\/xirgo.com\\\/es\\\/productos\\\/telematica-de-vehiculos\\\/\",\"name\":\"Dispositivos telem\u00e1ticos para veh\u00edculos | Xirgo\",\"isPartOf\":{\"@id\":\"https:\\\/\\\/xirgo.com\\\/es\\\/#website\"},\"primaryImageOfPage\":{\"@id\":\"https:\\\/\\\/xirgo.com\\\/es\\\/productos\\\/telematica-de-vehiculos\\\/#primaryimage\"},\"image\":{\"@id\":\"https:\\\/\\\/xirgo.com\\\/es\\\/productos\\\/telematica-de-vehiculos\\\/#primaryimage\"},\"thumbnailUrl\":\"https:\\\/\\\/xirgo.com\\\/wp-content\\\/uploads\\\/2025\\\/02\\\/Vehicle-Telematics-hero.webp\",\"datePublished\":\"2025-02-05T21:52:57+00:00\",\"dateModified\":\"2025-07-11T13:20:13+00:00\",\"description\":\"Aprovecha nuestros dispositivos telem\u00e1ticos para veh\u00edculos para inspirar las acciones correctas y potenciar decisiones m\u00e1s inteligentes para tus clientes.\",\"breadcrumb\":{\"@id\":\"https:\\\/\\\/xirgo.com\\\/es\\\/productos\\\/telematica-de-vehiculos\\\/#breadcrumb\"},\"inLanguage\":\"es\",\"potentialAction\":[{\"@type\":\"ReadAction\",\"target\":[\"https:\\\/\\\/xirgo.com\\\/es\\\/productos\\\/telematica-de-vehiculos\\\/\"]}]},{\"@type\":\"ImageObject\",\"inLanguage\":\"es\",\"@id\":\"https:\\\/\\\/xirgo.com\\\/es\\\/productos\\\/telematica-de-vehiculos\\\/#primaryimage\",\"url\":\"https:\\\/\\\/xirgo.com\\\/wp-content\\\/uploads\\\/2025\\\/02\\\/Vehicle-Telematics-hero.webp\",\"contentUrl\":\"https:\\\/\\\/xirgo.com\\\/wp-content\\\/uploads\\\/2025\\\/02\\\/Vehicle-Telematics-hero.webp\",\"width\":1433,\"height\":600},{\"@type\":\"BreadcrumbList\",\"@id\":\"https:\\\/\\\/xirgo.com\\\/es\\\/productos\\\/telematica-de-vehiculos\\\/#breadcrumb\",\"itemListElement\":[{\"@type\":\"ListItem\",\"position\":1,\"name\":\"Home\",\"item\":\"https:\\\/\\\/xirgo.com\\\/es\\\/\"},{\"@type\":\"ListItem\",\"position\":2,\"name\":\"Productos\",\"item\":\"https:\\\/\\\/xirgo.com\\\/es\\\/productos\\\/\"},{\"@type\":\"ListItem\",\"position\":3,\"name\":\"Telem\u00e1tica de veh\u00edculos\"}]},{\"@type\":\"WebSite\",\"@id\":\"https:\\\/\\\/xirgo.com\\\/es\\\/#website\",\"url\":\"https:\\\/\\\/xirgo.com\\\/es\\\/\",\"name\":\"Xirgo\",\"description\":\"\",\"potentialAction\":[{\"@type\":\"SearchAction\",\"target\":{\"@type\":\"EntryPoint\",\"urlTemplate\":\"https:\\\/\\\/xirgo.com\\\/es\\\/?s={search_term_string}\"},\"query-input\":{\"@type\":\"PropertyValueSpecification\",\"valueRequired\":true,\"valueName\":\"search_term_string\"}}],\"inLanguage\":\"es\"}]}<\/script>\n<!-- \/ Yoast SEO plugin. -->","yoast_head_json":{"title":"Dispositivos telem\u00e1ticos para veh\u00edculos | Xirgo","description":"Aprovecha nuestros dispositivos telem\u00e1ticos para veh\u00edculos para inspirar las acciones correctas y potenciar decisiones m\u00e1s inteligentes para tus clientes.","robots":{"index":"index","follow":"follow","max-snippet":"max-snippet:-1","max-image-preview":"max-image-preview:large","max-video-preview":"max-video-preview:-1"},"canonical":"https:\/\/xirgo.com\/es\/productos\/telematica-de-vehiculos\/","og_locale":"es_ES","og_type":"article","og_title":"Dispositivos telem\u00e1ticos para veh\u00edculos | Xirgo","og_description":"Aprovecha nuestros dispositivos telem\u00e1ticos para veh\u00edculos para inspirar las acciones correctas y potenciar decisiones m\u00e1s inteligentes para tus clientes.","og_url":"https:\/\/xirgo.com\/es\/productos\/telematica-de-vehiculos\/","og_site_name":"Xirgo","article_modified_time":"2025-07-11T13:20:13+00:00","og_image":[{"width":1433,"height":600,"url":"https:\/\/xirgo.com\/wp-content\/uploads\/2025\/02\/Vehicle-Telematics-hero.webp","type":"image\/webp"}],"twitter_card":"summary_large_image","schema":{"@context":"https:\/\/schema.org","@graph":[{"@type":"WebPage","@id":"https:\/\/xirgo.com\/es\/productos\/telematica-de-vehiculos\/","url":"https:\/\/xirgo.com\/es\/productos\/telematica-de-vehiculos\/","name":"Dispositivos telem\u00e1ticos para veh\u00edculos | Xirgo","isPartOf":{"@id":"https:\/\/xirgo.com\/es\/#website"},"primaryImageOfPage":{"@id":"https:\/\/xirgo.com\/es\/productos\/telematica-de-vehiculos\/#primaryimage"},"image":{"@id":"https:\/\/xirgo.com\/es\/productos\/telematica-de-vehiculos\/#primaryimage"},"thumbnailUrl":"https:\/\/xirgo.com\/wp-content\/uploads\/2025\/02\/Vehicle-Telematics-hero.webp","datePublished":"2025-02-05T21:52:57+00:00","dateModified":"2025-07-11T13:20:13+00:00","description":"Aprovecha nuestros dispositivos telem\u00e1ticos para veh\u00edculos para inspirar las acciones correctas y potenciar decisiones m\u00e1s inteligentes para tus clientes.","breadcrumb":{"@id":"https:\/\/xirgo.com\/es\/productos\/telematica-de-vehiculos\/#breadcrumb"},"inLanguage":"es","potentialAction":[{"@type":"ReadAction","target":["https:\/\/xirgo.com\/es\/productos\/telematica-de-vehiculos\/"]}]},{"@type":"ImageObject","inLanguage":"es","@id":"https:\/\/xirgo.com\/es\/productos\/telematica-de-vehiculos\/#primaryimage","url":"https:\/\/xirgo.com\/wp-content\/uploads\/2025\/02\/Vehicle-Telematics-hero.webp","contentUrl":"https:\/\/xirgo.com\/wp-content\/uploads\/2025\/02\/Vehicle-Telematics-hero.webp","width":1433,"height":600},{"@type":"BreadcrumbList","@id":"https:\/\/xirgo.com\/es\/productos\/telematica-de-vehiculos\/#breadcrumb","itemListElement":[{"@type":"ListItem","position":1,"name":"Home","item":"https:\/\/xirgo.com\/es\/"},{"@type":"ListItem","position":2,"name":"Productos","item":"https:\/\/xirgo.com\/es\/productos\/"},{"@type":"ListItem","position":3,"name":"Telem\u00e1tica de veh\u00edculos"}]},{"@type":"WebSite","@id":"https:\/\/xirgo.com\/es\/#website","url":"https:\/\/xirgo.com\/es\/","name":"Xirgo","description":"","potentialAction":[{"@type":"SearchAction","target":{"@type":"EntryPoint","urlTemplate":"https:\/\/xirgo.com\/es\/?s={search_term_string}"},"query-input":{"@type":"PropertyValueSpecification","valueRequired":true,"valueName":"search_term_string"}}],"inLanguage":"es"}]}},"_links":{"self":[{"href":"https:\/\/xirgo.com\/es\/wp-json\/wp\/v2\/pages\/3159","targetHints":{"allow":["GET"]}}],"collection":[{"href":"https:\/\/xirgo.com\/es\/wp-json\/wp\/v2\/pages"}],"about":[{"href":"https:\/\/xirgo.com\/es\/wp-json\/wp\/v2\/types\/page"}],"author":[{"embeddable":true,"href":"https:\/\/xirgo.com\/es\/wp-json\/wp\/v2\/users\/2"}],"replies":[{"embeddable":true,"href":"https:\/\/xirgo.com\/es\/wp-json\/wp\/v2\/comments?post=3159"}],"version-history":[{"count":0,"href":"https:\/\/xirgo.com\/es\/wp-json\/wp\/v2\/pages\/3159\/revisions"}],"up":[{"embeddable":true,"href":"https:\/\/xirgo.com\/es\/wp-json\/wp\/v2\/pages\/3178"}],"wp:featuredmedia":[{"embeddable":true,"href":"https:\/\/xirgo.com\/es\/wp-json\/wp\/v2\/media\/2714"}],"wp:attachment":[{"href":"https:\/\/xirgo.com\/es\/wp-json\/wp\/v2\/media?parent=3159"}],"wp:term":[{"taxonomy":"hf_cat_page","embeddable":true,"href":"https:\/\/xirgo.com\/es\/wp-json\/wp\/v2\/hf_cat_page?post=3159"}],"curies":[{"name":"wp","href":"https:\/\/api.w.org\/{rel}","templated":true}]}}