{"id":3167,"date":"2025-01-08T09:37:50","date_gmt":"2025-01-08T15:37:50","guid":{"rendered":"https:\/\/xirgo.com\/noticias\/"},"modified":"2025-07-11T07:33:52","modified_gmt":"2025-07-11T12:33:52","slug":"noticias","status":"publish","type":"page","link":"https:\/\/xirgo.com\/es\/noticias\/","title":{"rendered":"Noticias"},"content":{"rendered":"\n\n<main  id=\"main\" data-type=\"box\" data-name=\"Box\" data-accepts=\"true\">\n\t<\/main>\n<aside  id=\"sidebar\" data-type=\"box\" data-name=\"Box\" data-accepts=\"true\">\n\t<\/aside>\n<h2>\n\t\tMedia contact\n\t<\/h2>\n\t<p>Have a media-related inquiry? Please connect with our media team directly at <a href=\"mailto:PR@xirgo.com\">PR@xirgo.com<\/a>.<\/p>\n<h2>\n\t\tConnect with us on social\n\t<\/h2>\n\t<p>Follow us on Facebook, LinkedIn and X, and never miss a minute of what&#8217;s happening.<\/p>\n\n","protected":false},"excerpt":{"rendered":"<p>Media contact Have a media-related inquiry? Please connect with our media team directly at PR@xirgo.com. Connect with us on social Follow us on Facebook, LinkedIn and X, and never miss a minute of what&#8217;s happening.<\/p>\n","protected":false},"author":2,"featured_media":2296,"parent":0,"menu_order":0,"comment_status":"closed","ping_status":"closed","template":"","meta":{"_acf_changed":false,"footnotes":""},"hf_cat_page":[],"class_list":["post-3167","page","type-page","status-publish","has-post-thumbnail","hentry"],"acf":[],"yoast_head":"<!-- This site is optimized with the Yoast SEO plugin v27.6 - https:\/\/yoast.com\/product\/yoast-seo-wordpress\/ -->\n<title>Compartiremos las actualizaciones aqu\u00ed en nuestra sala de prensa | Xirgo<\/title>\n<meta name=\"description\" content=\"Como pioneros en telem\u00e1tica de flotas, y ahora l\u00edderes en log\u00edstica inteligente de flotas, no s\u00f3lo tenemos un historial de \u00e9xito probado, \u00a1sino mucho m\u00e1s de lo que hablar!\" \/>\n<meta name=\"robots\" content=\"index, follow, max-snippet:-1, max-image-preview:large, max-video-preview:-1\" \/>\n<link rel=\"canonical\" href=\"https:\/\/xirgo.com\/es\/noticias\/\" \/>\n<meta property=\"og:locale\" content=\"es_ES\" \/>\n<meta property=\"og:type\" content=\"article\" \/>\n<meta property=\"og:title\" content=\"Compartiremos las actualizaciones aqu\u00ed en nuestra sala de prensa | Xirgo\" \/>\n<meta property=\"og:description\" content=\"Como pioneros en telem\u00e1tica de flotas, y ahora l\u00edderes en log\u00edstica inteligente de flotas, no s\u00f3lo tenemos un historial de \u00e9xito probado, \u00a1sino mucho m\u00e1s de lo que hablar!\" \/>\n<meta property=\"og:url\" content=\"https:\/\/xirgo.com\/es\/noticias\/\" \/>\n<meta property=\"og:site_name\" content=\"Xirgo\" \/>\n<meta property=\"article:modified_time\" content=\"2025-07-11T12:33:52+00:00\" \/>\n<meta property=\"og:image\" content=\"https:\/\/xirgo.com\/wp-content\/uploads\/2025\/02\/About_News_hero.webp\" \/>\n\t<meta property=\"og:image:width\" content=\"1433\" \/>\n\t<meta property=\"og:image:height\" content=\"600\" \/>\n\t<meta property=\"og:image:type\" content=\"image\/webp\" \/>\n<meta name=\"twitter:card\" content=\"summary_large_image\" \/>\n<script type=\"application\/ld+json\" class=\"yoast-schema-graph\">{\"@context\":\"https:\\\/\\\/schema.org\",\"@graph\":[{\"@type\":\"WebPage\",\"@id\":\"https:\\\/\\\/xirgo.com\\\/es\\\/noticias\\\/\",\"url\":\"https:\\\/\\\/xirgo.com\\\/es\\\/noticias\\\/\",\"name\":\"Compartiremos las actualizaciones aqu\u00ed en nuestra sala de prensa | Xirgo\",\"isPartOf\":{\"@id\":\"https:\\\/\\\/xirgo.com\\\/es\\\/#website\"},\"primaryImageOfPage\":{\"@id\":\"https:\\\/\\\/xirgo.com\\\/es\\\/noticias\\\/#primaryimage\"},\"image\":{\"@id\":\"https:\\\/\\\/xirgo.com\\\/es\\\/noticias\\\/#primaryimage\"},\"thumbnailUrl\":\"https:\\\/\\\/xirgo.com\\\/wp-content\\\/uploads\\\/2025\\\/02\\\/About_News_hero.webp\",\"datePublished\":\"2025-01-08T15:37:50+00:00\",\"dateModified\":\"2025-07-11T12:33:52+00:00\",\"description\":\"Como pioneros en telem\u00e1tica de flotas, y ahora l\u00edderes en log\u00edstica inteligente de flotas, no s\u00f3lo tenemos un historial de \u00e9xito probado, \u00a1sino mucho m\u00e1s de lo que hablar!\",\"breadcrumb\":{\"@id\":\"https:\\\/\\\/xirgo.com\\\/es\\\/noticias\\\/#breadcrumb\"},\"inLanguage\":\"es\",\"potentialAction\":[{\"@type\":\"ReadAction\",\"target\":[\"https:\\\/\\\/xirgo.com\\\/es\\\/noticias\\\/\"]}]},{\"@type\":\"ImageObject\",\"inLanguage\":\"es\",\"@id\":\"https:\\\/\\\/xirgo.com\\\/es\\\/noticias\\\/#primaryimage\",\"url\":\"https:\\\/\\\/xirgo.com\\\/wp-content\\\/uploads\\\/2025\\\/02\\\/About_News_hero.webp\",\"contentUrl\":\"https:\\\/\\\/xirgo.com\\\/wp-content\\\/uploads\\\/2025\\\/02\\\/About_News_hero.webp\",\"width\":1433,\"height\":600},{\"@type\":\"BreadcrumbList\",\"@id\":\"https:\\\/\\\/xirgo.com\\\/es\\\/noticias\\\/#breadcrumb\",\"itemListElement\":[{\"@type\":\"ListItem\",\"position\":1,\"name\":\"Home\",\"item\":\"https:\\\/\\\/xirgo.com\\\/es\\\/\"},{\"@type\":\"ListItem\",\"position\":2,\"name\":\"Noticias\"}]},{\"@type\":\"WebSite\",\"@id\":\"https:\\\/\\\/xirgo.com\\\/es\\\/#website\",\"url\":\"https:\\\/\\\/xirgo.com\\\/es\\\/\",\"name\":\"Xirgo\",\"description\":\"\",\"potentialAction\":[{\"@type\":\"SearchAction\",\"target\":{\"@type\":\"EntryPoint\",\"urlTemplate\":\"https:\\\/\\\/xirgo.com\\\/es\\\/?s={search_term_string}\"},\"query-input\":{\"@type\":\"PropertyValueSpecification\",\"valueRequired\":true,\"valueName\":\"search_term_string\"}}],\"inLanguage\":\"es\"}]}<\/script>\n<!-- \/ Yoast SEO plugin. -->","yoast_head_json":{"title":"Compartiremos las actualizaciones aqu\u00ed en nuestra sala de prensa | Xirgo","description":"Como pioneros en telem\u00e1tica de flotas, y ahora l\u00edderes en log\u00edstica inteligente de flotas, no s\u00f3lo tenemos un historial de \u00e9xito probado, \u00a1sino mucho m\u00e1s de lo que hablar!","robots":{"index":"index","follow":"follow","max-snippet":"max-snippet:-1","max-image-preview":"max-image-preview:large","max-video-preview":"max-video-preview:-1"},"canonical":"https:\/\/xirgo.com\/es\/noticias\/","og_locale":"es_ES","og_type":"article","og_title":"Compartiremos las actualizaciones aqu\u00ed en nuestra sala de prensa | Xirgo","og_description":"Como pioneros en telem\u00e1tica de flotas, y ahora l\u00edderes en log\u00edstica inteligente de flotas, no s\u00f3lo tenemos un historial de \u00e9xito probado, \u00a1sino mucho m\u00e1s de lo que hablar!","og_url":"https:\/\/xirgo.com\/es\/noticias\/","og_site_name":"Xirgo","article_modified_time":"2025-07-11T12:33:52+00:00","og_image":[{"width":1433,"height":600,"url":"https:\/\/xirgo.com\/wp-content\/uploads\/2025\/02\/About_News_hero.webp","type":"image\/webp"}],"twitter_card":"summary_large_image","schema":{"@context":"https:\/\/schema.org","@graph":[{"@type":"WebPage","@id":"https:\/\/xirgo.com\/es\/noticias\/","url":"https:\/\/xirgo.com\/es\/noticias\/","name":"Compartiremos las actualizaciones aqu\u00ed en nuestra sala de prensa | Xirgo","isPartOf":{"@id":"https:\/\/xirgo.com\/es\/#website"},"primaryImageOfPage":{"@id":"https:\/\/xirgo.com\/es\/noticias\/#primaryimage"},"image":{"@id":"https:\/\/xirgo.com\/es\/noticias\/#primaryimage"},"thumbnailUrl":"https:\/\/xirgo.com\/wp-content\/uploads\/2025\/02\/About_News_hero.webp","datePublished":"2025-01-08T15:37:50+00:00","dateModified":"2025-07-11T12:33:52+00:00","description":"Como pioneros en telem\u00e1tica de flotas, y ahora l\u00edderes en log\u00edstica inteligente de flotas, no s\u00f3lo tenemos un historial de \u00e9xito probado, \u00a1sino mucho m\u00e1s de lo que hablar!","breadcrumb":{"@id":"https:\/\/xirgo.com\/es\/noticias\/#breadcrumb"},"inLanguage":"es","potentialAction":[{"@type":"ReadAction","target":["https:\/\/xirgo.com\/es\/noticias\/"]}]},{"@type":"ImageObject","inLanguage":"es","@id":"https:\/\/xirgo.com\/es\/noticias\/#primaryimage","url":"https:\/\/xirgo.com\/wp-content\/uploads\/2025\/02\/About_News_hero.webp","contentUrl":"https:\/\/xirgo.com\/wp-content\/uploads\/2025\/02\/About_News_hero.webp","width":1433,"height":600},{"@type":"BreadcrumbList","@id":"https:\/\/xirgo.com\/es\/noticias\/#breadcrumb","itemListElement":[{"@type":"ListItem","position":1,"name":"Home","item":"https:\/\/xirgo.com\/es\/"},{"@type":"ListItem","position":2,"name":"Noticias"}]},{"@type":"WebSite","@id":"https:\/\/xirgo.com\/es\/#website","url":"https:\/\/xirgo.com\/es\/","name":"Xirgo","description":"","potentialAction":[{"@type":"SearchAction","target":{"@type":"EntryPoint","urlTemplate":"https:\/\/xirgo.com\/es\/?s={search_term_string}"},"query-input":{"@type":"PropertyValueSpecification","valueRequired":true,"valueName":"search_term_string"}}],"inLanguage":"es"}]}},"_links":{"self":[{"href":"https:\/\/xirgo.com\/es\/wp-json\/wp\/v2\/pages\/3167","targetHints":{"allow":["GET"]}}],"collection":[{"href":"https:\/\/xirgo.com\/es\/wp-json\/wp\/v2\/pages"}],"about":[{"href":"https:\/\/xirgo.com\/es\/wp-json\/wp\/v2\/types\/page"}],"author":[{"embeddable":true,"href":"https:\/\/xirgo.com\/es\/wp-json\/wp\/v2\/users\/2"}],"replies":[{"embeddable":true,"href":"https:\/\/xirgo.com\/es\/wp-json\/wp\/v2\/comments?post=3167"}],"version-history":[{"count":0,"href":"https:\/\/xirgo.com\/es\/wp-json\/wp\/v2\/pages\/3167\/revisions"}],"wp:featuredmedia":[{"embeddable":true,"href":"https:\/\/xirgo.com\/es\/wp-json\/wp\/v2\/media\/2296"}],"wp:attachment":[{"href":"https:\/\/xirgo.com\/es\/wp-json\/wp\/v2\/media?parent=3167"}],"wp:term":[{"taxonomy":"hf_cat_page","embeddable":true,"href":"https:\/\/xirgo.com\/es\/wp-json\/wp\/v2\/hf_cat_page?post=3167"}],"curies":[{"name":"wp","href":"https:\/\/api.w.org\/{rel}","templated":true}]}}