{"id":3178,"date":"2025-02-02T14:56:30","date_gmt":"2025-02-02T20:56:30","guid":{"rendered":"https:\/\/xirgo.com\/productos\/"},"modified":"2025-08-25T20:17:09","modified_gmt":"2025-08-26T01:17:09","slug":"productos","status":"publish","type":"page","link":"https:\/\/xirgo.com\/es\/productos\/","title":{"rendered":"Productos"},"content":{"rendered":"\n\n<h2>\n\t\t\tDe extremo a extremo significa m\u00e1xima visibilidad\t<\/h2>\n\t<p>Nuestros productos telem\u00e1ticos modulares de extremo a extremo admiten soluciones a medida que re\u00fanen datos IoT de m\u00faltiples fuentes, les dan sentido y los entregan a trav\u00e9s de API, herramientas de gesti\u00f3n de dispositivos o una plataforma en la nube, en funci\u00f3n de tus requisitos t\u00e9cnicos y empresariales.<\/p>\n\t\t\t\t<img decoding=\"async\" src=\"https:\/\/xirgo.com\/wp-content\/uploads\/2025\/01\/icon-supply-chain.svg\" alt=\"supply chain\" itemprop=\"image\" height=\"0\" width=\"0\" title=\"supply chain\" onerror=\"this.style.display='none'\" loading=\"lazy\" \/>\n<h3>\n\t\t\tCubrir toda la cadena de suministro\t<\/h3>\n\t<p>Aumenta la eficacia, maximiza la utilizaci\u00f3n y ampl\u00eda los beneficios.<\/p>\n\t\t\t\t<img decoding=\"async\" src=\"https:\/\/xirgo.com\/wp-content\/uploads\/2025\/01\/icon-workplace-monitoring.svg\" alt=\"workplace monitoring\" itemprop=\"image\" height=\"0\" width=\"0\" title=\"workplace monitoring\" onerror=\"this.style.display='none'\" loading=\"lazy\" \/>\n<h3>\n\t\t\tSupervisar y gestionar el lugar de trabajo\t<\/h3>\n\t<p>Mide y gestiona la productividad y la rentabilidad.<\/p>\n\t\t\t\t<img decoding=\"async\" src=\"https:\/\/xirgo.com\/wp-content\/uploads\/2025\/01\/icon-vehicle-360.svg\" alt=\"vehicle 360\" itemprop=\"image\" height=\"0\" width=\"0\" title=\"vehicle 360\" onerror=\"this.style.display='none'\" loading=\"lazy\" \/>\n<h3>\n\t\t\tEjecutar y funcionar a la perfecci\u00f3n\t<\/h3>\n\t<p>Cuenta con nosotros para el dise\u00f1o, la instalaci\u00f3n y la configuraci\u00f3n.<\/p>\n<h3>\n\t\t\tEl futuro de la Log\u00edstica Inteligente de Flotas ya est\u00e1 aqu\u00ed.\t<\/h3>\n<h2>\n\t\t<a href=\"\/es\/productos\/video-telematica\/\" title=\"V\u00eddeo Telem\u00e1tica\"  target=\"_self\">\n\t\t\tV\u00eddeo Telem\u00e1tica\t\t<\/a>\n\t<\/h2>\n\t<p>Cuantos m\u00e1s conocimientos y visibilidad tengan tus clientes, m\u00e1s tranquilos podr\u00e1n navegar. Nuestros avanzados productos y soluciones de videotelem\u00e1tica proporcionan una visibilidad completa de las operaciones de la flota para mejorar los comportamientos de conducci\u00f3n, reducir el riesgo y mitigar los siniestros. <\/p>\n\t\t\t<a href=\"\/es\/productos\/video-telematica\/\" target=\"_self\">\n\t\t\t\t\t\t\tSaber m\u00e1s\n\t\t\t\t\t<\/a>\n\t\t\t\t<img decoding=\"async\" src=\"https:\/\/xirgo.com\/wp-content\/uploads\/2025\/02\/Insets_HP_VehicleTel.webp\" alt=\"Vehicle Telematics\" itemprop=\"image\" height=\"600\" width=\"803\" title=\"Vehicle Telematics\" onerror=\"this.style.display='none'\" loading=\"lazy\" \/>\n\t\t\t\t<img decoding=\"async\" src=\"https:\/\/xirgo.com\/wp-content\/uploads\/2025\/02\/Insets_ComFleets_inset1.webp\" alt=\"extensive and accurate data about fleet vehicles\" itemprop=\"image\" height=\"600\" width=\"803\" title=\"extensive and accurate data about fleet vehicles\" onerror=\"this.style.display='none'\" loading=\"lazy\" \/>\n<h2>\n\t\t<a href=\"\/es\/productos\/telematica-de-vehiculos\/\" title=\"Telem\u00e1tica de veh\u00edculos\"  target=\"_self\">\n\t\t\tTelem\u00e1tica de veh\u00edculos\t\t<\/a>\n\t<\/h2>\n\t<p>Nuestros completos productos y soluciones telem\u00e1ticos para veh\u00edculos proporcionan informaci\u00f3n en tiempo real que puede ayudar a tomar decisiones m\u00e1s inteligentes. Con la integraci\u00f3n en todas las clases de veh\u00edculos, las flotas de todo tipo pueden obtener datos que mejoran la seguridad, la eficiencia y el rendimiento. <\/p>\n\t\t\t<a href=\"\/es\/productos\/telematica-de-vehiculos\/\" target=\"_self\">\n\t\t\t\t\t\t\tSaber m\u00e1s\n\t\t\t\t\t<\/a>\n<h2>\n\t\t<a href=\"\/es\/productos\/telematica-de-activos\/\" title=\"Telem\u00e1tica de activos\"  target=\"_self\">\n\t\t\tTelem\u00e1tica de activos\t\t<\/a>\n\t<\/h2>\n\t<p>Tanto si se trata de una obra en construcci\u00f3n, un remolque de carga refrigerado, una ubicaci\u00f3n remota sin suministro el\u00e9ctrico o un hospital, nuestras soluciones de supervisi\u00f3n y control de activos supervisan y miden la ubicaci\u00f3n, la actividad y el estado de activos valiosos y centralizan los datos, todo ello en tiempo real.<\/p>\n\t\t\t<a href=\"\/es\/productos\/telematica-de-activos\/\" target=\"_self\">\n\t\t\t\t\t\t\tSaber m\u00e1s\n\t\t\t\t\t<\/a>\n\t\t\t\t<img decoding=\"async\" src=\"https:\/\/xirgo.com\/wp-content\/uploads\/2025\/02\/Insets_HP_AssetTel.webp\" alt=\"Asset Telematics\" itemprop=\"image\" height=\"600\" width=\"746\" title=\"Asset Telematics\" onerror=\"this.style.display='none'\" loading=\"lazy\" \/>\n\t\t\t\t<img decoding=\"async\" src=\"https:\/\/xirgo.com\/wp-content\/uploads\/2025\/02\/Insets_HP_TeleSoftware.webp\" alt=\"Telematics Software\" itemprop=\"image\" height=\"600\" width=\"746\" title=\"Telematics Software\" onerror=\"this.style.display='none'\" loading=\"lazy\" \/>\n<h2>\n\t\t<a href=\"\/es\/productos\/software-telematico\/\" title=\"Software telem\u00e1tico\"  target=\"_self\">\n\t\t\tSoftware telem\u00e1tico\t\t<\/a>\n\t<\/h2>\n\t<p>Nuestras API y el software de gesti\u00f3n de dispositivos son nuestros productos telem\u00e1ticos estrella. Ofrecemos una cartera completa a trav\u00e9s de nuestra plataforma telem\u00e1tica en la nube para dar a nuestros clientes del canal una flexibilidad \u00f3ptima para adaptar las soluciones a sus necesidades, todo desde un \u00fanico proveedor. <\/p>\n\t\t\t<a href=\"\/es\/productos\/software-telematico\/\" target=\"_self\">\n\t\t\t\t\t\t\tSaber m\u00e1s\n\t\t\t\t\t<\/a>\n\n","protected":false},"excerpt":{"rendered":"<p>De extremo a extremo significa m\u00e1xima visibilidad Nuestros productos telem\u00e1ticos modulares de extremo a extremo admiten soluciones a medida que re\u00fanen datos IoT de m\u00faltiples fuentes, les dan sentido y los entregan a trav\u00e9s de API, herramientas de gesti\u00f3n de dispositivos o una plataforma en la nube, en funci\u00f3n de tus requisitos t\u00e9cnicos y empresariales.&hellip;<\/p>\n","protected":false},"author":2,"featured_media":1764,"parent":0,"menu_order":0,"comment_status":"closed","ping_status":"closed","template":"","meta":{"_acf_changed":false,"footnotes":""},"hf_cat_page":[],"class_list":["post-3178","page","type-page","status-publish","has-post-thumbnail","hentry"],"acf":[],"yoast_head":"<!-- This site is optimized with the Yoast SEO plugin v27.6 - https:\/\/yoast.com\/product\/yoast-seo-wordpress\/ -->\n<title>Productos telem\u00e1ticos | Xirgo<\/title>\n<meta name=\"description\" content=\"Aprovecha una completa cartera de productos telem\u00e1ticos que abarca todo el espectro de la cadena de suministro y la log\u00edstica, la telem\u00e1tica y la supervisi\u00f3n de obras y activos.\" \/>\n<meta name=\"robots\" content=\"index, follow, max-snippet:-1, max-image-preview:large, max-video-preview:-1\" \/>\n<link rel=\"canonical\" href=\"https:\/\/xirgo.com\/es\/productos\/\" \/>\n<meta property=\"og:locale\" content=\"es_ES\" \/>\n<meta property=\"og:type\" content=\"article\" \/>\n<meta property=\"og:title\" content=\"Productos telem\u00e1ticos | Xirgo\" \/>\n<meta property=\"og:description\" content=\"Aprovecha una completa cartera de productos telem\u00e1ticos que abarca todo el espectro de la cadena de suministro y la log\u00edstica, la telem\u00e1tica y la supervisi\u00f3n de obras y activos.\" \/>\n<meta property=\"og:url\" content=\"https:\/\/xirgo.com\/es\/productos\/\" \/>\n<meta property=\"og:site_name\" content=\"Xirgo\" \/>\n<meta property=\"article:modified_time\" content=\"2025-08-26T01:17:09+00:00\" \/>\n<meta property=\"og:image\" content=\"https:\/\/xirgo.com\/wp-content\/uploads\/2025\/02\/Products_hero.webp\" \/>\n\t<meta property=\"og:image:width\" content=\"1433\" \/>\n\t<meta property=\"og:image:height\" content=\"600\" \/>\n\t<meta property=\"og:image:type\" content=\"image\/webp\" \/>\n<meta name=\"twitter:card\" content=\"summary_large_image\" \/>\n<meta name=\"twitter:label1\" content=\"Tiempo de lectura\" \/>\n\t<meta name=\"twitter:data1\" content=\"2 minutos\" \/>\n<script type=\"application\/ld+json\" class=\"yoast-schema-graph\">{\"@context\":\"https:\\\/\\\/schema.org\",\"@graph\":[{\"@type\":\"WebPage\",\"@id\":\"https:\\\/\\\/xirgo.com\\\/es\\\/productos\\\/\",\"url\":\"https:\\\/\\\/xirgo.com\\\/es\\\/productos\\\/\",\"name\":\"Productos telem\u00e1ticos | Xirgo\",\"isPartOf\":{\"@id\":\"https:\\\/\\\/xirgo.com\\\/es\\\/#website\"},\"primaryImageOfPage\":{\"@id\":\"https:\\\/\\\/xirgo.com\\\/es\\\/productos\\\/#primaryimage\"},\"image\":{\"@id\":\"https:\\\/\\\/xirgo.com\\\/es\\\/productos\\\/#primaryimage\"},\"thumbnailUrl\":\"https:\\\/\\\/xirgo.com\\\/wp-content\\\/uploads\\\/2025\\\/02\\\/Products_hero.webp\",\"datePublished\":\"2025-02-02T20:56:30+00:00\",\"dateModified\":\"2025-08-26T01:17:09+00:00\",\"description\":\"Aprovecha una completa cartera de productos telem\u00e1ticos que abarca todo el espectro de la cadena de suministro y la log\u00edstica, la telem\u00e1tica y la supervisi\u00f3n de obras y activos.\",\"breadcrumb\":{\"@id\":\"https:\\\/\\\/xirgo.com\\\/es\\\/productos\\\/#breadcrumb\"},\"inLanguage\":\"es\",\"potentialAction\":[{\"@type\":\"ReadAction\",\"target\":[\"https:\\\/\\\/xirgo.com\\\/es\\\/productos\\\/\"]}]},{\"@type\":\"ImageObject\",\"inLanguage\":\"es\",\"@id\":\"https:\\\/\\\/xirgo.com\\\/es\\\/productos\\\/#primaryimage\",\"url\":\"https:\\\/\\\/xirgo.com\\\/wp-content\\\/uploads\\\/2025\\\/02\\\/Products_hero.webp\",\"contentUrl\":\"https:\\\/\\\/xirgo.com\\\/wp-content\\\/uploads\\\/2025\\\/02\\\/Products_hero.webp\",\"width\":1433,\"height\":600},{\"@type\":\"BreadcrumbList\",\"@id\":\"https:\\\/\\\/xirgo.com\\\/es\\\/productos\\\/#breadcrumb\",\"itemListElement\":[{\"@type\":\"ListItem\",\"position\":1,\"name\":\"Home\",\"item\":\"https:\\\/\\\/xirgo.com\\\/es\\\/\"},{\"@type\":\"ListItem\",\"position\":2,\"name\":\"Productos\"}]},{\"@type\":\"WebSite\",\"@id\":\"https:\\\/\\\/xirgo.com\\\/es\\\/#website\",\"url\":\"https:\\\/\\\/xirgo.com\\\/es\\\/\",\"name\":\"Xirgo\",\"description\":\"\",\"potentialAction\":[{\"@type\":\"SearchAction\",\"target\":{\"@type\":\"EntryPoint\",\"urlTemplate\":\"https:\\\/\\\/xirgo.com\\\/es\\\/?s={search_term_string}\"},\"query-input\":{\"@type\":\"PropertyValueSpecification\",\"valueRequired\":true,\"valueName\":\"search_term_string\"}}],\"inLanguage\":\"es\"}]}<\/script>\n<!-- \/ Yoast SEO plugin. -->","yoast_head_json":{"title":"Productos telem\u00e1ticos | Xirgo","description":"Aprovecha una completa cartera de productos telem\u00e1ticos que abarca todo el espectro de la cadena de suministro y la log\u00edstica, la telem\u00e1tica y la supervisi\u00f3n de obras y activos.","robots":{"index":"index","follow":"follow","max-snippet":"max-snippet:-1","max-image-preview":"max-image-preview:large","max-video-preview":"max-video-preview:-1"},"canonical":"https:\/\/xirgo.com\/es\/productos\/","og_locale":"es_ES","og_type":"article","og_title":"Productos telem\u00e1ticos | Xirgo","og_description":"Aprovecha una completa cartera de productos telem\u00e1ticos que abarca todo el espectro de la cadena de suministro y la log\u00edstica, la telem\u00e1tica y la supervisi\u00f3n de obras y activos.","og_url":"https:\/\/xirgo.com\/es\/productos\/","og_site_name":"Xirgo","article_modified_time":"2025-08-26T01:17:09+00:00","og_image":[{"width":1433,"height":600,"url":"https:\/\/xirgo.com\/wp-content\/uploads\/2025\/02\/Products_hero.webp","type":"image\/webp"}],"twitter_card":"summary_large_image","twitter_misc":{"Tiempo de lectura":"2 minutos"},"schema":{"@context":"https:\/\/schema.org","@graph":[{"@type":"WebPage","@id":"https:\/\/xirgo.com\/es\/productos\/","url":"https:\/\/xirgo.com\/es\/productos\/","name":"Productos telem\u00e1ticos | Xirgo","isPartOf":{"@id":"https:\/\/xirgo.com\/es\/#website"},"primaryImageOfPage":{"@id":"https:\/\/xirgo.com\/es\/productos\/#primaryimage"},"image":{"@id":"https:\/\/xirgo.com\/es\/productos\/#primaryimage"},"thumbnailUrl":"https:\/\/xirgo.com\/wp-content\/uploads\/2025\/02\/Products_hero.webp","datePublished":"2025-02-02T20:56:30+00:00","dateModified":"2025-08-26T01:17:09+00:00","description":"Aprovecha una completa cartera de productos telem\u00e1ticos que abarca todo el espectro de la cadena de suministro y la log\u00edstica, la telem\u00e1tica y la supervisi\u00f3n de obras y activos.","breadcrumb":{"@id":"https:\/\/xirgo.com\/es\/productos\/#breadcrumb"},"inLanguage":"es","potentialAction":[{"@type":"ReadAction","target":["https:\/\/xirgo.com\/es\/productos\/"]}]},{"@type":"ImageObject","inLanguage":"es","@id":"https:\/\/xirgo.com\/es\/productos\/#primaryimage","url":"https:\/\/xirgo.com\/wp-content\/uploads\/2025\/02\/Products_hero.webp","contentUrl":"https:\/\/xirgo.com\/wp-content\/uploads\/2025\/02\/Products_hero.webp","width":1433,"height":600},{"@type":"BreadcrumbList","@id":"https:\/\/xirgo.com\/es\/productos\/#breadcrumb","itemListElement":[{"@type":"ListItem","position":1,"name":"Home","item":"https:\/\/xirgo.com\/es\/"},{"@type":"ListItem","position":2,"name":"Productos"}]},{"@type":"WebSite","@id":"https:\/\/xirgo.com\/es\/#website","url":"https:\/\/xirgo.com\/es\/","name":"Xirgo","description":"","potentialAction":[{"@type":"SearchAction","target":{"@type":"EntryPoint","urlTemplate":"https:\/\/xirgo.com\/es\/?s={search_term_string}"},"query-input":{"@type":"PropertyValueSpecification","valueRequired":true,"valueName":"search_term_string"}}],"inLanguage":"es"}]}},"_links":{"self":[{"href":"https:\/\/xirgo.com\/es\/wp-json\/wp\/v2\/pages\/3178","targetHints":{"allow":["GET"]}}],"collection":[{"href":"https:\/\/xirgo.com\/es\/wp-json\/wp\/v2\/pages"}],"about":[{"href":"https:\/\/xirgo.com\/es\/wp-json\/wp\/v2\/types\/page"}],"author":[{"embeddable":true,"href":"https:\/\/xirgo.com\/es\/wp-json\/wp\/v2\/users\/2"}],"replies":[{"embeddable":true,"href":"https:\/\/xirgo.com\/es\/wp-json\/wp\/v2\/comments?post=3178"}],"version-history":[{"count":2,"href":"https:\/\/xirgo.com\/es\/wp-json\/wp\/v2\/pages\/3178\/revisions"}],"predecessor-version":[{"id":4212,"href":"https:\/\/xirgo.com\/es\/wp-json\/wp\/v2\/pages\/3178\/revisions\/4212"}],"wp:featuredmedia":[{"embeddable":true,"href":"https:\/\/xirgo.com\/es\/wp-json\/wp\/v2\/media\/1764"}],"wp:attachment":[{"href":"https:\/\/xirgo.com\/es\/wp-json\/wp\/v2\/media?parent=3178"}],"wp:term":[{"taxonomy":"hf_cat_page","embeddable":true,"href":"https:\/\/xirgo.com\/es\/wp-json\/wp\/v2\/hf_cat_page?post=3178"}],"curies":[{"name":"wp","href":"https:\/\/api.w.org\/{rel}","templated":true}]}}