{"id":3190,"date":"2025-02-03T08:31:12","date_gmt":"2025-02-03T14:31:12","guid":{"rendered":"https:\/\/xirgo.com\/soluciones\/"},"modified":"2025-11-13T11:34:01","modified_gmt":"2025-11-13T17:34:01","slug":"soluciones","status":"publish","type":"page","link":"https:\/\/xirgo.com\/es\/soluciones\/","title":{"rendered":"Soluciones"},"content":{"rendered":"\n\n<h2>\n\t\t\tExplora nuestras soluciones\t<\/h2>\n\t<p>Xirgo dispone de soluciones flexibles y modulares de gesti\u00f3n inteligente de flotas para una amplia gama de aplicaciones, que proporcionan una visi\u00f3n de 360\u00b0 en tiempo real de toda la flota, manteni\u00e9ndote informado.<\/p>\n\t\t\t\t<img decoding=\"async\" src=\"https:\/\/xirgo.com\/wp-content\/uploads\/2025\/01\/Home_Fleet-Management.webp\" alt=\"fleet management\" itemprop=\"image\" height=\"1600\" width=\"2136\" title=\"Home_Fleet-Management\" onerror=\"this.style.display='none'\" loading=\"lazy\" \/>\n<h3>\n\t\t\tGesti\u00f3n de flotas\t<\/h3>\n\t<p><a href=\"\/es\/soluciones\/gestion-de-flotas\/\">Saber m\u00e1s<\/a><\/p>\n\t\t\t\t<img decoding=\"async\" src=\"https:\/\/xirgo.com\/wp-content\/uploads\/2025\/01\/Home_Smart-Trailer.webp\" alt=\"smart trailer\" itemprop=\"image\" height=\"1600\" width=\"2136\" title=\"Home_Smart-Trailer\" onerror=\"this.style.display='none'\" loading=\"lazy\" \/>\n<h3>\n\t\t\tRemolque inteligente\t<\/h3>\n\t<p><a href=\"\/es\/soluciones\/remolque-inteligente\/\">Saber m\u00e1s<\/a><\/p>\n\t\t\t\t<img decoding=\"async\" src=\"https:\/\/xirgo.com\/wp-content\/uploads\/2025\/01\/Home_DealerMan-StolenVehicles.webp\" alt=\"stolen vehicle recovery\" itemprop=\"image\" height=\"1600\" width=\"2136\" title=\"Home_DealerMan-StolenVehicles\" onerror=\"this.style.display='none'\" loading=\"lazy\" \/>\n<h3>\n\t\t\tGesti\u00f3n de concesionarios y recuperaci\u00f3n de veh\u00edculos robados\t<\/h3>\n\t<p><a href=\"\/es\/soluciones\/gestion-de-concesionarios-y-recuperacion-de-vehiculos-robados\/\">Saber m\u00e1s<\/a><\/p>\n\t\t\t\t<img decoding=\"async\" src=\"https:\/\/xirgo.com\/wp-content\/uploads\/2025\/01\/Home_Rental-Car-Fleet-Mgmt.webp\" alt=\"rental car fleet management\" itemprop=\"image\" height=\"800\" width=\"1068\" title=\"Home_Rental-Car-Fleet-Mgmt\" onerror=\"this.style.display='none'\" loading=\"lazy\" \/>\n<h3>\n\t\t\tAlquiler de coches\/Gesti\u00f3n de flotas\t<\/h3>\n\t<p><a href=\"\/es\/soluciones\/alquiler-de-coches-gestion-de-flotas\/\">Saber m\u00e1s<\/a><\/p>\n\t\t\t\t<img decoding=\"async\" src=\"https:\/\/xirgo.com\/wp-content\/uploads\/2025\/01\/Home_DriverSafety.webp\" alt=\"driver safety monitoring\" itemprop=\"image\" height=\"1600\" width=\"2136\" title=\"Home_DriverSafety\" onerror=\"this.style.display='none'\" loading=\"lazy\" \/>\n<h3>\n\t\t\tSeguridad y control del conductor\t<\/h3>\n\t<p><a href=\"\/es\/soluciones\/seguridad-y-control-del-conductor\/\">Saber m\u00e1s<\/a><\/p>\n\t\t\t\t<img decoding=\"async\" src=\"https:\/\/xirgo.com\/wp-content\/uploads\/2025\/01\/Home_Container.webp\" alt=\"container logistics\" itemprop=\"image\" height=\"800\" width=\"1068\" title=\"Home_Container\" onerror=\"this.style.display='none'\" loading=\"lazy\" \/>\n<h3>\n\t\t\tLog\u00edstica de contenedores\t<\/h3>\n\t<p><a href=\"\/es\/soluciones\/logistica-de-contenedores\/\">Saber m\u00e1s<\/a><\/p>\n\t\t\t\t<img decoding=\"async\" src=\"https:\/\/xirgo.com\/wp-content\/uploads\/2025\/10\/navcard-municipalities.webp\" alt=\"navcard-municipalities.webp\" itemprop=\"image\" title=\"navcard-municipalities.webp\" onerror=\"this.style.display='none'\" loading=\"lazy\" \/>\n<h3>\n\t\t\tSoluciones para veh\u00edculos industriales\t<\/h3>\n\t<p><a href=\"\/es\/soluciones\/vehiculos\/\">Saber m\u00e1s<\/a><\/p>\n<h2  data-animation-delay=\"0\" data-animation-duration=\"0.33\">\n\t\t\tEstamos aqu\u00ed para ayudarte\t<\/h2>\n\t<p>Cuando nuestros clientes del canal ganan, nosotros ganamos. H\u00e1blanos de tus oportunidades: exploremos c\u00f3mo podemos integrar nuestras soluciones en las tuyas. <\/p>\n\t\t\t<a href=\"\/es\/contacto\/contacta-con-nosotros\/\" target=\"_self\">\n\t\t\t\t\t\t\tContacta con nosotros\n\t\t\t\t\t<\/a>\n\n","protected":false},"excerpt":{"rendered":"<p>Explora nuestras soluciones Xirgo dispone de soluciones flexibles y modulares de gesti\u00f3n inteligente de flotas para una amplia gama de aplicaciones, que proporcionan una visi\u00f3n de 360\u00b0 en tiempo real de toda la flota, manteni\u00e9ndote informado. Gesti\u00f3n de flotas Saber m\u00e1s Remolque inteligente Saber m\u00e1s Gesti\u00f3n de concesionarios y recuperaci\u00f3n de veh\u00edculos robados Saber m\u00e1s&hellip;<\/p>\n","protected":false},"author":2,"featured_media":1483,"parent":0,"menu_order":0,"comment_status":"closed","ping_status":"closed","template":"","meta":{"_acf_changed":false,"footnotes":""},"hf_cat_page":[],"class_list":["post-3190","page","type-page","status-publish","has-post-thumbnail","hentry"],"acf":[],"yoast_head":"<!-- This site is optimized with the Yoast SEO plugin v27.6 - https:\/\/yoast.com\/product\/yoast-seo-wordpress\/ -->\n<title>Soluciones inteligentes de gesti\u00f3n de flotas | Xirgo<\/title>\n<meta name=\"description\" content=\"Los datos cr\u00edticos y las pruebas de v\u00eddeo protegen a conductores y pasajeros. Las soluciones inteligentes de gesti\u00f3n de flotas de Xirgo te ofrecen una visi\u00f3n de 360\u00ba en tiempo real de toda la flota.\" \/>\n<meta name=\"robots\" content=\"index, follow, max-snippet:-1, max-image-preview:large, max-video-preview:-1\" \/>\n<link rel=\"canonical\" href=\"https:\/\/xirgo.com\/es\/soluciones\/\" \/>\n<meta property=\"og:locale\" content=\"es_ES\" \/>\n<meta property=\"og:type\" content=\"article\" \/>\n<meta property=\"og:title\" content=\"Soluciones inteligentes de gesti\u00f3n de flotas | Xirgo\" \/>\n<meta property=\"og:description\" content=\"Los datos cr\u00edticos y las pruebas de v\u00eddeo protegen a conductores y pasajeros. Las soluciones inteligentes de gesti\u00f3n de flotas de Xirgo te ofrecen una visi\u00f3n de 360\u00ba en tiempo real de toda la flota.\" \/>\n<meta property=\"og:url\" content=\"https:\/\/xirgo.com\/es\/soluciones\/\" \/>\n<meta property=\"og:site_name\" content=\"Xirgo\" \/>\n<meta property=\"article:modified_time\" content=\"2025-11-13T17:34:01+00:00\" \/>\n<meta property=\"og:image\" content=\"https:\/\/xirgo.com\/wp-content\/uploads\/2025\/02\/Xirgo_Solutions_hero.webp\" \/>\n\t<meta property=\"og:image:width\" content=\"900\" \/>\n\t<meta property=\"og:image:height\" content=\"538\" \/>\n\t<meta property=\"og:image:type\" content=\"image\/webp\" \/>\n<meta name=\"twitter:card\" content=\"summary_large_image\" \/>\n<meta name=\"twitter:label1\" content=\"Tiempo de lectura\" \/>\n\t<meta name=\"twitter:data1\" content=\"1 minuto\" \/>\n<script type=\"application\/ld+json\" class=\"yoast-schema-graph\">{\"@context\":\"https:\\\/\\\/schema.org\",\"@graph\":[{\"@type\":\"WebPage\",\"@id\":\"https:\\\/\\\/xirgo.com\\\/es\\\/soluciones\\\/\",\"url\":\"https:\\\/\\\/xirgo.com\\\/es\\\/soluciones\\\/\",\"name\":\"Soluciones inteligentes de gesti\u00f3n de flotas | Xirgo\",\"isPartOf\":{\"@id\":\"https:\\\/\\\/xirgo.com\\\/es\\\/#website\"},\"primaryImageOfPage\":{\"@id\":\"https:\\\/\\\/xirgo.com\\\/es\\\/soluciones\\\/#primaryimage\"},\"image\":{\"@id\":\"https:\\\/\\\/xirgo.com\\\/es\\\/soluciones\\\/#primaryimage\"},\"thumbnailUrl\":\"https:\\\/\\\/xirgo.com\\\/wp-content\\\/uploads\\\/2025\\\/02\\\/Xirgo_Solutions_hero.webp\",\"datePublished\":\"2025-02-03T14:31:12+00:00\",\"dateModified\":\"2025-11-13T17:34:01+00:00\",\"description\":\"Los datos cr\u00edticos y las pruebas de v\u00eddeo protegen a conductores y pasajeros. Las soluciones inteligentes de gesti\u00f3n de flotas de Xirgo te ofrecen una visi\u00f3n de 360\u00ba en tiempo real de toda la flota.\",\"breadcrumb\":{\"@id\":\"https:\\\/\\\/xirgo.com\\\/es\\\/soluciones\\\/#breadcrumb\"},\"inLanguage\":\"es\",\"potentialAction\":[{\"@type\":\"ReadAction\",\"target\":[\"https:\\\/\\\/xirgo.com\\\/es\\\/soluciones\\\/\"]}]},{\"@type\":\"ImageObject\",\"inLanguage\":\"es\",\"@id\":\"https:\\\/\\\/xirgo.com\\\/es\\\/soluciones\\\/#primaryimage\",\"url\":\"https:\\\/\\\/xirgo.com\\\/wp-content\\\/uploads\\\/2025\\\/02\\\/Xirgo_Solutions_hero.webp\",\"contentUrl\":\"https:\\\/\\\/xirgo.com\\\/wp-content\\\/uploads\\\/2025\\\/02\\\/Xirgo_Solutions_hero.webp\",\"width\":900,\"height\":538},{\"@type\":\"BreadcrumbList\",\"@id\":\"https:\\\/\\\/xirgo.com\\\/es\\\/soluciones\\\/#breadcrumb\",\"itemListElement\":[{\"@type\":\"ListItem\",\"position\":1,\"name\":\"Home\",\"item\":\"https:\\\/\\\/xirgo.com\\\/es\\\/\"},{\"@type\":\"ListItem\",\"position\":2,\"name\":\"Soluciones\"}]},{\"@type\":\"WebSite\",\"@id\":\"https:\\\/\\\/xirgo.com\\\/es\\\/#website\",\"url\":\"https:\\\/\\\/xirgo.com\\\/es\\\/\",\"name\":\"Xirgo\",\"description\":\"\",\"potentialAction\":[{\"@type\":\"SearchAction\",\"target\":{\"@type\":\"EntryPoint\",\"urlTemplate\":\"https:\\\/\\\/xirgo.com\\\/es\\\/?s={search_term_string}\"},\"query-input\":{\"@type\":\"PropertyValueSpecification\",\"valueRequired\":true,\"valueName\":\"search_term_string\"}}],\"inLanguage\":\"es\"}]}<\/script>\n<!-- \/ Yoast SEO plugin. -->","yoast_head_json":{"title":"Soluciones inteligentes de gesti\u00f3n de flotas | Xirgo","description":"Los datos cr\u00edticos y las pruebas de v\u00eddeo protegen a conductores y pasajeros. Las soluciones inteligentes de gesti\u00f3n de flotas de Xirgo te ofrecen una visi\u00f3n de 360\u00ba en tiempo real de toda la flota.","robots":{"index":"index","follow":"follow","max-snippet":"max-snippet:-1","max-image-preview":"max-image-preview:large","max-video-preview":"max-video-preview:-1"},"canonical":"https:\/\/xirgo.com\/es\/soluciones\/","og_locale":"es_ES","og_type":"article","og_title":"Soluciones inteligentes de gesti\u00f3n de flotas | Xirgo","og_description":"Los datos cr\u00edticos y las pruebas de v\u00eddeo protegen a conductores y pasajeros. Las soluciones inteligentes de gesti\u00f3n de flotas de Xirgo te ofrecen una visi\u00f3n de 360\u00ba en tiempo real de toda la flota.","og_url":"https:\/\/xirgo.com\/es\/soluciones\/","og_site_name":"Xirgo","article_modified_time":"2025-11-13T17:34:01+00:00","og_image":[{"width":900,"height":538,"url":"https:\/\/xirgo.com\/wp-content\/uploads\/2025\/02\/Xirgo_Solutions_hero.webp","type":"image\/webp"}],"twitter_card":"summary_large_image","twitter_misc":{"Tiempo de lectura":"1 minuto"},"schema":{"@context":"https:\/\/schema.org","@graph":[{"@type":"WebPage","@id":"https:\/\/xirgo.com\/es\/soluciones\/","url":"https:\/\/xirgo.com\/es\/soluciones\/","name":"Soluciones inteligentes de gesti\u00f3n de flotas | Xirgo","isPartOf":{"@id":"https:\/\/xirgo.com\/es\/#website"},"primaryImageOfPage":{"@id":"https:\/\/xirgo.com\/es\/soluciones\/#primaryimage"},"image":{"@id":"https:\/\/xirgo.com\/es\/soluciones\/#primaryimage"},"thumbnailUrl":"https:\/\/xirgo.com\/wp-content\/uploads\/2025\/02\/Xirgo_Solutions_hero.webp","datePublished":"2025-02-03T14:31:12+00:00","dateModified":"2025-11-13T17:34:01+00:00","description":"Los datos cr\u00edticos y las pruebas de v\u00eddeo protegen a conductores y pasajeros. Las soluciones inteligentes de gesti\u00f3n de flotas de Xirgo te ofrecen una visi\u00f3n de 360\u00ba en tiempo real de toda la flota.","breadcrumb":{"@id":"https:\/\/xirgo.com\/es\/soluciones\/#breadcrumb"},"inLanguage":"es","potentialAction":[{"@type":"ReadAction","target":["https:\/\/xirgo.com\/es\/soluciones\/"]}]},{"@type":"ImageObject","inLanguage":"es","@id":"https:\/\/xirgo.com\/es\/soluciones\/#primaryimage","url":"https:\/\/xirgo.com\/wp-content\/uploads\/2025\/02\/Xirgo_Solutions_hero.webp","contentUrl":"https:\/\/xirgo.com\/wp-content\/uploads\/2025\/02\/Xirgo_Solutions_hero.webp","width":900,"height":538},{"@type":"BreadcrumbList","@id":"https:\/\/xirgo.com\/es\/soluciones\/#breadcrumb","itemListElement":[{"@type":"ListItem","position":1,"name":"Home","item":"https:\/\/xirgo.com\/es\/"},{"@type":"ListItem","position":2,"name":"Soluciones"}]},{"@type":"WebSite","@id":"https:\/\/xirgo.com\/es\/#website","url":"https:\/\/xirgo.com\/es\/","name":"Xirgo","description":"","potentialAction":[{"@type":"SearchAction","target":{"@type":"EntryPoint","urlTemplate":"https:\/\/xirgo.com\/es\/?s={search_term_string}"},"query-input":{"@type":"PropertyValueSpecification","valueRequired":true,"valueName":"search_term_string"}}],"inLanguage":"es"}]}},"_links":{"self":[{"href":"https:\/\/xirgo.com\/es\/wp-json\/wp\/v2\/pages\/3190","targetHints":{"allow":["GET"]}}],"collection":[{"href":"https:\/\/xirgo.com\/es\/wp-json\/wp\/v2\/pages"}],"about":[{"href":"https:\/\/xirgo.com\/es\/wp-json\/wp\/v2\/types\/page"}],"author":[{"embeddable":true,"href":"https:\/\/xirgo.com\/es\/wp-json\/wp\/v2\/users\/2"}],"replies":[{"embeddable":true,"href":"https:\/\/xirgo.com\/es\/wp-json\/wp\/v2\/comments?post=3190"}],"version-history":[{"count":3,"href":"https:\/\/xirgo.com\/es\/wp-json\/wp\/v2\/pages\/3190\/revisions"}],"predecessor-version":[{"id":4952,"href":"https:\/\/xirgo.com\/es\/wp-json\/wp\/v2\/pages\/3190\/revisions\/4952"}],"wp:featuredmedia":[{"embeddable":true,"href":"https:\/\/xirgo.com\/es\/wp-json\/wp\/v2\/media\/1483"}],"wp:attachment":[{"href":"https:\/\/xirgo.com\/es\/wp-json\/wp\/v2\/media?parent=3190"}],"wp:term":[{"taxonomy":"hf_cat_page","embeddable":true,"href":"https:\/\/xirgo.com\/es\/wp-json\/wp\/v2\/hf_cat_page?post=3190"}],"curies":[{"name":"wp","href":"https:\/\/api.w.org\/{rel}","templated":true}]}}