{"id":3197,"date":"2025-02-02T16:11:50","date_gmt":"2025-02-02T22:11:50","guid":{"rendered":"https:\/\/xirgo.com\/industrias\/"},"modified":"2025-08-25T20:23:15","modified_gmt":"2025-08-26T01:23:15","slug":"industrias","status":"publish","type":"page","link":"https:\/\/xirgo.com\/es\/industrias\/","title":{"rendered":"Industrias"},"content":{"rendered":"\n\n\t\t\t\t<a href=\"\/es\/industrias\/transporte-y-logistica\/\"  target=\"_self\" itemprop=\"url\">\n\t\t\t\t<img decoding=\"async\" src=\"https:\/\/xirgo.com\/wp-content\/uploads\/2025\/01\/transportation_main-img.webp\" alt=\"transportation and logistics\" itemprop=\"image\" height=\"400\" width=\"955\" title=\"transportation and logistics\" onerror=\"this.style.display='none'\" loading=\"lazy\" \/>\n\t\t\t\t<\/a>\n<h3>\n\t\t\tTransporte y log\u00edstica\t<\/h3>\n\t<p>Mensajeros de grandes marcas y minoristas online. Flotas propias y proveedores log\u00edsticos externos. De lo local a lo global, de la larga distancia a la \u00faltima milla, Xirgo tiene las capacidades para apoyar un rendimiento de siguiente nivel.  <\/p>\n\t\t\t<a href=\"\/es\/industrias\/transporte-y-logistica\/\" target=\"_self\">\n\t\t\t\t\t\t\tSaber m\u00e1s\n\t\t\t\t\t<\/a>\n\t\t\t\t<a href=\"\/es\/industrias\/flota-comercial-y-camiones-de-trabajo\/\"  target=\"_self\" itemprop=\"url\">\n\t\t\t\t<img decoding=\"async\" src=\"https:\/\/xirgo.com\/wp-content\/uploads\/2025\/01\/commercial-fleets_main-img.webp\" alt=\"commercial fleets\" itemprop=\"image\" height=\"400\" width=\"955\" title=\"commercial fleets\" onerror=\"this.style.display='none'\" loading=\"lazy\" \/>\n\t\t\t\t<\/a>\n<h3>\n\t\t\tFlotas comerciales y camiones de trabajo\t<\/h3>\n\t<p>La telem\u00e1tica para flotas comerciales est\u00e1 ayudando a las empresas de todo el mundo a proteger a sus conductores, reducir costes y aislar su cuenta de resultados de las reclamaciones y liquidaciones de seguros.<\/p>\n\t\t\t<a href=\"\/es\/industrias\/flota-comercial-y-camiones-de-trabajo\/\" target=\"_self\">\n\t\t\t\t\t\t\tSaber m\u00e1s\n\t\t\t\t\t<\/a>\n\t\t\t\t<a href=\"\/es\/industrias\/almacen-y-equipamiento-industrial\/\"  target=\"_self\" itemprop=\"url\">\n\t\t\t\t<img decoding=\"async\" src=\"https:\/\/xirgo.com\/wp-content\/uploads\/2025\/01\/warehouse_main-img.webp\" alt=\"warehouse and industrial equipment\" itemprop=\"image\" height=\"400\" width=\"955\" title=\"warehouse and industrial equipment\" onerror=\"this.style.display='none'\" loading=\"lazy\" \/>\n\t\t\t\t<\/a>\n<h3>\n\t\t\tAlmac\u00e9n y equipamiento industrial\t<\/h3>\n\t<p>Las soluciones de almac\u00e9n de Xirgo ayudan a las operaciones a mejorar la eficacia y la precisi\u00f3n mediante el seguimiento del flujo de mercanc\u00edas, procesos y personas hacia, desde y dentro de sus almacenes.<\/p>\n\t\t\t<a href=\"\/es\/industrias\/almacen-y-equipamiento-industrial\/\" target=\"_self\">\n\t\t\t\t\t\t\tSaber m\u00e1s\n\t\t\t\t\t<\/a>\n\t\t\t\t<a href=\"\/es\/industrias\/trabajo-pesado-y-todoterreno\/\"  target=\"_self\" itemprop=\"url\">\n\t\t\t\t<img decoding=\"async\" src=\"https:\/\/xirgo.com\/wp-content\/uploads\/2025\/01\/heavy-duty_main-img.webp\" alt=\"heavy duty and off-road\" itemprop=\"image\" height=\"400\" width=\"955\" title=\"heavy duty and off-road\" onerror=\"this.style.display='none'\" loading=\"lazy\" \/>\n\t\t\t\t<\/a>\n<h3>\n\t\t\tTrabajo pesado y todoterreno\t<\/h3>\n\t<p>Nuestra cartera de productos y soluciones abarca todos los elementos del seguimiento de flotas de veh\u00edculos pesados y todoterreno, y permite a los responsables de la toma de decisiones mejorar la eficacia y la productividad.<\/p>\n\t\t\t<a href=\"\/es\/industrias\/trabajo-pesado-y-todoterreno\/\" target=\"_self\">\n\t\t\t\t\t\t\tSaber m\u00e1s\n\t\t\t\t\t<\/a>\n\t\t\t\t<a href=\"\/es\/industrias\/municipios\/\"  target=\"_self\" itemprop=\"url\">\n\t\t\t\t<img decoding=\"async\" src=\"https:\/\/xirgo.com\/wp-content\/uploads\/2025\/01\/municipalities_main-img.webp\" alt=\"municipalities\" itemprop=\"image\" height=\"400\" width=\"955\" title=\"municipalities\" onerror=\"this.style.display='none'\" loading=\"lazy\" \/>\n\t\t\t\t<\/a>\n<h3>\n\t\t\tMunicipios\t<\/h3>\n\t<p>Los municipios representan un conjunto incre\u00edblemente amplio de necesidades y tipos de veh\u00edculos, desde los departamentos de calles y saneamiento hasta los primeros intervinientes, pasando por las motocicletas y las barredoras de calles: un ajuste perfecto para la versatilidad de Xirgo.<\/p>\n\t\t\t<a href=\"\/es\/industrias\/municipios\/\" target=\"_self\">\n\t\t\t\t\t\t\tSaber m\u00e1s\n\t\t\t\t\t<\/a>\n\t\t\t\t<img decoding=\"async\" src=\"https:\/\/xirgo.com\/wp-content\/uploads\/2025\/02\/Industries_LP_inset1.webp\" alt=\"World-class IoT technology\" itemprop=\"image\" height=\"600\" width=\"1067\" title=\"World-class IoT technology\" onerror=\"this.style.display='none'\" loading=\"lazy\" \/>\n<h2>\n\t\t\tTecnolog\u00eda IoT de primera clase para la mejor visibilidad, gesti\u00f3n y rentabilidad.\t<\/h2>\n\t<p>Cuando la anal\u00edtica, los dispositivos y las soluciones de software funcionan juntos a la perfecci\u00f3n, las empresas pueden funcionar de forma m\u00e1s eficiente. Xirgo ofrece verdadera flexibilidad y versatilidad para satisfacer una amplia gama de tipos de activos, en pr\u00e1cticamente todos los sectores: desde la agricultura hasta la gesti\u00f3n de residuos y todo lo dem\u00e1s. <\/p>\n\n","protected":false},"excerpt":{"rendered":"<p>Transporte y log\u00edstica Mensajeros de grandes marcas y minoristas online. Flotas propias y proveedores log\u00edsticos externos. De lo local a lo global, de la larga distancia a la \u00faltima milla, Xirgo tiene las capacidades para apoyar un rendimiento de siguiente nivel. Saber m\u00e1s Flotas comerciales y camiones de trabajo La telem\u00e1tica para flotas comerciales est\u00e1&hellip;<\/p>\n","protected":false},"author":2,"featured_media":1252,"parent":0,"menu_order":0,"comment_status":"closed","ping_status":"closed","template":"","meta":{"_acf_changed":false,"footnotes":""},"hf_cat_page":[],"class_list":["post-3197","page","type-page","status-publish","has-post-thumbnail","hentry"],"acf":[],"yoast_head":"<!-- This site is optimized with the Yoast SEO plugin v27.6 - https:\/\/yoast.com\/product\/yoast-seo-wordpress\/ -->\n<title>Soluciones por Industria | Xirgo<\/title>\n<meta name=\"description\" content=\"Sea cual sea tu sector, Xirgo tiene una soluci\u00f3n para respaldar tu \u00e9xito.\" \/>\n<meta name=\"robots\" content=\"index, follow, max-snippet:-1, max-image-preview:large, max-video-preview:-1\" \/>\n<link rel=\"canonical\" href=\"https:\/\/xirgo.com\/es\/industrias\/\" \/>\n<meta property=\"og:locale\" content=\"es_ES\" \/>\n<meta property=\"og:type\" content=\"article\" \/>\n<meta property=\"og:title\" content=\"Soluciones por Industria | Xirgo\" \/>\n<meta property=\"og:description\" content=\"Sea cual sea tu sector, Xirgo tiene una soluci\u00f3n para respaldar tu \u00e9xito.\" \/>\n<meta property=\"og:url\" content=\"https:\/\/xirgo.com\/es\/industrias\/\" \/>\n<meta property=\"og:site_name\" content=\"Xirgo\" \/>\n<meta property=\"article:modified_time\" content=\"2025-08-26T01:23:15+00:00\" \/>\n<meta property=\"og:image\" content=\"https:\/\/xirgo.com\/wp-content\/uploads\/2025\/02\/Xirgo_industries_HE_hero.webp\" \/>\n\t<meta property=\"og:image:width\" content=\"1067\" \/>\n\t<meta property=\"og:image:height\" content=\"600\" \/>\n\t<meta property=\"og:image:type\" content=\"image\/webp\" \/>\n<meta name=\"twitter:card\" content=\"summary_large_image\" \/>\n<meta name=\"twitter:label1\" content=\"Tiempo de lectura\" \/>\n\t<meta name=\"twitter:data1\" content=\"2 minutos\" \/>\n<script type=\"application\/ld+json\" class=\"yoast-schema-graph\">{\"@context\":\"https:\\\/\\\/schema.org\",\"@graph\":[{\"@type\":\"WebPage\",\"@id\":\"https:\\\/\\\/xirgo.com\\\/es\\\/industrias\\\/\",\"url\":\"https:\\\/\\\/xirgo.com\\\/es\\\/industrias\\\/\",\"name\":\"Soluciones por Industria | Xirgo\",\"isPartOf\":{\"@id\":\"https:\\\/\\\/xirgo.com\\\/es\\\/#website\"},\"primaryImageOfPage\":{\"@id\":\"https:\\\/\\\/xirgo.com\\\/es\\\/industrias\\\/#primaryimage\"},\"image\":{\"@id\":\"https:\\\/\\\/xirgo.com\\\/es\\\/industrias\\\/#primaryimage\"},\"thumbnailUrl\":\"https:\\\/\\\/xirgo.com\\\/wp-content\\\/uploads\\\/2025\\\/02\\\/Xirgo_industries_HE_hero.webp\",\"datePublished\":\"2025-02-02T22:11:50+00:00\",\"dateModified\":\"2025-08-26T01:23:15+00:00\",\"description\":\"Sea cual sea tu sector, Xirgo tiene una soluci\u00f3n para respaldar tu \u00e9xito.\",\"breadcrumb\":{\"@id\":\"https:\\\/\\\/xirgo.com\\\/es\\\/industrias\\\/#breadcrumb\"},\"inLanguage\":\"es\",\"potentialAction\":[{\"@type\":\"ReadAction\",\"target\":[\"https:\\\/\\\/xirgo.com\\\/es\\\/industrias\\\/\"]}]},{\"@type\":\"ImageObject\",\"inLanguage\":\"es\",\"@id\":\"https:\\\/\\\/xirgo.com\\\/es\\\/industrias\\\/#primaryimage\",\"url\":\"https:\\\/\\\/xirgo.com\\\/wp-content\\\/uploads\\\/2025\\\/02\\\/Xirgo_industries_HE_hero.webp\",\"contentUrl\":\"https:\\\/\\\/xirgo.com\\\/wp-content\\\/uploads\\\/2025\\\/02\\\/Xirgo_industries_HE_hero.webp\",\"width\":1067,\"height\":600},{\"@type\":\"BreadcrumbList\",\"@id\":\"https:\\\/\\\/xirgo.com\\\/es\\\/industrias\\\/#breadcrumb\",\"itemListElement\":[{\"@type\":\"ListItem\",\"position\":1,\"name\":\"Home\",\"item\":\"https:\\\/\\\/xirgo.com\\\/es\\\/\"},{\"@type\":\"ListItem\",\"position\":2,\"name\":\"Industrias\"}]},{\"@type\":\"WebSite\",\"@id\":\"https:\\\/\\\/xirgo.com\\\/es\\\/#website\",\"url\":\"https:\\\/\\\/xirgo.com\\\/es\\\/\",\"name\":\"Xirgo\",\"description\":\"\",\"potentialAction\":[{\"@type\":\"SearchAction\",\"target\":{\"@type\":\"EntryPoint\",\"urlTemplate\":\"https:\\\/\\\/xirgo.com\\\/es\\\/?s={search_term_string}\"},\"query-input\":{\"@type\":\"PropertyValueSpecification\",\"valueRequired\":true,\"valueName\":\"search_term_string\"}}],\"inLanguage\":\"es\"}]}<\/script>\n<!-- \/ Yoast SEO plugin. -->","yoast_head_json":{"title":"Soluciones por Industria | Xirgo","description":"Sea cual sea tu sector, Xirgo tiene una soluci\u00f3n para respaldar tu \u00e9xito.","robots":{"index":"index","follow":"follow","max-snippet":"max-snippet:-1","max-image-preview":"max-image-preview:large","max-video-preview":"max-video-preview:-1"},"canonical":"https:\/\/xirgo.com\/es\/industrias\/","og_locale":"es_ES","og_type":"article","og_title":"Soluciones por Industria | Xirgo","og_description":"Sea cual sea tu sector, Xirgo tiene una soluci\u00f3n para respaldar tu \u00e9xito.","og_url":"https:\/\/xirgo.com\/es\/industrias\/","og_site_name":"Xirgo","article_modified_time":"2025-08-26T01:23:15+00:00","og_image":[{"width":1067,"height":600,"url":"https:\/\/xirgo.com\/wp-content\/uploads\/2025\/02\/Xirgo_industries_HE_hero.webp","type":"image\/webp"}],"twitter_card":"summary_large_image","twitter_misc":{"Tiempo de lectura":"2 minutos"},"schema":{"@context":"https:\/\/schema.org","@graph":[{"@type":"WebPage","@id":"https:\/\/xirgo.com\/es\/industrias\/","url":"https:\/\/xirgo.com\/es\/industrias\/","name":"Soluciones por Industria | Xirgo","isPartOf":{"@id":"https:\/\/xirgo.com\/es\/#website"},"primaryImageOfPage":{"@id":"https:\/\/xirgo.com\/es\/industrias\/#primaryimage"},"image":{"@id":"https:\/\/xirgo.com\/es\/industrias\/#primaryimage"},"thumbnailUrl":"https:\/\/xirgo.com\/wp-content\/uploads\/2025\/02\/Xirgo_industries_HE_hero.webp","datePublished":"2025-02-02T22:11:50+00:00","dateModified":"2025-08-26T01:23:15+00:00","description":"Sea cual sea tu sector, Xirgo tiene una soluci\u00f3n para respaldar tu \u00e9xito.","breadcrumb":{"@id":"https:\/\/xirgo.com\/es\/industrias\/#breadcrumb"},"inLanguage":"es","potentialAction":[{"@type":"ReadAction","target":["https:\/\/xirgo.com\/es\/industrias\/"]}]},{"@type":"ImageObject","inLanguage":"es","@id":"https:\/\/xirgo.com\/es\/industrias\/#primaryimage","url":"https:\/\/xirgo.com\/wp-content\/uploads\/2025\/02\/Xirgo_industries_HE_hero.webp","contentUrl":"https:\/\/xirgo.com\/wp-content\/uploads\/2025\/02\/Xirgo_industries_HE_hero.webp","width":1067,"height":600},{"@type":"BreadcrumbList","@id":"https:\/\/xirgo.com\/es\/industrias\/#breadcrumb","itemListElement":[{"@type":"ListItem","position":1,"name":"Home","item":"https:\/\/xirgo.com\/es\/"},{"@type":"ListItem","position":2,"name":"Industrias"}]},{"@type":"WebSite","@id":"https:\/\/xirgo.com\/es\/#website","url":"https:\/\/xirgo.com\/es\/","name":"Xirgo","description":"","potentialAction":[{"@type":"SearchAction","target":{"@type":"EntryPoint","urlTemplate":"https:\/\/xirgo.com\/es\/?s={search_term_string}"},"query-input":{"@type":"PropertyValueSpecification","valueRequired":true,"valueName":"search_term_string"}}],"inLanguage":"es"}]}},"_links":{"self":[{"href":"https:\/\/xirgo.com\/es\/wp-json\/wp\/v2\/pages\/3197","targetHints":{"allow":["GET"]}}],"collection":[{"href":"https:\/\/xirgo.com\/es\/wp-json\/wp\/v2\/pages"}],"about":[{"href":"https:\/\/xirgo.com\/es\/wp-json\/wp\/v2\/types\/page"}],"author":[{"embeddable":true,"href":"https:\/\/xirgo.com\/es\/wp-json\/wp\/v2\/users\/2"}],"replies":[{"embeddable":true,"href":"https:\/\/xirgo.com\/es\/wp-json\/wp\/v2\/comments?post=3197"}],"version-history":[{"count":2,"href":"https:\/\/xirgo.com\/es\/wp-json\/wp\/v2\/pages\/3197\/revisions"}],"predecessor-version":[{"id":4214,"href":"https:\/\/xirgo.com\/es\/wp-json\/wp\/v2\/pages\/3197\/revisions\/4214"}],"wp:featuredmedia":[{"embeddable":true,"href":"https:\/\/xirgo.com\/es\/wp-json\/wp\/v2\/media\/1252"}],"wp:attachment":[{"href":"https:\/\/xirgo.com\/es\/wp-json\/wp\/v2\/media?parent=3197"}],"wp:term":[{"taxonomy":"hf_cat_page","embeddable":true,"href":"https:\/\/xirgo.com\/es\/wp-json\/wp\/v2\/hf_cat_page?post=3197"}],"curies":[{"name":"wp","href":"https:\/\/api.w.org\/{rel}","templated":true}]}}