{"id":3205,"date":"2025-02-04T10:19:47","date_gmt":"2025-02-04T16:19:47","guid":{"rendered":"https:\/\/xirgo.com\/soluciones\/remolque-inteligente\/"},"modified":"2025-08-26T09:56:47","modified_gmt":"2025-08-26T14:56:47","slug":"remolque-inteligente","status":"publish","type":"page","link":"https:\/\/xirgo.com\/es\/soluciones\/remolque-inteligente\/","title":{"rendered":"Remolque inteligente"},"content":{"rendered":"\n\n\t\t\t\t<img decoding=\"async\" src=\"https:\/\/xirgo.com\/wp-content\/uploads\/2025\/02\/Insets_SmartT_inset1.webp\" alt=\"Insets_SmartT_inset1\" itemprop=\"image\" height=\"650\" width=\"821\" title=\"Insets_SmartT_inset1\" onerror=\"this.style.display='none'\" loading=\"lazy\" \/>\n<h2>\n\t\t\tTransforma las operaciones de tu flota con las soluciones integrales de remolque inteligente IoT de Xirgo.\t<\/h2>\n\t<p>Las soluciones Smart Trailer de Xirgo ofrecen visibilidad en tiempo real, protecci\u00f3n proactiva y eficiencia basada en datos para maximizar el potencial de tu flota.<\/p>\n\t\t\t\t\t<a href=\"#\"  id=\"fl-accordion--label-0\" tabindex=\"0\" aria-controls=\"fl-accordion--panel-0\">Visibilidad e inteligencia en tiempo real<\/a>\n\t\t\t\t\t\t\t\t\t\t\t<a href=\"#\" id=\"fl-accordion--icon-0\"  tabindex=\"0\"><i title=\"Expand\">Expand<\/i><\/a>\n\t\t\t\t\t<ul>\n<li>Controla la ubicaci\u00f3n y el estado del remolque con el seguimiento GPS de precisi\u00f3n<\/li>\n<li>Accede a an\u00e1lisis exhaustivos del estado de la carga<\/li>\n<li>Haz un seguimiento instant\u00e1neo de los eventos de la puerta y del estado de la seguridad<\/li>\n<li>Generar informes automatizados de detenci\u00f3n y utilizaci\u00f3n<\/li>\n<li>Optimiza el posicionamiento del remolque mediante an\u00e1lisis predictivos<\/li>\n<\/ul>\n\t\t\t\t\t<a href=\"#\"  id=\"fl-accordion--label-1\" tabindex=\"0\" aria-controls=\"fl-accordion--panel-1\">Mayor protecci\u00f3n de activos<\/a>\n\t\t\t\t\t\t\t\t\t\t\t<a href=\"#\" id=\"fl-accordion--icon-1\"  tabindex=\"0\"><i title=\"Expand\">Expand<\/i><\/a>\n\t\t\t\t\t<ul>\n<li>Controla las condiciones de la carga, incluidas la temperatura y la humedad<\/li>\n<li>Detecta accesos o movimientos no autorizados en tiempo real<\/li>\n<li>Seguimiento de los eventos de acoplamiento y desacoplamiento del remolque<\/li>\n<li>Documenta la manipulaci\u00f3n de la carga con sensores y v\u00eddeo telem\u00e1tica<\/li>\n<li>Recibe alertas instant\u00e1neas de fallos de seguridad o anomal\u00edas medioambientales<\/li>\n<\/ul>\n\t\t\t\t\t<a href=\"#\"  id=\"fl-accordion--label-2\" tabindex=\"0\" aria-controls=\"fl-accordion--panel-2\">Transformaci\u00f3n operativa<\/a>\n\t\t\t\t\t\t\t\t\t\t\t<a href=\"#\" id=\"fl-accordion--icon-2\"  tabindex=\"0\"><i title=\"Expand\">Expand<\/i><\/a>\n\t\t\t\t\t<ul>\n<li>Reduce los tiempos muertos mediante una implantaci\u00f3n basada en datos<\/li>\n<li>Optimiza las relaciones entre el remolque y el tractor<\/li>\n<li>Automatiza los controles de patio y la gesti\u00f3n de inventarios<\/li>\n<li>Agiliza la programaci\u00f3n del mantenimiento con alertas basadas en el uso<\/li>\n<li>Genera an\u00e1lisis completos de utilizaci\u00f3n<\/li>\n<\/ul>\n\t\t\t\t\t<a href=\"#\"  id=\"fl-accordion--label-3\" tabindex=\"0\" aria-controls=\"fl-accordion--panel-3\">Excelencia en la cadena de suministro<\/a>\n\t\t\t\t\t\t\t\t\t\t\t<a href=\"#\" id=\"fl-accordion--icon-3\"  tabindex=\"0\"><i title=\"Expand\">Expand<\/i><\/a>\n\t\t\t\t\t<ul>\n<li>Mejora la visibilidad del env\u00edo de principio a fin<\/li>\n<li>Proporcionar ETA en tiempo real a los clientes<\/li>\n<li>Documenta con precisi\u00f3n los tiempos de carga y descarga<\/li>\n<li>Rastrea las condiciones de la carga durante el tr\u00e1nsito<\/li>\n<li>Habilitar la gesti\u00f3n proactiva de excepciones<\/li>\n<\/ul>\n\t\t\t\t\t<a href=\"#\"  id=\"fl-accordion--label-4\" tabindex=\"0\" aria-controls=\"fl-accordion--panel-4\">Optimizaci\u00f3n de costes<\/a>\n\t\t\t\t\t\t\t\t\t\t\t<a href=\"#\" id=\"fl-accordion--icon-4\"  tabindex=\"0\"><i title=\"Expand\">Expand<\/i><\/a>\n\t\t\t\t\t<ul>\n<li>Reduce los traslados innecesarios de remolques<\/li>\n<li>Minimizar los gastos de detenci\u00f3n y sobrestad\u00eda<\/li>\n<li>Reducir los costes de mantenimiento mediante la programaci\u00f3n predictiva<\/li>\n<li>Disminuye las reclamaciones de carga con la vigilancia medioambiental<\/li>\n<li>Maximiza la utilizaci\u00f3n de los activos y el ROI<\/li>\n<\/ul>\n\t\t\t\t\t<a href=\"#\"  id=\"fl-accordion--label-5\" tabindex=\"0\" aria-controls=\"fl-accordion--panel-5\">Innovaci\u00f3n m\u00e1s all\u00e1 del seguimiento<\/a>\n\t\t\t\t\t\t\t\t\t\t\t<a href=\"#\" id=\"fl-accordion--icon-5\"  tabindex=\"0\"><i title=\"Expand\">Expand<\/i><\/a>\n\t\t\t\t\t<ul>\n<li>Monitorizaci\u00f3n y protecci\u00f3n de la carga con IA<\/li>\n<li>Gesti\u00f3n avanzada de la bater\u00eda para prolongar su vida \u00fatil<\/li>\n<li>Integraci\u00f3n perfecta con los sistemas TPMS existentes<\/li>\n<li>Actualizaciones regulares por aire para mejorar la funcionalidad<\/li>\n<li>Dise\u00f1o modular para una configuraci\u00f3n personalizada de la soluci\u00f3n<\/li>\n<\/ul>\n<h2>\n\t\t\tLa ventaja Xirgo\t<\/h2>\n\t<p>Nuestro desarrollo interno de hardware y nuestro equipo de asistencia especializado garantizan una recopilaci\u00f3n de datos confiable y orientaci\u00f3n experta cuando la necesites. Somos m\u00e1s que un proveedor de tecnolog\u00eda: somos tu socio en la transformaci\u00f3n de las operaciones de remolques inteligentes para el futuro conectado. <\/p>\n\t\t\t\t<img decoding=\"async\" src=\"https:\/\/xirgo.com\/wp-content\/uploads\/2025\/02\/Insets_SmartT_inset2.webp\" alt=\"Insets_SmartT_inset2\" itemprop=\"image\" height=\"600\" width=\"700\" title=\"Insets_SmartT_inset2\" onerror=\"this.style.display='none'\" loading=\"lazy\" \/>\n<h2  data-animation-delay=\"0\" data-animation-duration=\"0.33\">\n\t\t\t\u00bfPreparado para transformar tu flota de remolques?\t<\/h2>\n\t<p>Ponte en contacto con nosotros para saber c\u00f3mo las soluciones Smart Trailer de Xirgo pueden optimizar tus operaciones e impulsar mejores resultados empresariales. Avancemos juntos hacia un futuro m\u00e1s conectado y eficiente. <\/p>\n\t\t\t<a href=\"\/es\/contacto\/contacta-con-nosotros\/\" target=\"_self\">\n\t\t\t\t\t\t\tContacta con nosotros\n\t\t\t\t\t<\/a>\n\n","protected":false},"excerpt":{"rendered":"<p>Transforma las operaciones de tu flota con las soluciones integrales de remolque inteligente IoT de Xirgo. Las soluciones Smart Trailer de Xirgo ofrecen visibilidad en tiempo real, protecci\u00f3n proactiva y eficiencia basada en datos para maximizar el potencial de tu flota. Visibilidad e inteligencia en tiempo real Expand Controla la ubicaci\u00f3n y el estado del&hellip;<\/p>\n","protected":false},"author":2,"featured_media":1501,"parent":3190,"menu_order":0,"comment_status":"closed","ping_status":"closed","template":"","meta":{"_acf_changed":false,"footnotes":""},"hf_cat_page":[],"class_list":["post-3205","page","type-page","status-publish","has-post-thumbnail","hentry"],"acf":[],"yoast_head":"<!-- This site is optimized with the Yoast SEO plugin v27.6 - https:\/\/yoast.com\/product\/yoast-seo-wordpress\/ -->\n<title>Soluciones inteligentes para remolques | Xirgo<\/title>\n<meta name=\"description\" content=\"Las soluciones integrales para remolques inteligentes de Xirgo utilizan sensores, GPS y otras tecnolog\u00edas para controlar el estado y la ubicaci\u00f3n de un remolque en tiempo real.\" \/>\n<meta name=\"robots\" content=\"index, follow, max-snippet:-1, max-image-preview:large, max-video-preview:-1\" \/>\n<link rel=\"canonical\" href=\"https:\/\/xirgo.com\/es\/soluciones\/remolque-inteligente\/\" \/>\n<meta property=\"og:locale\" content=\"es_ES\" \/>\n<meta property=\"og:type\" content=\"article\" \/>\n<meta property=\"og:title\" content=\"Soluciones inteligentes para remolques | Xirgo\" \/>\n<meta property=\"og:description\" content=\"Las soluciones integrales para remolques inteligentes de Xirgo utilizan sensores, GPS y otras tecnolog\u00edas para controlar el estado y la ubicaci\u00f3n de un remolque en tiempo real.\" \/>\n<meta property=\"og:url\" content=\"https:\/\/xirgo.com\/es\/soluciones\/remolque-inteligente\/\" \/>\n<meta property=\"og:site_name\" content=\"Xirgo\" \/>\n<meta property=\"article:modified_time\" content=\"2025-08-26T14:56:47+00:00\" \/>\n<meta property=\"og:image\" content=\"https:\/\/xirgo.com\/wp-content\/uploads\/2025\/02\/Xirgo_Solutions_ST_hero.webp\" \/>\n\t<meta property=\"og:image:width\" content=\"900\" \/>\n\t<meta property=\"og:image:height\" content=\"538\" \/>\n\t<meta property=\"og:image:type\" content=\"image\/webp\" \/>\n<meta name=\"twitter:card\" content=\"summary_large_image\" \/>\n<meta name=\"twitter:label1\" content=\"Tiempo de lectura\" \/>\n\t<meta name=\"twitter:data1\" content=\"2 minutos\" \/>\n<script type=\"application\/ld+json\" class=\"yoast-schema-graph\">{\"@context\":\"https:\\\/\\\/schema.org\",\"@graph\":[{\"@type\":\"WebPage\",\"@id\":\"https:\\\/\\\/xirgo.com\\\/es\\\/soluciones\\\/remolque-inteligente\\\/\",\"url\":\"https:\\\/\\\/xirgo.com\\\/es\\\/soluciones\\\/remolque-inteligente\\\/\",\"name\":\"Soluciones inteligentes para remolques | Xirgo\",\"isPartOf\":{\"@id\":\"https:\\\/\\\/xirgo.com\\\/es\\\/#website\"},\"primaryImageOfPage\":{\"@id\":\"https:\\\/\\\/xirgo.com\\\/es\\\/soluciones\\\/remolque-inteligente\\\/#primaryimage\"},\"image\":{\"@id\":\"https:\\\/\\\/xirgo.com\\\/es\\\/soluciones\\\/remolque-inteligente\\\/#primaryimage\"},\"thumbnailUrl\":\"https:\\\/\\\/xirgo.com\\\/wp-content\\\/uploads\\\/2025\\\/02\\\/Xirgo_Solutions_ST_hero.webp\",\"datePublished\":\"2025-02-04T16:19:47+00:00\",\"dateModified\":\"2025-08-26T14:56:47+00:00\",\"description\":\"Las soluciones integrales para remolques inteligentes de Xirgo utilizan sensores, GPS y otras tecnolog\u00edas para controlar el estado y la ubicaci\u00f3n de un remolque en tiempo real.\",\"breadcrumb\":{\"@id\":\"https:\\\/\\\/xirgo.com\\\/es\\\/soluciones\\\/remolque-inteligente\\\/#breadcrumb\"},\"inLanguage\":\"es\",\"potentialAction\":[{\"@type\":\"ReadAction\",\"target\":[\"https:\\\/\\\/xirgo.com\\\/es\\\/soluciones\\\/remolque-inteligente\\\/\"]}]},{\"@type\":\"ImageObject\",\"inLanguage\":\"es\",\"@id\":\"https:\\\/\\\/xirgo.com\\\/es\\\/soluciones\\\/remolque-inteligente\\\/#primaryimage\",\"url\":\"https:\\\/\\\/xirgo.com\\\/wp-content\\\/uploads\\\/2025\\\/02\\\/Xirgo_Solutions_ST_hero.webp\",\"contentUrl\":\"https:\\\/\\\/xirgo.com\\\/wp-content\\\/uploads\\\/2025\\\/02\\\/Xirgo_Solutions_ST_hero.webp\",\"width\":900,\"height\":538},{\"@type\":\"BreadcrumbList\",\"@id\":\"https:\\\/\\\/xirgo.com\\\/es\\\/soluciones\\\/remolque-inteligente\\\/#breadcrumb\",\"itemListElement\":[{\"@type\":\"ListItem\",\"position\":1,\"name\":\"Home\",\"item\":\"https:\\\/\\\/xirgo.com\\\/es\\\/\"},{\"@type\":\"ListItem\",\"position\":2,\"name\":\"Soluciones\",\"item\":\"https:\\\/\\\/xirgo.com\\\/es\\\/soluciones\\\/\"},{\"@type\":\"ListItem\",\"position\":3,\"name\":\"Remolque inteligente\"}]},{\"@type\":\"WebSite\",\"@id\":\"https:\\\/\\\/xirgo.com\\\/es\\\/#website\",\"url\":\"https:\\\/\\\/xirgo.com\\\/es\\\/\",\"name\":\"Xirgo\",\"description\":\"\",\"potentialAction\":[{\"@type\":\"SearchAction\",\"target\":{\"@type\":\"EntryPoint\",\"urlTemplate\":\"https:\\\/\\\/xirgo.com\\\/es\\\/?s={search_term_string}\"},\"query-input\":{\"@type\":\"PropertyValueSpecification\",\"valueRequired\":true,\"valueName\":\"search_term_string\"}}],\"inLanguage\":\"es\"}]}<\/script>\n<!-- \/ Yoast SEO plugin. -->","yoast_head_json":{"title":"Soluciones inteligentes para remolques | Xirgo","description":"Las soluciones integrales para remolques inteligentes de Xirgo utilizan sensores, GPS y otras tecnolog\u00edas para controlar el estado y la ubicaci\u00f3n de un remolque en tiempo real.","robots":{"index":"index","follow":"follow","max-snippet":"max-snippet:-1","max-image-preview":"max-image-preview:large","max-video-preview":"max-video-preview:-1"},"canonical":"https:\/\/xirgo.com\/es\/soluciones\/remolque-inteligente\/","og_locale":"es_ES","og_type":"article","og_title":"Soluciones inteligentes para remolques | Xirgo","og_description":"Las soluciones integrales para remolques inteligentes de Xirgo utilizan sensores, GPS y otras tecnolog\u00edas para controlar el estado y la ubicaci\u00f3n de un remolque en tiempo real.","og_url":"https:\/\/xirgo.com\/es\/soluciones\/remolque-inteligente\/","og_site_name":"Xirgo","article_modified_time":"2025-08-26T14:56:47+00:00","og_image":[{"width":900,"height":538,"url":"https:\/\/xirgo.com\/wp-content\/uploads\/2025\/02\/Xirgo_Solutions_ST_hero.webp","type":"image\/webp"}],"twitter_card":"summary_large_image","twitter_misc":{"Tiempo de lectura":"2 minutos"},"schema":{"@context":"https:\/\/schema.org","@graph":[{"@type":"WebPage","@id":"https:\/\/xirgo.com\/es\/soluciones\/remolque-inteligente\/","url":"https:\/\/xirgo.com\/es\/soluciones\/remolque-inteligente\/","name":"Soluciones inteligentes para remolques | Xirgo","isPartOf":{"@id":"https:\/\/xirgo.com\/es\/#website"},"primaryImageOfPage":{"@id":"https:\/\/xirgo.com\/es\/soluciones\/remolque-inteligente\/#primaryimage"},"image":{"@id":"https:\/\/xirgo.com\/es\/soluciones\/remolque-inteligente\/#primaryimage"},"thumbnailUrl":"https:\/\/xirgo.com\/wp-content\/uploads\/2025\/02\/Xirgo_Solutions_ST_hero.webp","datePublished":"2025-02-04T16:19:47+00:00","dateModified":"2025-08-26T14:56:47+00:00","description":"Las soluciones integrales para remolques inteligentes de Xirgo utilizan sensores, GPS y otras tecnolog\u00edas para controlar el estado y la ubicaci\u00f3n de un remolque en tiempo real.","breadcrumb":{"@id":"https:\/\/xirgo.com\/es\/soluciones\/remolque-inteligente\/#breadcrumb"},"inLanguage":"es","potentialAction":[{"@type":"ReadAction","target":["https:\/\/xirgo.com\/es\/soluciones\/remolque-inteligente\/"]}]},{"@type":"ImageObject","inLanguage":"es","@id":"https:\/\/xirgo.com\/es\/soluciones\/remolque-inteligente\/#primaryimage","url":"https:\/\/xirgo.com\/wp-content\/uploads\/2025\/02\/Xirgo_Solutions_ST_hero.webp","contentUrl":"https:\/\/xirgo.com\/wp-content\/uploads\/2025\/02\/Xirgo_Solutions_ST_hero.webp","width":900,"height":538},{"@type":"BreadcrumbList","@id":"https:\/\/xirgo.com\/es\/soluciones\/remolque-inteligente\/#breadcrumb","itemListElement":[{"@type":"ListItem","position":1,"name":"Home","item":"https:\/\/xirgo.com\/es\/"},{"@type":"ListItem","position":2,"name":"Soluciones","item":"https:\/\/xirgo.com\/es\/soluciones\/"},{"@type":"ListItem","position":3,"name":"Remolque inteligente"}]},{"@type":"WebSite","@id":"https:\/\/xirgo.com\/es\/#website","url":"https:\/\/xirgo.com\/es\/","name":"Xirgo","description":"","potentialAction":[{"@type":"SearchAction","target":{"@type":"EntryPoint","urlTemplate":"https:\/\/xirgo.com\/es\/?s={search_term_string}"},"query-input":{"@type":"PropertyValueSpecification","valueRequired":true,"valueName":"search_term_string"}}],"inLanguage":"es"}]}},"_links":{"self":[{"href":"https:\/\/xirgo.com\/es\/wp-json\/wp\/v2\/pages\/3205","targetHints":{"allow":["GET"]}}],"collection":[{"href":"https:\/\/xirgo.com\/es\/wp-json\/wp\/v2\/pages"}],"about":[{"href":"https:\/\/xirgo.com\/es\/wp-json\/wp\/v2\/types\/page"}],"author":[{"embeddable":true,"href":"https:\/\/xirgo.com\/es\/wp-json\/wp\/v2\/users\/2"}],"replies":[{"embeddable":true,"href":"https:\/\/xirgo.com\/es\/wp-json\/wp\/v2\/comments?post=3205"}],"version-history":[{"count":1,"href":"https:\/\/xirgo.com\/es\/wp-json\/wp\/v2\/pages\/3205\/revisions"}],"predecessor-version":[{"id":4242,"href":"https:\/\/xirgo.com\/es\/wp-json\/wp\/v2\/pages\/3205\/revisions\/4242"}],"up":[{"embeddable":true,"href":"https:\/\/xirgo.com\/es\/wp-json\/wp\/v2\/pages\/3190"}],"wp:featuredmedia":[{"embeddable":true,"href":"https:\/\/xirgo.com\/es\/wp-json\/wp\/v2\/media\/1501"}],"wp:attachment":[{"href":"https:\/\/xirgo.com\/es\/wp-json\/wp\/v2\/media?parent=3205"}],"wp:term":[{"taxonomy":"hf_cat_page","embeddable":true,"href":"https:\/\/xirgo.com\/es\/wp-json\/wp\/v2\/hf_cat_page?post=3205"}],"curies":[{"name":"wp","href":"https:\/\/api.w.org\/{rel}","templated":true}]}}