{"id":3206,"date":"2025-02-04T12:38:00","date_gmt":"2025-02-04T18:38:00","guid":{"rendered":"https:\/\/xirgo.com\/soluciones\/seguridad-y-control-del-conductor\/"},"modified":"2025-08-26T09:57:47","modified_gmt":"2025-08-26T14:57:47","slug":"seguridad-y-control-del-conductor","status":"publish","type":"page","link":"https:\/\/xirgo.com\/es\/soluciones\/seguridad-y-control-del-conductor\/","title":{"rendered":"Seguridad y control del conductor"},"content":{"rendered":"\n\n\t\t\t\t<img decoding=\"async\" src=\"https:\/\/xirgo.com\/wp-content\/uploads\/2025\/02\/Insets_DriverSafe_inset1.webp\" alt=\"Insets_DriverSafe_inset1\" itemprop=\"image\" height=\"650\" width=\"821\" title=\"Insets_DriverSafe_inset1\" onerror=\"this.style.display='none'\" loading=\"lazy\" \/>\n<h2>\n\t\t\tTransforma tus operaciones de seguridad con nuestros completos sistemas IoT de supervisi\u00f3n de conductores.\t<\/h2>\n\t<p>Nuestra plataforma integrada combina la anal\u00edtica de v\u00eddeo patentada con la supervisi\u00f3n en tiempo real para proteger a tus conductores y activos, a la vez que construyes una cultura de la seguridad m\u00e1s s\u00f3lida.<\/p>\n\t\t\t\t\t<a href=\"#\"  id=\"fl-accordion--label-0\" tabindex=\"0\" aria-controls=\"fl-accordion--panel-0\">Prevenci\u00f3n proactiva de riesgos<\/a>\n\t\t\t\t\t\t\t\t\t\t\t<a href=\"#\" id=\"fl-accordion--icon-0\"  tabindex=\"0\"><i title=\"Expand\">Expand<\/i><\/a>\n\t\t\t\t\t<ul>\n<li>Detecta y evita incidentes con la videotelem\u00e1tica basada en IA<\/li>\n<li>Recibe alertas instant\u00e1neas de comportamientos inseguros al volante<\/li>\n<li>Identificar patrones de riesgo antes de que se conviertan en accidentes<\/li>\n<li>Apoya a los conductores con formaci\u00f3n y comentarios en tiempo real<\/li>\n<\/ul>\n\t\t\t\t\t<a href=\"#\"  id=\"fl-accordion--label-1\" tabindex=\"0\" aria-controls=\"fl-accordion--panel-1\">Asistencia inteligente al conductor<\/a>\n\t\t\t\t\t\t\t\t\t\t\t<a href=\"#\" id=\"fl-accordion--icon-1\"  tabindex=\"0\"><i title=\"Expand\">Expand<\/i><\/a>\n\t\t\t\t\t<ul>\n<li>Sistemas de aviso de salida de carril y colisi\u00f3n<\/li>\n<li>Detecci\u00f3n y alertas de conducci\u00f3n distra\u00edda<\/li>\n<li>Control de la distancia de seguimiento<\/li>\n<li>Informaci\u00f3n meteorol\u00f3gica y del estado de las carreteras en tiempo real<\/li>\n<li>Detecci\u00f3n de fatiga y control del bienestar del conductor<\/li>\n<\/ul>\n\t\t\t\t\t<a href=\"#\"  id=\"fl-accordion--label-2\" tabindex=\"0\" aria-controls=\"fl-accordion--panel-2\">Optimizaci\u00f3n del rendimiento<\/a>\n\t\t\t\t\t\t\t\t\t\t\t<a href=\"#\" id=\"fl-accordion--icon-2\"  tabindex=\"0\"><i title=\"Expand\">Expand<\/i><\/a>\n\t\t\t\t\t<ul>\n<li>Puntuar y comparar las m\u00e9tricas de seguridad del conductor<\/li>\n<li>Sigue y mejora el comportamiento del conductor a lo largo del tiempo<\/li>\n<li>Automatizar la documentaci\u00f3n de cumplimiento de seguridad<\/li>\n<li>Genera informes detallados de incidencias y an\u00e1lisis<\/li>\n<li>Personaliza los umbrales de seguridad de tu flota<\/li>\n<\/ul>\n\t\t\t\t\t<a href=\"#\"  id=\"fl-accordion--label-3\" tabindex=\"0\" aria-controls=\"fl-accordion--panel-3\">Desarrollo de la cultura de seguridad<\/a>\n\t\t\t\t\t\t\t\t\t\t\t<a href=\"#\" id=\"fl-accordion--icon-3\"  tabindex=\"0\"><i title=\"Expand\">Expand<\/i><\/a>\n\t\t\t\t\t<ul>\n<li>Herramientas y recursos de formaci\u00f3n basados en v\u00eddeo<\/li>\n<li>Refuerzo positivo mediante el reconocimiento del conductor<\/li>\n<li>Recomendaciones de entrenamiento personalizadas<\/li>\n<li>Gamificaci\u00f3n del rendimiento en seguridad<\/li>\n<li>Retos y recompensas de seguridad en equipo<\/li>\n<\/ul>\n\t\t\t\t\t<a href=\"#\"  id=\"fl-accordion--label-4\" tabindex=\"0\" aria-controls=\"fl-accordion--panel-4\">Resultados basados en datos<\/a>\n\t\t\t\t\t\t\t\t\t\t\t<a href=\"#\" id=\"fl-accordion--icon-4\"  tabindex=\"0\"><i title=\"Expand\">Expand<\/i><\/a>\n\t\t\t\t\t<ul>\n<li>Reducir la siniestralidad y la gravedad de los accidentes<\/li>\n<li>Reducir las primas de seguro mediante mejoras de seguridad documentadas<\/li>\n<li>Reduce el tiempo de tramitaci\u00f3n de las reclamaciones con pruebas de v\u00eddeo<\/li>\n<li>Proteger a los conductores de acusaciones falsas<\/li>\n<li>Calcula el ROI directo de las iniciativas de seguridad<\/li>\n<\/ul>\n<h2>\n\t\t\tLa ventaja Xirgo\t<\/h2>\n\t<p>Nuestro desarrollo interno de hardware y nuestro equipo de asistencia especializado te garantizan datos fiables y asesoramiento experto cuando lo necesites. Somos m\u00e1s que un proveedor de tecnolog\u00eda: somos tu socio en la construcci\u00f3n de una flota m\u00e1s segura y eficiente. <\/p>\n\t\t\t\t<img decoding=\"async\" src=\"https:\/\/xirgo.com\/wp-content\/uploads\/2025\/02\/Insets_DriverSafe_inset2.webp\" alt=\"Insets_DriverSafe_inset2\" itemprop=\"image\" height=\"600\" width=\"700\" title=\"Insets_DriverSafe_inset2\" onerror=\"this.style.display='none'\" loading=\"lazy\" \/>\n<h2  data-animation-delay=\"0\" data-animation-duration=\"0.33\">\n\t\t\t\u00bfPreparado para transformar la seguridad de tu flota?\t<\/h2>\n\t<p>Ponte en contacto con nosotros para saber c\u00f3mo las soluciones de Xirgo pueden mejorar la protecci\u00f3n de los conductores y reducir el riesgo de las flotas. Avancemos juntos. <\/p>\n\t\t\t<a href=\"\/es\/contacto\/contacta-con-nosotros\/\" target=\"_self\">\n\t\t\t\t\t\t\tContacta con nosotros\n\t\t\t\t\t<\/a>\n\n","protected":false},"excerpt":{"rendered":"<p>Transforma tus operaciones de seguridad con nuestros completos sistemas IoT de supervisi\u00f3n de conductores. Nuestra plataforma integrada combina la anal\u00edtica de v\u00eddeo patentada con la supervisi\u00f3n en tiempo real para proteger a tus conductores y activos, a la vez que construyes una cultura de la seguridad m\u00e1s s\u00f3lida. Prevenci\u00f3n proactiva de riesgos Expand Detecta y&hellip;<\/p>\n","protected":false},"author":2,"featured_media":1513,"parent":3190,"menu_order":0,"comment_status":"closed","ping_status":"closed","template":"","meta":{"_acf_changed":false,"footnotes":""},"hf_cat_page":[],"class_list":["post-3206","page","type-page","status-publish","has-post-thumbnail","hentry"],"acf":[],"yoast_head":"<!-- This site is optimized with the Yoast SEO plugin v27.6 - https:\/\/yoast.com\/product\/yoast-seo-wordpress\/ -->\n<title>Sistema de Control de Seguridad del Conductor | Xirgo<\/title>\n<meta name=\"description\" content=\"Nuestro sistema de supervisi\u00f3n de la seguridad del conductor utiliza c\u00e1maras orientadas hacia el conductor para saber cu\u00e1ndo \u00e9ste se distrae y no mantiene la vista en la carretera.\" \/>\n<meta name=\"robots\" content=\"index, follow, max-snippet:-1, max-image-preview:large, max-video-preview:-1\" \/>\n<link rel=\"canonical\" href=\"https:\/\/xirgo.com\/es\/soluciones\/seguridad-y-control-del-conductor\/\" \/>\n<meta property=\"og:locale\" content=\"es_ES\" \/>\n<meta property=\"og:type\" content=\"article\" \/>\n<meta property=\"og:title\" content=\"Sistema de Control de Seguridad del Conductor | Xirgo\" \/>\n<meta property=\"og:description\" content=\"Nuestro sistema de supervisi\u00f3n de la seguridad del conductor utiliza c\u00e1maras orientadas hacia el conductor para saber cu\u00e1ndo \u00e9ste se distrae y no mantiene la vista en la carretera.\" \/>\n<meta property=\"og:url\" content=\"https:\/\/xirgo.com\/es\/soluciones\/seguridad-y-control-del-conductor\/\" \/>\n<meta property=\"og:site_name\" content=\"Xirgo\" \/>\n<meta property=\"article:modified_time\" content=\"2025-08-26T14:57:47+00:00\" \/>\n<meta property=\"og:image\" content=\"https:\/\/xirgo.com\/wp-content\/uploads\/2025\/02\/Xirgo_Solutions_DS_hero.webp\" \/>\n\t<meta property=\"og:image:width\" content=\"900\" \/>\n\t<meta property=\"og:image:height\" content=\"538\" \/>\n\t<meta property=\"og:image:type\" content=\"image\/webp\" \/>\n<meta name=\"twitter:card\" content=\"summary_large_image\" \/>\n<meta name=\"twitter:label1\" content=\"Tiempo de lectura\" \/>\n\t<meta name=\"twitter:data1\" content=\"2 minutos\" \/>\n<script type=\"application\/ld+json\" class=\"yoast-schema-graph\">{\"@context\":\"https:\\\/\\\/schema.org\",\"@graph\":[{\"@type\":\"WebPage\",\"@id\":\"https:\\\/\\\/xirgo.com\\\/es\\\/soluciones\\\/seguridad-y-control-del-conductor\\\/\",\"url\":\"https:\\\/\\\/xirgo.com\\\/es\\\/soluciones\\\/seguridad-y-control-del-conductor\\\/\",\"name\":\"Sistema de Control de Seguridad del Conductor | Xirgo\",\"isPartOf\":{\"@id\":\"https:\\\/\\\/xirgo.com\\\/es\\\/#website\"},\"primaryImageOfPage\":{\"@id\":\"https:\\\/\\\/xirgo.com\\\/es\\\/soluciones\\\/seguridad-y-control-del-conductor\\\/#primaryimage\"},\"image\":{\"@id\":\"https:\\\/\\\/xirgo.com\\\/es\\\/soluciones\\\/seguridad-y-control-del-conductor\\\/#primaryimage\"},\"thumbnailUrl\":\"https:\\\/\\\/xirgo.com\\\/wp-content\\\/uploads\\\/2025\\\/02\\\/Xirgo_Solutions_DS_hero.webp\",\"datePublished\":\"2025-02-04T18:38:00+00:00\",\"dateModified\":\"2025-08-26T14:57:47+00:00\",\"description\":\"Nuestro sistema de supervisi\u00f3n de la seguridad del conductor utiliza c\u00e1maras orientadas hacia el conductor para saber cu\u00e1ndo \u00e9ste se distrae y no mantiene la vista en la carretera.\",\"breadcrumb\":{\"@id\":\"https:\\\/\\\/xirgo.com\\\/es\\\/soluciones\\\/seguridad-y-control-del-conductor\\\/#breadcrumb\"},\"inLanguage\":\"es\",\"potentialAction\":[{\"@type\":\"ReadAction\",\"target\":[\"https:\\\/\\\/xirgo.com\\\/es\\\/soluciones\\\/seguridad-y-control-del-conductor\\\/\"]}]},{\"@type\":\"ImageObject\",\"inLanguage\":\"es\",\"@id\":\"https:\\\/\\\/xirgo.com\\\/es\\\/soluciones\\\/seguridad-y-control-del-conductor\\\/#primaryimage\",\"url\":\"https:\\\/\\\/xirgo.com\\\/wp-content\\\/uploads\\\/2025\\\/02\\\/Xirgo_Solutions_DS_hero.webp\",\"contentUrl\":\"https:\\\/\\\/xirgo.com\\\/wp-content\\\/uploads\\\/2025\\\/02\\\/Xirgo_Solutions_DS_hero.webp\",\"width\":900,\"height\":538},{\"@type\":\"BreadcrumbList\",\"@id\":\"https:\\\/\\\/xirgo.com\\\/es\\\/soluciones\\\/seguridad-y-control-del-conductor\\\/#breadcrumb\",\"itemListElement\":[{\"@type\":\"ListItem\",\"position\":1,\"name\":\"Home\",\"item\":\"https:\\\/\\\/xirgo.com\\\/es\\\/\"},{\"@type\":\"ListItem\",\"position\":2,\"name\":\"Soluciones\",\"item\":\"https:\\\/\\\/xirgo.com\\\/es\\\/soluciones\\\/\"},{\"@type\":\"ListItem\",\"position\":3,\"name\":\"Seguridad y control del conductor\"}]},{\"@type\":\"WebSite\",\"@id\":\"https:\\\/\\\/xirgo.com\\\/es\\\/#website\",\"url\":\"https:\\\/\\\/xirgo.com\\\/es\\\/\",\"name\":\"Xirgo\",\"description\":\"\",\"potentialAction\":[{\"@type\":\"SearchAction\",\"target\":{\"@type\":\"EntryPoint\",\"urlTemplate\":\"https:\\\/\\\/xirgo.com\\\/es\\\/?s={search_term_string}\"},\"query-input\":{\"@type\":\"PropertyValueSpecification\",\"valueRequired\":true,\"valueName\":\"search_term_string\"}}],\"inLanguage\":\"es\"}]}<\/script>\n<!-- \/ Yoast SEO plugin. -->","yoast_head_json":{"title":"Sistema de Control de Seguridad del Conductor | Xirgo","description":"Nuestro sistema de supervisi\u00f3n de la seguridad del conductor utiliza c\u00e1maras orientadas hacia el conductor para saber cu\u00e1ndo \u00e9ste se distrae y no mantiene la vista en la carretera.","robots":{"index":"index","follow":"follow","max-snippet":"max-snippet:-1","max-image-preview":"max-image-preview:large","max-video-preview":"max-video-preview:-1"},"canonical":"https:\/\/xirgo.com\/es\/soluciones\/seguridad-y-control-del-conductor\/","og_locale":"es_ES","og_type":"article","og_title":"Sistema de Control de Seguridad del Conductor | Xirgo","og_description":"Nuestro sistema de supervisi\u00f3n de la seguridad del conductor utiliza c\u00e1maras orientadas hacia el conductor para saber cu\u00e1ndo \u00e9ste se distrae y no mantiene la vista en la carretera.","og_url":"https:\/\/xirgo.com\/es\/soluciones\/seguridad-y-control-del-conductor\/","og_site_name":"Xirgo","article_modified_time":"2025-08-26T14:57:47+00:00","og_image":[{"width":900,"height":538,"url":"https:\/\/xirgo.com\/wp-content\/uploads\/2025\/02\/Xirgo_Solutions_DS_hero.webp","type":"image\/webp"}],"twitter_card":"summary_large_image","twitter_misc":{"Tiempo de lectura":"2 minutos"},"schema":{"@context":"https:\/\/schema.org","@graph":[{"@type":"WebPage","@id":"https:\/\/xirgo.com\/es\/soluciones\/seguridad-y-control-del-conductor\/","url":"https:\/\/xirgo.com\/es\/soluciones\/seguridad-y-control-del-conductor\/","name":"Sistema de Control de Seguridad del Conductor | Xirgo","isPartOf":{"@id":"https:\/\/xirgo.com\/es\/#website"},"primaryImageOfPage":{"@id":"https:\/\/xirgo.com\/es\/soluciones\/seguridad-y-control-del-conductor\/#primaryimage"},"image":{"@id":"https:\/\/xirgo.com\/es\/soluciones\/seguridad-y-control-del-conductor\/#primaryimage"},"thumbnailUrl":"https:\/\/xirgo.com\/wp-content\/uploads\/2025\/02\/Xirgo_Solutions_DS_hero.webp","datePublished":"2025-02-04T18:38:00+00:00","dateModified":"2025-08-26T14:57:47+00:00","description":"Nuestro sistema de supervisi\u00f3n de la seguridad del conductor utiliza c\u00e1maras orientadas hacia el conductor para saber cu\u00e1ndo \u00e9ste se distrae y no mantiene la vista en la carretera.","breadcrumb":{"@id":"https:\/\/xirgo.com\/es\/soluciones\/seguridad-y-control-del-conductor\/#breadcrumb"},"inLanguage":"es","potentialAction":[{"@type":"ReadAction","target":["https:\/\/xirgo.com\/es\/soluciones\/seguridad-y-control-del-conductor\/"]}]},{"@type":"ImageObject","inLanguage":"es","@id":"https:\/\/xirgo.com\/es\/soluciones\/seguridad-y-control-del-conductor\/#primaryimage","url":"https:\/\/xirgo.com\/wp-content\/uploads\/2025\/02\/Xirgo_Solutions_DS_hero.webp","contentUrl":"https:\/\/xirgo.com\/wp-content\/uploads\/2025\/02\/Xirgo_Solutions_DS_hero.webp","width":900,"height":538},{"@type":"BreadcrumbList","@id":"https:\/\/xirgo.com\/es\/soluciones\/seguridad-y-control-del-conductor\/#breadcrumb","itemListElement":[{"@type":"ListItem","position":1,"name":"Home","item":"https:\/\/xirgo.com\/es\/"},{"@type":"ListItem","position":2,"name":"Soluciones","item":"https:\/\/xirgo.com\/es\/soluciones\/"},{"@type":"ListItem","position":3,"name":"Seguridad y control del conductor"}]},{"@type":"WebSite","@id":"https:\/\/xirgo.com\/es\/#website","url":"https:\/\/xirgo.com\/es\/","name":"Xirgo","description":"","potentialAction":[{"@type":"SearchAction","target":{"@type":"EntryPoint","urlTemplate":"https:\/\/xirgo.com\/es\/?s={search_term_string}"},"query-input":{"@type":"PropertyValueSpecification","valueRequired":true,"valueName":"search_term_string"}}],"inLanguage":"es"}]}},"_links":{"self":[{"href":"https:\/\/xirgo.com\/es\/wp-json\/wp\/v2\/pages\/3206","targetHints":{"allow":["GET"]}}],"collection":[{"href":"https:\/\/xirgo.com\/es\/wp-json\/wp\/v2\/pages"}],"about":[{"href":"https:\/\/xirgo.com\/es\/wp-json\/wp\/v2\/types\/page"}],"author":[{"embeddable":true,"href":"https:\/\/xirgo.com\/es\/wp-json\/wp\/v2\/users\/2"}],"replies":[{"embeddable":true,"href":"https:\/\/xirgo.com\/es\/wp-json\/wp\/v2\/comments?post=3206"}],"version-history":[{"count":1,"href":"https:\/\/xirgo.com\/es\/wp-json\/wp\/v2\/pages\/3206\/revisions"}],"predecessor-version":[{"id":4243,"href":"https:\/\/xirgo.com\/es\/wp-json\/wp\/v2\/pages\/3206\/revisions\/4243"}],"up":[{"embeddable":true,"href":"https:\/\/xirgo.com\/es\/wp-json\/wp\/v2\/pages\/3190"}],"wp:featuredmedia":[{"embeddable":true,"href":"https:\/\/xirgo.com\/es\/wp-json\/wp\/v2\/media\/1513"}],"wp:attachment":[{"href":"https:\/\/xirgo.com\/es\/wp-json\/wp\/v2\/media?parent=3206"}],"wp:term":[{"taxonomy":"hf_cat_page","embeddable":true,"href":"https:\/\/xirgo.com\/es\/wp-json\/wp\/v2\/hf_cat_page?post=3206"}],"curies":[{"name":"wp","href":"https:\/\/api.w.org\/{rel}","templated":true}]}}