{"id":3209,"date":"2025-02-04T13:40:39","date_gmt":"2025-02-04T19:40:39","guid":{"rendered":"https:\/\/xirgo.com\/industrias\/flota-comercial-y-camiones-de-trabajo\/"},"modified":"2025-04-17T08:18:28","modified_gmt":"2025-04-17T13:18:28","slug":"flota-comercial-y-camiones-de-trabajo","status":"publish","type":"page","link":"https:\/\/xirgo.com\/es\/industrias\/flota-comercial-y-camiones-de-trabajo\/","title":{"rendered":"Flota Comercial y Camiones de Trabajo"},"content":{"rendered":"","protected":false},"excerpt":{"rendered":"","protected":false},"author":2,"featured_media":1560,"parent":3197,"menu_order":0,"comment_status":"closed","ping_status":"closed","template":"","meta":{"_acf_changed":false,"footnotes":""},"hf_cat_page":[],"class_list":["post-3209","page","type-page","status-publish","has-post-thumbnail","hentry"],"acf":[],"yoast_head":"<!-- This site is optimized with the Yoast SEO plugin v27.6 - https:\/\/yoast.com\/product\/yoast-seo-wordpress\/ -->\n<title>Telem\u00e1tica para camiones comerciales | Xirgo<\/title>\n<meta name=\"description\" content=\"Soluciones telem\u00e1ticas para camiones comerciales que mejoran la utilizaci\u00f3n de la flota, disminuyen los costes de responsabilidad civil y seguros, reducen los gastos de explotaci\u00f3n y mantienen la seguridad de los conductores.\" \/>\n<meta name=\"robots\" content=\"index, follow, max-snippet:-1, max-image-preview:large, max-video-preview:-1\" \/>\n<link rel=\"canonical\" href=\"https:\/\/xirgo.com\/es\/industrias\/flota-comercial-y-camiones-de-trabajo\/\" \/>\n<meta property=\"og:locale\" content=\"es_ES\" \/>\n<meta property=\"og:type\" content=\"article\" \/>\n<meta property=\"og:title\" content=\"Telem\u00e1tica para camiones comerciales | Xirgo\" \/>\n<meta property=\"og:description\" content=\"Soluciones telem\u00e1ticas para camiones comerciales que mejoran la utilizaci\u00f3n de la flota, disminuyen los costes de responsabilidad civil y seguros, reducen los gastos de explotaci\u00f3n y mantienen la seguridad de los conductores.\" \/>\n<meta property=\"og:url\" content=\"https:\/\/xirgo.com\/es\/industrias\/flota-comercial-y-camiones-de-trabajo\/\" \/>\n<meta property=\"og:site_name\" content=\"Xirgo\" \/>\n<meta property=\"article:modified_time\" content=\"2025-04-17T13:18:28+00:00\" \/>\n<meta property=\"og:image\" content=\"https:\/\/xirgo.com\/wp-content\/uploads\/2025\/02\/Xirgo_Industries_CF_hero.webp\" \/>\n\t<meta property=\"og:image:width\" content=\"1433\" \/>\n\t<meta property=\"og:image:height\" content=\"600\" \/>\n\t<meta property=\"og:image:type\" content=\"image\/webp\" \/>\n<meta name=\"twitter:card\" content=\"summary_large_image\" \/>\n<script type=\"application\/ld+json\" class=\"yoast-schema-graph\">{\"@context\":\"https:\\\/\\\/schema.org\",\"@graph\":[{\"@type\":\"WebPage\",\"@id\":\"https:\\\/\\\/xirgo.com\\\/es\\\/industrias\\\/flota-comercial-y-camiones-de-trabajo\\\/\",\"url\":\"https:\\\/\\\/xirgo.com\\\/es\\\/industrias\\\/flota-comercial-y-camiones-de-trabajo\\\/\",\"name\":\"Telem\u00e1tica para camiones comerciales | Xirgo\",\"isPartOf\":{\"@id\":\"https:\\\/\\\/xirgo.com\\\/es\\\/#website\"},\"primaryImageOfPage\":{\"@id\":\"https:\\\/\\\/xirgo.com\\\/es\\\/industrias\\\/flota-comercial-y-camiones-de-trabajo\\\/#primaryimage\"},\"image\":{\"@id\":\"https:\\\/\\\/xirgo.com\\\/es\\\/industrias\\\/flota-comercial-y-camiones-de-trabajo\\\/#primaryimage\"},\"thumbnailUrl\":\"https:\\\/\\\/xirgo.com\\\/wp-content\\\/uploads\\\/2025\\\/02\\\/Xirgo_Industries_CF_hero.webp\",\"datePublished\":\"2025-02-04T19:40:39+00:00\",\"dateModified\":\"2025-04-17T13:18:28+00:00\",\"description\":\"Soluciones telem\u00e1ticas para camiones comerciales que mejoran la utilizaci\u00f3n de la flota, disminuyen los costes de responsabilidad civil y seguros, reducen los gastos de explotaci\u00f3n y mantienen la seguridad de los conductores.\",\"breadcrumb\":{\"@id\":\"https:\\\/\\\/xirgo.com\\\/es\\\/industrias\\\/flota-comercial-y-camiones-de-trabajo\\\/#breadcrumb\"},\"inLanguage\":\"es\",\"potentialAction\":[{\"@type\":\"ReadAction\",\"target\":[\"https:\\\/\\\/xirgo.com\\\/es\\\/industrias\\\/flota-comercial-y-camiones-de-trabajo\\\/\"]}]},{\"@type\":\"ImageObject\",\"inLanguage\":\"es\",\"@id\":\"https:\\\/\\\/xirgo.com\\\/es\\\/industrias\\\/flota-comercial-y-camiones-de-trabajo\\\/#primaryimage\",\"url\":\"https:\\\/\\\/xirgo.com\\\/wp-content\\\/uploads\\\/2025\\\/02\\\/Xirgo_Industries_CF_hero.webp\",\"contentUrl\":\"https:\\\/\\\/xirgo.com\\\/wp-content\\\/uploads\\\/2025\\\/02\\\/Xirgo_Industries_CF_hero.webp\",\"width\":1433,\"height\":600},{\"@type\":\"BreadcrumbList\",\"@id\":\"https:\\\/\\\/xirgo.com\\\/es\\\/industrias\\\/flota-comercial-y-camiones-de-trabajo\\\/#breadcrumb\",\"itemListElement\":[{\"@type\":\"ListItem\",\"position\":1,\"name\":\"Home\",\"item\":\"https:\\\/\\\/xirgo.com\\\/es\\\/\"},{\"@type\":\"ListItem\",\"position\":2,\"name\":\"Industrias\",\"item\":\"https:\\\/\\\/xirgo.com\\\/es\\\/industrias\\\/\"},{\"@type\":\"ListItem\",\"position\":3,\"name\":\"Flota Comercial y Camiones de Trabajo\"}]},{\"@type\":\"WebSite\",\"@id\":\"https:\\\/\\\/xirgo.com\\\/es\\\/#website\",\"url\":\"https:\\\/\\\/xirgo.com\\\/es\\\/\",\"name\":\"Xirgo\",\"description\":\"\",\"potentialAction\":[{\"@type\":\"SearchAction\",\"target\":{\"@type\":\"EntryPoint\",\"urlTemplate\":\"https:\\\/\\\/xirgo.com\\\/es\\\/?s={search_term_string}\"},\"query-input\":{\"@type\":\"PropertyValueSpecification\",\"valueRequired\":true,\"valueName\":\"search_term_string\"}}],\"inLanguage\":\"es\"}]}<\/script>\n<!-- \/ Yoast SEO plugin. -->","yoast_head_json":{"title":"Telem\u00e1tica para camiones comerciales | Xirgo","description":"Soluciones telem\u00e1ticas para camiones comerciales que mejoran la utilizaci\u00f3n de la flota, disminuyen los costes de responsabilidad civil y seguros, reducen los gastos de explotaci\u00f3n y mantienen la seguridad de los conductores.","robots":{"index":"index","follow":"follow","max-snippet":"max-snippet:-1","max-image-preview":"max-image-preview:large","max-video-preview":"max-video-preview:-1"},"canonical":"https:\/\/xirgo.com\/es\/industrias\/flota-comercial-y-camiones-de-trabajo\/","og_locale":"es_ES","og_type":"article","og_title":"Telem\u00e1tica para camiones comerciales | Xirgo","og_description":"Soluciones telem\u00e1ticas para camiones comerciales que mejoran la utilizaci\u00f3n de la flota, disminuyen los costes de responsabilidad civil y seguros, reducen los gastos de explotaci\u00f3n y mantienen la seguridad de los conductores.","og_url":"https:\/\/xirgo.com\/es\/industrias\/flota-comercial-y-camiones-de-trabajo\/","og_site_name":"Xirgo","article_modified_time":"2025-04-17T13:18:28+00:00","og_image":[{"width":1433,"height":600,"url":"https:\/\/xirgo.com\/wp-content\/uploads\/2025\/02\/Xirgo_Industries_CF_hero.webp","type":"image\/webp"}],"twitter_card":"summary_large_image","schema":{"@context":"https:\/\/schema.org","@graph":[{"@type":"WebPage","@id":"https:\/\/xirgo.com\/es\/industrias\/flota-comercial-y-camiones-de-trabajo\/","url":"https:\/\/xirgo.com\/es\/industrias\/flota-comercial-y-camiones-de-trabajo\/","name":"Telem\u00e1tica para camiones comerciales | Xirgo","isPartOf":{"@id":"https:\/\/xirgo.com\/es\/#website"},"primaryImageOfPage":{"@id":"https:\/\/xirgo.com\/es\/industrias\/flota-comercial-y-camiones-de-trabajo\/#primaryimage"},"image":{"@id":"https:\/\/xirgo.com\/es\/industrias\/flota-comercial-y-camiones-de-trabajo\/#primaryimage"},"thumbnailUrl":"https:\/\/xirgo.com\/wp-content\/uploads\/2025\/02\/Xirgo_Industries_CF_hero.webp","datePublished":"2025-02-04T19:40:39+00:00","dateModified":"2025-04-17T13:18:28+00:00","description":"Soluciones telem\u00e1ticas para camiones comerciales que mejoran la utilizaci\u00f3n de la flota, disminuyen los costes de responsabilidad civil y seguros, reducen los gastos de explotaci\u00f3n y mantienen la seguridad de los conductores.","breadcrumb":{"@id":"https:\/\/xirgo.com\/es\/industrias\/flota-comercial-y-camiones-de-trabajo\/#breadcrumb"},"inLanguage":"es","potentialAction":[{"@type":"ReadAction","target":["https:\/\/xirgo.com\/es\/industrias\/flota-comercial-y-camiones-de-trabajo\/"]}]},{"@type":"ImageObject","inLanguage":"es","@id":"https:\/\/xirgo.com\/es\/industrias\/flota-comercial-y-camiones-de-trabajo\/#primaryimage","url":"https:\/\/xirgo.com\/wp-content\/uploads\/2025\/02\/Xirgo_Industries_CF_hero.webp","contentUrl":"https:\/\/xirgo.com\/wp-content\/uploads\/2025\/02\/Xirgo_Industries_CF_hero.webp","width":1433,"height":600},{"@type":"BreadcrumbList","@id":"https:\/\/xirgo.com\/es\/industrias\/flota-comercial-y-camiones-de-trabajo\/#breadcrumb","itemListElement":[{"@type":"ListItem","position":1,"name":"Home","item":"https:\/\/xirgo.com\/es\/"},{"@type":"ListItem","position":2,"name":"Industrias","item":"https:\/\/xirgo.com\/es\/industrias\/"},{"@type":"ListItem","position":3,"name":"Flota Comercial y Camiones de Trabajo"}]},{"@type":"WebSite","@id":"https:\/\/xirgo.com\/es\/#website","url":"https:\/\/xirgo.com\/es\/","name":"Xirgo","description":"","potentialAction":[{"@type":"SearchAction","target":{"@type":"EntryPoint","urlTemplate":"https:\/\/xirgo.com\/es\/?s={search_term_string}"},"query-input":{"@type":"PropertyValueSpecification","valueRequired":true,"valueName":"search_term_string"}}],"inLanguage":"es"}]}},"_links":{"self":[{"href":"https:\/\/xirgo.com\/es\/wp-json\/wp\/v2\/pages\/3209","targetHints":{"allow":["GET"]}}],"collection":[{"href":"https:\/\/xirgo.com\/es\/wp-json\/wp\/v2\/pages"}],"about":[{"href":"https:\/\/xirgo.com\/es\/wp-json\/wp\/v2\/types\/page"}],"author":[{"embeddable":true,"href":"https:\/\/xirgo.com\/es\/wp-json\/wp\/v2\/users\/2"}],"replies":[{"embeddable":true,"href":"https:\/\/xirgo.com\/es\/wp-json\/wp\/v2\/comments?post=3209"}],"version-history":[{"count":0,"href":"https:\/\/xirgo.com\/es\/wp-json\/wp\/v2\/pages\/3209\/revisions"}],"up":[{"embeddable":true,"href":"https:\/\/xirgo.com\/es\/wp-json\/wp\/v2\/pages\/3197"}],"wp:featuredmedia":[{"embeddable":true,"href":"https:\/\/xirgo.com\/es\/wp-json\/wp\/v2\/media\/1560"}],"wp:attachment":[{"href":"https:\/\/xirgo.com\/es\/wp-json\/wp\/v2\/media?parent=3209"}],"wp:term":[{"taxonomy":"hf_cat_page","embeddable":true,"href":"https:\/\/xirgo.com\/es\/wp-json\/wp\/v2\/hf_cat_page?post=3209"}],"curies":[{"name":"wp","href":"https:\/\/api.w.org\/{rel}","templated":true}]}}