{"id":3211,"date":"2025-02-04T12:08:02","date_gmt":"2025-02-04T18:08:02","guid":{"rendered":"https:\/\/xirgo.com\/soluciones\/alquiler-de-coches-gestion-de-flotas\/"},"modified":"2025-08-26T09:52:40","modified_gmt":"2025-08-26T14:52:40","slug":"alquiler-de-coches-gestion-de-flotas","status":"publish","type":"page","link":"https:\/\/xirgo.com\/es\/soluciones\/alquiler-de-coches-gestion-de-flotas\/","title":{"rendered":"Alquiler de coches \/ Gesti\u00f3n de flotas"},"content":{"rendered":"\n\n\t\t\t\t<img decoding=\"async\" src=\"https:\/\/xirgo.com\/wp-content\/uploads\/2025\/02\/Insets_Rental_inset1.webp\" alt=\"Insets_Rental_inset1\" itemprop=\"image\" height=\"650\" width=\"821\" title=\"Insets_Rental_inset1\" onerror=\"this.style.display='none'\" loading=\"lazy\" \/>\n<h2>\n\t\t\tTransforma las operaciones de tu flota de alquiler con las soluciones integrales de gesti\u00f3n de flotas IoT de Xirgo.\t<\/h2>\n\t<p>Nuestra plataforma integrada combina hardware propio con an\u00e1lisis basados en IA para proteger tus activos y agilizar la gesti\u00f3n de flotas.<\/p>\n\t\t\t\t\t<a href=\"#\"  id=\"fl-accordion--label-0\" tabindex=\"0\" aria-controls=\"fl-accordion--panel-0\">Visibilidad de la flota en tiempo real<\/a>\n\t\t\t\t\t\t\t\t\t\t\t<a href=\"#\" id=\"fl-accordion--icon-0\"  tabindex=\"0\"><i title=\"Expand\">Expand<\/i><\/a>\n\t\t\t\t\t<ul>\n<li>Rastrea la ubicaci\u00f3n y el estado del veh\u00edculo al instante<\/li>\n<li>Controla los niveles de combustible y el consumo<\/li>\n<li>Accede a diagn\u00f3sticos completos del veh\u00edculo<\/li>\n<li>Recibe alertas autom\u00e1ticas de mantenimiento<\/li>\n<li>Recibe notificaciones instant\u00e1neas de uso no autorizado<\/li>\n<\/ul>\n\t\t\t\t\t<a href=\"#\"  id=\"fl-accordion--label-1\" tabindex=\"0\" aria-controls=\"fl-accordion--panel-1\">Seguridad mejorada<\/a>\n\t\t\t\t\t\t\t\t\t\t\t<a href=\"#\" id=\"fl-accordion--icon-1\"  tabindex=\"0\"><i title=\"Expand\">Expand<\/i><\/a>\n\t\t\t\t\t<ul>\n<li>Establece l\u00edmites de geovalla personalizados<\/li>\n<li>Detecta y responde inmediatamente a los intentos de robo<\/li>\n<li>Controla el comportamiento al volante y la velocidad<\/li>\n<li>Seguimiento del estado de devoluci\u00f3n del veh\u00edculo<\/li>\n<li>Documenta el estado del veh\u00edculo con la videotelem\u00e1tica<\/li>\n<\/ul>\n\t\t\t\t\t<a href=\"#\"  id=\"fl-accordion--label-2\" tabindex=\"0\" aria-controls=\"fl-accordion--panel-2\">Excelencia operativa<\/a>\n\t\t\t\t\t\t\t\t\t\t\t<a href=\"#\" id=\"fl-accordion--icon-2\"  tabindex=\"0\"><i title=\"Expand\">Expand<\/i><\/a>\n\t\t\t\t\t<ul>\n<li>Automatizar la programaci\u00f3n del mantenimiento<\/li>\n<li>Optimizar la rotaci\u00f3n y utilizaci\u00f3n de los veh\u00edculos<\/li>\n<li>Seguimiento y previsi\u00f3n de la disponibilidad de veh\u00edculos<\/li>\n<li>Agiliza los procesos de rotaci\u00f3n<\/li>\n<li>Integrar con sistemas de gesti\u00f3n de alquileres<\/li>\n<\/ul>\n\t\t\t\t\t<a href=\"#\"  id=\"fl-accordion--label-3\" tabindex=\"0\" aria-controls=\"fl-accordion--panel-3\">Experiencia del cliente<\/a>\n\t\t\t\t\t\t\t\t\t\t\t<a href=\"#\" id=\"fl-accordion--icon-3\"  tabindex=\"0\"><i title=\"Expand\">Expand<\/i><\/a>\n\t\t\t\t\t<ul>\n<li>Acelera la recogida y devoluci\u00f3n del veh\u00edculo<\/li>\n<li>Proporcionar un historial transparente del veh\u00edculo<\/li>\n<li>Ofrece funciones de seguridad premium<\/li>\n<li>Habilitar opciones de alquiler sin contacto<\/li>\n<li>Apoya la asistencia en carretera con datos de localizaci\u00f3n precisos<\/li>\n<\/ul>\n\t\t\t\t\t<a href=\"#\"  id=\"fl-accordion--label-4\" tabindex=\"0\" aria-controls=\"fl-accordion--panel-4\">Gesti\u00f3n de costes<\/a>\n\t\t\t\t\t\t\t\t\t\t\t<a href=\"#\" id=\"fl-accordion--icon-4\"  tabindex=\"0\"><i title=\"Expand\">Expand<\/i><\/a>\n\t\t\t\t\t<ul>\n<li>Reduce los costes de combustible y mantenimiento<\/li>\n<li>Primas de seguro m\u00e1s bajas<\/li>\n<li>Minimiza el tiempo de inactividad del veh\u00edculo<\/li>\n<li>Disminuir los gastos administrativos generales<\/li>\n<li>Prot\u00e9gete contra las reclamaciones por da\u00f1os<\/li>\n<\/ul>\n<h2>\n\t\t\tLa ventaja Xirgo\t<\/h2>\n\t<p>Nuestro desarrollo interno de hardware y nuestro equipo de asistencia especializado garantizan un seguimiento fiable y orientaci\u00f3n experta cuando lo necesites. Somos m\u00e1s que un proveedor de tecnolog\u00eda: somos tu socio para maximizar la eficiencia y la rentabilidad de las flotas de veh\u00edculos de alquiler. <\/p>\n\t\t\t\t<img decoding=\"async\" src=\"https:\/\/xirgo.com\/wp-content\/uploads\/2025\/02\/Insets_Rental_inset2.webp\" alt=\"Insets_Rental_inset2\" itemprop=\"image\" height=\"600\" width=\"700\" title=\"Insets_Rental_inset2\" onerror=\"this.style.display='none'\" loading=\"lazy\" \/>\n<h2  data-animation-delay=\"0\" data-animation-duration=\"0.33\">\n\t\t\t\u00bfPreparado para transformar tus operaciones de alquiler?\t<\/h2>\n\t<p>Ponte en contacto con nosotros para saber c\u00f3mo las soluciones de Xirgo pueden optimizar la gesti\u00f3n de tu flota y mejorar la satisfacci\u00f3n del cliente. Avancemos juntos. <\/p>\n\t\t\t<a href=\"\/es\/contacto\/contacta-con-nosotros\/\" target=\"_self\">\n\t\t\t\t\t\t\tContacta con nosotros\n\t\t\t\t\t<\/a>\n\n","protected":false},"excerpt":{"rendered":"<p>Transforma las operaciones de tu flota de alquiler con las soluciones integrales de gesti\u00f3n de flotas IoT de Xirgo. Nuestra plataforma integrada combina hardware propio con an\u00e1lisis basados en IA para proteger tus activos y agilizar la gesti\u00f3n de flotas. Visibilidad de la flota en tiempo real Expand Rastrea la ubicaci\u00f3n y el estado del&hellip;<\/p>\n","protected":false},"author":2,"featured_media":1509,"parent":3190,"menu_order":0,"comment_status":"closed","ping_status":"closed","template":"","meta":{"_acf_changed":false,"footnotes":""},"hf_cat_page":[],"class_list":["post-3211","page","type-page","status-publish","has-post-thumbnail","hentry"],"acf":[],"yoast_head":"<!-- This site is optimized with the Yoast SEO plugin v27.6 - https:\/\/yoast.com\/product\/yoast-seo-wordpress\/ -->\n<title>Gesti\u00f3n de flotas de coches de alquiler | Xirgo<\/title>\n<meta name=\"description\" content=\"Descubre el vanguardista sistema de gesti\u00f3n de flotas de coches de alquiler de Xirgo, dise\u00f1ado para maximizar la eficiencia de las flotas de las empresas de alquiler de coches.\" \/>\n<meta name=\"robots\" content=\"index, follow, max-snippet:-1, max-image-preview:large, max-video-preview:-1\" \/>\n<link rel=\"canonical\" href=\"https:\/\/xirgo.com\/es\/soluciones\/alquiler-de-coches-gestion-de-flotas\/\" \/>\n<meta property=\"og:locale\" content=\"es_ES\" \/>\n<meta property=\"og:type\" content=\"article\" \/>\n<meta property=\"og:title\" content=\"Gesti\u00f3n de flotas de coches de alquiler | Xirgo\" \/>\n<meta property=\"og:description\" content=\"Descubre el vanguardista sistema de gesti\u00f3n de flotas de coches de alquiler de Xirgo, dise\u00f1ado para maximizar la eficiencia de las flotas de las empresas de alquiler de coches.\" \/>\n<meta property=\"og:url\" content=\"https:\/\/xirgo.com\/es\/soluciones\/alquiler-de-coches-gestion-de-flotas\/\" \/>\n<meta property=\"og:site_name\" content=\"Xirgo\" \/>\n<meta property=\"article:modified_time\" content=\"2025-08-26T14:52:40+00:00\" \/>\n<meta property=\"og:image\" content=\"https:\/\/xirgo.com\/wp-content\/uploads\/2025\/02\/Xirgo_Solutions_RentalCar_hero.webp\" \/>\n\t<meta property=\"og:image:width\" content=\"900\" \/>\n\t<meta property=\"og:image:height\" content=\"538\" \/>\n\t<meta property=\"og:image:type\" content=\"image\/webp\" \/>\n<meta name=\"twitter:card\" content=\"summary_large_image\" \/>\n<meta name=\"twitter:label1\" content=\"Tiempo de lectura\" \/>\n\t<meta name=\"twitter:data1\" content=\"2 minutos\" \/>\n<script type=\"application\/ld+json\" class=\"yoast-schema-graph\">{\"@context\":\"https:\\\/\\\/schema.org\",\"@graph\":[{\"@type\":\"WebPage\",\"@id\":\"https:\\\/\\\/xirgo.com\\\/es\\\/soluciones\\\/alquiler-de-coches-gestion-de-flotas\\\/\",\"url\":\"https:\\\/\\\/xirgo.com\\\/es\\\/soluciones\\\/alquiler-de-coches-gestion-de-flotas\\\/\",\"name\":\"Gesti\u00f3n de flotas de coches de alquiler | Xirgo\",\"isPartOf\":{\"@id\":\"https:\\\/\\\/xirgo.com\\\/es\\\/#website\"},\"primaryImageOfPage\":{\"@id\":\"https:\\\/\\\/xirgo.com\\\/es\\\/soluciones\\\/alquiler-de-coches-gestion-de-flotas\\\/#primaryimage\"},\"image\":{\"@id\":\"https:\\\/\\\/xirgo.com\\\/es\\\/soluciones\\\/alquiler-de-coches-gestion-de-flotas\\\/#primaryimage\"},\"thumbnailUrl\":\"https:\\\/\\\/xirgo.com\\\/wp-content\\\/uploads\\\/2025\\\/02\\\/Xirgo_Solutions_RentalCar_hero.webp\",\"datePublished\":\"2025-02-04T18:08:02+00:00\",\"dateModified\":\"2025-08-26T14:52:40+00:00\",\"description\":\"Descubre el vanguardista sistema de gesti\u00f3n de flotas de coches de alquiler de Xirgo, dise\u00f1ado para maximizar la eficiencia de las flotas de las empresas de alquiler de coches.\",\"breadcrumb\":{\"@id\":\"https:\\\/\\\/xirgo.com\\\/es\\\/soluciones\\\/alquiler-de-coches-gestion-de-flotas\\\/#breadcrumb\"},\"inLanguage\":\"es\",\"potentialAction\":[{\"@type\":\"ReadAction\",\"target\":[\"https:\\\/\\\/xirgo.com\\\/es\\\/soluciones\\\/alquiler-de-coches-gestion-de-flotas\\\/\"]}]},{\"@type\":\"ImageObject\",\"inLanguage\":\"es\",\"@id\":\"https:\\\/\\\/xirgo.com\\\/es\\\/soluciones\\\/alquiler-de-coches-gestion-de-flotas\\\/#primaryimage\",\"url\":\"https:\\\/\\\/xirgo.com\\\/wp-content\\\/uploads\\\/2025\\\/02\\\/Xirgo_Solutions_RentalCar_hero.webp\",\"contentUrl\":\"https:\\\/\\\/xirgo.com\\\/wp-content\\\/uploads\\\/2025\\\/02\\\/Xirgo_Solutions_RentalCar_hero.webp\",\"width\":900,\"height\":538},{\"@type\":\"BreadcrumbList\",\"@id\":\"https:\\\/\\\/xirgo.com\\\/es\\\/soluciones\\\/alquiler-de-coches-gestion-de-flotas\\\/#breadcrumb\",\"itemListElement\":[{\"@type\":\"ListItem\",\"position\":1,\"name\":\"Home\",\"item\":\"https:\\\/\\\/xirgo.com\\\/es\\\/\"},{\"@type\":\"ListItem\",\"position\":2,\"name\":\"Soluciones\",\"item\":\"https:\\\/\\\/xirgo.com\\\/es\\\/soluciones\\\/\"},{\"@type\":\"ListItem\",\"position\":3,\"name\":\"Alquiler de coches \\\/ Gesti\u00f3n de flotas\"}]},{\"@type\":\"WebSite\",\"@id\":\"https:\\\/\\\/xirgo.com\\\/es\\\/#website\",\"url\":\"https:\\\/\\\/xirgo.com\\\/es\\\/\",\"name\":\"Xirgo\",\"description\":\"\",\"potentialAction\":[{\"@type\":\"SearchAction\",\"target\":{\"@type\":\"EntryPoint\",\"urlTemplate\":\"https:\\\/\\\/xirgo.com\\\/es\\\/?s={search_term_string}\"},\"query-input\":{\"@type\":\"PropertyValueSpecification\",\"valueRequired\":true,\"valueName\":\"search_term_string\"}}],\"inLanguage\":\"es\"}]}<\/script>\n<!-- \/ Yoast SEO plugin. -->","yoast_head_json":{"title":"Gesti\u00f3n de flotas de coches de alquiler | Xirgo","description":"Descubre el vanguardista sistema de gesti\u00f3n de flotas de coches de alquiler de Xirgo, dise\u00f1ado para maximizar la eficiencia de las flotas de las empresas de alquiler de coches.","robots":{"index":"index","follow":"follow","max-snippet":"max-snippet:-1","max-image-preview":"max-image-preview:large","max-video-preview":"max-video-preview:-1"},"canonical":"https:\/\/xirgo.com\/es\/soluciones\/alquiler-de-coches-gestion-de-flotas\/","og_locale":"es_ES","og_type":"article","og_title":"Gesti\u00f3n de flotas de coches de alquiler | Xirgo","og_description":"Descubre el vanguardista sistema de gesti\u00f3n de flotas de coches de alquiler de Xirgo, dise\u00f1ado para maximizar la eficiencia de las flotas de las empresas de alquiler de coches.","og_url":"https:\/\/xirgo.com\/es\/soluciones\/alquiler-de-coches-gestion-de-flotas\/","og_site_name":"Xirgo","article_modified_time":"2025-08-26T14:52:40+00:00","og_image":[{"width":900,"height":538,"url":"https:\/\/xirgo.com\/wp-content\/uploads\/2025\/02\/Xirgo_Solutions_RentalCar_hero.webp","type":"image\/webp"}],"twitter_card":"summary_large_image","twitter_misc":{"Tiempo de lectura":"2 minutos"},"schema":{"@context":"https:\/\/schema.org","@graph":[{"@type":"WebPage","@id":"https:\/\/xirgo.com\/es\/soluciones\/alquiler-de-coches-gestion-de-flotas\/","url":"https:\/\/xirgo.com\/es\/soluciones\/alquiler-de-coches-gestion-de-flotas\/","name":"Gesti\u00f3n de flotas de coches de alquiler | Xirgo","isPartOf":{"@id":"https:\/\/xirgo.com\/es\/#website"},"primaryImageOfPage":{"@id":"https:\/\/xirgo.com\/es\/soluciones\/alquiler-de-coches-gestion-de-flotas\/#primaryimage"},"image":{"@id":"https:\/\/xirgo.com\/es\/soluciones\/alquiler-de-coches-gestion-de-flotas\/#primaryimage"},"thumbnailUrl":"https:\/\/xirgo.com\/wp-content\/uploads\/2025\/02\/Xirgo_Solutions_RentalCar_hero.webp","datePublished":"2025-02-04T18:08:02+00:00","dateModified":"2025-08-26T14:52:40+00:00","description":"Descubre el vanguardista sistema de gesti\u00f3n de flotas de coches de alquiler de Xirgo, dise\u00f1ado para maximizar la eficiencia de las flotas de las empresas de alquiler de coches.","breadcrumb":{"@id":"https:\/\/xirgo.com\/es\/soluciones\/alquiler-de-coches-gestion-de-flotas\/#breadcrumb"},"inLanguage":"es","potentialAction":[{"@type":"ReadAction","target":["https:\/\/xirgo.com\/es\/soluciones\/alquiler-de-coches-gestion-de-flotas\/"]}]},{"@type":"ImageObject","inLanguage":"es","@id":"https:\/\/xirgo.com\/es\/soluciones\/alquiler-de-coches-gestion-de-flotas\/#primaryimage","url":"https:\/\/xirgo.com\/wp-content\/uploads\/2025\/02\/Xirgo_Solutions_RentalCar_hero.webp","contentUrl":"https:\/\/xirgo.com\/wp-content\/uploads\/2025\/02\/Xirgo_Solutions_RentalCar_hero.webp","width":900,"height":538},{"@type":"BreadcrumbList","@id":"https:\/\/xirgo.com\/es\/soluciones\/alquiler-de-coches-gestion-de-flotas\/#breadcrumb","itemListElement":[{"@type":"ListItem","position":1,"name":"Home","item":"https:\/\/xirgo.com\/es\/"},{"@type":"ListItem","position":2,"name":"Soluciones","item":"https:\/\/xirgo.com\/es\/soluciones\/"},{"@type":"ListItem","position":3,"name":"Alquiler de coches \/ Gesti\u00f3n de flotas"}]},{"@type":"WebSite","@id":"https:\/\/xirgo.com\/es\/#website","url":"https:\/\/xirgo.com\/es\/","name":"Xirgo","description":"","potentialAction":[{"@type":"SearchAction","target":{"@type":"EntryPoint","urlTemplate":"https:\/\/xirgo.com\/es\/?s={search_term_string}"},"query-input":{"@type":"PropertyValueSpecification","valueRequired":true,"valueName":"search_term_string"}}],"inLanguage":"es"}]}},"_links":{"self":[{"href":"https:\/\/xirgo.com\/es\/wp-json\/wp\/v2\/pages\/3211","targetHints":{"allow":["GET"]}}],"collection":[{"href":"https:\/\/xirgo.com\/es\/wp-json\/wp\/v2\/pages"}],"about":[{"href":"https:\/\/xirgo.com\/es\/wp-json\/wp\/v2\/types\/page"}],"author":[{"embeddable":true,"href":"https:\/\/xirgo.com\/es\/wp-json\/wp\/v2\/users\/2"}],"replies":[{"embeddable":true,"href":"https:\/\/xirgo.com\/es\/wp-json\/wp\/v2\/comments?post=3211"}],"version-history":[{"count":1,"href":"https:\/\/xirgo.com\/es\/wp-json\/wp\/v2\/pages\/3211\/revisions"}],"predecessor-version":[{"id":4241,"href":"https:\/\/xirgo.com\/es\/wp-json\/wp\/v2\/pages\/3211\/revisions\/4241"}],"up":[{"embeddable":true,"href":"https:\/\/xirgo.com\/es\/wp-json\/wp\/v2\/pages\/3190"}],"wp:featuredmedia":[{"embeddable":true,"href":"https:\/\/xirgo.com\/es\/wp-json\/wp\/v2\/media\/1509"}],"wp:attachment":[{"href":"https:\/\/xirgo.com\/es\/wp-json\/wp\/v2\/media?parent=3211"}],"wp:term":[{"taxonomy":"hf_cat_page","embeddable":true,"href":"https:\/\/xirgo.com\/es\/wp-json\/wp\/v2\/hf_cat_page?post=3211"}],"curies":[{"name":"wp","href":"https:\/\/api.w.org\/{rel}","templated":true}]}}