{"id":3959,"date":"2025-05-27T13:30:31","date_gmt":"2025-05-27T18:30:31","guid":{"rendered":"https:\/\/xirgo.com\/acerca\/blog\/"},"modified":"2025-08-25T09:29:59","modified_gmt":"2025-08-25T14:29:59","slug":"blog","status":"publish","type":"page","link":"https:\/\/xirgo.com\/es\/blog\/","title":{"rendered":"Blog"},"content":{"rendered":"\n\n<main  id=\"main\">\n\t<\/main>\n<aside  id=\"sidebar\">\n\t<\/aside>\n<h2>\n\t\t\tBlog categories\t<\/h2>\n<h2>\n\t\t\tMedia contact\t<\/h2>\n\t<p>Have a media-related inquiry? Please connect with our media team directly at <a href=\"mailto:PR@xirgo.com\">PR@xirgo.com<\/a>.<\/p>\n<h2>\n\t\t\tConnect with us on social\t<\/h2>\n\t<p>Follow us on Facebook, LinkedIn and X, and never miss a minute of what&#8217;s happening.<\/p>\n\n","protected":false},"excerpt":{"rendered":"<p>Blog categories Media contact Have a media-related inquiry? Please connect with our media team directly at PR@xirgo.com. Connect with us on social Follow us on Facebook, LinkedIn and X, and never miss a minute of what&#8217;s happening.<\/p>\n","protected":false},"author":2,"featured_media":3904,"parent":0,"menu_order":0,"comment_status":"closed","ping_status":"closed","template":"","meta":{"_acf_changed":false,"footnotes":""},"hf_cat_page":[],"class_list":["post-3959","page","type-page","status-publish","has-post-thumbnail","hentry"],"acf":[],"yoast_head":"<!-- This site is optimized with the Yoast SEO plugin v27.6 - https:\/\/yoast.com\/product\/yoast-seo-wordpress\/ -->\n<title>Blog: Informaci\u00f3n sobre datos telem\u00e1ticos y de gesti\u00f3n de flotas | Xirgo<\/title>\n<meta name=\"description\" content=\"Explora el blog de Xirgo para conocer las \u00faltimas novedades sobre recuperaci\u00f3n de veh\u00edculos robados, innovaci\u00f3n en remolques inteligentes y telem\u00e1tica de vanguardia para camiones.\" \/>\n<meta name=\"robots\" content=\"index, follow, max-snippet:-1, max-image-preview:large, max-video-preview:-1\" \/>\n<link rel=\"canonical\" href=\"https:\/\/xirgo.com\/es\/blog\/\" \/>\n<meta property=\"og:locale\" content=\"es_ES\" \/>\n<meta property=\"og:type\" content=\"article\" \/>\n<meta property=\"og:title\" content=\"Blog: Informaci\u00f3n sobre datos telem\u00e1ticos y de gesti\u00f3n de flotas | Xirgo\" \/>\n<meta property=\"og:description\" content=\"Explora el blog de Xirgo para conocer las \u00faltimas novedades sobre recuperaci\u00f3n de veh\u00edculos robados, innovaci\u00f3n en remolques inteligentes y telem\u00e1tica de vanguardia para camiones.\" \/>\n<meta property=\"og:url\" content=\"https:\/\/xirgo.com\/es\/blog\/\" \/>\n<meta property=\"og:site_name\" content=\"Xirgo\" \/>\n<meta property=\"article:modified_time\" content=\"2025-08-25T14:29:59+00:00\" \/>\n<meta property=\"og:image\" content=\"https:\/\/xirgo.com\/wp-content\/uploads\/2025\/06\/Xirgo_Blog_hero_flat.webp\" \/>\n\t<meta property=\"og:image:width\" content=\"1433\" \/>\n\t<meta property=\"og:image:height\" content=\"676\" \/>\n\t<meta property=\"og:image:type\" content=\"image\/webp\" \/>\n<meta name=\"twitter:card\" content=\"summary_large_image\" \/>\n<script type=\"application\/ld+json\" class=\"yoast-schema-graph\">{\"@context\":\"https:\\\/\\\/schema.org\",\"@graph\":[{\"@type\":\"WebPage\",\"@id\":\"https:\\\/\\\/xirgo.com\\\/es\\\/blog\\\/\",\"url\":\"https:\\\/\\\/xirgo.com\\\/es\\\/blog\\\/\",\"name\":\"Blog: Informaci\u00f3n sobre datos telem\u00e1ticos y de gesti\u00f3n de flotas | Xirgo\",\"isPartOf\":{\"@id\":\"https:\\\/\\\/xirgo.com\\\/es\\\/#website\"},\"primaryImageOfPage\":{\"@id\":\"https:\\\/\\\/xirgo.com\\\/es\\\/blog\\\/#primaryimage\"},\"image\":{\"@id\":\"https:\\\/\\\/xirgo.com\\\/es\\\/blog\\\/#primaryimage\"},\"thumbnailUrl\":\"https:\\\/\\\/xirgo.com\\\/wp-content\\\/uploads\\\/2025\\\/06\\\/Xirgo_Blog_hero_flat.webp\",\"datePublished\":\"2025-05-27T18:30:31+00:00\",\"dateModified\":\"2025-08-25T14:29:59+00:00\",\"description\":\"Explora el blog de Xirgo para conocer las \u00faltimas novedades sobre recuperaci\u00f3n de veh\u00edculos robados, innovaci\u00f3n en remolques inteligentes y telem\u00e1tica de vanguardia para camiones.\",\"breadcrumb\":{\"@id\":\"https:\\\/\\\/xirgo.com\\\/es\\\/blog\\\/#breadcrumb\"},\"inLanguage\":\"es\",\"potentialAction\":[{\"@type\":\"ReadAction\",\"target\":[\"https:\\\/\\\/xirgo.com\\\/es\\\/blog\\\/\"]}]},{\"@type\":\"ImageObject\",\"inLanguage\":\"es\",\"@id\":\"https:\\\/\\\/xirgo.com\\\/es\\\/blog\\\/#primaryimage\",\"url\":\"https:\\\/\\\/xirgo.com\\\/wp-content\\\/uploads\\\/2025\\\/06\\\/Xirgo_Blog_hero_flat.webp\",\"contentUrl\":\"https:\\\/\\\/xirgo.com\\\/wp-content\\\/uploads\\\/2025\\\/06\\\/Xirgo_Blog_hero_flat.webp\",\"width\":1433,\"height\":676},{\"@type\":\"BreadcrumbList\",\"@id\":\"https:\\\/\\\/xirgo.com\\\/es\\\/blog\\\/#breadcrumb\",\"itemListElement\":[{\"@type\":\"ListItem\",\"position\":1,\"name\":\"Home\",\"item\":\"https:\\\/\\\/xirgo.com\\\/es\\\/\"},{\"@type\":\"ListItem\",\"position\":2,\"name\":\"Acerca de\",\"item\":\"https:\\\/\\\/xirgo.com\\\/es\\\/acerca\\\/\"},{\"@type\":\"ListItem\",\"position\":3,\"name\":\"Blog\"}]},{\"@type\":\"WebSite\",\"@id\":\"https:\\\/\\\/xirgo.com\\\/es\\\/#website\",\"url\":\"https:\\\/\\\/xirgo.com\\\/es\\\/\",\"name\":\"Xirgo\",\"description\":\"\",\"potentialAction\":[{\"@type\":\"SearchAction\",\"target\":{\"@type\":\"EntryPoint\",\"urlTemplate\":\"https:\\\/\\\/xirgo.com\\\/es\\\/?s={search_term_string}\"},\"query-input\":{\"@type\":\"PropertyValueSpecification\",\"valueRequired\":true,\"valueName\":\"search_term_string\"}}],\"inLanguage\":\"es\"}]}<\/script>\n<!-- \/ Yoast SEO plugin. -->","yoast_head_json":{"title":"Blog: Informaci\u00f3n sobre datos telem\u00e1ticos y de gesti\u00f3n de flotas | Xirgo","description":"Explora el blog de Xirgo para conocer las \u00faltimas novedades sobre recuperaci\u00f3n de veh\u00edculos robados, innovaci\u00f3n en remolques inteligentes y telem\u00e1tica de vanguardia para camiones.","robots":{"index":"index","follow":"follow","max-snippet":"max-snippet:-1","max-image-preview":"max-image-preview:large","max-video-preview":"max-video-preview:-1"},"canonical":"https:\/\/xirgo.com\/es\/blog\/","og_locale":"es_ES","og_type":"article","og_title":"Blog: Informaci\u00f3n sobre datos telem\u00e1ticos y de gesti\u00f3n de flotas | Xirgo","og_description":"Explora el blog de Xirgo para conocer las \u00faltimas novedades sobre recuperaci\u00f3n de veh\u00edculos robados, innovaci\u00f3n en remolques inteligentes y telem\u00e1tica de vanguardia para camiones.","og_url":"https:\/\/xirgo.com\/es\/blog\/","og_site_name":"Xirgo","article_modified_time":"2025-08-25T14:29:59+00:00","og_image":[{"width":1433,"height":676,"url":"https:\/\/xirgo.com\/wp-content\/uploads\/2025\/06\/Xirgo_Blog_hero_flat.webp","type":"image\/webp"}],"twitter_card":"summary_large_image","schema":{"@context":"https:\/\/schema.org","@graph":[{"@type":"WebPage","@id":"https:\/\/xirgo.com\/es\/blog\/","url":"https:\/\/xirgo.com\/es\/blog\/","name":"Blog: Informaci\u00f3n sobre datos telem\u00e1ticos y de gesti\u00f3n de flotas | Xirgo","isPartOf":{"@id":"https:\/\/xirgo.com\/es\/#website"},"primaryImageOfPage":{"@id":"https:\/\/xirgo.com\/es\/blog\/#primaryimage"},"image":{"@id":"https:\/\/xirgo.com\/es\/blog\/#primaryimage"},"thumbnailUrl":"https:\/\/xirgo.com\/wp-content\/uploads\/2025\/06\/Xirgo_Blog_hero_flat.webp","datePublished":"2025-05-27T18:30:31+00:00","dateModified":"2025-08-25T14:29:59+00:00","description":"Explora el blog de Xirgo para conocer las \u00faltimas novedades sobre recuperaci\u00f3n de veh\u00edculos robados, innovaci\u00f3n en remolques inteligentes y telem\u00e1tica de vanguardia para camiones.","breadcrumb":{"@id":"https:\/\/xirgo.com\/es\/blog\/#breadcrumb"},"inLanguage":"es","potentialAction":[{"@type":"ReadAction","target":["https:\/\/xirgo.com\/es\/blog\/"]}]},{"@type":"ImageObject","inLanguage":"es","@id":"https:\/\/xirgo.com\/es\/blog\/#primaryimage","url":"https:\/\/xirgo.com\/wp-content\/uploads\/2025\/06\/Xirgo_Blog_hero_flat.webp","contentUrl":"https:\/\/xirgo.com\/wp-content\/uploads\/2025\/06\/Xirgo_Blog_hero_flat.webp","width":1433,"height":676},{"@type":"BreadcrumbList","@id":"https:\/\/xirgo.com\/es\/blog\/#breadcrumb","itemListElement":[{"@type":"ListItem","position":1,"name":"Home","item":"https:\/\/xirgo.com\/es\/"},{"@type":"ListItem","position":2,"name":"Acerca de","item":"https:\/\/xirgo.com\/es\/acerca\/"},{"@type":"ListItem","position":3,"name":"Blog"}]},{"@type":"WebSite","@id":"https:\/\/xirgo.com\/es\/#website","url":"https:\/\/xirgo.com\/es\/","name":"Xirgo","description":"","potentialAction":[{"@type":"SearchAction","target":{"@type":"EntryPoint","urlTemplate":"https:\/\/xirgo.com\/es\/?s={search_term_string}"},"query-input":{"@type":"PropertyValueSpecification","valueRequired":true,"valueName":"search_term_string"}}],"inLanguage":"es"}]}},"_links":{"self":[{"href":"https:\/\/xirgo.com\/es\/wp-json\/wp\/v2\/pages\/3959","targetHints":{"allow":["GET"]}}],"collection":[{"href":"https:\/\/xirgo.com\/es\/wp-json\/wp\/v2\/pages"}],"about":[{"href":"https:\/\/xirgo.com\/es\/wp-json\/wp\/v2\/types\/page"}],"author":[{"embeddable":true,"href":"https:\/\/xirgo.com\/es\/wp-json\/wp\/v2\/users\/2"}],"replies":[{"embeddable":true,"href":"https:\/\/xirgo.com\/es\/wp-json\/wp\/v2\/comments?post=3959"}],"version-history":[{"count":0,"href":"https:\/\/xirgo.com\/es\/wp-json\/wp\/v2\/pages\/3959\/revisions"}],"wp:featuredmedia":[{"embeddable":true,"href":"https:\/\/xirgo.com\/es\/wp-json\/wp\/v2\/media\/3904"}],"wp:attachment":[{"href":"https:\/\/xirgo.com\/es\/wp-json\/wp\/v2\/media?parent=3959"}],"wp:term":[{"taxonomy":"hf_cat_page","embeddable":true,"href":"https:\/\/xirgo.com\/es\/wp-json\/wp\/v2\/hf_cat_page?post=3959"}],"curies":[{"name":"wp","href":"https:\/\/api.w.org\/{rel}","templated":true}]}}