{"id":4044,"date":"2025-07-15T11:16:14","date_gmt":"2025-07-15T16:16:14","guid":{"rendered":"https:\/\/xirgo.com\/america-latina\/"},"modified":"2025-09-25T13:57:34","modified_gmt":"2025-09-25T18:57:34","slug":"america-latina","status":"publish","type":"page","link":"https:\/\/xirgo.com\/es\/america-latina\/","title":{"rendered":"Am\u00e9rica Latina"},"content":{"rendered":"\n\n<h2>\n\t\t\t\u00bfPor qu\u00e9 Xirgo?\t<\/h2>\n\t<p>Xirgo es el l\u00edder en <a href=\"https:\/\/xirgo.com\/es\/acerca\/logistica-inteligente-de-flotas\/\">Log\u00edstica Inteligente de Flotas<\/a>. Vamos m\u00e1s all\u00e1 del seguimiento b\u00e1sico y ofrecemos una cartera completa de <a href=\"https:\/\/xirgo.com\/es\/productos\/\">hardware<\/a>, <a href=\"https:\/\/xirgo.com\/es\/productos\/software-telematico\/\">software<\/a> y firmware telem\u00e1ticos que ayuda a nuestros socios a ofrecer un valor tangible a sus clientes. Con operaciones ahora en Latino Am\u00e9rica, ofrecemos inventario local y soporte dedicado para ayudarte a servir mejor a tus clientes y diferenciar tu negocio telem\u00e1tico.<\/p>\n\t\t\t<a href=\"https:\/\/xirgo.com\/es\/contacto\/solicitar-demostracion\/\" target=\"_self\">\n\t\t\t\t\t\t\tSolicita una demostraci\u00f3n\n\t\t\t\t\t<\/a>\n\t\t\t<a href=\"https:\/\/xirgo.com\/es\/contacto\/contacta-con-nosotros\/\" target=\"_self\">\n\t\t\t\t\t\t\tContacta con nuestro equipo\n\t\t\t\t\t<\/a>\n<h2>\n\t\t\tCasos pr\u00e1cticos\t<\/h2>\n<h3>\n\t\t\tEmpresa de alquiler de coches\t<\/h3>\n\t<p>Esta compa\u00f1\u00eda aprovech\u00f3 la telem\u00e1tica avanzada y las capacidades de scripting de los equipos de Xirgo para optimizar su eficiencia operativa y reducir los costos asociados a p\u00e9rdidas y accidentes, logrando as\u00ed una gesti\u00f3n m\u00e1s segura y rentable para el negocio.<\/p>\n<p>Resultados:<\/p>\n<ul>\n<li><strong>M\u00e1s de 110 millones de d\u00f3lares<\/strong> en ahorros anuales<\/li>\n<li>La disponibilidad de veh\u00edculos para renta <strong>aument\u00f3 en un 29%<\/strong><\/li>\n<li>Los costos de mantenimiento de veh\u00edculos <strong>disminuyeron un 16%<\/strong><\/li>\n<li>El tiempo que tarda un cliente en arrendar un veh\u00edculo se redujo de 20 a 5 minutos<\/li>\n<\/ul>\n<h3>\n\t\t\tEmpresa de monitoreo de transporte de carga pesada\t<\/h3>\n\t<p>Esta compa\u00f1\u00eda implement\u00f3 una configuraci\u00f3n avanzada y compleja de scripting en los equipos de Xirgo, combinada con una tecnolog\u00eda de hardware antisabotaje para el apagado del motor mediante sensores, garantizando que cualquier intento de robo de la carga o del veh\u00edculo fuera frustrado.<\/p>\n<p>Resultados:<\/p>\n<ul>\n<li>En los \u00faltimos 5 a\u00f1os <strong>se han recuperado m\u00e1s de $350 millones de d\u00f3lares<\/strong> en activos y carga<\/li>\n<li><strong>Tasa de recuperaci\u00f3n del 96%,<\/strong> superando ampliamente el promedio del mercado (60%).<\/li>\n<li>Ahorro en costos al <strong>eliminar la necesidad de escoltas armados<\/strong> durante el transporte de mercanc\u00edas valiosas.<\/li>\n<\/ul>\n<h3>\n\t\t\tEmpresa fabricante de remolques\t<\/h3>\n\t<p>Esta compa\u00f1\u00eda aprovech\u00f3 la tecnolog\u00eda de Xirgo para obtener informaci\u00f3n detallada sobre el uso de sus remolques, anticipar necesidades de mantenimiento y optimizar la cadena de suministro en funci\u00f3n del tipo de ruta y la disponibilidad de inventario en los concesionarios.<\/p>\n<p>Resultados:<\/p>\n<ul>\n<li>Generaci\u00f3n de ingresos recurrentes por servicios telem\u00e1ticos<\/li>\n<li>Mejor gesti\u00f3n y disponibilidad de refacciones en toda la red de concesionarios.<\/li>\n<li><strong>Incremento del 28%<\/strong> en los remolques que regresan al concesionario para realizar su mantenimiento.<\/li>\n<li>Mayor fidelizaci\u00f3n de los clientes<\/li>\n<\/ul>\n<h2>\n\t\t\tTelem\u00e1tica de veh\u00edculos\t<\/h2>\n<h3>\n\t\t\tXG37\t<\/h3>\n\t<p>El XG37 es un dispositivo telem\u00e1tico para veh\u00edculos de flota con una gama completa de datos CANBUS, funciones SDK, numerosas interfaces y una opci\u00f3n de descarga remota de datos del tac\u00f3grafo.<\/p>\n\t\t\t<a href=\"\/collateral\/xirgo-xg37-spec-sheet-americas.pdf\" target=\"_blank\" rel=\"noopener\">\n\t\t\t\t\t\tVer la hoja de especificaciones\n\t\t\t\t\t<\/a>\n\t\t\t\t\t<a href=\"#\"  id=\"fl-accordion--label-0\" tabindex=\"0\" aria-controls=\"fl-accordion--panel-0\">Caracter\u00edsticas<\/a>\n\t\t\t\t\t\t\t\t\t\t\t<a href=\"#\" id=\"fl-accordion--icon-0\"  tabindex=\"0\"><i title=\"Expand\">Expand<\/i><\/a>\n\t\t\t\t\t<ul> \t\n<li>Notificaciones instant\u00e1neas de geocercas para proporcionar a los gestores de flotas un mayor control y seguimiento<\/li>\n\n<li>LTE CatM1 con 2G fallback o Cat1 con 3G UMTS\/HSPA, 2G GSM fallback (var\u00eda seg\u00fan el modelo de dispositivo)<\/li>\n\n<li>SDK con escenarios y algoritmos \u00fanicos<\/li>\n\n<li>Protocolo de transferencia de datos basado en MQTT<\/li>\n\n<li>Admite TLS1.2<\/li>\n\n<li>Motor GNSS y antena GNSS integrados<\/li>\n\n<li>Bater\u00eda opcional de 1800 mAh\/850 mAh\/210 mAh<\/li>\n\n<li>Descarga remota de datos del tac\u00f3grafo<\/li>\n\n<li>Certificado IEC, CE\/RED, E-Mark E24, TRA, SASO, ICASA, ANRT, OSTST, ANATEL<\/li>\n<\/ul>\n\t\t\t\t<img decoding=\"async\" src=\"https:\/\/xirgoglobal.ignitesolutions.com\/wp-content\/uploads\/2025\/02\/Product_XG3700.webp\" alt=\"Product_XG3700\" itemprop=\"image\" title=\"Product_XG3700\" onerror=\"this.style.display='none'\" loading=\"lazy\" \/>\n<h2>\n\t\t\tTelem\u00e1tica de activos\t<\/h2>\n<h3>\n\t\t\tXT49\t<\/h3>\n\t<p>Un dispositivo LTE de captaci\u00f3n solar que permite despliegues remotos a largo plazo sin necesidad de sustituir la bater\u00eda. Con una carcasa protectora totalmente sellada, puede desplegarse en entornos marinos y des\u00e9rticos hostiles. <\/p>\n\t\t\t<a href=\"\/collateral\/xirgo-xt49-spec-sheet-americas.pdf\" target=\"_blank\" rel=\"noopener\">\n\t\t\t\t\t\tVer la hoja de especificaciones\n\t\t\t\t\t<\/a>\n\t\t\t\t\t<a href=\"#\"  id=\"fl-accordion--label-0\" tabindex=\"0\" aria-controls=\"fl-accordion--panel-0\">Caracter\u00edsticas<\/a>\n\t\t\t\t\t\t\t\t\t\t\t<a href=\"#\" id=\"fl-accordion--icon-0\"  tabindex=\"0\"><i title=\"Expand\">Expand<\/i><\/a>\n\t\t\t\t\t<ul> \t\n<li>Doble operador opcional LTE\/HSPA+ Cat 1 con 3G y 2G fallback<\/li>\n\n<li>Panel solar de alta eficiencia para cargar y maximizar la vida \u00fatil de la bater\u00eda interna de iones de litio<\/li>\n\n<li>Bater\u00eda integrada de 10 Ah<\/li>\n\n<li>Admite SMS, TCP, UDP, UDP\/ACK, FTP, HTTP, HTTPS y AWS MQTT<\/li>\n\n<li>Aceler\u00f3metro de 3 ejes y sensor de movimiento<\/li>\n\n<li>Sensor interno de temperatura<\/li>\n\n<li>Receptor\/antena GPS integrado, antena de banda LTE<\/li>\n\n<li>Admite 10k geocercas de 11 puntos<\/li>\n\n<li>Bluetooth opcional, Zigbee, diferentes opciones de E\/S digital y ADC, antenas integradas, RS-232, fuente de alimentaci\u00f3n externa para carga y bus de 1 hilo<\/li>\n\n<li>Certificado FCC, PTCRB, IC, CE (depende del modelo de dispositivo)<\/li>\n\n<li>Certificado AT&amp;T y PTCRB<\/li>\n<\/ul>\n\t\t\t\t<img decoding=\"async\" src=\"https:\/\/xirgoglobal.ignitesolutions.com\/wp-content\/uploads\/2025\/02\/Product_XT4900-1.webp\" alt=\"Product_XT4900\" itemprop=\"image\" title=\"Product_XT4900\" onerror=\"this.style.display='none'\" loading=\"lazy\" \/>\n<h3>\n\t\t\tXG47\t<\/h3>\n\t<p>Dise\u00f1ado para la supervisi\u00f3n y el control de activos remotos de gran valor (por ejemplo, grupos electr\u00f3genos m\u00f3viles, equipos de construcci\u00f3n, maquinaria especializada, contenedores, remolques y otros) en los que la disponibilidad de suministro el\u00e9ctrico externo es un problema.<\/p>\n\t\t\t<a href=\"\/collateral\/xirgo-xt47-spec-sheet-americas.pdf\" target=\"_blank\" rel=\"noopener\">\n\t\t\t\t\t\tVer la hoja de especificaciones\n\t\t\t\t\t<\/a>\n\t\t\t\t\t<a href=\"#\"  id=\"fl-accordion--label-0\" tabindex=\"0\" aria-controls=\"fl-accordion--panel-0\">Caracter\u00edsticas<\/a>\n\t\t\t\t\t\t\t\t\t\t\t<a href=\"#\" id=\"fl-accordion--icon-0\"  tabindex=\"0\"><i title=\"Expand\">Expand<\/i><\/a>\n\t\t\t\t\t<ul> \t\n<li>4G Cat1 con 3G, 4G Cat M1 con 2G (depende del modelo de dispositivo)<\/li>\n\n<li>Indicadores LED del estado del GNSS y del m\u00f3vil<\/li>\n\n<li>Resistente para el seguimiento en condiciones extremas<\/li>\n\n<li>Actualizaci\u00f3n de firmware por aire<\/li>\n\n<li>Admite FTP, HTTP, HTTPS y CoAP<\/li>\n\n<li>Aceler\u00f3metro de 3 ejes y detector de movimiento<\/li>\n\n<li>Sensor interno de temperatura<\/li>\n\n<li>Receptor GPS integrado y antena de banda LTE<\/li>\n\n<li>Receptores Bluetooth integrados opcionales (depende del modelo de aparato)<\/li>\n\n<li>Bater\u00eda recargable de 5 Ah<\/li>\n<\/ul>\n\t\t\t\t<img decoding=\"async\" src=\"https:\/\/xirgoglobal.ignitesolutions.com\/wp-content\/uploads\/2025\/02\/Product_XG4700.webp\" alt=\"Product_XG4700\" itemprop=\"image\" title=\"Product_XG4700\" onerror=\"this.style.display='none'\" loading=\"lazy\" \/>\n<h3>\n\t\t\t\u00bfListo para transformar tus operaciones log\u00edsticas con Xirgo? Estamos listos para ayudarte. \t<\/h3>\n\t\t\t<a href=\"https:\/\/xirgo.com\/es\/contacto\/solicitar-demostracion\/\" target=\"_self\">\n\t\t\t\t\t\t\tSolicita una demostraci\u00f3n\n\t\t\t\t\t<\/a>\n\t\t\t<a href=\"https:\/\/xirgo.com\/es\/contacto\/contacta-con-nosotros\/\" target=\"_self\">\n\t\t\t\t\t\t\tContacta con nuestro equipo\n\t\t\t\t\t<\/a>\n<h2>\n\t\t\tV\u00eddeo Telem\u00e1tica\t<\/h2>\n<h3>\n\t\t\tC\u00e1mara KP2 AI\t<\/h3>\n\t<p>Una vanguardista dashcam AI modular que ofrece visibilidad HD de la carretera y opcional del conductor, adem\u00e1s de capacidad ADAS y DMS, todo en un dispositivo telem\u00e1tico de v\u00eddeo plug-and-play. La c\u00e1mara orientada hacia el conductor puede a\u00f1adirse en cualquier momento. <\/p>\n\t\t\t<a href=\"\/collateral\/xirgo-kp2-spec-sheet-americas.pdf\" target=\"_blank\" rel=\"noopener\">\n\t\t\t\t\t\tVer la hoja de especificaciones\n\t\t\t\t\t<\/a>\n\t\t\t\t\t<a href=\"#\"  id=\"fl-accordion--label-0\" tabindex=\"0\" aria-controls=\"fl-accordion--panel-0\">Caracter\u00edsticas<\/a>\n\t\t\t\t\t\t\t\t\t\t\t<a href=\"#\" id=\"fl-accordion--icon-0\"  tabindex=\"0\"><i title=\"Expand\">Expand<\/i><\/a>\n\t\t\t\t\t<ul> \t\n<li>Dispositivo de v\u00eddeo\/telem\u00e1tica 2 en 1 con funciones de Sistemas Avanzados de Asistencia al Conductor (ADAS) y un innovador dise\u00f1o modular<\/li>\n\n<li>La c\u00e1mara de v\u00eddeo HD orientada hacia la carretera graba y sube los datos de los eventos a la nube<\/li>\n\n<li>ADAS proporciona alertas de seguridad en lenguaje natural en tiempo real a tus conductores<\/li>\n\n<li>La c\u00e1mara integrada orientada hacia el conductor proporciona acceso instant\u00e1neo a las funciones de detecci\u00f3n de distracci\u00f3n y fatiga del conductor basadas en IA<\/li>\n\n<li>El dise\u00f1o plug-and-play permite una autoinstalaci\u00f3n rapid\u00edsima<\/li>\n<\/ul>\n\t\t\t\t<img decoding=\"async\" src=\"\/wp-content\/uploads\/2025\/02\/product-kp2-ai-camera-v2.webp\" alt=\"product-kp2-ai-camera-v2.webp\" itemprop=\"image\" title=\"product-kp2-ai-camera-v2.webp\" onerror=\"this.style.display='none'\" loading=\"lazy\" \/>\n<h3>\n\t\t\tCP4S\/CRX-S\t<\/h3>\n\t<p>El coraz\u00f3n y el cerebro de la plataforma multic\u00e1mara de Xirgo. Grabadores para veh\u00edculos de alta definici\u00f3n y gran capacidad de almacenamiento que permiten integrar de cuatro a ocho c\u00e1maras para una cobertura del veh\u00edculo de casi 360 grados.   <\/p>\n\t\t\t<a href=\"\/collateral\/xirgo-kp2-spec-sheet-americas.pdf\" target=\"_blank\" rel=\"noopener\">\n\t\t\t\t\t\tVer la hoja de especificaciones\n\t\t\t\t\t<\/a>\n\t\t\t\t\t<a href=\"#\"  id=\"fl-accordion--label-0\" tabindex=\"0\" aria-controls=\"fl-accordion--panel-0\">Caracter\u00edsticas<\/a>\n\t\t\t\t\t\t\t\t\t\t\t<a href=\"#\" id=\"fl-accordion--icon-0\"  tabindex=\"0\"><i title=\"Expand\">Expand<\/i><\/a>\n\t\t\t\t\t<ul> \t\n<li>Dispositivo de v\u00eddeo\/telem\u00e1tica 2 en 1 con funciones de Sistemas Avanzados de Asistencia al Conductor (ADAS) y un innovador dise\u00f1o modular<\/li>\n\n<li>La c\u00e1mara de v\u00eddeo HD orientada hacia la carretera graba y sube los datos de los eventos a la nube<\/li>\n\n<li>ADAS proporciona alertas de seguridad en lenguaje natural en tiempo real a tus conductores<\/li>\n\n<li>La c\u00e1mara integrada orientada hacia el conductor proporciona acceso instant\u00e1neo a las funciones de detecci\u00f3n de distracci\u00f3n y fatiga del conductor basadas en IA<\/li>\n\n<li>El dise\u00f1o plug-and-play permite una autoinstalaci\u00f3n rapid\u00edsima<\/li>\n<\/ul>\n\t\t\t\t<img decoding=\"async\" src=\"\/wp-content\/uploads\/2025\/07\/prod-CP4S-CRX-S.webp\" alt=\"prod-CP4S-CRX-S.webp\" itemprop=\"image\" title=\"prod-CP4S-CRX-S.webp\" onerror=\"this.style.display='none'\" loading=\"lazy\" \/>\n<h2>\n\t\t\tSoftware telem\u00e1tico\t<\/h2>\n<h3>\n\t\t\tElasticM2M\t<\/h3>\n\t<p>La plataforma m\u00e1s flexible y escalable para gestionar activos m\u00f3viles en ubicaciones interiores y exteriores de todo el mundo. Las capacidades de aprendizaje autom\u00e1tico e IA permiten tomar mejores decisiones operativas a trav\u00e9s de los datos de sensores y c\u00e1maras. <\/p>\n<h3>\n\t\t\tSmartView\t<\/h3>\n\t<p>El portal telem\u00e1tico en l\u00ednea ayuda a proporcionar al conductor informaci\u00f3n sobre seguridad y protecci\u00f3n en cuesti\u00f3n de segundos tras producirse un incidente. Incluye vistas del salpicadero, del rendimiento del veh\u00edculo, de la ubicaci\u00f3n y de la repetici\u00f3n de la ruta. <\/p>\n<h3>\n\t\t\tSmartAPI\t<\/h3>\n\t<p>La plataforma IoT permite a los proveedores de servicios telem\u00e1ticos, compa\u00f1\u00edas de seguros y otras soluciones de software integrar sin problemas los datos de v\u00eddeo y conducci\u00f3n de los dispositivos Xirgo. Su interfaz puede utilizarse para acceder a los datos de v\u00eddeo telem\u00e1ticos y gestionarlos. <\/p>\n<h3>\n\t\t\t\u00bfListo para transformar tus operaciones log\u00edsticas con Xirgo? Estamos listos para ayudarte. \t<\/h3>\n\t\t\t<a href=\"https:\/\/xirgo.com\/es\/contacto\/solicitar-demostracion\/\" target=\"_self\">\n\t\t\t\t\t\t\tSolicita una demostraci\u00f3n\n\t\t\t\t\t<\/a>\n\t\t\t<a href=\"https:\/\/xirgo.com\/es\/contacto\/contacta-con-nosotros\/\" target=\"_self\">\n\t\t\t\t\t\t\tContacta con nuestro equipo\n\t\t\t\t\t<\/a>\n<h2>\n\t\t\tGesti\u00f3n de flotas\t<\/h2>\n\t<p>Las empresas que utilizan el XG37 y el S-CAN se benefician de an\u00e1lisis del consumo de combustible en tiempo real, perfiles de comportamiento para identificar a los conductores que generan costes y planificaci\u00f3n proactiva del mantenimiento. Nuestra tecnolog\u00eda permite una mejora operativa y una reducci\u00f3n de costes significativas gracias a la informaci\u00f3n procesable basada en el CAN. <\/p>\n\t\t\t\t<img decoding=\"async\" src=\"\/wp-content\/uploads\/2025\/02\/Insets_HP_VehicleTel.webp\" alt=\"Insets_HP_VehicleTel.webp\" itemprop=\"image\" title=\"Insets_HP_VehicleTel.webp\" onerror=\"this.style.display='none'\" loading=\"lazy\" \/>\n\t\t\t\t<img decoding=\"async\" src=\"\/wp-content\/uploads\/2025\/07\/semi-truck.webp\" alt=\"semi-truck.webp\" itemprop=\"image\" title=\"semi-truck.webp\" onerror=\"this.style.display='none'\" loading=\"lazy\" \/>\n<h2>\n\t\t\tGesti\u00f3n de activos\t<\/h2>\n\t<p>Con XT49 y XG47, los transportistas obtienen un control total de sus remolques, incluida la localizaci\u00f3n en tiempo real, la supervisi\u00f3n del tiempo de inactividad y el seguimiento del volumen de carga. Esta visibilidad permite a las empresas optimizar la distribuci\u00f3n de activos, reducir los excedentes y ahorrar millones mediante operaciones log\u00edsticas m\u00e1s inteligentes. <\/p>\n<h2>\n\t\t\tV\u00eddeo Telem\u00e1tica\t<\/h2>\n\t<p>La c\u00e1mara KP2 AI proporciona una visi\u00f3n dual de la carretera y del comportamiento del conductor, generando alertas en tiempo real de fatiga, uso del tel\u00e9fono y distracci\u00f3n. Integrada con SmartView, permite la verificaci\u00f3n de incidentes, la formaci\u00f3n de conductores y la protecci\u00f3n legal, garantizando la seguridad operativa y la transparencia. <\/p>\n\t\t\t\t<img decoding=\"async\" src=\"\/wp-content\/uploads\/2025\/07\/woman-truck-driver.webp\" alt=\"woman-truck-driver.webp\" itemprop=\"image\" title=\"woman-truck-driver.webp\" onerror=\"this.style.display='none'\" loading=\"lazy\" \/>\n<h2  data-animation-delay=\"0\" data-animation-duration=\"0.33\">\n\t\t\t\u00bfPor qu\u00e9 asociarse con Xirgo?\t<\/h2>\n\t<ul>\n<li>Entrega inmediata<br \/>\ncon inventario local<\/li>\n<li>Soluciones a medida<br \/>\npara Am\u00e9rica Latina<\/li>\n<\/ul>\n<p>\u00bfListo para transformar tus operaciones log\u00edsticas con Xirgo? Estamos listos para ayudarte. <\/p>\n\t\t\t<a href=\"https:\/\/xirgo.com\/es\/contacto\/solicitar-demostracion\/\" target=\"_self\">\n\t\t\t\t\t\t\tSolicita una demostraci\u00f3n\n\t\t\t\t\t<\/a>\n\t\t\t<a href=\"https:\/\/xirgo.com\/es\/contacto\/contacta-con-nosotros\/\" target=\"_self\">\n\t\t\t\t\t\t\tContacta con nuestro equipo\n\t\t\t\t\t<\/a>\n\n","protected":false},"excerpt":{"rendered":"<p>\u00bfPor qu\u00e9 Xirgo? Xirgo es el l\u00edder en Log\u00edstica Inteligente de Flotas. Vamos m\u00e1s all\u00e1 del seguimiento b\u00e1sico y ofrecemos una cartera completa de hardware, software y firmware telem\u00e1ticos que ayuda a nuestros socios a ofrecer un valor tangible a sus clientes. Con operaciones ahora en Latino Am\u00e9rica, ofrecemos inventario local y soporte dedicado para&hellip;<\/p>\n","protected":false},"author":2,"featured_media":1312,"parent":0,"menu_order":0,"comment_status":"closed","ping_status":"closed","template":"","meta":{"_acf_changed":false,"footnotes":""},"hf_cat_page":[118],"class_list":["post-4044","page","type-page","status-publish","has-post-thumbnail","hentry"],"acf":[],"yoast_head":"<!-- This site is optimized with the Yoast SEO plugin v27.5 - https:\/\/yoast.com\/product\/yoast-seo-wordpress\/ -->\n<title>Am\u00e9rica Latina | Xirgo<\/title>\n<meta name=\"description\" content=\"Con la telem\u00e1tica de activos Xirgo, puedes optimizar el rendimiento y maximizar el control y seguimiento de los activos de gran valor.\" \/>\n<meta name=\"robots\" content=\"index, follow, max-snippet:-1, max-image-preview:large, max-video-preview:-1\" \/>\n<link rel=\"canonical\" href=\"https:\/\/xirgo.com\/es\/america-latina\/\" \/>\n<meta property=\"og:locale\" content=\"es_ES\" \/>\n<meta property=\"og:type\" content=\"article\" \/>\n<meta property=\"og:title\" content=\"Am\u00e9rica Latina | Xirgo\" \/>\n<meta property=\"og:description\" content=\"Con la telem\u00e1tica de activos Xirgo, puedes optimizar el rendimiento y maximizar el control y seguimiento de los activos de gran valor.\" \/>\n<meta property=\"og:url\" content=\"https:\/\/xirgo.com\/es\/america-latina\/\" \/>\n<meta property=\"og:site_name\" content=\"Xirgo\" \/>\n<meta property=\"article:modified_time\" content=\"2025-09-25T18:57:34+00:00\" \/>\n<meta property=\"og:image\" content=\"https:\/\/xirgo.com\/wp-content\/uploads\/2025\/02\/Xirgo_Solutions_FM_hero.webp\" \/>\n\t<meta property=\"og:image:width\" content=\"1067\" \/>\n\t<meta property=\"og:image:height\" content=\"600\" \/>\n\t<meta property=\"og:image:type\" content=\"image\/webp\" \/>\n<meta name=\"twitter:card\" content=\"summary_large_image\" \/>\n<meta name=\"twitter:label1\" content=\"Tiempo de lectura\" \/>\n\t<meta name=\"twitter:data1\" content=\"8 minutos\" \/>\n<script type=\"application\/ld+json\" class=\"yoast-schema-graph\">{\"@context\":\"https:\\\/\\\/schema.org\",\"@graph\":[{\"@type\":\"WebPage\",\"@id\":\"https:\\\/\\\/xirgo.com\\\/es\\\/america-latina\\\/\",\"url\":\"https:\\\/\\\/xirgo.com\\\/es\\\/america-latina\\\/\",\"name\":\"Am\u00e9rica Latina | Xirgo\",\"isPartOf\":{\"@id\":\"https:\\\/\\\/xirgo.com\\\/es\\\/#website\"},\"primaryImageOfPage\":{\"@id\":\"https:\\\/\\\/xirgo.com\\\/es\\\/america-latina\\\/#primaryimage\"},\"image\":{\"@id\":\"https:\\\/\\\/xirgo.com\\\/es\\\/america-latina\\\/#primaryimage\"},\"thumbnailUrl\":\"https:\\\/\\\/xirgo.com\\\/wp-content\\\/uploads\\\/2025\\\/02\\\/Xirgo_Solutions_FM_hero.webp\",\"datePublished\":\"2025-07-15T16:16:14+00:00\",\"dateModified\":\"2025-09-25T18:57:34+00:00\",\"description\":\"Con la telem\u00e1tica de activos Xirgo, puedes optimizar el rendimiento y maximizar el control y seguimiento de los activos de gran valor.\",\"breadcrumb\":{\"@id\":\"https:\\\/\\\/xirgo.com\\\/es\\\/america-latina\\\/#breadcrumb\"},\"inLanguage\":\"es\",\"potentialAction\":[{\"@type\":\"ReadAction\",\"target\":[\"https:\\\/\\\/xirgo.com\\\/es\\\/america-latina\\\/\"]}]},{\"@type\":\"ImageObject\",\"inLanguage\":\"es\",\"@id\":\"https:\\\/\\\/xirgo.com\\\/es\\\/america-latina\\\/#primaryimage\",\"url\":\"https:\\\/\\\/xirgo.com\\\/wp-content\\\/uploads\\\/2025\\\/02\\\/Xirgo_Solutions_FM_hero.webp\",\"contentUrl\":\"https:\\\/\\\/xirgo.com\\\/wp-content\\\/uploads\\\/2025\\\/02\\\/Xirgo_Solutions_FM_hero.webp\",\"width\":1067,\"height\":600},{\"@type\":\"BreadcrumbList\",\"@id\":\"https:\\\/\\\/xirgo.com\\\/es\\\/america-latina\\\/#breadcrumb\",\"itemListElement\":[{\"@type\":\"ListItem\",\"position\":1,\"name\":\"Home\",\"item\":\"https:\\\/\\\/xirgo.com\\\/es\\\/\"},{\"@type\":\"ListItem\",\"position\":2,\"name\":\"Am\u00e9rica Latina\"}]},{\"@type\":\"WebSite\",\"@id\":\"https:\\\/\\\/xirgo.com\\\/es\\\/#website\",\"url\":\"https:\\\/\\\/xirgo.com\\\/es\\\/\",\"name\":\"Xirgo\",\"description\":\"\",\"potentialAction\":[{\"@type\":\"SearchAction\",\"target\":{\"@type\":\"EntryPoint\",\"urlTemplate\":\"https:\\\/\\\/xirgo.com\\\/es\\\/?s={search_term_string}\"},\"query-input\":{\"@type\":\"PropertyValueSpecification\",\"valueRequired\":true,\"valueName\":\"search_term_string\"}}],\"inLanguage\":\"es\"}]}<\/script>\n<!-- \/ Yoast SEO plugin. -->","yoast_head_json":{"title":"Am\u00e9rica Latina | Xirgo","description":"Con la telem\u00e1tica de activos Xirgo, puedes optimizar el rendimiento y maximizar el control y seguimiento de los activos de gran valor.","robots":{"index":"index","follow":"follow","max-snippet":"max-snippet:-1","max-image-preview":"max-image-preview:large","max-video-preview":"max-video-preview:-1"},"canonical":"https:\/\/xirgo.com\/es\/america-latina\/","og_locale":"es_ES","og_type":"article","og_title":"Am\u00e9rica Latina | Xirgo","og_description":"Con la telem\u00e1tica de activos Xirgo, puedes optimizar el rendimiento y maximizar el control y seguimiento de los activos de gran valor.","og_url":"https:\/\/xirgo.com\/es\/america-latina\/","og_site_name":"Xirgo","article_modified_time":"2025-09-25T18:57:34+00:00","og_image":[{"width":1067,"height":600,"url":"https:\/\/xirgo.com\/wp-content\/uploads\/2025\/02\/Xirgo_Solutions_FM_hero.webp","type":"image\/webp"}],"twitter_card":"summary_large_image","twitter_misc":{"Tiempo de lectura":"8 minutos"},"schema":{"@context":"https:\/\/schema.org","@graph":[{"@type":"WebPage","@id":"https:\/\/xirgo.com\/es\/america-latina\/","url":"https:\/\/xirgo.com\/es\/america-latina\/","name":"Am\u00e9rica Latina | Xirgo","isPartOf":{"@id":"https:\/\/xirgo.com\/es\/#website"},"primaryImageOfPage":{"@id":"https:\/\/xirgo.com\/es\/america-latina\/#primaryimage"},"image":{"@id":"https:\/\/xirgo.com\/es\/america-latina\/#primaryimage"},"thumbnailUrl":"https:\/\/xirgo.com\/wp-content\/uploads\/2025\/02\/Xirgo_Solutions_FM_hero.webp","datePublished":"2025-07-15T16:16:14+00:00","dateModified":"2025-09-25T18:57:34+00:00","description":"Con la telem\u00e1tica de activos Xirgo, puedes optimizar el rendimiento y maximizar el control y seguimiento de los activos de gran valor.","breadcrumb":{"@id":"https:\/\/xirgo.com\/es\/america-latina\/#breadcrumb"},"inLanguage":"es","potentialAction":[{"@type":"ReadAction","target":["https:\/\/xirgo.com\/es\/america-latina\/"]}]},{"@type":"ImageObject","inLanguage":"es","@id":"https:\/\/xirgo.com\/es\/america-latina\/#primaryimage","url":"https:\/\/xirgo.com\/wp-content\/uploads\/2025\/02\/Xirgo_Solutions_FM_hero.webp","contentUrl":"https:\/\/xirgo.com\/wp-content\/uploads\/2025\/02\/Xirgo_Solutions_FM_hero.webp","width":1067,"height":600},{"@type":"BreadcrumbList","@id":"https:\/\/xirgo.com\/es\/america-latina\/#breadcrumb","itemListElement":[{"@type":"ListItem","position":1,"name":"Home","item":"https:\/\/xirgo.com\/es\/"},{"@type":"ListItem","position":2,"name":"Am\u00e9rica Latina"}]},{"@type":"WebSite","@id":"https:\/\/xirgo.com\/es\/#website","url":"https:\/\/xirgo.com\/es\/","name":"Xirgo","description":"","potentialAction":[{"@type":"SearchAction","target":{"@type":"EntryPoint","urlTemplate":"https:\/\/xirgo.com\/es\/?s={search_term_string}"},"query-input":{"@type":"PropertyValueSpecification","valueRequired":true,"valueName":"search_term_string"}}],"inLanguage":"es"}]}},"_links":{"self":[{"href":"https:\/\/xirgo.com\/es\/wp-json\/wp\/v2\/pages\/4044","targetHints":{"allow":["GET"]}}],"collection":[{"href":"https:\/\/xirgo.com\/es\/wp-json\/wp\/v2\/pages"}],"about":[{"href":"https:\/\/xirgo.com\/es\/wp-json\/wp\/v2\/types\/page"}],"author":[{"embeddable":true,"href":"https:\/\/xirgo.com\/es\/wp-json\/wp\/v2\/users\/2"}],"replies":[{"embeddable":true,"href":"https:\/\/xirgo.com\/es\/wp-json\/wp\/v2\/comments?post=4044"}],"version-history":[{"count":3,"href":"https:\/\/xirgo.com\/es\/wp-json\/wp\/v2\/pages\/4044\/revisions"}],"predecessor-version":[{"id":4629,"href":"https:\/\/xirgo.com\/es\/wp-json\/wp\/v2\/pages\/4044\/revisions\/4629"}],"wp:featuredmedia":[{"embeddable":true,"href":"https:\/\/xirgo.com\/es\/wp-json\/wp\/v2\/media\/1312"}],"wp:attachment":[{"href":"https:\/\/xirgo.com\/es\/wp-json\/wp\/v2\/media?parent=4044"}],"wp:term":[{"taxonomy":"hf_cat_page","embeddable":true,"href":"https:\/\/xirgo.com\/es\/wp-json\/wp\/v2\/hf_cat_page?post=4044"}],"curies":[{"name":"wp","href":"https:\/\/api.w.org\/{rel}","templated":true}]}}