{"id":4936,"date":"2025-09-11T10:59:32","date_gmt":"2025-09-11T15:59:32","guid":{"rendered":"https:\/\/xirgo.com\/soluciones-multicamara-hormigon-y-hormigon-preparado\/"},"modified":"2025-09-11T10:59:32","modified_gmt":"2025-09-11T15:59:32","slug":"soluciones-multicamara-hormigon-y-hormigon-preparado","status":"publish","type":"page","link":"https:\/\/xirgo.com\/es\/soluciones\/vehiculos\/soluciones-multicamara-hormigon-y-hormigon-preparado\/","title":{"rendered":"Soluciones multic\u00e1mara: hormig\u00f3n y hormig\u00f3n preparado"},"content":{"rendered":"","protected":false},"excerpt":{"rendered":"","protected":false},"author":2,"featured_media":4440,"parent":4933,"menu_order":0,"comment_status":"closed","ping_status":"closed","template":"","meta":{"_acf_changed":false,"footnotes":""},"hf_cat_page":[],"class_list":["post-4936","page","type-page","status-publish","has-post-thumbnail","hentry"],"acf":[],"yoast_head":"<!-- This site is optimized with the Yoast SEO plugin v27.5 - https:\/\/yoast.com\/product\/yoast-seo-wordpress\/ -->\n<title>C\u00e1maras para veh\u00edculos de hormig\u00f3n y premezclado | Xirgo<\/title>\n<meta name=\"description\" content=\"Desde aumentar la productividad en la obra hasta recompensar el comportamiento seguro o mejorar la seguridad de los equipos de hormig\u00f3n y premezclado, las c\u00e1maras de Xirgo est\u00e1n dise\u00f1adas para ofrecer resultados.\" \/>\n<meta name=\"robots\" content=\"index, follow, max-snippet:-1, max-image-preview:large, max-video-preview:-1\" \/>\n<link rel=\"canonical\" href=\"https:\/\/xirgo.com\/es\/soluciones\/vehiculos\/soluciones-multicamara-hormigon-y-hormigon-preparado\/\" \/>\n<meta property=\"og:locale\" content=\"es_ES\" \/>\n<meta property=\"og:type\" content=\"article\" \/>\n<meta property=\"og:title\" content=\"C\u00e1maras para veh\u00edculos de hormig\u00f3n y premezclado | Xirgo\" \/>\n<meta property=\"og:description\" content=\"Desde aumentar la productividad en la obra hasta recompensar el comportamiento seguro o mejorar la seguridad de los equipos de hormig\u00f3n y premezclado, las c\u00e1maras de Xirgo est\u00e1n dise\u00f1adas para ofrecer resultados.\" \/>\n<meta property=\"og:url\" content=\"https:\/\/xirgo.com\/es\/soluciones\/vehiculos\/soluciones-multicamara-hormigon-y-hormigon-preparado\/\" \/>\n<meta property=\"og:site_name\" content=\"Xirgo\" \/>\n<meta property=\"og:image\" content=\"https:\/\/xirgo.com\/wp-content\/uploads\/2025\/09\/solutions-concrete-hero.webp\" \/>\n\t<meta property=\"og:image:width\" content=\"904\" \/>\n\t<meta property=\"og:image:height\" content=\"545\" \/>\n\t<meta property=\"og:image:type\" content=\"image\/webp\" \/>\n<meta name=\"twitter:card\" content=\"summary_large_image\" \/>\n<script type=\"application\/ld+json\" class=\"yoast-schema-graph\">{\"@context\":\"https:\\\/\\\/schema.org\",\"@graph\":[{\"@type\":\"WebPage\",\"@id\":\"https:\\\/\\\/xirgo.com\\\/es\\\/soluciones\\\/vehiculos\\\/soluciones-multicamara-hormigon-y-hormigon-preparado\\\/\",\"url\":\"https:\\\/\\\/xirgo.com\\\/es\\\/soluciones\\\/vehiculos\\\/soluciones-multicamara-hormigon-y-hormigon-preparado\\\/\",\"name\":\"C\u00e1maras para veh\u00edculos de hormig\u00f3n y premezclado | Xirgo\",\"isPartOf\":{\"@id\":\"https:\\\/\\\/xirgo.com\\\/es\\\/#website\"},\"primaryImageOfPage\":{\"@id\":\"https:\\\/\\\/xirgo.com\\\/es\\\/soluciones\\\/vehiculos\\\/soluciones-multicamara-hormigon-y-hormigon-preparado\\\/#primaryimage\"},\"image\":{\"@id\":\"https:\\\/\\\/xirgo.com\\\/es\\\/soluciones\\\/vehiculos\\\/soluciones-multicamara-hormigon-y-hormigon-preparado\\\/#primaryimage\"},\"thumbnailUrl\":\"https:\\\/\\\/xirgo.com\\\/wp-content\\\/uploads\\\/2025\\\/09\\\/solutions-concrete-hero.webp\",\"datePublished\":\"2025-09-11T15:59:32+00:00\",\"description\":\"Desde aumentar la productividad en la obra hasta recompensar el comportamiento seguro o mejorar la seguridad de los equipos de hormig\u00f3n y premezclado, las c\u00e1maras de Xirgo est\u00e1n dise\u00f1adas para ofrecer resultados.\",\"breadcrumb\":{\"@id\":\"https:\\\/\\\/xirgo.com\\\/es\\\/soluciones\\\/vehiculos\\\/soluciones-multicamara-hormigon-y-hormigon-preparado\\\/#breadcrumb\"},\"inLanguage\":\"es\",\"potentialAction\":[{\"@type\":\"ReadAction\",\"target\":[\"https:\\\/\\\/xirgo.com\\\/es\\\/soluciones\\\/vehiculos\\\/soluciones-multicamara-hormigon-y-hormigon-preparado\\\/\"]}]},{\"@type\":\"ImageObject\",\"inLanguage\":\"es\",\"@id\":\"https:\\\/\\\/xirgo.com\\\/es\\\/soluciones\\\/vehiculos\\\/soluciones-multicamara-hormigon-y-hormigon-preparado\\\/#primaryimage\",\"url\":\"https:\\\/\\\/xirgo.com\\\/wp-content\\\/uploads\\\/2025\\\/09\\\/solutions-concrete-hero.webp\",\"contentUrl\":\"https:\\\/\\\/xirgo.com\\\/wp-content\\\/uploads\\\/2025\\\/09\\\/solutions-concrete-hero.webp\",\"width\":904,\"height\":545},{\"@type\":\"BreadcrumbList\",\"@id\":\"https:\\\/\\\/xirgo.com\\\/es\\\/soluciones\\\/vehiculos\\\/soluciones-multicamara-hormigon-y-hormigon-preparado\\\/#breadcrumb\",\"itemListElement\":[{\"@type\":\"ListItem\",\"position\":1,\"name\":\"Home\",\"item\":\"https:\\\/\\\/xirgo.com\\\/es\\\/\"},{\"@type\":\"ListItem\",\"position\":2,\"name\":\"Soluciones multic\u00e1mara: hormig\u00f3n y hormig\u00f3n preparado\"}]},{\"@type\":\"WebSite\",\"@id\":\"https:\\\/\\\/xirgo.com\\\/es\\\/#website\",\"url\":\"https:\\\/\\\/xirgo.com\\\/es\\\/\",\"name\":\"Xirgo\",\"description\":\"\",\"potentialAction\":[{\"@type\":\"SearchAction\",\"target\":{\"@type\":\"EntryPoint\",\"urlTemplate\":\"https:\\\/\\\/xirgo.com\\\/es\\\/?s={search_term_string}\"},\"query-input\":{\"@type\":\"PropertyValueSpecification\",\"valueRequired\":true,\"valueName\":\"search_term_string\"}}],\"inLanguage\":\"es\"}]}<\/script>\n<!-- \/ Yoast SEO plugin. -->","yoast_head_json":{"title":"C\u00e1maras para veh\u00edculos de hormig\u00f3n y premezclado | Xirgo","description":"Desde aumentar la productividad en la obra hasta recompensar el comportamiento seguro o mejorar la seguridad de los equipos de hormig\u00f3n y premezclado, las c\u00e1maras de Xirgo est\u00e1n dise\u00f1adas para ofrecer resultados.","robots":{"index":"index","follow":"follow","max-snippet":"max-snippet:-1","max-image-preview":"max-image-preview:large","max-video-preview":"max-video-preview:-1"},"canonical":"https:\/\/xirgo.com\/es\/soluciones\/vehiculos\/soluciones-multicamara-hormigon-y-hormigon-preparado\/","og_locale":"es_ES","og_type":"article","og_title":"C\u00e1maras para veh\u00edculos de hormig\u00f3n y premezclado | Xirgo","og_description":"Desde aumentar la productividad en la obra hasta recompensar el comportamiento seguro o mejorar la seguridad de los equipos de hormig\u00f3n y premezclado, las c\u00e1maras de Xirgo est\u00e1n dise\u00f1adas para ofrecer resultados.","og_url":"https:\/\/xirgo.com\/es\/soluciones\/vehiculos\/soluciones-multicamara-hormigon-y-hormigon-preparado\/","og_site_name":"Xirgo","og_image":[{"width":904,"height":545,"url":"https:\/\/xirgo.com\/wp-content\/uploads\/2025\/09\/solutions-concrete-hero.webp","type":"image\/webp"}],"twitter_card":"summary_large_image","schema":{"@context":"https:\/\/schema.org","@graph":[{"@type":"WebPage","@id":"https:\/\/xirgo.com\/es\/soluciones\/vehiculos\/soluciones-multicamara-hormigon-y-hormigon-preparado\/","url":"https:\/\/xirgo.com\/es\/soluciones\/vehiculos\/soluciones-multicamara-hormigon-y-hormigon-preparado\/","name":"C\u00e1maras para veh\u00edculos de hormig\u00f3n y premezclado | Xirgo","isPartOf":{"@id":"https:\/\/xirgo.com\/es\/#website"},"primaryImageOfPage":{"@id":"https:\/\/xirgo.com\/es\/soluciones\/vehiculos\/soluciones-multicamara-hormigon-y-hormigon-preparado\/#primaryimage"},"image":{"@id":"https:\/\/xirgo.com\/es\/soluciones\/vehiculos\/soluciones-multicamara-hormigon-y-hormigon-preparado\/#primaryimage"},"thumbnailUrl":"https:\/\/xirgo.com\/wp-content\/uploads\/2025\/09\/solutions-concrete-hero.webp","datePublished":"2025-09-11T15:59:32+00:00","description":"Desde aumentar la productividad en la obra hasta recompensar el comportamiento seguro o mejorar la seguridad de los equipos de hormig\u00f3n y premezclado, las c\u00e1maras de Xirgo est\u00e1n dise\u00f1adas para ofrecer resultados.","breadcrumb":{"@id":"https:\/\/xirgo.com\/es\/soluciones\/vehiculos\/soluciones-multicamara-hormigon-y-hormigon-preparado\/#breadcrumb"},"inLanguage":"es","potentialAction":[{"@type":"ReadAction","target":["https:\/\/xirgo.com\/es\/soluciones\/vehiculos\/soluciones-multicamara-hormigon-y-hormigon-preparado\/"]}]},{"@type":"ImageObject","inLanguage":"es","@id":"https:\/\/xirgo.com\/es\/soluciones\/vehiculos\/soluciones-multicamara-hormigon-y-hormigon-preparado\/#primaryimage","url":"https:\/\/xirgo.com\/wp-content\/uploads\/2025\/09\/solutions-concrete-hero.webp","contentUrl":"https:\/\/xirgo.com\/wp-content\/uploads\/2025\/09\/solutions-concrete-hero.webp","width":904,"height":545},{"@type":"BreadcrumbList","@id":"https:\/\/xirgo.com\/es\/soluciones\/vehiculos\/soluciones-multicamara-hormigon-y-hormigon-preparado\/#breadcrumb","itemListElement":[{"@type":"ListItem","position":1,"name":"Home","item":"https:\/\/xirgo.com\/es\/"},{"@type":"ListItem","position":2,"name":"Soluciones multic\u00e1mara: hormig\u00f3n y hormig\u00f3n preparado"}]},{"@type":"WebSite","@id":"https:\/\/xirgo.com\/es\/#website","url":"https:\/\/xirgo.com\/es\/","name":"Xirgo","description":"","potentialAction":[{"@type":"SearchAction","target":{"@type":"EntryPoint","urlTemplate":"https:\/\/xirgo.com\/es\/?s={search_term_string}"},"query-input":{"@type":"PropertyValueSpecification","valueRequired":true,"valueName":"search_term_string"}}],"inLanguage":"es"}]}},"_links":{"self":[{"href":"https:\/\/xirgo.com\/es\/wp-json\/wp\/v2\/pages\/4936","targetHints":{"allow":["GET"]}}],"collection":[{"href":"https:\/\/xirgo.com\/es\/wp-json\/wp\/v2\/pages"}],"about":[{"href":"https:\/\/xirgo.com\/es\/wp-json\/wp\/v2\/types\/page"}],"author":[{"embeddable":true,"href":"https:\/\/xirgo.com\/es\/wp-json\/wp\/v2\/users\/2"}],"replies":[{"embeddable":true,"href":"https:\/\/xirgo.com\/es\/wp-json\/wp\/v2\/comments?post=4936"}],"version-history":[{"count":0,"href":"https:\/\/xirgo.com\/es\/wp-json\/wp\/v2\/pages\/4936\/revisions"}],"up":[{"embeddable":true,"href":"https:\/\/xirgo.com\/es\/wp-json\/wp\/v2\/pages\/4933"}],"wp:featuredmedia":[{"embeddable":true,"href":"https:\/\/xirgo.com\/es\/wp-json\/wp\/v2\/media\/4440"}],"wp:attachment":[{"href":"https:\/\/xirgo.com\/es\/wp-json\/wp\/v2\/media?parent=4936"}],"wp:term":[{"taxonomy":"hf_cat_page","embeddable":true,"href":"https:\/\/xirgo.com\/es\/wp-json\/wp\/v2\/hf_cat_page?post=4936"}],"curies":[{"name":"wp","href":"https:\/\/api.w.org\/{rel}","templated":true}]}}