{"id":4939,"date":"2025-09-11T11:49:48","date_gmt":"2025-09-11T16:49:48","guid":{"rendered":"https:\/\/xirgo.com\/soluciones\/vehiculos\/soluciones-multicam-gestion-de-residuos\/"},"modified":"2025-11-12T16:23:38","modified_gmt":"2025-11-12T22:23:38","slug":"soluciones-multicam-gestion-de-residuos","status":"publish","type":"page","link":"https:\/\/xirgo.com\/es\/soluciones\/vehiculos\/soluciones-multicam-gestion-de-residuos\/","title":{"rendered":"Soluciones multicam: gesti\u00f3n de residuos"},"content":{"rendered":"","protected":false},"excerpt":{"rendered":"","protected":false},"author":2,"featured_media":4504,"parent":4933,"menu_order":0,"comment_status":"closed","ping_status":"closed","template":"","meta":{"_acf_changed":false,"footnotes":""},"hf_cat_page":[],"class_list":["post-4939","page","type-page","status-publish","has-post-thumbnail","hentry"],"acf":[],"yoast_head":"<!-- This site is optimized with the Yoast SEO plugin v27.5 - https:\/\/yoast.com\/product\/yoast-seo-wordpress\/ -->\n<title>C\u00e1maras de Gesti\u00f3n de Residuos | Xirgo<\/title>\n<meta name=\"description\" content=\"Ayuda a las flotas de saneamiento a mejorar la eficiencia con las c\u00e1maras de gesti\u00f3n de residuos de Xirgo. Los operadores de flotas pueden vigilar el entorno con c\u00e1maras dentro y alrededor de los veh\u00edculos.\" \/>\n<meta name=\"robots\" content=\"index, follow, max-snippet:-1, max-image-preview:large, max-video-preview:-1\" \/>\n<link rel=\"canonical\" href=\"https:\/\/xirgo.com\/es\/soluciones\/vehiculos\/soluciones-multicam-gestion-de-residuos\/\" \/>\n<meta property=\"og:locale\" content=\"es_ES\" \/>\n<meta property=\"og:type\" content=\"article\" \/>\n<meta property=\"og:title\" content=\"C\u00e1maras de Gesti\u00f3n de Residuos | Xirgo\" \/>\n<meta property=\"og:description\" content=\"Ayuda a las flotas de saneamiento a mejorar la eficiencia con las c\u00e1maras de gesti\u00f3n de residuos de Xirgo. Los operadores de flotas pueden vigilar el entorno con c\u00e1maras dentro y alrededor de los veh\u00edculos.\" \/>\n<meta property=\"og:url\" content=\"https:\/\/xirgo.com\/es\/soluciones\/vehiculos\/soluciones-multicam-gestion-de-residuos\/\" \/>\n<meta property=\"og:site_name\" content=\"Xirgo\" \/>\n<meta property=\"article:modified_time\" content=\"2025-11-12T22:23:38+00:00\" \/>\n<meta property=\"og:image\" content=\"https:\/\/xirgo.com\/wp-content\/uploads\/2025\/09\/solutions-waste-mgmt-hero-1.webp\" \/>\n\t<meta property=\"og:image:width\" content=\"861\" \/>\n\t<meta property=\"og:image:height\" content=\"545\" \/>\n\t<meta property=\"og:image:type\" content=\"image\/webp\" \/>\n<meta name=\"twitter:card\" content=\"summary_large_image\" \/>\n<script type=\"application\/ld+json\" class=\"yoast-schema-graph\">{\"@context\":\"https:\\\/\\\/schema.org\",\"@graph\":[{\"@type\":\"WebPage\",\"@id\":\"https:\\\/\\\/xirgo.com\\\/es\\\/soluciones\\\/vehiculos\\\/soluciones-multicam-gestion-de-residuos\\\/\",\"url\":\"https:\\\/\\\/xirgo.com\\\/es\\\/soluciones\\\/vehiculos\\\/soluciones-multicam-gestion-de-residuos\\\/\",\"name\":\"C\u00e1maras de Gesti\u00f3n de Residuos | Xirgo\",\"isPartOf\":{\"@id\":\"https:\\\/\\\/xirgo.com\\\/es\\\/#website\"},\"primaryImageOfPage\":{\"@id\":\"https:\\\/\\\/xirgo.com\\\/es\\\/soluciones\\\/vehiculos\\\/soluciones-multicam-gestion-de-residuos\\\/#primaryimage\"},\"image\":{\"@id\":\"https:\\\/\\\/xirgo.com\\\/es\\\/soluciones\\\/vehiculos\\\/soluciones-multicam-gestion-de-residuos\\\/#primaryimage\"},\"thumbnailUrl\":\"https:\\\/\\\/xirgo.com\\\/wp-content\\\/uploads\\\/2025\\\/09\\\/solutions-waste-mgmt-hero-1.webp\",\"datePublished\":\"2025-09-11T16:49:48+00:00\",\"dateModified\":\"2025-11-12T22:23:38+00:00\",\"description\":\"Ayuda a las flotas de saneamiento a mejorar la eficiencia con las c\u00e1maras de gesti\u00f3n de residuos de Xirgo. Los operadores de flotas pueden vigilar el entorno con c\u00e1maras dentro y alrededor de los veh\u00edculos.\",\"breadcrumb\":{\"@id\":\"https:\\\/\\\/xirgo.com\\\/es\\\/soluciones\\\/vehiculos\\\/soluciones-multicam-gestion-de-residuos\\\/#breadcrumb\"},\"inLanguage\":\"es\",\"potentialAction\":[{\"@type\":\"ReadAction\",\"target\":[\"https:\\\/\\\/xirgo.com\\\/es\\\/soluciones\\\/vehiculos\\\/soluciones-multicam-gestion-de-residuos\\\/\"]}]},{\"@type\":\"ImageObject\",\"inLanguage\":\"es\",\"@id\":\"https:\\\/\\\/xirgo.com\\\/es\\\/soluciones\\\/vehiculos\\\/soluciones-multicam-gestion-de-residuos\\\/#primaryimage\",\"url\":\"https:\\\/\\\/xirgo.com\\\/wp-content\\\/uploads\\\/2025\\\/09\\\/solutions-waste-mgmt-hero-1.webp\",\"contentUrl\":\"https:\\\/\\\/xirgo.com\\\/wp-content\\\/uploads\\\/2025\\\/09\\\/solutions-waste-mgmt-hero-1.webp\",\"width\":861,\"height\":545},{\"@type\":\"BreadcrumbList\",\"@id\":\"https:\\\/\\\/xirgo.com\\\/es\\\/soluciones\\\/vehiculos\\\/soluciones-multicam-gestion-de-residuos\\\/#breadcrumb\",\"itemListElement\":[{\"@type\":\"ListItem\",\"position\":1,\"name\":\"Home\",\"item\":\"https:\\\/\\\/xirgo.com\\\/es\\\/\"},{\"@type\":\"ListItem\",\"position\":2,\"name\":\"Soluciones\",\"item\":\"https:\\\/\\\/xirgo.com\\\/es\\\/soluciones\\\/\"},{\"@type\":\"ListItem\",\"position\":3,\"name\":\"Veh\u00edculos\",\"item\":\"https:\\\/\\\/xirgo.com\\\/es\\\/soluciones\\\/vehiculos\\\/\"},{\"@type\":\"ListItem\",\"position\":4,\"name\":\"Soluciones multicam: gesti\u00f3n de residuos\"}]},{\"@type\":\"WebSite\",\"@id\":\"https:\\\/\\\/xirgo.com\\\/es\\\/#website\",\"url\":\"https:\\\/\\\/xirgo.com\\\/es\\\/\",\"name\":\"Xirgo\",\"description\":\"\",\"potentialAction\":[{\"@type\":\"SearchAction\",\"target\":{\"@type\":\"EntryPoint\",\"urlTemplate\":\"https:\\\/\\\/xirgo.com\\\/es\\\/?s={search_term_string}\"},\"query-input\":{\"@type\":\"PropertyValueSpecification\",\"valueRequired\":true,\"valueName\":\"search_term_string\"}}],\"inLanguage\":\"es\"}]}<\/script>\n<!-- \/ Yoast SEO plugin. -->","yoast_head_json":{"title":"C\u00e1maras de Gesti\u00f3n de Residuos | Xirgo","description":"Ayuda a las flotas de saneamiento a mejorar la eficiencia con las c\u00e1maras de gesti\u00f3n de residuos de Xirgo. Los operadores de flotas pueden vigilar el entorno con c\u00e1maras dentro y alrededor de los veh\u00edculos.","robots":{"index":"index","follow":"follow","max-snippet":"max-snippet:-1","max-image-preview":"max-image-preview:large","max-video-preview":"max-video-preview:-1"},"canonical":"https:\/\/xirgo.com\/es\/soluciones\/vehiculos\/soluciones-multicam-gestion-de-residuos\/","og_locale":"es_ES","og_type":"article","og_title":"C\u00e1maras de Gesti\u00f3n de Residuos | Xirgo","og_description":"Ayuda a las flotas de saneamiento a mejorar la eficiencia con las c\u00e1maras de gesti\u00f3n de residuos de Xirgo. Los operadores de flotas pueden vigilar el entorno con c\u00e1maras dentro y alrededor de los veh\u00edculos.","og_url":"https:\/\/xirgo.com\/es\/soluciones\/vehiculos\/soluciones-multicam-gestion-de-residuos\/","og_site_name":"Xirgo","article_modified_time":"2025-11-12T22:23:38+00:00","og_image":[{"width":861,"height":545,"url":"https:\/\/xirgo.com\/wp-content\/uploads\/2025\/09\/solutions-waste-mgmt-hero-1.webp","type":"image\/webp"}],"twitter_card":"summary_large_image","schema":{"@context":"https:\/\/schema.org","@graph":[{"@type":"WebPage","@id":"https:\/\/xirgo.com\/es\/soluciones\/vehiculos\/soluciones-multicam-gestion-de-residuos\/","url":"https:\/\/xirgo.com\/es\/soluciones\/vehiculos\/soluciones-multicam-gestion-de-residuos\/","name":"C\u00e1maras de Gesti\u00f3n de Residuos | Xirgo","isPartOf":{"@id":"https:\/\/xirgo.com\/es\/#website"},"primaryImageOfPage":{"@id":"https:\/\/xirgo.com\/es\/soluciones\/vehiculos\/soluciones-multicam-gestion-de-residuos\/#primaryimage"},"image":{"@id":"https:\/\/xirgo.com\/es\/soluciones\/vehiculos\/soluciones-multicam-gestion-de-residuos\/#primaryimage"},"thumbnailUrl":"https:\/\/xirgo.com\/wp-content\/uploads\/2025\/09\/solutions-waste-mgmt-hero-1.webp","datePublished":"2025-09-11T16:49:48+00:00","dateModified":"2025-11-12T22:23:38+00:00","description":"Ayuda a las flotas de saneamiento a mejorar la eficiencia con las c\u00e1maras de gesti\u00f3n de residuos de Xirgo. Los operadores de flotas pueden vigilar el entorno con c\u00e1maras dentro y alrededor de los veh\u00edculos.","breadcrumb":{"@id":"https:\/\/xirgo.com\/es\/soluciones\/vehiculos\/soluciones-multicam-gestion-de-residuos\/#breadcrumb"},"inLanguage":"es","potentialAction":[{"@type":"ReadAction","target":["https:\/\/xirgo.com\/es\/soluciones\/vehiculos\/soluciones-multicam-gestion-de-residuos\/"]}]},{"@type":"ImageObject","inLanguage":"es","@id":"https:\/\/xirgo.com\/es\/soluciones\/vehiculos\/soluciones-multicam-gestion-de-residuos\/#primaryimage","url":"https:\/\/xirgo.com\/wp-content\/uploads\/2025\/09\/solutions-waste-mgmt-hero-1.webp","contentUrl":"https:\/\/xirgo.com\/wp-content\/uploads\/2025\/09\/solutions-waste-mgmt-hero-1.webp","width":861,"height":545},{"@type":"BreadcrumbList","@id":"https:\/\/xirgo.com\/es\/soluciones\/vehiculos\/soluciones-multicam-gestion-de-residuos\/#breadcrumb","itemListElement":[{"@type":"ListItem","position":1,"name":"Home","item":"https:\/\/xirgo.com\/es\/"},{"@type":"ListItem","position":2,"name":"Soluciones","item":"https:\/\/xirgo.com\/es\/soluciones\/"},{"@type":"ListItem","position":3,"name":"Veh\u00edculos","item":"https:\/\/xirgo.com\/es\/soluciones\/vehiculos\/"},{"@type":"ListItem","position":4,"name":"Soluciones multicam: gesti\u00f3n de residuos"}]},{"@type":"WebSite","@id":"https:\/\/xirgo.com\/es\/#website","url":"https:\/\/xirgo.com\/es\/","name":"Xirgo","description":"","potentialAction":[{"@type":"SearchAction","target":{"@type":"EntryPoint","urlTemplate":"https:\/\/xirgo.com\/es\/?s={search_term_string}"},"query-input":{"@type":"PropertyValueSpecification","valueRequired":true,"valueName":"search_term_string"}}],"inLanguage":"es"}]}},"_links":{"self":[{"href":"https:\/\/xirgo.com\/es\/wp-json\/wp\/v2\/pages\/4939","targetHints":{"allow":["GET"]}}],"collection":[{"href":"https:\/\/xirgo.com\/es\/wp-json\/wp\/v2\/pages"}],"about":[{"href":"https:\/\/xirgo.com\/es\/wp-json\/wp\/v2\/types\/page"}],"author":[{"embeddable":true,"href":"https:\/\/xirgo.com\/es\/wp-json\/wp\/v2\/users\/2"}],"replies":[{"embeddable":true,"href":"https:\/\/xirgo.com\/es\/wp-json\/wp\/v2\/comments?post=4939"}],"version-history":[{"count":2,"href":"https:\/\/xirgo.com\/es\/wp-json\/wp\/v2\/pages\/4939\/revisions"}],"predecessor-version":[{"id":4947,"href":"https:\/\/xirgo.com\/es\/wp-json\/wp\/v2\/pages\/4939\/revisions\/4947"}],"up":[{"embeddable":true,"href":"https:\/\/xirgo.com\/es\/wp-json\/wp\/v2\/pages\/4933"}],"wp:featuredmedia":[{"embeddable":true,"href":"https:\/\/xirgo.com\/es\/wp-json\/wp\/v2\/media\/4504"}],"wp:attachment":[{"href":"https:\/\/xirgo.com\/es\/wp-json\/wp\/v2\/media?parent=4939"}],"wp:term":[{"taxonomy":"hf_cat_page","embeddable":true,"href":"https:\/\/xirgo.com\/es\/wp-json\/wp\/v2\/hf_cat_page?post=4939"}],"curies":[{"name":"wp","href":"https:\/\/api.w.org\/{rel}","templated":true}]}}